{"id":44,"date":"2015-03-13T08:42:15","date_gmt":"2015-03-13T08:42:15","guid":{"rendered":"http:\/\/blogsaverroes.juntadeandalucia.es\/pre\/ceip\/?page_id=44"},"modified":"2020-01-23T09:06:21","modified_gmt":"2020-01-23T09:06:21","slug":"planes-y-proyectos","status":"publish","type":"page","link":"https:\/\/blogsaverroes.juntadeandalucia.es\/ceipvictoriadiez\/planes-y-proyectos\/","title":{"rendered":"Planes y Programas"},"content":{"rendered":"<p style=\"font-family: 'Open Sans', sans-serif;font-size: 15px;font-style: normal;font-weight: 400\"><img loading=\"lazy\" decoding=\"async\" class=\"size-medium wp-image-1667 alignleft\" style=\"font-family: 'Open Sans', sans-serif;font-size: 15px;font-style: normal;font-weight: 400\" src=\"https:\/\/blogsaverroes.juntadeandalucia.es\/ceipvictoriadiez\/files\/2015\/03\/planes-300x150.png\" alt=\"planes\" width=\"300\" height=\"150\" srcset=\"https:\/\/blogsaverroes.juntadeandalucia.es\/ceipvictoriadiez\/files\/2015\/03\/planes-300x150.png 300w, https:\/\/blogsaverroes.juntadeandalucia.es\/ceipvictoriadiez\/files\/2015\/03\/planes-332x166.png 332w, https:\/\/blogsaverroes.juntadeandalucia.es\/ceipvictoriadiez\/files\/2015\/03\/planes.png 640w\" sizes=\"(max-width: 300px) 100vw, 300px\" \/><\/p>\n<p>Cada Centro personaliza y adapta su Proyecto Educativo adhiri\u00e9ndose a diferentes <strong>Planes y Programas<\/strong> promovidos desde la Consejer\u00eda de Educaci\u00f3n, Cultura y Deporte.<\/p>\n<p>&nbsp;<\/p>\n<p>&nbsp;<\/p>\n<p>&nbsp;<\/p>\n<p style=\"text-align: left\">Actualmente se llevan a cabo en nuestro Centro los siguientes:<\/p>\n<ul>\n<li><strong>Plan de Atenci\u00f3n a la Diversidad.<\/strong><\/li>\n<li><a href=\"https:\/\/blogsaverroes.juntadeandalucia.es\/ceipvictoriadiez\/files\/2015\/03\/II-Plan-estrat\u00e9gico-igualdad-de-g\u00e9nero.pdf\" target=\"_blank\" rel=\"noopener noreferrer\">II PLAN ESTRAT\u00c9GICO IGUALDAD DE G\u00c9NERO<\/a><\/li>\n<li><a href=\"https:\/\/blogsaverroes.juntadeandalucia.es\/ceipvictoriadiez\/files\/2017\/12\/Plan-de-trabajo-de-biblioteca.-Curso-2018-19.pdf\" target=\"_blank\" rel=\"noopener noreferrer\">PLAN DE LECTURA Y BIBLIOTECA ESCOLAR<\/a><\/li>\n<li>ERASMUS+ K229&nbsp; \u00abWHO DO WE THINK WE ARE? A CULTURAL HERITAGE PROJECT\u00bb<\/li>\n<li>ERASMUS+ K229 \u00abHISTORIES D&#8217;ICI OUL\u00c1!<\/li>\n<li><a href=\"https:\/\/blogsaverroes.juntadeandalucia.es\/ceipvictoriadiez\/files\/2020\/01\/proyectoinnicia2019.2020.pdf\" target=\"_blank\" rel=\"noopener noreferrer\">PROGRAMA INNICIA 2019-2020<\/a><\/li>\n<li><a href=\"https:\/\/blogsaverroes.juntadeandalucia.es\/ceipvictoriadiez\/files\/2019\/10\/CRONOGRAMA-PLAN-AUTOPROTECCI\u00d3N.pdf\" target=\"_blank\" rel=\"noopener noreferrer\">CRONOGRAMA TIC<\/a><\/li>\n<li><strong>Plan de Acompa\u00f1amiento Escolar (5\u00ba y 6\u00ba de Primaria).<\/strong><\/li>\n<li><a href=\"https:\/\/blogsaverroes.juntadeandalucia.es\/ceipvictoriadiez\/files\/2015\/03\/CRONOGRAMA-CRECIENDO-EN-SALUD.pdf\" target=\"_blank\" rel=\"noopener noreferrer\">CRONOGRAMA CRECIENDO EN SALUD<\/a><\/li>\n<li><a href=\"https:\/\/blogsaverroes.juntadeandalucia.es\/ceipvictoriadiez\/files\/2015\/03\/CRONOGRAMA-PLAN-BILING\u00dcISMO.pdf\" target=\"_blank\" rel=\"noopener noreferrer\">CRONOGRAMA PLAN BILING\u00dcISMO<\/a><\/li>\n<li><strong>Plan de Apertura (actividades extraescolares).<\/strong><\/li>\n<li><strong>Plan de convivencia (Red Escuela Espacio de<\/strong> <strong>Paz).<\/strong><\/li>\n<li><a href=\"https:\/\/blogsaverroes.juntadeandalucia.es\/ceipvictoriadiez\/files\/2019\/10\/CRONOGRAMA-PLAN-AUTOPROTECCI\u00d3N.pdf\" target=\"_blank\" rel=\"noopener noreferrer\">CRONOGRAMA PLAN AUTOPROTECCI\u00d3N<\/a><\/li>\n<\/ul>\n","protected":false},"excerpt":{"rendered":"<p>Cada Centro personaliza y adapta su Proyecto Educativo adhiri\u00e9ndose a diferentes Planes y Programas promovidos desde la Consejer\u00eda de Educaci\u00f3n, Cultura y Deporte. &nbsp; &nbsp; &nbsp; Actualmente se llevan a cabo en nuestro Centro&#46;&#46;&#46;<\/p>\n","protected":false},"author":1,"featured_media":0,"parent":0,"menu_order":0,"comment_status":"closed","ping_status":"closed","template":"template-full-width.php","meta":{"ngg_post_thumbnail":0,"footnotes":"","_mc_calendar":[]},"aioseo_notices":[],"_links":{"self":[{"href":"https:\/\/blogsaverroes.juntadeandalucia.es\/ceipvictoriadiez\/wp-json\/wp\/v2\/pages\/44"}],"collection":[{"href":"https:\/\/blogsaverroes.juntadeandalucia.es\/ceipvictoriadiez\/wp-json\/wp\/v2\/pages"}],"about":[{"href":"https:\/\/blogsaverroes.juntadeandalucia.es\/ceipvictoriadiez\/wp-json\/wp\/v2\/types\/page"}],"author":[{"embeddable":true,"href":"https:\/\/blogsaverroes.juntadeandalucia.es\/ceipvictoriadiez\/wp-json\/wp\/v2\/users\/1"}],"replies":[{"embeddable":true,"href":"https:\/\/blogsaverroes.juntadeandalucia.es\/ceipvictoriadiez\/wp-json\/wp\/v2\/comments?post=44"}],"version-history":[{"count":30,"href":"https:\/\/blogsaverroes.juntadeandalucia.es\/ceipvictoriadiez\/wp-json\/wp\/v2\/pages\/44\/revisions"}],"predecessor-version":[{"id":3560,"href":"https:\/\/blogsaverroes.juntadeandalucia.es\/ceipvictoriadiez\/wp-json\/wp\/v2\/pages\/44\/revisions\/3560"}],"wp:attachment":[{"href":"https:\/\/blogsaverroes.juntadeandalucia.es\/ceipvictoriadiez\/wp-json\/wp\/v2\/media?parent=44"}],"curies":[{"name":"wp","href":"https:\/\/api.w.org\/{rel}","templated":true}]}}