{"id":49,"date":"2015-03-13T08:47:05","date_gmt":"2015-03-13T08:47:05","guid":{"rendered":"http:\/\/blogsaverroes.juntadeandalucia.es\/pre\/ceip\/?page_id=49"},"modified":"2019-10-24T18:28:24","modified_gmt":"2019-10-24T18:28:24","slug":"proyecto-educativo","status":"publish","type":"page","link":"https:\/\/blogsaverroes.juntadeandalucia.es\/ceipvictoriadiez\/proyecto-educativo\/","title":{"rendered":"Proyecto Educativo"},"content":{"rendered":"<p><a href=\"https:\/\/blogsaverroes.juntadeandalucia.es\/ceipvictoriadiez\/files\/2015\/03\/PROYECTO-EDUCATIVO-compressed.pdf\" target=\"_blank\" rel=\"noopener noreferrer\"><img loading=\"lazy\" decoding=\"async\" class=\"wp-image-1662 size-medium aligncenter\" title=\"Haz click para descargar.\" src=\"https:\/\/blogsaverroes.juntadeandalucia.es\/ceipvictoriadiez\/files\/2015\/03\/proyecto-300x266.png\" alt=\"proyecto\" width=\"300\" height=\"266\" srcset=\"https:\/\/blogsaverroes.juntadeandalucia.es\/ceipvictoriadiez\/files\/2015\/03\/proyecto-300x266.png 300w, https:\/\/blogsaverroes.juntadeandalucia.es\/ceipvictoriadiez\/files\/2015\/03\/proyecto-332x295.png 332w, https:\/\/blogsaverroes.juntadeandalucia.es\/ceipvictoriadiez\/files\/2015\/03\/proyecto.png 640w\" sizes=\"(max-width: 300px) 100vw, 300px\" \/> <\/a><\/p>\n<p style=\"text-align: center\"><strong>Haz clic<\/strong> en la imagen para ver nuestro <strong>Proyecto Educativo.<\/strong><\/p>\n<p>&nbsp; &nbsp; &nbsp;El <strong>C.E.I.P. \u00abVictoria D\u00edez\u00bb<\/strong> tiene m\u00e1s de 30 a\u00f1os, ya que fue <strong>edificado<\/strong> en el a\u00f1o <strong>1.976<\/strong>.<\/p>\n<p>&nbsp; &nbsp; &nbsp;Conviene resaltar que el centro est\u00e1 dividido en <strong>dos edificios<\/strong>, uno, el de primaria que est\u00e1 ubicado en la parte baja, la m\u00e1s antigua del pueblo y otro, el de infantil, situado en la parte alta del pueblo y aproximadamente a 2 kil\u00f3metros del edificio principal. Aunque hay que destacar,&nbsp; que el Ayuntamiento de Hornachuelos est\u00e1 construyendo un nuevo edificio de Educaci\u00f3n Infantil junto al Centro de Primaria como resultado de un acuerdo entre la Delegaci\u00f3n de Educaci\u00f3n y el Ayuntamiento, en el que la Delegaci\u00f3n cede el antiguo edificio de infantil al Ayuntamiento y este como contraprestaci\u00f3n construye un nuevo edificio junto al de primaria que mejorar\u00e1 la coordinaci\u00f3n y la organizaci\u00f3n del centro.<\/p>\n<p>&nbsp; &nbsp; &nbsp;El centro de <strong>Primaria<\/strong> tiene tres plantas:<\/p>\n<ul>\n<li><strong>Planta baja<\/strong>, donde est\u00e1 la entrada al centro y en la que se encuentra el S.U.M. (antiguo comedor), una cocina, la sala de profesores, la biblioteca, la secretar\u00eda, la direcci\u00f3n, los servicios, la vivienda del conserje, un almac\u00e9n y un porche.<\/li>\n<li><strong>Primera planta<\/strong>, donde encontramos las aulas de 1\u00ba a 3\u00ba (dos por nivel), un aula de ingl\u00e9s, un aula de pedagog\u00eda terap\u00e9utica, un aula de audici\u00f3n y lenguaje, un aula de usos varios y los servicios.<\/li>\n<li><strong>Segunda planta<\/strong>, donde encontramos las aulas de 4\u00ba a 6\u00ba (dos por nivel), un aula de ingl\u00e9s, un aula de m\u00fasica, un aula de inform\u00e1tica, dos aulas multiusos y los servicios.<\/li>\n<\/ul>\n<p>&nbsp; &nbsp; &nbsp;El edificio de Primaria consta tambi\u00e9n de un porche cubierto en una entreplanta y un patio de recreo con una pista de baloncesto y otra de f\u00fatbol sala.<\/p>\n<p>&nbsp; &nbsp; &nbsp;El nuevo centro de Infantil constar\u00e1 de un aulario con 6 aulas, tres peque\u00f1os patios, unos servicios y una peque\u00f1a clase de apoyo.<\/p>\n<p>&nbsp; &nbsp; &nbsp;El C.E.I.P Victoria D\u00edez es un Centro de Educaci\u00f3n Infantil y Primaria de <strong>17 unidades<\/strong>, de las que 4&nbsp; son de Infantil, 11 de Primaria, 1 de Pedagog\u00eda Terap\u00e9utica y 1 de Audici\u00f3n y Lenguaje.<\/p>\n<p>&nbsp; &nbsp; &nbsp;A d\u00eda de hoy el CEIP Victoria D\u00edez tiene matriculados <strong>322 alumnos y alumnas<\/strong> de los cuales 97 son de Educaci\u00f3n Infantil y 225 son de Educaci\u00f3n Primaria.<\/p>\n","protected":false},"excerpt":{"rendered":"<p>Haz clic en la imagen para ver nuestro Proyecto Educativo. &nbsp; &nbsp; &nbsp;El C.E.I.P. \u00abVictoria D\u00edez\u00bb tiene m\u00e1s de 30 a\u00f1os, ya que fue edificado en el a\u00f1o 1.976. &nbsp; &nbsp; &nbsp;Conviene resaltar que&#46;&#46;&#46;<\/p>\n","protected":false},"author":1,"featured_media":0,"parent":0,"menu_order":0,"comment_status":"closed","ping_status":"open","template":"","meta":{"ngg_post_thumbnail":0,"footnotes":"","_mc_calendar":[]},"aioseo_notices":[],"_links":{"self":[{"href":"https:\/\/blogsaverroes.juntadeandalucia.es\/ceipvictoriadiez\/wp-json\/wp\/v2\/pages\/49"}],"collection":[{"href":"https:\/\/blogsaverroes.juntadeandalucia.es\/ceipvictoriadiez\/wp-json\/wp\/v2\/pages"}],"about":[{"href":"https:\/\/blogsaverroes.juntadeandalucia.es\/ceipvictoriadiez\/wp-json\/wp\/v2\/types\/page"}],"author":[{"embeddable":true,"href":"https:\/\/blogsaverroes.juntadeandalucia.es\/ceipvictoriadiez\/wp-json\/wp\/v2\/users\/1"}],"replies":[{"embeddable":true,"href":"https:\/\/blogsaverroes.juntadeandalucia.es\/ceipvictoriadiez\/wp-json\/wp\/v2\/comments?post=49"}],"version-history":[{"count":15,"href":"https:\/\/blogsaverroes.juntadeandalucia.es\/ceipvictoriadiez\/wp-json\/wp\/v2\/pages\/49\/revisions"}],"predecessor-version":[{"id":3508,"href":"https:\/\/blogsaverroes.juntadeandalucia.es\/ceipvictoriadiez\/wp-json\/wp\/v2\/pages\/49\/revisions\/3508"}],"wp:attachment":[{"href":"https:\/\/blogsaverroes.juntadeandalucia.es\/ceipvictoriadiez\/wp-json\/wp\/v2\/media?parent=49"}],"curies":[{"name":"wp","href":"https:\/\/api.w.org\/{rel}","templated":true}]}}