{"id":1249,"date":"2021-09-26T11:24:12","date_gmt":"2021-09-26T10:24:12","guid":{"rendered":"https:\/\/blogsaverroes.juntadeandalucia.es\/ceipvirgendebelen\/?page_id=1249"},"modified":"2025-01-21T18:34:40","modified_gmt":"2025-01-21T17:34:40","slug":"plan-de-centro","status":"publish","type":"page","link":"https:\/\/blogsaverroes.juntadeandalucia.es\/ceipvirgendebelen\/centro-2\/plan-de-centro\/","title":{"rendered":"Plan de Centro"},"content":{"rendered":"<p>[et_pb_section fb_built=&#8221;1&#8243; admin_label=&#8221;Page Header&#8221; _builder_version=&#8221;4.16&#8243; background_image=&#8221;https:\/\/blogsaverroes.juntadeandalucia.es\/ceipvirgendebelen\/files\/2021\/09\/plan.jpg&#8221; min_height=&#8221;350px&#8221; height=&#8221;356px&#8221; max_height=&#8221;352px&#8221; custom_padding=&#8221;67px|0px|67.1875px|0px|false|false&#8221; animation_style=&#8221;zoom&#8221; animation_intensity_zoom=&#8221;4%&#8221; global_colors_info=&#8221;{}&#8221;][et_pb_row _builder_version=&#8221;4.16&#8243; background_size=&#8221;initial&#8221; background_position=&#8221;top_left&#8221; background_repeat=&#8221;repeat&#8221; animation_style=&#8221;slide&#8221; animation_direction=&#8221;top&#8221; animation_intensity_slide=&#8221;3%&#8221; global_colors_info=&#8221;{}&#8221;][et_pb_column type=&#8221;4_4&#8243; _builder_version=&#8221;4.16&#8243; custom_padding=&#8221;|||&#8221; global_colors_info=&#8221;{}&#8221; custom_padding__hover=&#8221;|||&#8221;][et_pb_text _builder_version=&#8221;4.16&#8243; text_font=&#8221;||||||||&#8221; header_font=&#8221;Montserrat|700||on|||||dotted&#8221; header_text_color=&#8221;#353740&#8243; header_font_size=&#8221;60px&#8221; header_line_height=&#8221;1.3em&#8221; background_size=&#8221;initial&#8221; background_position=&#8221;top_left&#8221; background_repeat=&#8221;repeat&#8221; custom_margin=&#8221;|||&#8221; animation_style=&#8221;fade&#8221; header_font_size_last_edited=&#8221;off|desktop&#8221; locked=&#8221;off&#8221; global_colors_info=&#8221;{}&#8221;][\/et_pb_text][\/et_pb_column][\/et_pb_row][\/et_pb_section][et_pb_section fb_built=&#8221;1&#8243; admin_label=&#8221;About Us Section&#8221; _builder_version=&#8221;4.16&#8243; background_enable_image=&#8221;off&#8221; background_size=&#8221;contain&#8221; min_height=&#8221;669px&#8221; height=&#8221;673px&#8221; max_height=&#8221;671px&#8221; custom_margin=&#8221;|5%||5%&#8221; custom_margin_tablet=&#8221;&#8221; custom_margin_phone=&#8221;|0px||0px&#8221; custom_margin_last_edited=&#8221;on|phone&#8221; custom_padding=&#8221;10%|||&#8221; animation_style=&#8221;zoom&#8221; animation_direction=&#8221;top&#8221; animation_intensity_zoom=&#8221;5%&#8221; box_shadow_style=&#8221;preset7&#8243; box_shadow_horizontal=&#8221;0px&#8221; box_shadow_vertical=&#8221;-200px&#8221; box_shadow_color=&#8221;#ffffff&#8221; global_colors_info=&#8221;{}&#8221;][et_pb_row column_structure=&#8221;2_3,1_3&#8243; admin_label=&#8221;About Us Area&#8221; _builder_version=&#8221;4.16&#8243; background_size=&#8221;initial&#8221; background_position=&#8221;top_left&#8221; background_repeat=&#8221;repeat&#8221; custom_padding=&#8221;27px|0px|0px|0px&#8221; global_colors_info=&#8221;{}&#8221;][et_pb_column type=&#8221;2_3&#8243; _builder_version=&#8221;4.16&#8243; custom_padding=&#8221;|||&#8221; global_colors_info=&#8221;{}&#8221; custom_padding__hover=&#8221;|||&#8221;][et_pb_text admin_label=&#8221;Title&#8221; _builder_version=&#8221;4.16&#8243; text_font=&#8221;Montserrat||||||||&#8221; text_text_color=&#8221;#747d88&#8243; text_font_size=&#8221;16px&#8221; text_line_height=&#8221;1.9em&#8221; header_font=&#8221;||||||||&#8221; header_text_align=&#8221;left&#8221; header_2_font=&#8221;Montserrat|700||on|||||&#8221; header_2_font_size=&#8221;42px&#8221; header_2_line_height=&#8221;1.3em&#8221; background_color=&#8221;#f7f7f7&#8243; background_size=&#8221;initial&#8221; background_position=&#8221;top_left&#8221; background_repeat=&#8221;repeat&#8221; width=&#8221;100%&#8221; max_width=&#8221;265px&#8221; module_alignment=&#8221;left&#8221; min_height=&#8221;500px&#8221; height=&#8221;499px&#8221; max_height=&#8221;510px&#8221; custom_margin=&#8221;|313px||||&#8221; custom_padding=&#8221;|7.5%|0%|10%|false|false&#8221; animation_style=&#8221;slide&#8221; animation_direction=&#8221;bottom&#8221; animation_intensity_slide=&#8221;4%&#8221; animation_starting_opacity=&#8221;100%&#8221; box_shadow_style=&#8221;preset1&#8243; box_shadow_vertical=&#8221;15px&#8221; box_shadow_blur=&#8221;45px&#8221; box_shadow_color=&#8221;rgba(0,0,0,0.15)&#8221; locked=&#8221;off&#8221; global_colors_info=&#8221;{}&#8221;]<\/p>\n<p>&nbsp;<\/p>\n<p>&nbsp;<\/p>\n<p>&nbsp;<\/p>\n<p>&nbsp;<\/p>\n<p><span style=\"font-size: medium\"><strong style=\"text-align: center\"><span style=\"color: #747d88;font-family: 'comic sans ms', sans-serif\">PLAN DE CENTRO<\/span><\/strong><\/span><strong style=\"font-size: large;text-align: center\"><span style=\"color: #747d88;font-family: 'comic sans ms', sans-serif\"><\/span><\/strong><strong style=\"font-size: large;text-align: center\"><span style=\"color: #747d88;font-family: 'comic sans ms', sans-serif\"><\/span><\/strong><strong style=\"font-size: large;text-align: center\"><span style=\"color: #747d88;font-family: 'comic sans ms', sans-serif\"><\/span><\/strong><strong style=\"font-size: large;text-align: center\"><span style=\"color: #747d88;font-family: 'comic sans ms', sans-serif\"><\/span><\/strong><strong style=\"font-size: large;text-align: center\"><span style=\"color: #747d88;font-family: 'comic sans ms', sans-serif\"><\/span><\/strong><strong style=\"font-size: large;text-align: center\"><span style=\"color: #747d88;font-family: 'comic sans ms', sans-serif\"><\/span><\/strong><\/p>\n<p><strong style=\"font-size: large;text-align: center\"><span style=\"color: #747d88;font-family: 'comic sans ms', sans-serif\"><\/span><\/strong><\/p>\n<p><strong style=\"font-size: large;text-align: center\"><span style=\"color: #747d88;font-family: 'comic sans ms', sans-serif\"><span style=\"font-size: small\"><b>D<\/b>ocumento que recoge las intenciones, propuestas y concreciones en relaci\u00f3n a su autonom\u00eda pedag\u00f3gica y de gesti\u00f3n.<\/span><\/span><\/strong><span style=\"font-size: x-large;color: #747d88;font-weight: 500;font-family: 'comic sans ms', sans-serif\"><\/span><\/p>\n<p><strong style=\"font-size: large;text-align: center\"><span style=\"color: #747d88;font-family: 'comic sans ms', sans-serif\"><span style=\"font-size: small\"><\/span><\/span><\/strong><\/p>\n<p><strong style=\"font-size: large;text-align: center\"><span style=\"color: #747d88;font-family: 'comic sans ms', sans-serif\"><span style=\"font-size: small\"><\/span><\/span><\/strong><\/p>\n<p><span style=\"font-size: x-large\"><\/span><\/p>\n<h2><span style=\"font-size: x-large;color: #747d88;font-weight: 500;font-family: 'comic sans ms', sans-serif\"><\/span><\/h2>\n<h2><span style=\"font-size: x-large;color: #747d88;font-weight: 500;font-family: 'comic sans ms', sans-serif\"><\/span><\/h2>\n<h2><span style=\"font-size: x-large;color: #747d88;font-weight: 500;font-family: 'comic sans ms', sans-serif\"><\/span><\/h2>\n<h2><span style=\"font-size: x-large;color: #747d88;font-weight: 500;font-family: 'comic sans ms', sans-serif\"><\/span><\/h2>\n<h2><span style=\"font-size: x-large;color: #747d88;font-weight: 500;font-family: 'comic sans ms', sans-serif\"><\/span><\/h2>\n<h2><span style=\"font-size: x-large;color: #747d88;font-weight: 500;font-family: 'comic sans ms', sans-serif\"><\/span><\/h2>\n<h2><span style=\"font-size: x-large;color: #747d88;font-weight: 500;font-family: 'comic sans ms', sans-serif\"><\/span><\/h2>\n<h2><span style=\"font-size: x-large;color: #747d88;font-weight: 500;font-family: 'comic sans ms', sans-serif\"><\/span><\/h2>\n<h2><span style=\"font-size: x-large;color: #747d88;font-weight: 500;font-family: 'comic sans ms', sans-serif\"><\/span><\/h2>\n<h2><span style=\"font-size: x-large;color: #747d88;font-weight: 500;font-family: 'comic sans ms', sans-serif\"><\/span><\/h2>\n<h2><span style=\"font-size: x-large;color: #747d88;font-weight: 500;font-family: 'comic sans ms', sans-serif\"><\/span><\/h2>\n<h2><span style=\"font-size: x-large;color: #747d88;font-weight: 500;font-family: 'comic sans ms', sans-serif\"><\/span><\/h2>\n<h2><span style=\"font-size: x-large;color: #747d88;font-weight: 500;font-family: 'comic sans ms', sans-serif\"><\/span><\/h2>\n<h2><span style=\"font-size: x-large;color: #747d88;font-weight: 500;font-family: 'comic sans ms', sans-serif\"><\/span><\/h2>\n<h2><span style=\"font-size: x-large;color: #747d88;font-weight: 500;font-family: 'comic sans ms', sans-serif\"><\/span><\/h2>\n<h2><span style=\"font-size: x-large;color: #747d88;font-weight: 500;font-family: 'comic sans ms', sans-serif\"><\/span><\/h2>\n<h2><span style=\"font-size: x-large;color: #747d88;font-weight: 500;font-family: 'comic sans ms', sans-serif\"><\/span><\/h2>\n<h2><span style=\"font-size: x-large;color: #747d88;font-weight: 500;font-family: 'comic sans ms', sans-serif\"><\/span><\/h2>\n<blockquote>\n<p><span style=\"font-size: x-large\"><strong><span style=\"color: #747d88;font-family: 'comic sans ms', sans-serif\"><\/span><\/strong><\/span><\/p>\n<p><span style=\"font-size: x-large\"><strong><span style=\"color: #747d88;font-family: 'comic sans ms', sans-serif\"><\/span><\/strong><\/span><\/p>\n<p><span style=\"font-size: x-large\"><strong><span style=\"color: #747d88;font-family: 'comic sans ms', sans-serif\"><\/span><\/strong><\/span><\/p>\n<p><span style=\"font-size: x-large\"><strong><span style=\"color: #747d88;font-family: 'comic sans ms', sans-serif\"><\/span><\/strong><\/span><\/p>\n<p><span style=\"font-size: x-large\"><strong><span style=\"color: #747d88;font-family: 'comic sans ms', sans-serif\"><\/span><\/strong><\/span><\/p>\n<p><span style=\"font-size: x-large\"><strong><span style=\"color: #747d88;font-family: 'comic sans ms', sans-serif\"><\/span><\/strong><\/span><\/p>\n<p><span style=\"font-size: x-large\"><strong><span style=\"color: #747d88;font-family: 'comic sans ms', sans-serif\"><\/span><\/strong><\/span><\/p>\n<p><span style=\"font-size: x-large\"><strong><span style=\"color: #747d88;font-family: 'comic sans ms', sans-serif\"><\/span><\/strong><\/span><\/p>\n<\/blockquote>\n<p>[\/et_pb_text][\/et_pb_column][et_pb_column type=&#8221;1_3&#8243; _builder_version=&#8221;4.16&#8243; custom_padding=&#8221;|||&#8221; global_colors_info=&#8221;{}&#8221; custom_padding__hover=&#8221;|||&#8221;][\/et_pb_column][\/et_pb_row][\/et_pb_section][et_pb_section fb_built=&#8221;1&#8243; admin_label=&#8221;Service Section&#8221; _builder_version=&#8221;4.16&#8243; custom_margin=&#8221;|||&#8221; custom_padding=&#8221;136px||110px|||&#8221; global_colors_info=&#8221;{}&#8221;][et_pb_row column_structure=&#8221;1_3,1_3,1_3&#8243; use_custom_gutter=&#8221;on&#8221; gutter_width=&#8221;2&#8243; make_equal=&#8221;on&#8221; admin_label=&#8221;Services&#8221; _builder_version=&#8221;4.16&#8243; background_size=&#8221;initial&#8221; background_position=&#8221;top_left&#8221; background_repeat=&#8221;repeat&#8221; vertical_offset_tablet=&#8221;&#8221; vertical_offset_phone=&#8221;-840px&#8221; vertical_offset_last_edited=&#8221;on|phone&#8221; horizontal_offset_tablet=&#8221;&#8221; horizontal_offset_phone=&#8221;-5px&#8221; horizontal_offset_last_edited=&#8221;on|phone&#8221; max_width=&#8221;80%&#8221; custom_padding=&#8221;25px||25px|&#8221; use_custom_width=&#8221;on&#8221; width_unit=&#8221;off&#8221; global_colors_info=&#8221;{}&#8221;][et_pb_column type=&#8221;1_3&#8243; _builder_version=&#8221;4.16&#8243; custom_padding=&#8221;|||&#8221; global_colors_info=&#8221;{}&#8221; custom_padding__hover=&#8221;|||&#8221;][et_pb_blurb title=&#8221;PROGRAMACIONES&#8221; url=&#8221;https:\/\/drive.google.com\/drive\/folders\/1YBT9Y2C-dX5ILQmTsNFnU28dfGHtYQKy?usp=sharing&#8221; url_new_window=&#8221;on&#8221; use_icon=&#8221;on&#8221; font_icon=&#8221;&#xe058;||divi||400&#8243; icon_color=&#8221;#e09900&#8243; image_icon_width=&#8221;60px&#8221; admin_label=&#8221;Sigue el enlace&#8230;&#8221; _builder_version=&#8221;4.16&#8243; header_font=&#8221;Montserrat|on|||&#8221; header_text_color=&#8221;#353740&#8243; header_font_size=&#8221;22px&#8221; header_line_height=&#8221;1.4em&#8221; body_font=&#8221;Montserrat||||&#8221; body_text_color=&#8221;#747d88&#8243; body_font_size=&#8221;16px&#8221; background_size=&#8221;initial&#8221; background_position=&#8221;top_left&#8221; background_repeat=&#8221;repeat&#8221; text_orientation=&#8221;center&#8221; min_height=&#8221;20px&#8221; height=&#8221;427px&#8221; max_height=&#8221;250px&#8221; custom_margin=&#8221;20px||20px||false|false&#8221; custom_padding=&#8221;|30px||30px|false|false&#8221; animation_style=&#8221;zoom&#8221; animation_delay=&#8221;100ms&#8221; link_option_url=&#8221;https:\/\/drive.google.com\/drive\/folders\/1YBT9Y2C-dX5ILQmTsNFnU28dfGHtYQKy?usp=sharing&#8221; link_option_url_new_window=&#8221;on&#8221; border_width_all=&#8221;0px&#8221; border_color_all=&#8221;#dddddd&#8221; border_style_all=&#8221;solid&#8221; use_border_color=&#8221;on&#8221; border_color=&#8221;#dddddd&#8221; icon_font_size=&#8221;60px&#8221; global_colors_info=&#8221;{}&#8221;]<\/p>\n<p><a href=\"https:\/\/drive.google.com\/drive\/folders\/1YBT9Y2C-dX5ILQmTsNFnU28dfGHtYQKy?usp=sharing\">Sigue el enlace&#8230;<\/a><\/p>\n<p>[\/et_pb_blurb][et_pb_image src=&#8221;https:\/\/blogsaverroes.juntadeandalucia.es\/ceipvirgendebelen\/files\/2021\/12\/programaciones.jpg&#8221; title_text=&#8221;programaciones&#8221; url=&#8221;https:\/\/drive.google.com\/drive\/folders\/1YBT9Y2C-dX5ILQmTsNFnU28dfGHtYQKy?usp=sharing&#8221; url_new_window=&#8221;on&#8221; _builder_version=&#8221;4.16&#8243; _module_preset=&#8221;default&#8221; global_colors_info=&#8221;{}&#8221;][\/et_pb_image][et_pb_image src=&#8221;https:\/\/blogsaverroes.juntadeandalucia.es\/ceipvirgendebelen\/files\/2023\/01\/descarga.png&#8221; title_text=&#8221;descarga&#8221; url=&#8221;https:\/\/drive.google.com\/drive\/folders\/1P5teOVBec0qM6amEK-RXKOs1aCeZkl1c?usp=sharing&#8221; url_new_window=&#8221;on&#8221; _builder_version=&#8221;4.16&#8243; _module_preset=&#8221;default&#8221; width=&#8221;100%&#8221; max_width=&#8221;100%&#8221; global_colors_info=&#8221;{}&#8221;][\/et_pb_image][\/et_pb_column][et_pb_column type=&#8221;1_3&#8243; _builder_version=&#8221;4.16&#8243; custom_padding=&#8221;|||&#8221; global_colors_info=&#8221;{}&#8221; custom_padding__hover=&#8221;|||&#8221;][et_pb_blurb title=&#8221;PLAN DE CENTRO&#8221; url=&#8221;https:\/\/drive.google.com\/file\/d\/1P2f4s4vUQXWs-WcvSwnu9aFODGMvW2Dm\/view?usp=sharing&#8221; url_new_window=&#8221;on&#8221; use_icon=&#8221;on&#8221; font_icon=&#8221;&#xe106;||divi||400&#8243; icon_color=&#8221;#e09900&#8243; image_icon_width=&#8221;60px&#8221; admin_label=&#8221;Sigue el enlace&#8230;&#8221; _builder_version=&#8221;4.24.2&#8243; header_font=&#8221;Montserrat|on|||&#8221; header_text_color=&#8221;#353740&#8243; header_font_size=&#8221;22px&#8221; header_line_height=&#8221;1.4em&#8221; body_font=&#8221;Montserrat||||&#8221; body_text_color=&#8221;#747d88&#8243; body_font_size=&#8221;16px&#8221; background_size=&#8221;initial&#8221; background_position=&#8221;top_left&#8221; background_repeat=&#8221;repeat&#8221; text_orientation=&#8221;center&#8221; min_height=&#8221;20px&#8221; height=&#8221;427px&#8221; max_height=&#8221;250px&#8221; custom_margin=&#8221;20px||20px||false|false&#8221; custom_padding=&#8221;|30px||30px|false|false&#8221; animation_style=&#8221;zoom&#8221; link_option_url_new_window=&#8221;on&#8221; border_width_all=&#8221;0px&#8221; border_color_all=&#8221;#dddddd&#8221; border_style_all=&#8221;solid&#8221; use_border_color=&#8221;on&#8221; border_color=&#8221;#dddddd&#8221; icon_font_size=&#8221;60px&#8221; global_colors_info=&#8221;{}&#8221;]<\/p>\n<p><a href=\"https:\/\/drive.google.com\/file\/d\/1MN2Tz7IGuw3Fc2wvASpXKRyeWX6LwosJ\/view?usp=sharing\">Sigue enlace<\/a><\/p>\n<p>[\/et_pb_blurb][et_pb_image src=&#8221;https:\/\/blogsaverroes.juntadeandalucia.es\/ceipvirgendebelen\/files\/2023\/01\/Captura-de-pantalla-2023-01-09-a-las-23.12.13.png&#8221; title_text=&#8221;Captura de pantalla 2023-01-09 a las 23.12.13&#8243; url=&#8221;https:\/\/drive.google.com\/file\/d\/1MN2Tz7IGuw3Fc2wvASpXKRyeWX6LwosJ\/view?usp=sharing&#8221; url_new_window=&#8221;on&#8221; _builder_version=&#8221;4.24.2&#8243; _module_preset=&#8221;ce542f32-bd21-4983-9f67-602dd721b0b3&#8243; width=&#8221;96.5%&#8221; hover_enabled=&#8221;0&#8243; global_colors_info=&#8221;{}&#8221; sticky_enabled=&#8221;0&#8243;][\/et_pb_image][\/et_pb_column][et_pb_column type=&#8221;1_3&#8243; _builder_version=&#8221;4.16&#8243; custom_padding=&#8221;|||&#8221; global_colors_info=&#8221;{}&#8221; custom_padding__hover=&#8221;|||&#8221;][et_pb_blurb title=&#8221;PROTOCOLO COVID&#8221; url=&#8221;https:\/\/drive.google.com\/file\/d\/1hcGpGl840q3K8oCCbalk-fATraf5Mjrt\/view?usp=sharing&#8221; use_icon=&#8221;on&#8221; font_icon=&#8221;&#xe089;||divi||400&#8243; icon_color=&#8221;#e09900&#8243; image_icon_width=&#8221;60px&#8221; admin_label=&#8221;Sigue el enlace&#8230;&#8221; _builder_version=&#8221;4.16&#8243; header_font=&#8221;Montserrat|on|||&#8221; header_text_color=&#8221;#353740&#8243; header_font_size=&#8221;22px&#8221; header_line_height=&#8221;1.4em&#8221; body_font=&#8221;Montserrat||||&#8221; body_text_color=&#8221;#747d88&#8243; body_font_size=&#8221;16px&#8221; background_size=&#8221;initial&#8221; background_position=&#8221;top_left&#8221; background_repeat=&#8221;repeat&#8221; text_orientation=&#8221;center&#8221; min_height=&#8221;20px&#8221; height=&#8221;427px&#8221; max_height=&#8221;250px&#8221; custom_margin=&#8221;20px||20px||false|false&#8221; custom_padding=&#8221;|30px||30px|false|false&#8221; animation_style=&#8221;zoom&#8221; animation_delay=&#8221;100ms&#8221; link_option_url=&#8221;https:\/\/drive.google.com\/file\/d\/1hcGpGl840q3K8oCCbalk-fATraf5Mjrt\/view?usp=sharing&#8221; link_option_url_new_window=&#8221;on&#8221; border_width_all=&#8221;0px&#8221; border_color_all=&#8221;#dddddd&#8221; border_style_all=&#8221;solid&#8221; use_border_color=&#8221;on&#8221; border_color=&#8221;#dddddd&#8221; icon_font_size=&#8221;60px&#8221; global_colors_info=&#8221;{}&#8221;]<\/p>\n<p><a href=\"https:\/\/drive.google.com\/file\/d\/1sqGMHT-SQL_KFVO1CUnTukGqB0GRxcWz\/view\" target=\"_blank\" rel=\"noopener noreferrer\">Sigue el enlace&#8230;<\/a><\/p>\n<p>[\/et_pb_blurb][et_pb_image src=&#8221;https:\/\/blogsaverroes.juntadeandalucia.es\/ceipvirgendebelen\/files\/2021\/11\/Captura-de-pantalla-2021-11-28-a-las-18.15.38.png&#8221; title_text=&#8221;Captura de pantalla 2021-11-28 a las 18.15.38&#8243; url=&#8221;https:\/\/drive.google.com\/file\/d\/1sqGMHT-SQL_KFVO1CUnTukGqB0GRxcWz\/view&#8221; url_new_window=&#8221;on&#8221; _builder_version=&#8221;4.16&#8243; _module_preset=&#8221;default&#8221; global_colors_info=&#8221;{}&#8221;][\/et_pb_image][et_pb_image src=&#8221;https:\/\/blogsaverroes.juntadeandalucia.es\/ceipvirgendebelen\/files\/2023\/05\/Captura-de-pantalla-2023-05-26-a-las-14.07.39.png&#8221; title_text=&#8221;Captura de pantalla 2023-05-26 a las 14.07.39&#8243; url=&#8221;https:\/\/drive.google.com\/file\/d\/1eMzv_DPOhQ7bfArhIeYgUrpcGwWZ6DL9\/view&#8221; url_new_window=&#8221;on&#8221; _builder_version=&#8221;4.16&#8243; _module_preset=&#8221;default&#8221; global_colors_info=&#8221;{}&#8221;][\/et_pb_image][\/et_pb_column][\/et_pb_row][\/et_pb_section]<\/p>\n","protected":false},"excerpt":{"rendered":"<p>&nbsp; &nbsp; &nbsp; &nbsp; PLAN DE CENTRO Documento que recoge las intenciones, propuestas y concreciones en relaci\u00f3n a su autonom\u00eda pedag\u00f3gica y de gesti\u00f3n. Sigue el enlace&#8230;Sigue enlaceSigue el enlace&#8230;<\/p>\n","protected":false},"author":11969,"featured_media":0,"parent":1188,"menu_order":1,"comment_status":"closed","ping_status":"closed","template":"","meta":{"_et_pb_use_builder":"on","_et_pb_old_content":"<p>\u00a0 \u00a0 \u00a0 \u00a0<\/p><table class=\" aligncenter\" style=\"border-collapse: collapse; width: 57.3083%; height: 47px;\"><tbody><tr><td style=\"width: 100%; border-style: double; border-color: #d97f30; background-color: #f7d792; text-align: center;\"><span style=\"font-size: 12pt;\"><strong>PLAN DE CENTRO CEIP VIRGEN DE BEL\u00c9N<\/strong><\/span><\/td><\/tr><\/tbody><\/table><p>\u00a0<\/p><ul><li><span style=\"font-size: 18pt;\"><a href=\"https:\/\/1drv.ms\/b\/s!AigPtc1H3q2F5UDlYz06E3jHYqyL?e=4ofWoU\" target=\"_blank\" rel=\"noopener noreferrer\">PROTOCOLO COVID-19 ACTUALIZADO EN ENERO<\/a><\/span><\/li><\/ul><p>\u00a0<\/p><ul><li><span style=\"font-size: 18pt;\"><a href=\"https:\/\/1drv.ms\/b\/s!AigPtc1H3q2F5TWizW9YbYoMmbea\">PLAN DE CENTRO<\/a><\/span><\/li><\/ul><p>\u00a0<\/p><p><img class=\"aligncenter wp-image-1383\" src=\"https:\/\/blogsaverroes.juntadeandalucia.es\/ceipvirgendebelen\/files\/2021\/09\/plan-300x159.jpg\" alt=\"\" width=\"455\" height=\"241\"><\/p><p>\u00a0<\/p>","_et_gb_content_width":"","ngg_post_thumbnail":0,"footnotes":""},"aioseo_notices":[],"_links":{"self":[{"href":"https:\/\/blogsaverroes.juntadeandalucia.es\/ceipvirgendebelen\/wp-json\/wp\/v2\/pages\/1249"}],"collection":[{"href":"https:\/\/blogsaverroes.juntadeandalucia.es\/ceipvirgendebelen\/wp-json\/wp\/v2\/pages"}],"about":[{"href":"https:\/\/blogsaverroes.juntadeandalucia.es\/ceipvirgendebelen\/wp-json\/wp\/v2\/types\/page"}],"author":[{"embeddable":true,"href":"https:\/\/blogsaverroes.juntadeandalucia.es\/ceipvirgendebelen\/wp-json\/wp\/v2\/users\/11969"}],"replies":[{"embeddable":true,"href":"https:\/\/blogsaverroes.juntadeandalucia.es\/ceipvirgendebelen\/wp-json\/wp\/v2\/comments?post=1249"}],"version-history":[{"count":101,"href":"https:\/\/blogsaverroes.juntadeandalucia.es\/ceipvirgendebelen\/wp-json\/wp\/v2\/pages\/1249\/revisions"}],"predecessor-version":[{"id":5894,"href":"https:\/\/blogsaverroes.juntadeandalucia.es\/ceipvirgendebelen\/wp-json\/wp\/v2\/pages\/1249\/revisions\/5894"}],"up":[{"embeddable":true,"href":"https:\/\/blogsaverroes.juntadeandalucia.es\/ceipvirgendebelen\/wp-json\/wp\/v2\/pages\/1188"}],"wp:attachment":[{"href":"https:\/\/blogsaverroes.juntadeandalucia.es\/ceipvirgendebelen\/wp-json\/wp\/v2\/media?parent=1249"}],"curies":[{"name":"wp","href":"https:\/\/api.w.org\/{rel}","templated":true}]}}