{"id":2419,"date":"2021-10-19T14:29:03","date_gmt":"2021-10-19T13:29:03","guid":{"rendered":"https:\/\/blogsaverroes.juntadeandalucia.es\/ceipvirgendebelen\/?page_id=2419"},"modified":"2022-02-09T00:15:08","modified_gmt":"2022-02-08T23:15:08","slug":"planes-y-proyectos2","status":"publish","type":"page","link":"https:\/\/blogsaverroes.juntadeandalucia.es\/ceipvirgendebelen\/centro-2\/planes-y-proyectos2\/","title":{"rendered":"Planes y Proyectos"},"content":{"rendered":"<p>[et_pb_section fb_built=&#8221;1&#8243; fullwidth=&#8221;on&#8221; admin_label=&#8221;Page Header&#8221; _builder_version=&#8221;4.5.0&#8243; background_image=&#8221;https:\/\/blogsaverroes.juntadeandalucia.es\/ceipvirgendebelen\/files\/2020\/12\/farm-02.png&#8221; background_size=&#8221;contain&#8221; module_alignment=&#8221;center&#8221; min_height=&#8221;134px&#8221; custom_margin=&#8221;||104px|||&#8221; custom_padding=&#8221;||42px|||&#8221; global_colors_info=&#8221;{}&#8221;][et_pb_fullwidth_header _builder_version=&#8221;4.5.0&#8243; _module_preset=&#8221;default&#8221; background_enable_color=&#8221;off&#8221; background_enable_image=&#8221;off&#8221; min_height=&#8221;88px&#8221; custom_margin=&#8221;||1px|||&#8221; custom_padding=&#8221;||202px|||&#8221; global_colors_info=&#8221;{}&#8221;][\/et_pb_fullwidth_header][\/et_pb_section][et_pb_section fb_built=&#8221;1&#8243; admin_label=&#8221;Services&#8221; _builder_version=&#8221;4.5.0&#8243; width=&#8221;100%&#8221; max_width=&#8221;100%&#8221; min_height=&#8221;1993px&#8221; custom_margin=&#8221;2px|||||&#8221; custom_padding=&#8221;478px||1px|||&#8221; locked=&#8221;off&#8221; global_colors_info=&#8221;{}&#8221;][et_pb_row _builder_version=&#8221;4.5.0&#8243; background_size=&#8221;initial&#8221; background_position=&#8221;top_left&#8221; background_repeat=&#8221;repeat&#8221; vertical_offset=&#8221;-740px&#8221; horizontal_offset=&#8221;-64px&#8221; vertical_offset_tablet=&#8221;&#8221; vertical_offset_phone=&#8221;-753px&#8221; vertical_offset_last_edited=&#8221;on|desktop&#8221; horizontal_offset_tablet=&#8221;&#8221; horizontal_offset_phone=&#8221;-15px&#8221; horizontal_offset_last_edited=&#8221;on|desktop&#8221; width=&#8221;84.7%&#8221; min_height=&#8221;127px&#8221; custom_margin=&#8221;155px|19px||auto||&#8221; custom_padding=&#8221;28px|0px||||&#8221; custom_width_px=&#8221;710px&#8221; global_colors_info=&#8221;{}&#8221;][et_pb_column type=&#8221;4_4&#8243; _builder_version=&#8221;3.25&#8243; background_position=&#8221;top_left&#8221; custom_padding=&#8221;|||&#8221; global_colors_info=&#8221;{}&#8221; custom_padding__hover=&#8221;|||&#8221;][et_pb_text admin_label=&#8221;Services Section Title&#8221; _builder_version=&#8221;4.5.0&#8243; header_font=&#8221;Montserrat||||&#8221; header_text_color=&#8221;#1f1f1f&#8221; header_font_size=&#8221;36px&#8221; background_color=&#8221;#1de061&#8243; use_background_color_gradient=&#8221;on&#8221; background_color_gradient_start=&#8221;#3ae876&#8243; background_color_gradient_end=&#8221;#2273ad&#8221; background_enable_image=&#8221;off&#8221; text_orientation=&#8221;center&#8221; max_width=&#8221;710px&#8221; module_alignment=&#8221;center&#8221; custom_padding=&#8221;0px||0px|||&#8221; animation_style=&#8221;fold&#8221; animation_direction=&#8221;bottom&#8221; animation_intensity_fold=&#8221;20%&#8221; global_colors_info=&#8221;{}&#8221;]<\/p>\n<p><span style=\"font-size: x-large;color: #ffffff\"><strong><span style=\"font-size: x-large\">PLANES, PROGRAMAS Y PROYECTOS\u00a0<\/span><\/strong><\/span><\/p>\n<p>[\/et_pb_text][et_pb_text admin_label=&#8221;Services Section Subtitle&#8221; _builder_version=&#8221;4.14.5&#8243; text_font_size=&#8221;16px&#8221; text_line_height=&#8221;1.9em&#8221; background_size=&#8221;initial&#8221; background_position=&#8221;top_left&#8221; background_repeat=&#8221;repeat&#8221; text_orientation=&#8221;center&#8221; max_width=&#8221;710px&#8221; module_alignment=&#8221;center&#8221; custom_padding=&#8221;5px|||||&#8221; animation_style=&#8221;fold&#8221; animation_direction=&#8221;bottom&#8221; animation_intensity_fold=&#8221;20%&#8221; global_colors_info=&#8221;{}&#8221;]<\/p>\n<h4><\/h4>\n<p style=\"text-align: left\">Nuestro centro, desde hace varios cursos, trabaja las \u00e1reas transversales a trav\u00e9s de los siguientes proyectos:<\/p>\n<ul style=\"text-align: left\">\n<li><strong>Programa de Innovaci\u00f3n Creciendo en Salud:\u00a0 <\/strong>tiene como objetivo la potenciaci\u00f3n del bienestar y salud entre nuestros alumnos en todos los aspectos de su desarrollo:\u00a0<strong>f\u00edsico\u00a0<\/strong>y\u00a0<strong>mental<\/strong>\u00a0para conseguir que nuestro alumnado tome conciencia de todo lo que le aporta un desarrollo positivo, leer, hacer deporte, alimentarse bien, practicas seguras de internet, convivencia adecuada, utilizaci\u00f3n constructiva del tiempo libre , etc. Inmerso en este proyecto se encuentra el\u00a0<strong>Plan de Consumo de Fruta<\/strong> por el que el centro recibe para la totalidad del alumnado frutas y\u00a0 hortalizas durante tres d\u00edas al mes desde enero a mayo.\u00a0<\/li>\n<\/ul>\n<p>&nbsp;<\/p>\n<ul style=\"text-align: left\">\n<li><strong>Programa de Innovaci\u00f3n Aldea B<\/strong>: sus objetivos son trabajar con toda la comunidad educativa: el respeto al medio ambiente, el reciclado y el ahorro de agua y energ\u00eda, la educaci\u00f3n en valores.<\/li>\n<\/ul>\n<p>&nbsp;<\/p>\n<ul style=\"text-align: left\">\n<li><strong>Proyecto biblioteca :\u00a0<\/strong>damos mucha importancia a la lectura y todo lo relacionado con el mundo de los libros porque creemos como G\u00fcnter Grass que \u201cno hay espect\u00e1culo m\u00e1s hermoso que la mirada de un ni\u00f1o que lee\u201d.\u00a0<\/li>\n<\/ul>\n<p>&nbsp;<\/p>\n<ul style=\"text-align: left\">\n<li><strong>Proyecto de Escuela-Espacio de Paz<\/strong>:\u00a0dentro de la Escuela-Espacio de Paz trabajamos el proyecto:<strong>\u00a0\u201c<\/strong>Juntos solucionamos nuestros conflictos\u201d. Nuestros objetivos son: mejorar el clima de convivencia, respeto y tolerancia mediante debates en asamblea y promover la cultura de paz y no violencia.\u00a0<\/li>\n<\/ul>\n<p>&nbsp;<\/p>\n<ul style=\"text-align: left\">\n<li><strong>Programa de Acompa\u00f1amiento Escolar<\/strong>:\u00a0el plan pretende mejorar las perspectivas escolares del alumnado de 3\u00ba a 6\u00ba de Educaci\u00f3n Primaria que presenta dificultades, mediante el refuerzo de destrezas b\u00e1sicas, la mejora del h\u00e1bito lector y la incorporaci\u00f3n plena al ritmo de trabajo ordinario del aula.<\/li>\n<\/ul>\n<p>&nbsp;<\/p>\n<ul style=\"text-align: left\">\n<li><strong>Proyecto de Compensatoria:<\/strong> Hay que esforzarse por lograr la adquisici\u00f3n de un conjunto de competencias b\u00e1sicas por parte de todos los escolares, pero especialmente de aquellos alumnos que est\u00e1n en situaci\u00f3n de riesgo social: discapacitados, absentismo escolar, etc.<\/li>\n<\/ul>\n<p>&nbsp;<\/p>\n<ul style=\"text-align: left\">\n<li><strong>Plan\u00a0 de Transformaci\u00f3n digital educativa:\u00a0<\/strong>Pretendemos acercar a los alumnos las tecnolog\u00edas de la informaci\u00f3n y la comunicaci\u00f3n. Aprender a utilizar las tic y poder proveerse de la informaci\u00f3n que necesiten gracias a ella. Potenciando la aventura de aprender por aprender. Se centra en tres aspectos en general : la organizaci\u00f3n del centro en general , los procesos de informaci\u00f3n \u2013 comunicaci\u00f3n y\u00a0 los procesos de ense\u00f1anza y\u00a0 aprendizaje.<\/li>\n<\/ul>\n<p>&nbsp;<\/p>\n<ul style=\"text-align: left\">\n<li><strong>Practicum<\/strong>: En colaboraci\u00f3n con la universidad de M\u00e1laga , favorecemos\u00a0 las pr\u00e1cticas del futuro profesorado ayudando en su formaci\u00f3n .<\/li>\n<\/ul>\n<p>&nbsp;<\/p>\n<ul style=\"text-align: left\">\n<li><strong>Proyectos de coeducaci\u00f3n e igualdad en educaci\u00f3n<\/strong>, es el mejor motor de cambio y libertad para avanzar en la construcci\u00f3n del futuro en igualdad que nuestras ni\u00f1as, ni\u00f1os y j\u00f3venes merecen el mejor ant\u00eddoto para prevenir y luchar contra la discriminaci\u00f3n, la violencia de g\u00e9nero. <strong>La escuela que queremos<\/strong> educa en el desarrollo de unas relaciones afectivas basadas en la igualdad y el respeto, sin sumisiones, sin abusos, sin violencias.<\/li>\n<\/ul>\n<p>&nbsp;<\/p>\n<ul style=\"text-align: left\">\n<li><strong>Plan de Autoprotecci\u00f3n y Salud Laboral<\/strong>\u00a0en defensa de la salud de toda la Comunidad Educativa,\u00a0 unido al Protocolo Covid que actualmente se lleva en todos los centros. Fomenta en los <em>centros<\/em>\u00a0y servicios\u00a0<em>educativos<\/em>\u00a0los valores, las actitudes y las pr\u00e1cticas de la cultura de la prevenci\u00f3n de riesgos.<\/li>\n<\/ul>\n<p>&nbsp;<\/p>\n<p>[\/et_pb_text][\/et_pb_column][\/et_pb_row][\/et_pb_section]<\/p>\n","protected":false},"excerpt":{"rendered":"<p>PLANES, PROGRAMAS Y PROYECTOS\u00a0 Nuestro centro, desde hace varios cursos, trabaja las \u00e1reas transversales a trav\u00e9s de los siguientes proyectos: Programa de Innovaci\u00f3n Creciendo en Salud:\u00a0 tiene como objetivo la potenciaci\u00f3n del bienestar y salud entre nuestros alumnos en todos los aspectos de su desarrollo:\u00a0f\u00edsico\u00a0y\u00a0mental\u00a0para conseguir que nuestro alumnado tome conciencia de todo lo que [&hellip;]<\/p>\n","protected":false},"author":11969,"featured_media":0,"parent":1188,"menu_order":5,"comment_status":"closed","ping_status":"closed","template":"","meta":{"_et_pb_use_builder":"on","_et_pb_old_content":"","_et_gb_content_width":"","ngg_post_thumbnail":0,"footnotes":""},"aioseo_notices":[],"_links":{"self":[{"href":"https:\/\/blogsaverroes.juntadeandalucia.es\/ceipvirgendebelen\/wp-json\/wp\/v2\/pages\/2419"}],"collection":[{"href":"https:\/\/blogsaverroes.juntadeandalucia.es\/ceipvirgendebelen\/wp-json\/wp\/v2\/pages"}],"about":[{"href":"https:\/\/blogsaverroes.juntadeandalucia.es\/ceipvirgendebelen\/wp-json\/wp\/v2\/types\/page"}],"author":[{"embeddable":true,"href":"https:\/\/blogsaverroes.juntadeandalucia.es\/ceipvirgendebelen\/wp-json\/wp\/v2\/users\/11969"}],"replies":[{"embeddable":true,"href":"https:\/\/blogsaverroes.juntadeandalucia.es\/ceipvirgendebelen\/wp-json\/wp\/v2\/comments?post=2419"}],"version-history":[{"count":36,"href":"https:\/\/blogsaverroes.juntadeandalucia.es\/ceipvirgendebelen\/wp-json\/wp\/v2\/pages\/2419\/revisions"}],"predecessor-version":[{"id":3445,"href":"https:\/\/blogsaverroes.juntadeandalucia.es\/ceipvirgendebelen\/wp-json\/wp\/v2\/pages\/2419\/revisions\/3445"}],"up":[{"embeddable":true,"href":"https:\/\/blogsaverroes.juntadeandalucia.es\/ceipvirgendebelen\/wp-json\/wp\/v2\/pages\/1188"}],"wp:attachment":[{"href":"https:\/\/blogsaverroes.juntadeandalucia.es\/ceipvirgendebelen\/wp-json\/wp\/v2\/media?parent=2419"}],"curies":[{"name":"wp","href":"https:\/\/api.w.org\/{rel}","templated":true}]}}