{"id":2483,"date":"2021-10-19T16:33:05","date_gmt":"2021-10-19T15:33:05","guid":{"rendered":"https:\/\/blogsaverroes.juntadeandalucia.es\/ceipvirgendebelen\/?page_id=2483"},"modified":"2025-09-14T13:21:48","modified_gmt":"2025-09-14T12:21:48","slug":"recursos-humanos-2-2","status":"publish","type":"page","link":"https:\/\/blogsaverroes.juntadeandalucia.es\/ceipvirgendebelen\/centro-2\/recursos-humanos-2-2\/","title":{"rendered":"Recursos Humanos"},"content":{"rendered":"<p>&nbsp; <img loading=\"lazy\" decoding=\"async\" class=\"wp-image-26 aligncenter\" src=\"https:\/\/blogsaverroes.juntadeandalucia.es\/ceipvirgendebelen\/files\/2020\/01\/cabecera-interior-ies-3-e1634656112697-1024x177.png\" alt=\"\" width=\"733\" height=\"127\"\/><\/p>\n<h2 style=\"text-align: center\"><span style=\"color: #003300\"><strong>PERSONAL DEL CENTRO DURANTE EL CURSO 25\/26<\/strong><\/span><\/h2>\n<table style=\"background: url('http:\/\/www.juntadeandalucia.es\/averroes\/centros-tic\/29004687a\/helvia\/sitio\/administracion\/none');border-collapse: collapse;width: 100.216%;height: 713px\" border=\"1\" cellspacing=\"3\" cellpadding=\"0\">\n<tbody style=\"text-align: left\">\n<tr style=\"background-color: #b0f7bb;text-align: left\">\n<td style=\"width: 43.5133%;height: 69px;text-align: center\"><span style=\"color: #ff0000\"><strong>EQUIPO DIRECTIVO<\/strong><\/span><\/td>\n<td style=\"padding: 0cm 5.4pt;width: 51.8256%;text-align: left;height: 69px\" valign=\"bottom\">\n<ul>\n<li><span class=\"a_GcMg font-feature-liga-off font-feature-clig-off font-feature-calt-off text-decoration-none text-strikethrough-none\"><strong>Direcci\u00f3n<\/strong><\/span><span class=\"a_GcMg font-feature-liga-off font-feature-clig-off font-feature-calt-off text-decoration-none text-strikethrough-none\">&nbsp;Gustavo de la Fuente Espejo<\/span><\/li>\n<li><span class=\"a_GcMg font-feature-liga-off font-feature-clig-off font-feature-calt-off text-decoration-none text-strikethrough-none\"><strong>Jefatura de Estudios<\/strong>:<\/span><span class=\"a_GcMg font-feature-liga-off font-feature-clig-off font-feature-calt-off text-decoration-none text-strikethrough-none\"> M\u00aa Lourdes Rico Ferrer<\/span><\/li>\n<li><strong><span class=\"a_GcMg font-feature-liga-off font-feature-clig-off font-feature-calt-off text-decoration-none text-strikethrough-none\">Secretar\u00eda<\/span><\/strong><span class=\"a_GcMg font-feature-liga-off font-feature-clig-off font-feature-calt-off text-decoration-none text-strikethrough-none\">: Yolanda Araujo Gavil\u00e1n<\/span><\/li>\n<\/ul>\n<\/td>\n<\/tr>\n<tr style=\"background-color: #e7e5fd;text-align: left\">\n<td style=\"padding: 0cm 5.4pt;width: 43.5133%;height: 84px;text-align: center\"><span style=\"color: #ff0000\"><strong>EDUCACI\u00d3N INFANTIL<\/strong><\/span><\/p>\n<p><strong><span style=\"color: #333399\">Tutor\u00edas y especialistas<\/span><\/strong><\/td>\n<td style=\"padding: 0cm 5.4pt;width: 51.8256%;text-align: left;height: 84px\" valign=\"bottom\">\n<p class=\"cvGsUA direction-ltr align-justify para-style-body\"><strong><span class=\"a_GcMg font-feature-liga-off font-feature-clig-off font-feature-calt-off text-decoration-none text-strikethrough-none\">3 a\u00f1os A<\/span><\/strong><span class=\"a_GcMg font-feature-liga-off font-feature-clig-off font-feature-calt-off text-decoration-none text-strikethrough-none\">: Susana . <\/span><span class=\"a_GcMg font-feature-liga-off font-feature-clig-off font-feature-calt-off text-decoration-none text-strikethrough-none\">3 a\u00f1os B: <\/span><span class=\"a_GcMg font-feature-liga-off font-feature-clig-off font-feature-calt-off text-decoration-none text-strikethrough-none\">Conchi<\/span><\/p>\n<p class=\"cvGsUA direction-ltr align-justify para-style-body\"><span class=\"a_GcMg font-feature-liga-off font-feature-clig-off font-feature-calt-off text-decoration-none text-strikethrough-none\"><strong>4 a\u00f1os A<\/strong>:<\/span><span class=\"a_GcMg font-feature-liga-off font-feature-clig-off font-feature-calt-off text-decoration-none text-strikethrough-none\"> Paqui. <\/span><span class=\"a_GcMg font-feature-liga-off font-feature-clig-off font-feature-calt-off text-decoration-none text-strikethrough-none\">4 a\u00f1os B:<\/span><span class=\"a_GcMg font-feature-liga-off font-feature-clig-off font-feature-calt-off text-decoration-none text-strikethrough-none\"> Adolfo<\/span><\/p>\n<p class=\"cvGsUA direction-ltr align-justify para-style-body\"><strong><span class=\"a_GcMg font-feature-liga-off font-feature-clig-off font-feature-calt-off text-decoration-none text-strikethrough-none\">5 a\u00f1os A:<\/span><\/strong><span class=\"a_GcMg font-feature-liga-off font-feature-clig-off font-feature-calt-off text-decoration-none text-strikethrough-none\"> M\u00aa Pilar. <\/span><span class=\"a_GcMg font-feature-liga-off font-feature-clig-off font-feature-calt-off text-decoration-none text-strikethrough-none\">5 a\u00f1os B:<\/span><span class=\"a_GcMg font-feature-liga-off font-feature-clig-off font-feature-calt-off text-decoration-none text-strikethrough-none\"> Maribel<\/span><\/p>\n<p class=\"cvGsUA direction-ltr align-justify para-style-body\"><strong><span class=\"a_GcMg font-feature-liga-off font-feature-clig-off font-feature-calt-off text-decoration-none text-strikethrough-none\">Apoyo al ciclo<\/span><\/strong><span class=\"a_GcMg font-feature-liga-off font-feature-clig-off font-feature-calt-off text-decoration-none text-strikethrough-none\"><strong>:<\/strong> Cristina.<\/span><\/p>\n<p><strong>Religi\u00f3n Cat\u00f3lica<\/strong>: Roc\u00edo. M.Yolanda<\/p>\n<p><strong>UAI<\/strong>:PT: F\u00e1tima\/ A:L.: Sara<\/td>\n<\/tr>\n<tr style=\"background-color: #b0f7bb;text-align: left\">\n<td style=\"padding: 0cm 5.4pt;width: 43.5133%;height: 10px;text-align: center\"><span style=\"color: #ff0000\"><strong>EDUCACI\u00d3N PRIMARIA PRIMER CICLO<\/strong><\/span><\/p>\n<p><strong><span style=\"color: #333399\">Tutor\u00edas y especialistas<\/span><\/strong><\/td>\n<td style=\"padding: 0cm 5.4pt;width: 51.8256%;text-align: left;height: 10px\" valign=\"bottom\">\n<p class=\"cvGsUA direction-ltr align-justify para-style-body\"><strong><span class=\"a_GcMg font-feature-liga-off font-feature-clig-off font-feature-calt-off text-decoration-none text-strikethrough-none\">1\u00baA<\/span><\/strong><span class=\"a_GcMg font-feature-liga-off font-feature-clig-off font-feature-calt-off text-decoration-none text-strikethrough-none\"><strong>:<\/strong> Carolina . <\/span><span class=\"a_GcMg font-feature-liga-off font-feature-clig-off font-feature-calt-off text-decoration-none text-strikethrough-none\"><strong>1\u00ba B<\/strong>:<\/span><span class=\"a_GcMg font-feature-liga-off font-feature-clig-off font-feature-calt-off text-decoration-none text-strikethrough-none\"> M\u00aa Elena<\/span><\/p>\n<p class=\"cvGsUA direction-ltr align-justify para-style-body\"><strong><span class=\"a_GcMg font-feature-liga-off font-feature-clig-off font-feature-calt-off text-decoration-none text-strikethrough-none\">2\u00baA:<\/span><\/strong><span class=\"a_GcMg font-feature-liga-off font-feature-clig-off font-feature-calt-off text-decoration-none text-strikethrough-none\"> Conchi . <\/span><strong><span class=\"a_GcMg font-feature-liga-off font-feature-clig-off font-feature-calt-off text-decoration-none text-strikethrough-none\">2\u00baB<\/span><\/strong><span class=\"a_GcMg font-feature-liga-off font-feature-clig-off font-feature-calt-off text-decoration-none text-strikethrough-none\">: Isabel Lourdes. <\/span><span class=\"a_GcMg font-feature-liga-off font-feature-clig-off font-feature-calt-off text-decoration-none text-strikethrough-none\"><strong>2\u00baC<\/strong>: <\/span><span class=\"a_GcMg font-feature-liga-off font-feature-clig-off font-feature-calt-off text-decoration-none text-strikethrough-none\">Yolanda P.<\/span><\/p>\n<p><strong>M\u00fasica<\/strong>: M\u00aa Carmen<\/p>\n<p><strong>Lengua Extranjera (Ingl\u00e9s)<\/strong>:Elena. I.Lourdes<\/p>\n<p><strong>Religi\u00f3n Cat\u00f3lica:<\/strong> M.Yolanda. Maribel<\/p>\n<p><strong>Educaci\u00f3n F\u00edsica: <\/strong>Antonio. Paqui C.<\/td>\n<\/tr>\n<tr style=\"background-color: #e7e5fd;text-align: left\">\n<td style=\"padding: 0cm 5.4pt;width: 43.5133%;height: 36px;text-align: center\"><span style=\"color: #ff0000\"><strong>&nbsp;EDUCACI\u00d3N PRIMARIA SEGUNDO CICLO<\/strong><\/span><\/p>\n<p><strong>Tutor\u00edas y especialistas<\/strong><\/td>\n<td style=\"padding: 0cm 5.4pt;width: 51.8256%;text-align: left;height: 36px\">\n<p class=\"cvGsUA direction-ltr align-justify para-style-body\"><strong><span class=\"a_GcMg font-feature-liga-off font-feature-clig-off font-feature-calt-off text-decoration-none text-strikethrough-none\">3\u00ba A:<\/span><\/strong><span class=\"a_GcMg font-feature-liga-off font-feature-clig-off font-feature-calt-off text-decoration-none text-strikethrough-none\"> Ana . <\/span><span class=\"a_GcMg font-feature-liga-off font-feature-clig-off font-feature-calt-off text-decoration-none text-strikethrough-none\"><strong>3\u00baB<\/strong>: <\/span><span class=\"a_GcMg font-feature-liga-off font-feature-clig-off font-feature-calt-off text-decoration-none text-strikethrough-none\">Adri\u00e1n.<\/span><strong><span class=\"a_GcMg font-feature-liga-off font-feature-clig-off font-feature-calt-off text-decoration-none text-strikethrough-none\">3\u00baC<\/span><\/strong><span class=\"a_GcMg font-feature-liga-off font-feature-clig-off font-feature-calt-off text-decoration-none text-strikethrough-none\">: Rafael<\/span><\/p>\n<p class=\"cvGsUA direction-ltr align-justify para-style-body\"><span class=\"a_GcMg font-feature-liga-off font-feature-clig-off font-feature-calt-off text-decoration-none text-strikethrough-none\"><strong>4\u00baA<\/strong>:<\/span><span class=\"a_GcMg font-feature-liga-off font-feature-clig-off font-feature-calt-off text-decoration-none text-strikethrough-none\"> Amparo. <\/span><strong><span class=\"a_GcMg font-feature-liga-off font-feature-clig-off font-feature-calt-off text-decoration-none text-strikethrough-none\">4\u00baB:<\/span><\/strong><span class=\"a_GcMg font-feature-liga-off font-feature-clig-off font-feature-calt-off text-decoration-none text-strikethrough-none\">Paqui C. <\/span><strong><span class=\"a_GcMg font-feature-liga-off font-feature-clig-off font-feature-calt-off text-decoration-none text-strikethrough-none\">4\u00baC:<\/span><\/strong><span class=\"a_GcMg font-feature-liga-off font-feature-clig-off font-feature-calt-off text-decoration-none text-strikethrough-none\">Antonio<\/span><\/p>\n<p><strong>M\u00fasica<\/strong>: M\u00aa Carmen. Bruno<\/p>\n<p><strong>Educaci\u00f3n F\u00edsica:<\/strong> Antonio. Paqui.Jos\u00e9 Eugenio<\/p>\n<p><strong>Religi\u00f3n Cat\u00f3lica<\/strong>: Maribel.<\/p>\n<p><strong>Lengua extranjera (<\/strong>Ingl\u00e9s):Elena. Adri\u00e1n<\/td>\n<\/tr>\n<tr style=\"background-color: #b0f7bb;text-align: left\">\n<td style=\"padding: 0cm 5.4pt;width: 43.5133%;height: 23px;text-align: center\"><span style=\"color: #ff0000\"><strong>&nbsp;EDUCACI\u00d3N PRIMARIA TERCER CICLO<\/strong><\/span><\/p>\n<p><strong>Tutor\u00edas y especialistas<\/strong><\/td>\n<td style=\"padding: 0cm 5.4pt;width: 51.8256%;text-align: left;height: 23px\">\n<p class=\"cvGsUA direction-ltr align-justify para-style-body\"><strong><span class=\"a_GcMg font-feature-liga-off font-feature-clig-off font-feature-calt-off text-decoration-none text-strikethrough-none\">5\u00baA:<\/span><\/strong><span class=\"a_GcMg font-feature-liga-off font-feature-clig-off font-feature-calt-off text-decoration-none text-strikethrough-none\"> Jos\u00e9 Eugenio. <\/span><strong><span class=\"a_GcMg font-feature-liga-off font-feature-clig-off font-feature-calt-off text-decoration-none text-strikethrough-none\">5\u00baB<\/span><\/strong><span class=\"a_GcMg font-feature-liga-off font-feature-clig-off font-feature-calt-off text-decoration-none text-strikethrough-none\"><strong>:<\/strong>Mar\u00eda . <\/span><strong><span class=\"a_GcMg font-feature-liga-off font-feature-clig-off font-feature-calt-off text-decoration-none text-strikethrough-none\">5\u00baC:<\/span><\/strong><span class=\"a_GcMg font-feature-liga-off font-feature-clig-off font-feature-calt-off text-decoration-none text-strikethrough-none\"> M\u00aa Carmen<\/span><\/p>\n<p class=\"cvGsUA direction-ltr align-justify para-style-body\"><span class=\"a_GcMg font-feature-liga-off font-feature-clig-off font-feature-calt-off text-decoration-none text-strikethrough-none\"><strong>6\u00baA<\/strong>: <\/span><span class=\"a_GcMg font-feature-liga-off font-feature-clig-off font-feature-calt-off text-decoration-none text-strikethrough-none\">Miguel<strong>. <\/strong><\/span><span class=\"a_GcMg font-feature-liga-off font-feature-clig-off font-feature-calt-off text-decoration-none text-strikethrough-none\"><strong>6\u00baB<\/strong>:<\/span><span class=\"a_GcMg font-feature-liga-off font-feature-clig-off font-feature-calt-off text-decoration-none text-strikethrough-none\"> Bruno<strong>.<\/strong><\/span><span class=\"a_GcMg font-feature-liga-off font-feature-clig-off font-feature-calt-off text-decoration-none text-strikethrough-none\"><strong>6\u00baC<\/strong>:<\/span><span class=\"a_GcMg font-feature-liga-off font-feature-clig-off font-feature-calt-off text-decoration-none text-strikethrough-none\"> Andr\u00e9s<\/span><\/p>\n<p><strong>Lengua Extranjera:Franc\u00e9s<\/strong>: Mar\u00eda.<strong>Ingl\u00e9s:<\/strong> Andr\u00e9s.Adri\u00e1n<\/p>\n<p><strong>Educaci\u00f3n F\u00edsica:<\/strong> Miguel. Jos\u00e9 Eugenio<\/p>\n<p><strong>M\u00fasica<\/strong>: Bruno<\/p>\n<p><strong>Religi\u00f3n Cat\u00f3lica:<\/strong> Maribel.<\/td>\n<\/tr>\n<tr style=\"background-color: #e7e5fd;text-align: left\">\n<td style=\"padding: 0cm 5.4pt;width: 43.5133%;height: 34px;text-align: center\"><span style=\"color: #ff0000\"><strong>AULA ESPEC\u00cdFICA<\/strong><\/span><\/td>\n<td style=\"padding: 0cm 5.4pt;width: 51.8256%;text-align: left;height: 34px\">PT: Beatriz. A.L.: Sara<\/td>\n<\/tr>\n<tr style=\"background-color: #b0f7bb;text-align: left\">\n<td style=\"padding: 0cm 5.4pt;width: 43.5133%;height: 36px;text-align: center\"><span style=\"color: #ff0000\"><strong>PEDAGOG\u00cdA TERAP\u00c9UTICA (PT)<\/strong><\/span><\/td>\n<td style=\"padding: 0cm 5.4pt;width: 51.8256%;text-align: left;height: 36px\">Ed. Infantil: F\u00e1tima<\/p>\n<p>Ed. Primaria: M\u00aa Isabel<\/td>\n<\/tr>\n<tr style=\"background-color: #e7e5fd;text-align: left\">\n<td style=\"padding: 0cm 5.4pt;width: 43.5133%;height: 23px;text-align: center\"><span style=\"color: #ff0000\"><strong>AUDICI\u00d3N Y LENGUAJE (AL)<\/strong><\/span><\/td>\n<td style=\"padding: 0cm 5.4pt;width: 51.8256%;text-align: left;height: 23px\">Ed. Infantil: Sara<\/p>\n<p>Ed. Primaria: Mamen<\/td>\n<\/tr>\n<tr style=\"background-color: #b0f7bb;text-align: left\">\n<td style=\"padding: 0cm 5.4pt;width: 43.5133%;height: 29px;text-align: center\"><span style=\"color: #ff0000\"><strong>CAR<\/strong><\/span><\/td>\n<td style=\"padding: 0cm 5.4pt;width: 51.8256%;text-align: left;height: 29px\">Reyes<\/td>\n<\/tr>\n<tr style=\"height: 23px\">\n<td style=\"width: 43.5133%;height: 23px\">&nbsp; &nbsp; &nbsp; &nbsp; &nbsp; &nbsp; &nbsp; &nbsp; <span style=\"color: #ff0000\">&nbsp;<strong>EDUCACI\u00d3N COMPENSATORIA<\/strong><\/span><\/td>\n<td style=\"width: 51.8256%;height: 23px\">Nati<\/td>\n<\/tr>\n<tr style=\"background-color: #b0f7bb;text-align: left\">\n<td style=\"padding: 0cm 5.4pt;width: 43.5133%;height: 40px;text-align: center\"><span style=\"color: #ff0000\"><strong>ZONA DE TRANSFORMACI\u00d3N SOCIAL (ZTS)<\/strong><\/span><\/td>\n<td style=\"padding: 0cm 5.4pt;width: 51.8256%;text-align: left;height: 40px\">Roc\u00edo<\/td>\n<\/tr>\n<tr style=\"height: 103px\">\n<td style=\"width: 43.5133%;height: 103px;text-align: center\"><span style=\"color: #ff0000\"><strong>ORIENTADORAS<\/strong><\/span><\/td>\n<td style=\"width: 51.8256%;height: 103px\">Mar\u00eda&nbsp;<\/p>\n<p>Beatriz<\/td>\n<\/tr>\n<tr style=\"height: 23px\">\n<td style=\"width: 43.5133%;height: 23px;text-align: center\"><span style=\"color: #ff0000\"><strong>EDUCADORA SOCIAL<\/strong><\/span><\/td>\n<td style=\"width: 51.8256%;height: 23px\" valign=\"bottom\">Beatriz<\/td>\n<\/tr>\n<tr style=\"height: 180px\">\n<td style=\"width: 43.5133%;height: 180px;text-align: center\"><span style=\"color: #ff0000\"><strong>PERSONAL NO DOCENTE DEL CENTRO<\/strong><\/span><\/td>\n<td style=\"width: 51.8256%;height: 180px\"><strong>PTIs<\/strong> :Ed. Infantil: Marisol. Antonio\/ Aula Espec\u00edfica:Andrea<\/p>\n<p><strong>Administrativa<\/strong>: \u00c1ngeles<\/p>\n<p><strong>Conserje: <\/strong>Ed. Infantil: Rosa.Ed. Primaria: Francisco.<\/td>\n<\/tr>\n<\/tbody>\n<\/table>\n<h2><span style=\"font-size: 12pt\">&nbsp;<\/span><\/h2>\n<h2><span style=\"font-size: 12pt\">&nbsp;<\/span><\/h2>\n<h2><span style=\"font-size: 12pt\">&nbsp;<\/span><\/h2>\n<p>&nbsp;<\/p>\n","protected":false},"excerpt":{"rendered":"<p>&nbsp; PERSONAL DEL CENTRO DURANTE EL CURSO 25\/26 EQUIPO DIRECTIVO Direcci\u00f3n&nbsp;Gustavo de la Fuente Espejo Jefatura de Estudios: M\u00aa Lourdes Rico Ferrer Secretar\u00eda: Yolanda Araujo Gavil\u00e1n EDUCACI\u00d3N INFANTIL Tutor\u00edas y especialistas 3 a\u00f1os A: Susana . 3 a\u00f1os B: Conchi 4 a\u00f1os A: Paqui. 4 a\u00f1os B: Adolfo 5 a\u00f1os A: M\u00aa Pilar. 5 a\u00f1os [&hellip;]<\/p>\n","protected":false},"author":11969,"featured_media":0,"parent":1188,"menu_order":3,"comment_status":"closed","ping_status":"closed","template":"","meta":{"_et_pb_use_builder":"off","_et_pb_old_content":"","_et_gb_content_width":"","ngg_post_thumbnail":0,"footnotes":""},"aioseo_notices":[],"_links":{"self":[{"href":"https:\/\/blogsaverroes.juntadeandalucia.es\/ceipvirgendebelen\/wp-json\/wp\/v2\/pages\/2483"}],"collection":[{"href":"https:\/\/blogsaverroes.juntadeandalucia.es\/ceipvirgendebelen\/wp-json\/wp\/v2\/pages"}],"about":[{"href":"https:\/\/blogsaverroes.juntadeandalucia.es\/ceipvirgendebelen\/wp-json\/wp\/v2\/types\/page"}],"author":[{"embeddable":true,"href":"https:\/\/blogsaverroes.juntadeandalucia.es\/ceipvirgendebelen\/wp-json\/wp\/v2\/users\/11969"}],"replies":[{"embeddable":true,"href":"https:\/\/blogsaverroes.juntadeandalucia.es\/ceipvirgendebelen\/wp-json\/wp\/v2\/comments?post=2483"}],"version-history":[{"count":45,"href":"https:\/\/blogsaverroes.juntadeandalucia.es\/ceipvirgendebelen\/wp-json\/wp\/v2\/pages\/2483\/revisions"}],"predecessor-version":[{"id":6069,"href":"https:\/\/blogsaverroes.juntadeandalucia.es\/ceipvirgendebelen\/wp-json\/wp\/v2\/pages\/2483\/revisions\/6069"}],"up":[{"embeddable":true,"href":"https:\/\/blogsaverroes.juntadeandalucia.es\/ceipvirgendebelen\/wp-json\/wp\/v2\/pages\/1188"}],"wp:attachment":[{"href":"https:\/\/blogsaverroes.juntadeandalucia.es\/ceipvirgendebelen\/wp-json\/wp\/v2\/media?parent=2483"}],"curies":[{"name":"wp","href":"https:\/\/api.w.org\/{rel}","templated":true}]}}