{"id":853,"date":"2020-12-18T08:50:47","date_gmt":"2020-12-18T07:50:47","guid":{"rendered":"https:\/\/blogsaverroes.juntadeandalucia.es\/pre\/plantilla-pencil\/?page_id=853"},"modified":"2025-08-01T21:54:03","modified_gmt":"2025-08-01T20:54:03","slug":"datos-centro","status":"publish","type":"page","link":"https:\/\/blogsaverroes.juntadeandalucia.es\/ceipvirgendebelen\/centro-2\/datos-centro\/","title":{"rendered":"Datos del centro"},"content":{"rendered":"<p>[et_pb_section fb_built=&#8221;1&#8243; fullwidth=&#8221;on&#8221; admin_label=&#8221;Page Header&#8221; _builder_version=&#8221;4.16&#8243; background_image=&#8221;https:\/\/blogsaverroes.juntadeandalucia.es\/ceipvirgendebelen\/files\/2021\/10\/7e4fc9dc-737d-49f8-8ef5-becdbd0222ad-e1634069613666.jpg&#8221; custom_padding=&#8221;||42px|||&#8221; global_colors_info=&#8221;{}&#8221;][et_pb_fullwidth_header title=&#8221;DATOS DEL CENTRO&#8221; _builder_version=&#8221;4.16&#8243; _module_preset=&#8221;default&#8221; background_enable_color=&#8221;off&#8221; background_enable_image=&#8221;off&#8221; global_colors_info=&#8221;{}&#8221;][\/et_pb_fullwidth_header][\/et_pb_section][et_pb_section fb_built=&#8221;1&#8243; admin_label=&#8221;Services&#8221; _builder_version=&#8221;4.16&#8243; width=&#8221;100%&#8221; max_width=&#8221;100%&#8221; custom_margin=&#8221;2px|||||&#8221; custom_padding=&#8221;543px||1px|||&#8221; locked=&#8221;off&#8221; global_colors_info=&#8221;{}&#8221;][et_pb_row _builder_version=&#8221;4.16&#8243; background_size=&#8221;initial&#8221; background_position=&#8221;top_left&#8221; background_repeat=&#8221;repeat&#8221; vertical_offset=&#8221;-584px&#8221; horizontal_offset=&#8221;-11px&#8221; vertical_offset_tablet=&#8221;&#8221; vertical_offset_phone=&#8221;-583px&#8221; vertical_offset_last_edited=&#8221;on|phone&#8221; horizontal_offset_tablet=&#8221;&#8221; horizontal_offset_phone=&#8221;-8px&#8221; horizontal_offset_last_edited=&#8221;on|phone&#8221; width=&#8221;84.7%&#8221; min_height=&#8221;127px&#8221; custom_margin=&#8221;155px|auto||auto||&#8221; custom_padding=&#8221;28px|||||&#8221; custom_width_px=&#8221;710px&#8221; global_colors_info=&#8221;{}&#8221;][et_pb_column type=&#8221;4_4&#8243; _builder_version=&#8221;4.16&#8243; background_position=&#8221;top_left&#8221; custom_padding=&#8221;|||&#8221; global_colors_info=&#8221;{}&#8221; custom_padding__hover=&#8221;|||&#8221;][et_pb_text admin_label=&#8221;Services Section Title&#8221; _builder_version=&#8221;4.16&#8243; header_font=&#8221;Montserrat||||&#8221; header_text_color=&#8221;#1f1f1f&#8221; header_font_size=&#8221;36px&#8221; background_color=&#8221;#d8b608&#8243; use_background_color_gradient=&#8221;on&#8221; background_color_gradient_stops=&#8221;#2dbbe2 0%|#29c4a9 100%&#8221; background_color_gradient_start=&#8221;#2dbbe2&#8243; background_enable_image=&#8221;off&#8221; text_orientation=&#8221;center&#8221; max_width=&#8221;710px&#8221; module_alignment=&#8221;center&#8221; custom_padding=&#8221;0px|||||&#8221; animation_style=&#8221;fold&#8221; animation_direction=&#8221;bottom&#8221; animation_intensity_fold=&#8221;20%&#8221; global_colors_info=&#8221;{}&#8221;]<\/p>\n<p><span style=\"font-size: x-large;color: #ffffff\"><strong>NUESTRO CENTRO<\/strong><\/span><\/p>\n<p>[\/et_pb_text][et_pb_text admin_label=&#8221;Services Section Subtitle&#8221; _builder_version=&#8221;4.16&#8243; text_font_size=&#8221;16px&#8221; text_line_height=&#8221;1.9em&#8221; background_size=&#8221;initial&#8221; background_position=&#8221;top_left&#8221; background_repeat=&#8221;repeat&#8221; text_orientation=&#8221;center&#8221; width=&#8221;79%&#8221; max_width=&#8221;559px&#8221; min_height=&#8221;799px&#8221; height=&#8221;804px&#8221; max_height=&#8221;814px&#8221; custom_padding=&#8221;5px|||||&#8221; animation_style=&#8221;fold&#8221; animation_direction=&#8221;bottom&#8221; animation_intensity_fold=&#8221;20%&#8221; global_colors_info=&#8221;{}&#8221;]<\/p>\n<h4><\/h4>\n<table class=\" alignleft\" style=\"height: 2020px;width: 13.2794%;float: left\">\n<caption>\u00a0<\/caption>\n<tbody>\n<tr>\n<td style=\"width: 17.5732%\">\n<h5><span style=\"font-size: small\">C\u00f3digo:<\/span><\/h5>\n<\/td>\n<td style=\"width: 56.4854%\">\n<h4><span style=\"font-size: small\"><strong>29004687<\/strong><\/span><\/h4>\n<\/td>\n<\/tr>\n<tr>\n<td style=\"width: 17.5732%\">\n<h5><span style=\"font-size: small\">Nombre:<\/span><\/h5>\n<\/td>\n<td style=\"width: 56.4854%\">\n<h5><span style=\"font-size: small\"><strong>COLEGIO P\u00daBLICO DE <\/strong><\/span><span style=\"font-size: small\"><strong>EDUCACI\u00d3N <\/strong><\/span><\/h5>\n<h5><span style=\"font-size: small\"><strong>INFANTIL\u00a0<\/strong><\/span><strong style=\"font-size: small\">Y PRIMARIA VIRGEN<\/strong><\/h5>\n<h5><span style=\"font-size: small\"><strong>DE BEL\u00c9N<\/strong><\/span><\/h5>\n<\/td>\n<\/tr>\n<tr>\n<td style=\"width: 17.5732%\">\n<h5><span style=\"font-size: small\">Titularidad:<\/span><\/h5>\n<\/td>\n<td style=\"width: 56.4854%\">\n<h5><span style=\"font-size: small\"><strong>P\u00daBLICO<\/strong><\/span><\/h5>\n<\/td>\n<\/tr>\n<tr>\n<td style=\"width: 17.5732%\">\n<h5><span style=\"font-size: small\">Localidad:<\/span><\/h5>\n<\/td>\n<td style=\"width: 56.4854%\">\n<h5><span style=\"font-size: small\"><strong>M\u00e1laga<\/strong><\/span><\/h5>\n<\/td>\n<\/tr>\n<tr>\n<td style=\"width: 17.5732%\">\n<h5><span style=\"font-size: small\">Dependencia:<\/span><\/h5>\n<\/td>\n<td style=\"width: 56.4854%\">\n<h5><span style=\"font-size: small\"><strong>Consejer\u00eda de Educaci\u00f3n <\/strong><\/span><\/h5>\n<h5><span style=\"font-size: small\"><strong>y Ciencia<\/strong><\/span><\/h5>\n<\/td>\n<\/tr>\n<tr>\n<td style=\"width: 17.5732%\">\n<h5><span style=\"font-size: small\">Domicilio:<\/span><\/h5>\n<\/td>\n<td style=\"width: 56.4854%\">\n<h5><span style=\"font-size: small\"><strong>Avda. Virgen de Bel\u00e9n, <\/strong><\/span><\/h5>\n<h5><span style=\"font-size: small\"><strong>n\u00ba7 y 10<\/strong>\u00a0&#8211; CP [<strong>29004<\/strong>]<\/span><\/h5>\n<\/td>\n<\/tr>\n<tr>\n<td style=\"width: 17.5732%\">\n<h5><span style=\"font-size: small\">Tel\u00e9fono:<\/span><\/h5>\n<\/td>\n<td style=\"width: 56.4854%\">\n<h5><span style=\"font-size: small\"><span style=\"color: #0000ff\"><strong>951298301<\/strong><\/span>\u00a0&#8211; Fax:\u00a0<strong>951298302<\/strong><\/span><\/h5>\n<\/td>\n<\/tr>\n<tr>\n<td style=\"width: 17.5732%\">\n<h5><span style=\"font-size: small\">Correo electr\u00f3nico:<\/span><\/h5>\n<\/td>\n<td style=\"width: 56.4854%\">\n<h5><span style=\"font-size: small\"><strong><a href=\"mailto:29004687.averroes@juntadeandalucia.es\">29004687.edu@juntadeandalucia.es<\/a><\/strong><\/span><\/h5>\n<\/td>\n<\/tr>\n<tr>\n<td style=\"width: 17.5732%\">\n<h5><span style=\"font-size: small\">P\u00e1gina Web:<\/span><\/h5>\n<\/td>\n<td style=\"width: 56.4854%\">\n<h5><span style=\"font-size: small\"><strong><a href=\"http:\/\/www.juntadeandalucia.es\/averroes\/centros-tic\/29004687\/helvia\/sitio\/#\">https:\/\/blogsaverroes.juntadeandalucia.es\/ceipvirgendebelen\/<\/a><\/strong><\/span><\/h5>\n<\/td>\n<\/tr>\n<tr>\n<td style=\"width: 17.5732%\">\n<h5><span style=\"font-size: small\">Inspector:<\/span><\/h5>\n<\/td>\n<td style=\"width: 56.4854%\">\n<h5><strong>D. Francisco Javier Soria Rodr\u00edguez<\/strong><\/h5>\n<\/td>\n<\/tr>\n<tr>\n<td style=\"width: 17.5732%\">\n<h5><span style=\"font-size: small\">\u00a0<\/span><\/h5>\n<\/td>\n<td style=\"width: 56.4854%\">\n<h5><span style=\"font-size: small\">\u00a0<strong style=\"color: #0000ff;font-family: inherit\">CICLOS Y ENSE\u00d1ANZAS<\/strong><\/span><\/h5>\n<h5><span style=\"font-size: small\"><strong style=\"color: #0000ff;font-family: inherit\"> IMPARTIDAS<\/strong><\/span><\/h5>\n<\/td>\n<\/tr>\n<tr>\n<td style=\"width: 17.5732%\">\n<h5><span style=\"font-size: small\">\u00a0<\/span><\/h5>\n<\/td>\n<td style=\"width: 56.4854%\">\n<p><span style=\"font-size: small\"><strong>&#8211; AUDICI\u00d3N Y LENGUAJE\u00a0<\/strong><\/span><strong style=\"font-size: small\">APOYO A <\/strong><\/p>\n<p><strong style=\"font-size: small\">LA INTEGRACI\u00d3N<\/strong><\/p>\n<p><span style=\"font-size: small\"><strong>&#8211; EDUCACI\u00d3N ESPECIAL<\/strong><\/span><\/p>\n<p><span style=\"font-size: small\"><strong>&#8211; EDUCACI\u00d3N PRIMARIA Y\u00a0<\/strong><\/span><strong style=\"font-size: 16px\"><span style=\"font-size: small\">AULA <\/span><\/strong><\/p>\n<p><strong style=\"font-size: 16px\"><span style=\"font-size: small\">EDUCACI\u00d3N\u00a0<\/span><span style=\"font-size: small\">ESPECIAL<\/span><\/strong><\/p>\n<p><span style=\"font-size: small\"><strong>&#8211; SEGUNDO CICLO DE\u00a0<\/strong><\/span><strong style=\"font-size: small\">EDUCACI\u00d3N INFANTIL<\/strong><\/p>\n<\/td>\n<\/tr>\n<tr>\n<td style=\"width: 17.5732%\">\n<h5><span style=\"font-size: xx-small\">\u00a0<\/span><\/h5>\n<\/td>\n<td style=\"width: 56.4854%\">\n<h5><span style=\"font-size: small\">\u00a0<span style=\"color: #0000ff\"><strong>SERVICIOS OFERTADOS<\/strong><\/span><\/span><\/h5>\n<\/td>\n<\/tr>\n<tr>\n<td style=\"width: 17.5732%\">\n<h5><span style=\"font-size: xx-small\">\u00a0<\/span><\/h5>\n<\/td>\n<td style=\"width: 56.4854%\">\n<p><span style=\"font-size: small\"><strong>&#8211; PLAN DE APERTURA:<\/strong><\/span><\/p>\n<p><span style=\"font-size: small\"><strong>&#8211; ACTIVIDADES EXTRAESCOLARES.<\/strong><\/span><\/p>\n<p><span style=\"font-size: small\"><strong>&#8211; AULA MATINAL <\/strong><\/span><\/p>\n<p><span style=\"font-size: small\"><strong>&#8211; COMEDOR\u00a0<\/strong><\/span><\/p>\n<h5>\u00a0<\/h5>\n<\/td>\n<\/tr>\n<\/tbody>\n<\/table>\n<p>[\/et_pb_text][\/et_pb_column][\/et_pb_row][\/et_pb_section]<\/p>\n","protected":false},"excerpt":{"rendered":"<p>NUESTRO CENTRO \u00a0 C\u00f3digo: 29004687 Nombre: COLEGIO P\u00daBLICO DE EDUCACI\u00d3N INFANTIL\u00a0Y PRIMARIA VIRGEN DE BEL\u00c9N Titularidad: P\u00daBLICO Localidad: M\u00e1laga Dependencia: Consejer\u00eda de Educaci\u00f3n y Ciencia Domicilio: Avda. Virgen de Bel\u00e9n, n\u00ba7 y 10\u00a0&#8211; CP [29004] Tel\u00e9fono: 951298301\u00a0&#8211; Fax:\u00a0951298302 Correo electr\u00f3nico: 29004687.edu@juntadeandalucia.es P\u00e1gina Web: https:\/\/blogsaverroes.juntadeandalucia.es\/ceipvirgendebelen\/ Inspector: D. Francisco Javier Soria Rodr\u00edguez \u00a0 \u00a0CICLOS Y ENSE\u00d1ANZAS IMPARTIDAS [&hellip;]<\/p>\n","protected":false},"author":13425,"featured_media":0,"parent":1188,"menu_order":2,"comment_status":"closed","ping_status":"closed","template":"","meta":{"_et_pb_use_builder":"on","_et_pb_old_content":"","_et_gb_content_width":"","ngg_post_thumbnail":0,"footnotes":""},"aioseo_notices":[],"_links":{"self":[{"href":"https:\/\/blogsaverroes.juntadeandalucia.es\/ceipvirgendebelen\/wp-json\/wp\/v2\/pages\/853"}],"collection":[{"href":"https:\/\/blogsaverroes.juntadeandalucia.es\/ceipvirgendebelen\/wp-json\/wp\/v2\/pages"}],"about":[{"href":"https:\/\/blogsaverroes.juntadeandalucia.es\/ceipvirgendebelen\/wp-json\/wp\/v2\/types\/page"}],"author":[{"embeddable":true,"href":"https:\/\/blogsaverroes.juntadeandalucia.es\/ceipvirgendebelen\/wp-json\/wp\/v2\/users\/13425"}],"replies":[{"embeddable":true,"href":"https:\/\/blogsaverroes.juntadeandalucia.es\/ceipvirgendebelen\/wp-json\/wp\/v2\/comments?post=853"}],"version-history":[{"count":57,"href":"https:\/\/blogsaverroes.juntadeandalucia.es\/ceipvirgendebelen\/wp-json\/wp\/v2\/pages\/853\/revisions"}],"predecessor-version":[{"id":5980,"href":"https:\/\/blogsaverroes.juntadeandalucia.es\/ceipvirgendebelen\/wp-json\/wp\/v2\/pages\/853\/revisions\/5980"}],"up":[{"embeddable":true,"href":"https:\/\/blogsaverroes.juntadeandalucia.es\/ceipvirgendebelen\/wp-json\/wp\/v2\/pages\/1188"}],"wp:attachment":[{"href":"https:\/\/blogsaverroes.juntadeandalucia.es\/ceipvirgendebelen\/wp-json\/wp\/v2\/media?parent=853"}],"curies":[{"name":"wp","href":"https:\/\/api.w.org\/{rel}","templated":true}]}}