{"id":982,"date":"2021-09-15T22:08:47","date_gmt":"2021-09-15T21:08:47","guid":{"rendered":"https:\/\/blogsaverroes.juntadeandalucia.es\/ceipvirgendebelen\/?page_id=982"},"modified":"2022-08-31T16:02:06","modified_gmt":"2022-08-31T15:02:06","slug":"profesorado","status":"publish","type":"page","link":"https:\/\/blogsaverroes.juntadeandalucia.es\/ceipvirgendebelen\/profesorado\/","title":{"rendered":"Profesorado"},"content":{"rendered":"<ul>\n<li>Entrando en este Site, el profesorado dispondr\u00e1 de materiales, horarios, tutoriales, evaluaciones,&nbsp; documentos de convivencia, etc.<\/li>\n<li><a href=\"https:\/\/sites.google.com\/g.educaand.es\/profesoradovirgendebelen\/inicio\">Para acceder deber\u00e1 clicar en la imagen o en este enlace y entrar&nbsp; con&nbsp; usuario \/ contrase\u00f1a <strong>&nbsp;de g.educaand.es<\/strong><\/a><\/li>\n<\/ul>\n<p>&nbsp;<\/p>\n<p><strong><a href=\"https:\/\/sites.google.com\/g.educaand.es\/profesoradovirgendebelen\/inicio\"><img loading=\"lazy\" decoding=\"async\" class=\" wp-image-4298 aligncenter\" src=\"https:\/\/blogsaverroes.juntadeandalucia.es\/ceipvirgendebelen\/files\/2022\/08\/Captura-de-pantalla-2022-08-31-a-las-16.45.09-300x162.png\" alt=\"\" width=\"402\" height=\"217\"\/><\/a><\/strong><\/p>\n","protected":false},"excerpt":{"rendered":"<p>Contiene informaci\u00f3n para el desarrollo de las tutor\u00edas, evaluaciones, videotutoriales  y cualquier  documento,  contenido ,v\u00eddeo que nos ayuden en nuestra tarea docente. Abierto a incluir cualquier sugerencia y  aportaci\u00f3n del<br \/>\nprofesorado, para ello contactar con la coordinadora. <\/p>\n","protected":false},"author":11969,"featured_media":0,"parent":0,"menu_order":0,"comment_status":"closed","ping_status":"closed","template":"","meta":{"_et_pb_use_builder":"off","_et_pb_old_content":"","_et_gb_content_width":"","ngg_post_thumbnail":0,"footnotes":""},"aioseo_notices":[],"_links":{"self":[{"href":"https:\/\/blogsaverroes.juntadeandalucia.es\/ceipvirgendebelen\/wp-json\/wp\/v2\/pages\/982"}],"collection":[{"href":"https:\/\/blogsaverroes.juntadeandalucia.es\/ceipvirgendebelen\/wp-json\/wp\/v2\/pages"}],"about":[{"href":"https:\/\/blogsaverroes.juntadeandalucia.es\/ceipvirgendebelen\/wp-json\/wp\/v2\/types\/page"}],"author":[{"embeddable":true,"href":"https:\/\/blogsaverroes.juntadeandalucia.es\/ceipvirgendebelen\/wp-json\/wp\/v2\/users\/11969"}],"replies":[{"embeddable":true,"href":"https:\/\/blogsaverroes.juntadeandalucia.es\/ceipvirgendebelen\/wp-json\/wp\/v2\/comments?post=982"}],"version-history":[{"count":22,"href":"https:\/\/blogsaverroes.juntadeandalucia.es\/ceipvirgendebelen\/wp-json\/wp\/v2\/pages\/982\/revisions"}],"predecessor-version":[{"id":4308,"href":"https:\/\/blogsaverroes.juntadeandalucia.es\/ceipvirgendebelen\/wp-json\/wp\/v2\/pages\/982\/revisions\/4308"}],"wp:attachment":[{"href":"https:\/\/blogsaverroes.juntadeandalucia.es\/ceipvirgendebelen\/wp-json\/wp\/v2\/media?parent=982"}],"curies":[{"name":"wp","href":"https:\/\/api.w.org\/{rel}","templated":true}]}}