{"id":2392,"date":"2024-12-05T07:51:26","date_gmt":"2024-12-05T07:51:26","guid":{"rendered":"https:\/\/blogsaverroes.juntadeandalucia.es\/ceipvirgendefatima\/?page_id=2392"},"modified":"2024-12-18T09:01:44","modified_gmt":"2024-12-18T09:01:44","slug":"efemerides","status":"publish","type":"page","link":"https:\/\/blogsaverroes.juntadeandalucia.es\/ceipvirgendefatima\/efemerides\/","title":{"rendered":"EFEM\u00c9RIDES"},"content":{"rendered":"<div id=\"attachment_2311\" class=\"wp-caption alignnone\">\n<p id=\"caption-attachment-2311\" class=\"wp-caption-text\">Como cada 25 de noviembre, el CEIP VIRGEN DE F\u00c1TIMA sale a la calle en el D\u00eda Internacional de la Eliminaci\u00f3n de la Violencia contra la Mujer. Una vez m\u00e1s, el colegio ser\u00e1 escenario de manifestaciones que exigen el fin de la violencia machista y la desigualdad.<\/p>\n<\/div>\n<div id=\"attachment_2316\" class=\"wp-caption aligncenter\">\n<p><a href=\"https:\/\/blogsaverroes.juntadeandalucia.es\/ceipvirgendefatima\/files\/2024\/11\/JURAMENTO-CONTRA-LA-VIOLENCIA.jpg\"><img loading=\"lazy\" decoding=\"async\" class=\"size-medium wp-image-2316\" src=\"https:\/\/blogsaverroes.juntadeandalucia.es\/ceipvirgendefatima\/files\/2024\/11\/JURAMENTO-CONTRA-LA-VIOLENCIA-300x169.jpg\" alt=\"\" width=\"300\" height=\"169\" aria-describedby=\"caption-attachment-2316\" srcset=\"https:\/\/blogsaverroes.juntadeandalucia.es\/ceipvirgendefatima\/files\/2024\/11\/JURAMENTO-CONTRA-LA-VIOLENCIA-300x169.jpg 300w, https:\/\/blogsaverroes.juntadeandalucia.es\/ceipvirgendefatima\/files\/2024\/11\/JURAMENTO-CONTRA-LA-VIOLENCIA-1024x577.jpg 1024w, https:\/\/blogsaverroes.juntadeandalucia.es\/ceipvirgendefatima\/files\/2024\/11\/JURAMENTO-CONTRA-LA-VIOLENCIA-768x432.jpg 768w, https:\/\/blogsaverroes.juntadeandalucia.es\/ceipvirgendefatima\/files\/2024\/11\/JURAMENTO-CONTRA-LA-VIOLENCIA-1536x865.jpg 1536w, https:\/\/blogsaverroes.juntadeandalucia.es\/ceipvirgendefatima\/files\/2024\/11\/JURAMENTO-CONTRA-LA-VIOLENCIA-2048x1153.jpg 2048w, https:\/\/blogsaverroes.juntadeandalucia.es\/ceipvirgendefatima\/files\/2024\/11\/JURAMENTO-CONTRA-LA-VIOLENCIA.jpg 1600w\" sizes=\"(max-width: 300px) 100vw, 300px\" \/><\/a><\/p>\n<p id=\"caption-attachment-2316\" class=\"wp-caption-text\">Una violencia que, pese al trabajo institucional y colectivo, est\u00e1 lejos de desaparecer.<\/p>\n<div class=\"entry-content cf\">\n<div id=\"attachment_2311\" class=\"wp-caption alignnone\"><a href=\"https:\/\/blogsaverroes.juntadeandalucia.es\/ceipvirgendefatima\/files\/2024\/11\/DIA-CONTRA-LA-VIOLENCIA-DE-GENERO.jpg\"><img loading=\"lazy\" decoding=\"async\" class=\"size-medium wp-image-2311\" src=\"https:\/\/blogsaverroes.juntadeandalucia.es\/ceipvirgendefatima\/files\/2024\/11\/DIA-CONTRA-LA-VIOLENCIA-DE-GENERO-300x169.jpg\" alt=\"\" width=\"300\" height=\"169\" aria-describedby=\"caption-attachment-2311\" srcset=\"https:\/\/blogsaverroes.juntadeandalucia.es\/ceipvirgendefatima\/files\/2024\/11\/DIA-CONTRA-LA-VIOLENCIA-DE-GENERO-300x169.jpg 300w, https:\/\/blogsaverroes.juntadeandalucia.es\/ceipvirgendefatima\/files\/2024\/11\/DIA-CONTRA-LA-VIOLENCIA-DE-GENERO-1024x577.jpg 1024w, https:\/\/blogsaverroes.juntadeandalucia.es\/ceipvirgendefatima\/files\/2024\/11\/DIA-CONTRA-LA-VIOLENCIA-DE-GENERO-768x432.jpg 768w, https:\/\/blogsaverroes.juntadeandalucia.es\/ceipvirgendefatima\/files\/2024\/11\/DIA-CONTRA-LA-VIOLENCIA-DE-GENERO-1536x865.jpg 1536w, https:\/\/blogsaverroes.juntadeandalucia.es\/ceipvirgendefatima\/files\/2024\/11\/DIA-CONTRA-LA-VIOLENCIA-DE-GENERO-2048x1153.jpg 2048w, https:\/\/blogsaverroes.juntadeandalucia.es\/ceipvirgendefatima\/files\/2024\/11\/DIA-CONTRA-LA-VIOLENCIA-DE-GENERO.jpg 1600w\" sizes=\"(max-width: 300px) 100vw, 300px\" \/><\/a><\/div>\n<\/div>\n<\/div>\n","protected":false},"excerpt":{"rendered":"<p>Como cada 25 de noviembre, el CEIP VIRGEN DE F\u00c1TIMA sale a la calle en el D\u00eda Internacional de la Eliminaci\u00f3n de la Violencia contra la Mujer. Una vez m\u00e1s, el colegio ser\u00e1 escenario&#46;&#46;&#46;<\/p>\n","protected":false},"author":11430,"featured_media":0,"parent":0,"menu_order":0,"comment_status":"closed","ping_status":"closed","template":"","meta":{"ngg_post_thumbnail":0,"footnotes":"","_mc_calendar":[]},"aioseo_notices":[],"_links":{"self":[{"href":"https:\/\/blogsaverroes.juntadeandalucia.es\/ceipvirgendefatima\/wp-json\/wp\/v2\/pages\/2392"}],"collection":[{"href":"https:\/\/blogsaverroes.juntadeandalucia.es\/ceipvirgendefatima\/wp-json\/wp\/v2\/pages"}],"about":[{"href":"https:\/\/blogsaverroes.juntadeandalucia.es\/ceipvirgendefatima\/wp-json\/wp\/v2\/types\/page"}],"author":[{"embeddable":true,"href":"https:\/\/blogsaverroes.juntadeandalucia.es\/ceipvirgendefatima\/wp-json\/wp\/v2\/users\/11430"}],"replies":[{"embeddable":true,"href":"https:\/\/blogsaverroes.juntadeandalucia.es\/ceipvirgendefatima\/wp-json\/wp\/v2\/comments?post=2392"}],"version-history":[{"count":4,"href":"https:\/\/blogsaverroes.juntadeandalucia.es\/ceipvirgendefatima\/wp-json\/wp\/v2\/pages\/2392\/revisions"}],"predecessor-version":[{"id":2413,"href":"https:\/\/blogsaverroes.juntadeandalucia.es\/ceipvirgendefatima\/wp-json\/wp\/v2\/pages\/2392\/revisions\/2413"}],"wp:attachment":[{"href":"https:\/\/blogsaverroes.juntadeandalucia.es\/ceipvirgendefatima\/wp-json\/wp\/v2\/media?parent=2392"}],"curies":[{"name":"wp","href":"https:\/\/api.w.org\/{rel}","templated":true}]}}