{"id":200,"date":"2015-03-17T10:04:24","date_gmt":"2015-03-17T10:04:24","guid":{"rendered":"http:\/\/blogsaverroes.juntadeandalucia.es\/pre\/ceip\/?page_id=200"},"modified":"2020-09-06T17:16:32","modified_gmt":"2020-09-06T17:16:32","slug":"quienes-formamos-el-ampa","status":"publish","type":"page","link":"https:\/\/blogsaverroes.juntadeandalucia.es\/ceipvirgendeguadalupe\/?page_id=200","title":{"rendered":"\u00bfQuienes formamos el AMPA?"},"content":{"rendered":"<p>La Asociaci\u00f3n de Madres y Padres del Ceip Virgen de Guadalupe, est\u00e1 constituida por algunas familias, y gestionada por una &nbsp;<strong>Junta Directiva formada por :<\/strong><\/p>\n<ul>\n<li><strong>Presidenta<\/strong>: Macarena Paiva S\u00e1nchez.<\/li>\n<li><strong>Vicepresidenta y secretaria<\/strong>&nbsp;: Sara Garc\u00eda.<\/li>\n<li><strong>Tesorera<\/strong> : Roc\u00edo Fern\u00e1ndez&nbsp;<\/li>\n<\/ul>\n<p>Puedes ponerte en contacto con nosotros\/as&nbsp; en nuestra p\u00e1gina de <a href=\"https:\/\/www.facebook.com\/AMPA-Padres-unidos-567315633403512\">Facebook .<\/a><\/p>\n<p>&nbsp;<\/p>\n","protected":false},"excerpt":{"rendered":"<p>La Asociaci\u00f3n de Madres y Padres del Ceip Virgen de Guadalupe, est\u00e1 constituida por algunas familias, y gestionada por una &nbsp;Junta Directiva formada por : Presidenta: Macarena Paiva S\u00e1nchez. Vicepresidenta y secretaria&nbsp;: Sara Garc\u00eda. Tesorera : Roc\u00edo Fern\u00e1ndez&nbsp; Puedes ponerte&#46;&#46;&#46;<\/p>\n","protected":false},"author":1,"featured_media":0,"parent":0,"menu_order":0,"comment_status":"closed","ping_status":"open","template":"page-cs.php","meta":{"ngg_post_thumbnail":0,"footnotes":"","_mc_calendar":[]},"aioseo_notices":[],"post_mailing_queue_ids":[],"_links":{"self":[{"href":"https:\/\/blogsaverroes.juntadeandalucia.es\/ceipvirgendeguadalupe\/index.php?rest_route=\/wp\/v2\/pages\/200"}],"collection":[{"href":"https:\/\/blogsaverroes.juntadeandalucia.es\/ceipvirgendeguadalupe\/index.php?rest_route=\/wp\/v2\/pages"}],"about":[{"href":"https:\/\/blogsaverroes.juntadeandalucia.es\/ceipvirgendeguadalupe\/index.php?rest_route=\/wp\/v2\/types\/page"}],"author":[{"embeddable":true,"href":"https:\/\/blogsaverroes.juntadeandalucia.es\/ceipvirgendeguadalupe\/index.php?rest_route=\/wp\/v2\/users\/1"}],"replies":[{"embeddable":true,"href":"https:\/\/blogsaverroes.juntadeandalucia.es\/ceipvirgendeguadalupe\/index.php?rest_route=%2Fwp%2Fv2%2Fcomments&post=200"}],"version-history":[{"count":5,"href":"https:\/\/blogsaverroes.juntadeandalucia.es\/ceipvirgendeguadalupe\/index.php?rest_route=\/wp\/v2\/pages\/200\/revisions"}],"predecessor-version":[{"id":2367,"href":"https:\/\/blogsaverroes.juntadeandalucia.es\/ceipvirgendeguadalupe\/index.php?rest_route=\/wp\/v2\/pages\/200\/revisions\/2367"}],"wp:attachment":[{"href":"https:\/\/blogsaverroes.juntadeandalucia.es\/ceipvirgendeguadalupe\/index.php?rest_route=%2Fwp%2Fv2%2Fmedia&parent=200"}],"curies":[{"name":"wp","href":"https:\/\/api.w.org\/{rel}","templated":true}]}}