{"id":426,"date":"2015-03-20T07:05:49","date_gmt":"2015-03-20T07:05:49","guid":{"rendered":"http:\/\/blogsaverroes.juntadeandalucia.es\/pre\/ceip\/?page_id=426"},"modified":"2020-09-23T18:51:18","modified_gmt":"2020-09-23T18:51:18","slug":"materiales-recursos","status":"publish","type":"page","link":"https:\/\/blogsaverroes.juntadeandalucia.es\/ceipvirgendeguadalupe\/?page_id=426","title":{"rendered":"E.I. Materiales, recursos&#8230;"},"content":{"rendered":"<p><strong>El bosque de las actividades<\/strong><\/p>\n<p>El portal de Educaci\u00f3n de la Junta de Castilla y Le\u00f3n incluye en su web un interesante apartado para los m\u00e1s peque\u00f1os de la casa. Se trata de <strong>recursos educativos online para la etapa de infantil<\/strong>, de 3 a 6 a\u00f1os.<\/p>\n<p>En un curioso bosque de actividades los ni\u00f1os pueden aprender sobre temas diversos de una manera divertida. El cuerpo humano, los n\u00fameros, la m\u00fasica, las letras, los colores (ah\u00ed estamos con mi hija que empieza el cole este a\u00f1o)&#8230;<\/p>\n<p>Hay actividades fabulosas que os recomiendo, como&nbsp;<strong>la creaci\u00f3n de cuentos interactivos online<\/strong>, donde se&nbsp;<a href=\"http:\/\/www.educa.jcyl.es\/educacyl\/cm\/gallery\/Recursos%20Infinity\/escritorio_infantil_\/elcuento.html\">pueden escoger personajes<\/a>&nbsp;y c\u00f3mo evoluciona la historia seg\u00fan prefieran los peque\u00f1os. Adem\u00e1s, hay audio que ayuda a seguir el cuento, y las ilustraciones son sencillas pero de bastante calidad.<\/p>\n<p>Tambi\u00e9n hay un apartado de juegos educativos y los personajes que nos van guiando por las distintas actividades son muy simp\u00e1ticos. Es una web de f\u00e1cil navegaci\u00f3n y el audio facilita la comprensi\u00f3n y la adquisici\u00f3n de habilidades.<\/p>\n<p style=\"text-align: center\"><a href=\"https:\/\/www.educa.jcyl.es\/educacyl\/cm\/gallery\/Recursos%20Infinity\/escritorio_infantil_\/castellano\/escritorio.html\"><img fetchpriority=\"high\" decoding=\"async\" class=\"alignnone wp-image-2492 size-full\" src=\"https:\/\/blogsaverroes.juntadeandalucia.es\/ceipvirgendeguadalupe\/files\/2020\/09\/descarga-1.jpg\" alt=\"\" width=\"261\" height=\"193\" srcset=\"https:\/\/blogsaverroes.juntadeandalucia.es\/ceipvirgendeguadalupe\/files\/2020\/09\/descarga-1.jpg 261w, https:\/\/blogsaverroes.juntadeandalucia.es\/ceipvirgendeguadalupe\/files\/2020\/09\/descarga-1-24x18.jpg 24w, https:\/\/blogsaverroes.juntadeandalucia.es\/ceipvirgendeguadalupe\/files\/2020\/09\/descarga-1-36x27.jpg 36w, https:\/\/blogsaverroes.juntadeandalucia.es\/ceipvirgendeguadalupe\/files\/2020\/09\/descarga-1-48x35.jpg 48w\" sizes=\"(max-width: 261px) 100vw, 261px\" \/><\/a><\/p>\n<p>&nbsp;<\/p>\n<p>&nbsp;<\/p>\n<h3 class=\"post-title entry-title\"><strong>PequeTIC. Planeta animado<\/strong><\/h3>\n<p><strong>La aplicaci\u00f3n PequeTIC nos sirve como punto de partida para poder iniciar a los alumnos m\u00e1s peque\u00f1os del colegio a utilizar el rinc\u00f3n del ordenador. <a href=\"http:\/\/ntic.educacion.es\/w3\/eos\/MaterialesEducativos\/mem2009\/pequetic\/\" target=\"_blank\" rel=\"noopener noreferrer\">PequeTIC<\/a> se compone de 5 grandes bloques de contenido, desarrollados cada uno de ellos en 6 actividades diferentes. \u00a1 A jugar !<\/strong><\/p>\n<p>&nbsp;<\/p>\n<p style=\"text-align: center\"><a href=\"http:\/\/ntic.educacion.es\/w3\/eos\/MaterialesEducativos\/mem2009\/pequetic\/\"><img decoding=\"async\" class=\"alignnone size-medium wp-image-2493\" src=\"https:\/\/blogsaverroes.juntadeandalucia.es\/ceipvirgendeguadalupe\/files\/2020\/09\/mec-pequetic-300x242.jpg\" alt=\"\" width=\"300\" height=\"242\" srcset=\"https:\/\/blogsaverroes.juntadeandalucia.es\/ceipvirgendeguadalupe\/files\/2020\/09\/mec-pequetic-300x242.jpg 300w, https:\/\/blogsaverroes.juntadeandalucia.es\/ceipvirgendeguadalupe\/files\/2020\/09\/mec-pequetic-24x19.jpg 24w, https:\/\/blogsaverroes.juntadeandalucia.es\/ceipvirgendeguadalupe\/files\/2020\/09\/mec-pequetic-36x29.jpg 36w, https:\/\/blogsaverroes.juntadeandalucia.es\/ceipvirgendeguadalupe\/files\/2020\/09\/mec-pequetic-48x39.jpg 48w, https:\/\/blogsaverroes.juntadeandalucia.es\/ceipvirgendeguadalupe\/files\/2020\/09\/mec-pequetic.jpg 623w\" sizes=\"(max-width: 300px) 100vw, 300px\" \/><\/a><\/p>\n","protected":false},"excerpt":{"rendered":"<p>El bosque de las actividades El portal de Educaci\u00f3n de la Junta de Castilla y Le\u00f3n incluye en su web un interesante apartado para los m\u00e1s peque\u00f1os de la casa. Se trata de recursos educativos online para la etapa de&#46;&#46;&#46;<\/p>\n","protected":false},"author":1,"featured_media":0,"parent":424,"menu_order":0,"comment_status":"closed","ping_status":"open","template":"page-sc.php","meta":{"ngg_post_thumbnail":0,"footnotes":"","_mc_calendar":[]},"aioseo_notices":[],"post_mailing_queue_ids":[],"_links":{"self":[{"href":"https:\/\/blogsaverroes.juntadeandalucia.es\/ceipvirgendeguadalupe\/index.php?rest_route=\/wp\/v2\/pages\/426"}],"collection":[{"href":"https:\/\/blogsaverroes.juntadeandalucia.es\/ceipvirgendeguadalupe\/index.php?rest_route=\/wp\/v2\/pages"}],"about":[{"href":"https:\/\/blogsaverroes.juntadeandalucia.es\/ceipvirgendeguadalupe\/index.php?rest_route=\/wp\/v2\/types\/page"}],"author":[{"embeddable":true,"href":"https:\/\/blogsaverroes.juntadeandalucia.es\/ceipvirgendeguadalupe\/index.php?rest_route=\/wp\/v2\/users\/1"}],"replies":[{"embeddable":true,"href":"https:\/\/blogsaverroes.juntadeandalucia.es\/ceipvirgendeguadalupe\/index.php?rest_route=%2Fwp%2Fv2%2Fcomments&post=426"}],"version-history":[{"count":7,"href":"https:\/\/blogsaverroes.juntadeandalucia.es\/ceipvirgendeguadalupe\/index.php?rest_route=\/wp\/v2\/pages\/426\/revisions"}],"predecessor-version":[{"id":2494,"href":"https:\/\/blogsaverroes.juntadeandalucia.es\/ceipvirgendeguadalupe\/index.php?rest_route=\/wp\/v2\/pages\/426\/revisions\/2494"}],"up":[{"embeddable":true,"href":"https:\/\/blogsaverroes.juntadeandalucia.es\/ceipvirgendeguadalupe\/index.php?rest_route=\/wp\/v2\/pages\/424"}],"wp:attachment":[{"href":"https:\/\/blogsaverroes.juntadeandalucia.es\/ceipvirgendeguadalupe\/index.php?rest_route=%2Fwp%2Fv2%2Fmedia&parent=426"}],"curies":[{"name":"wp","href":"https:\/\/api.w.org\/{rel}","templated":true}]}}