{"id":434,"date":"2015-03-20T07:07:50","date_gmt":"2015-03-20T07:07:50","guid":{"rendered":"http:\/\/blogsaverroes.juntadeandalucia.es\/pre\/ceip\/?page_id=434"},"modified":"2020-09-23T19:10:48","modified_gmt":"2020-09-23T19:10:48","slug":"materiales-recursos","status":"publish","type":"page","link":"https:\/\/blogsaverroes.juntadeandalucia.es\/ceipvirgendeguadalupe\/?page_id=434","title":{"rendered":"E.P. 2\u00ba ciclo. Materiales, recursos&#8230;"},"content":{"rendered":"<p><strong>Sumom&nbsp;<\/strong><\/p>\n<p><a href=\"http:\/\/ludei.com\/sumon\"><strong>Sumon <\/strong><\/a>es un entretenido juego de n\u00fameros en el que hay que sumar las cifras que aparecen en pantalla hasta llegar al n\u00famero indicado. Aunque el asunto parece f\u00e1cil se trata de&nbsp;<em>hacerlo un poco m\u00e1s complicado<\/em> para puntuar alto. Las ideas b\u00e1sicas son dos: cuantos m\u00e1s bloques uses, mejor y cuanto m\u00e1s separados est\u00e9n, mejor que mejor. Estupenda aplicaci\u00f3n para mejorar el calculo mental de forma l\u00fadica<\/p>\n<p style=\"text-align: center\"><a href=\"https:\/\/sumonhtml5.ludei.com\/\"><img decoding=\"async\" class=\"alignnone size-full wp-image-2496\" src=\"https:\/\/blogsaverroes.juntadeandalucia.es\/ceipvirgendeguadalupe\/files\/2020\/09\/descarga-1-1.jpg\" alt=\"\" width=\"250\" height=\"177\" srcset=\"https:\/\/blogsaverroes.juntadeandalucia.es\/ceipvirgendeguadalupe\/files\/2020\/09\/descarga-1-1.jpg 250w, https:\/\/blogsaverroes.juntadeandalucia.es\/ceipvirgendeguadalupe\/files\/2020\/09\/descarga-1-1-24x17.jpg 24w, https:\/\/blogsaverroes.juntadeandalucia.es\/ceipvirgendeguadalupe\/files\/2020\/09\/descarga-1-1-36x25.jpg 36w, https:\/\/blogsaverroes.juntadeandalucia.es\/ceipvirgendeguadalupe\/files\/2020\/09\/descarga-1-1-48x34.jpg 48w\" sizes=\"(max-width: 250px) 100vw, 250px\" \/><\/a><\/p>\n<p>&nbsp;<\/p>\n<p><strong>Tablas de multiplicar&nbsp;<\/strong><\/p>\n<p>En la p\u00e1gina canaria del tanque matem\u00e1tico pod\u00e9is practicar las tablas de forma m\u00e1s divertida .<\/p>\n<p style=\"text-align: center\"><a href=\"http:\/\/www.eltanquematematico.es\/Tablas\/TablasIE.html\"><img fetchpriority=\"high\" decoding=\"async\" class=\"alignnone size-full wp-image-2497\" src=\"https:\/\/blogsaverroes.juntadeandalucia.es\/ceipvirgendeguadalupe\/files\/2020\/09\/descarga-2.jpg\" alt=\"\" width=\"259\" height=\"194\" srcset=\"https:\/\/blogsaverroes.juntadeandalucia.es\/ceipvirgendeguadalupe\/files\/2020\/09\/descarga-2.jpg 259w, https:\/\/blogsaverroes.juntadeandalucia.es\/ceipvirgendeguadalupe\/files\/2020\/09\/descarga-2-24x18.jpg 24w, https:\/\/blogsaverroes.juntadeandalucia.es\/ceipvirgendeguadalupe\/files\/2020\/09\/descarga-2-36x27.jpg 36w, https:\/\/blogsaverroes.juntadeandalucia.es\/ceipvirgendeguadalupe\/files\/2020\/09\/descarga-2-48x36.jpg 48w\" sizes=\"(max-width: 259px) 100vw, 259px\" \/><\/a><\/p>\n<p>&nbsp;<\/p>\n<p><a href=\"http:\/\/www.eltanquematematico.es\/juego_tablas\/tablas_index_p.html\">&nbsp; <img decoding=\"async\" class=\"wp-image-2499  aligncenter\" src=\"https:\/\/blogsaverroes.juntadeandalucia.es\/ceipvirgendeguadalupe\/files\/2020\/09\/tablas-1-300x169.jpg\" alt=\"\" width=\"376\" height=\"212\" srcset=\"https:\/\/blogsaverroes.juntadeandalucia.es\/ceipvirgendeguadalupe\/files\/2020\/09\/tablas-1-300x169.jpg 300w, https:\/\/blogsaverroes.juntadeandalucia.es\/ceipvirgendeguadalupe\/files\/2020\/09\/tablas-1-1024x576.jpg 1024w, https:\/\/blogsaverroes.juntadeandalucia.es\/ceipvirgendeguadalupe\/files\/2020\/09\/tablas-1-768x432.jpg 768w, https:\/\/blogsaverroes.juntadeandalucia.es\/ceipvirgendeguadalupe\/files\/2020\/09\/tablas-1-24x13.jpg 24w, https:\/\/blogsaverroes.juntadeandalucia.es\/ceipvirgendeguadalupe\/files\/2020\/09\/tablas-1-36x20.jpg 36w, https:\/\/blogsaverroes.juntadeandalucia.es\/ceipvirgendeguadalupe\/files\/2020\/09\/tablas-1-48x27.jpg 48w, https:\/\/blogsaverroes.juntadeandalucia.es\/ceipvirgendeguadalupe\/files\/2020\/09\/tablas-1.jpg 1366w\" sizes=\"(max-width: 376px) 100vw, 376px\" \/><\/a><\/p>\n<p>&nbsp;<\/p>\n<p>Popi . El parchis ortografico&nbsp;<\/p>\n<p>Recurso de aprendizaje de la ortograf\u00eda mediante varios juegos, para que los estudiantes de Primaria disfruten y aprendan ortograf\u00eda. Se trata de ver las normas y luego practicarlas: may\u00fasculas, tildes; la b y la v; la h; las letras c, z . q, k;\u2026 y otras reglas ortogr\u00e1ficas, incluso jugar al parch\u00eds ortogr\u00e1fico.<\/p>\n<p style=\"text-align: center\"><a href=\"http:\/\/Recurso de aprendizaje de la ortograf\u00eda mediante varios juegos, para que los estudiantes de Primaria disfruten y aprendan ortograf\u00eda. Se trata de ver las normas y luego practicarlas: may\u00fasculas, tildes; la b y la v; la h; las letras c, z . q, k;\u2026 y otras reglas ortogr\u00e1ficas, incluso jugar al parch\u00eds ortogr\u00e1fico.\"><img loading=\"lazy\" decoding=\"async\" class=\"alignnone size-medium wp-image-2500\" src=\"https:\/\/blogsaverroes.juntadeandalucia.es\/ceipvirgendeguadalupe\/files\/2020\/09\/descarga-3.jpg\" alt=\"\" width=\"258\" height=\"195\" srcset=\"https:\/\/blogsaverroes.juntadeandalucia.es\/ceipvirgendeguadalupe\/files\/2020\/09\/descarga-3.jpg 258w, https:\/\/blogsaverroes.juntadeandalucia.es\/ceipvirgendeguadalupe\/files\/2020\/09\/descarga-3-24x18.jpg 24w, https:\/\/blogsaverroes.juntadeandalucia.es\/ceipvirgendeguadalupe\/files\/2020\/09\/descarga-3-36x27.jpg 36w, https:\/\/blogsaverroes.juntadeandalucia.es\/ceipvirgendeguadalupe\/files\/2020\/09\/descarga-3-48x36.jpg 48w\" sizes=\"(max-width: 258px) 100vw, 258px\" \/><\/a><\/p>\n<p>&nbsp;<\/p>\n<p>&nbsp;<\/p>\n<p>&nbsp;<\/p>\n<h4>El espacio. El Sistema Solar<\/h4>\n<p><a title=\"Sistema Solar\" href=\"http:\/\/agrega.juntadeandalucia.es\/visualizador-1\/Visualizar\/Visualizar.do?identificador=es-an_2015020913_9142518&amp;secuencia=true&amp;idioma=es\" target=\"_blank\" rel=\"noopener noreferrer\"><img loading=\"lazy\" decoding=\"async\" class=\"size-medium wp-image-1597 alignright\" src=\"https:\/\/blogsaverroes.juntadeandalucia.es\/ceipvirgendeguadalupe\/files\/2015\/03\/sistema_solar-300x188.jpg\" alt=\"sistema_solar\" width=\"300\" height=\"188\" srcset=\"https:\/\/blogsaverroes.juntadeandalucia.es\/ceipvirgendeguadalupe\/files\/2015\/03\/sistema_solar-300x188.jpg 300w, https:\/\/blogsaverroes.juntadeandalucia.es\/ceipvirgendeguadalupe\/files\/2015\/03\/sistema_solar.jpg 640w\" sizes=\"(max-width: 300px) 100vw, 300px\" \/><\/a><\/p>\n<p>El Sistema Solar. El universo es un tema muy atractivo para los ni\u00f1os, del que poseen algunos conocimientos previos, adem\u00e1s de sus propias observaciones. El objetivo de esta unidad es permitirles tener una visi\u00f3n global de c\u00f3mo es su planeta y del lugar que ocupa en el espacio, y en \u00faltimo t\u00e9rmino invitarlos a observar el cielo para comprender algunos de los conceptos sobre Astronom\u00eda.<\/p>\n","protected":false},"excerpt":{"rendered":"<p>Sumom&nbsp; Sumon es un entretenido juego de n\u00fameros en el que hay que sumar las cifras que aparecen en pantalla hasta llegar al n\u00famero indicado. Aunque el asunto parece f\u00e1cil se trata de&nbsp;hacerlo un poco m\u00e1s complicado para puntuar alto.&#46;&#46;&#46;<\/p>\n","protected":false},"author":1,"featured_media":0,"parent":432,"menu_order":0,"comment_status":"closed","ping_status":"open","template":"page-sc.php","meta":{"ngg_post_thumbnail":0,"footnotes":"","_mc_calendar":[]},"aioseo_notices":[],"post_mailing_queue_ids":[],"_links":{"self":[{"href":"https:\/\/blogsaverroes.juntadeandalucia.es\/ceipvirgendeguadalupe\/index.php?rest_route=\/wp\/v2\/pages\/434"}],"collection":[{"href":"https:\/\/blogsaverroes.juntadeandalucia.es\/ceipvirgendeguadalupe\/index.php?rest_route=\/wp\/v2\/pages"}],"about":[{"href":"https:\/\/blogsaverroes.juntadeandalucia.es\/ceipvirgendeguadalupe\/index.php?rest_route=\/wp\/v2\/types\/page"}],"author":[{"embeddable":true,"href":"https:\/\/blogsaverroes.juntadeandalucia.es\/ceipvirgendeguadalupe\/index.php?rest_route=\/wp\/v2\/users\/1"}],"replies":[{"embeddable":true,"href":"https:\/\/blogsaverroes.juntadeandalucia.es\/ceipvirgendeguadalupe\/index.php?rest_route=%2Fwp%2Fv2%2Fcomments&post=434"}],"version-history":[{"count":9,"href":"https:\/\/blogsaverroes.juntadeandalucia.es\/ceipvirgendeguadalupe\/index.php?rest_route=\/wp\/v2\/pages\/434\/revisions"}],"predecessor-version":[{"id":2501,"href":"https:\/\/blogsaverroes.juntadeandalucia.es\/ceipvirgendeguadalupe\/index.php?rest_route=\/wp\/v2\/pages\/434\/revisions\/2501"}],"up":[{"embeddable":true,"href":"https:\/\/blogsaverroes.juntadeandalucia.es\/ceipvirgendeguadalupe\/index.php?rest_route=\/wp\/v2\/pages\/432"}],"wp:attachment":[{"href":"https:\/\/blogsaverroes.juntadeandalucia.es\/ceipvirgendeguadalupe\/index.php?rest_route=%2Fwp%2Fv2%2Fmedia&parent=434"}],"curies":[{"name":"wp","href":"https:\/\/api.w.org\/{rel}","templated":true}]}}