{"id":44,"date":"2020-08-04T14:42:15","date_gmt":"2020-08-04T14:42:15","guid":{"rendered":"http:\/\/blogsaverroes.juntadeandalucia.es\/pre\/ceip\/?page_id=44"},"modified":"2024-11-18T09:33:05","modified_gmt":"2024-11-18T09:33:05","slug":"planes-y-proyectos","status":"publish","type":"page","link":"https:\/\/blogsaverroes.juntadeandalucia.es\/ceipvirgendeguadalupe\/?page_id=44","title":{"rendered":"Planes y Programas"},"content":{"rendered":"<p style=\"text-align: center\"><a href=\"https:\/\/blogsaverroes.juntadeandalucia.es\/ceipvirgendeguadalupe\/files\/2020\/08\/planesyprogramas.png\"><img decoding=\"async\" class=\"alignnone wp-image-2297 size-medium\" src=\"https:\/\/blogsaverroes.juntadeandalucia.es\/ceipvirgendeguadalupe\/files\/2020\/08\/planesyprogramas-300x122.png\" alt=\"\" width=\"300\" height=\"122\" srcset=\"https:\/\/blogsaverroes.juntadeandalucia.es\/ceipvirgendeguadalupe\/files\/2020\/08\/planesyprogramas-300x122.png 300w, https:\/\/blogsaverroes.juntadeandalucia.es\/ceipvirgendeguadalupe\/files\/2020\/08\/planesyprogramas-24x10.png 24w, https:\/\/blogsaverroes.juntadeandalucia.es\/ceipvirgendeguadalupe\/files\/2020\/08\/planesyprogramas-36x15.png 36w, https:\/\/blogsaverroes.juntadeandalucia.es\/ceipvirgendeguadalupe\/files\/2020\/08\/planesyprogramas-48x19.png 48w, https:\/\/blogsaverroes.juntadeandalucia.es\/ceipvirgendeguadalupe\/files\/2020\/08\/planesyprogramas.png 370w\" sizes=\"(max-width: 300px) 100vw, 300px\" \/><\/a><\/p>\n<p>Nuestro centro desarrolla los siguientes planes y programas :<\/p>\n<table style=\"background-color: #abe8f7;width: 92.9556%;height: 192px\">\n<tbody>\n<tr style=\"background-color: #111cf0\">\n<td style=\"text-align: center;width: 60.6987%;height: 24px\"><strong>PLANES\/ PROGRAMAS<\/strong><\/td>\n<td style=\"width: 38.1368%;text-align: center;height: 24px\"><strong>COORDINADOR\/A<\/strong><\/td>\n<\/tr>\n<tr style=\"height: 24px\">\n<td style=\"width: 60.6987%;text-align: center;height: 24px\">Plan de igualdad y coeducaci\u00f3n<\/td>\n<td style=\"width: 38.1368%;text-align: center;height: 24px\">M\u00aa Carmen P\u00e9rez<\/td>\n<\/tr>\n<tr style=\"height: 24px\">\n<td style=\"width: 60.6987%;text-align: center;height: 24px\">Programa CIMA (Creciendo en salud)<\/td>\n<td style=\"width: 38.1368%;text-align: center;height: 24px\">Lourdes Fern\u00e1ndez<\/td>\n<\/tr>\n<tr style=\"height: 24px\">\n<td style=\"width: 60.6987%;text-align: center;height: 24px\">Plan escuela espacio de paz<\/td>\n<td style=\"width: 38.1368%;text-align: center;height: 24px\">Rosa C\u00edvico<\/td>\n<\/tr>\n<tr style=\"height: 24px\">\n<td style=\"width: 60.6987%;text-align: center;height: 24px\">Plan de Autoprotecci\u00f3n&nbsp;<\/td>\n<td style=\"width: 38.1368%;text-align: center;height: 24px\">Ester V\u00e1zquez<\/td>\n<\/tr>\n<tr style=\"height: 24px\">\n<td style=\"width: 60.6987%;text-align: center;height: 24px\">Programa M\u00e1s Equidad<\/td>\n<td style=\"width: 38.1368%;text-align: center;height: 24px\">Sandra Pe\u00f1alosa<\/td>\n<\/tr>\n<tr style=\"height: 24px\">\n<td style=\"width: 60.6987%;text-align: center;height: 24px\">Transformaci\u00f3n Digital Educativa&nbsp; &nbsp; &nbsp; &nbsp; &nbsp; &nbsp; &nbsp; &nbsp; &nbsp; &nbsp;<\/td>\n<td style=\"width: 38.1368%;text-align: center;height: 24px\">Candelaria Igui\u00f1o<\/td>\n<\/tr>\n<tr style=\"height: 24px\">\n<td style=\"width: 60.6987%;text-align: center;height: 24px\">Plan de Lectura y biblioteca<\/td>\n<td style=\"width: 38.1368%;text-align: center;height: 24px\">Adara Cuenca<\/td>\n<\/tr>\n<\/tbody>\n<\/table>\n<p>&nbsp;<\/p>\n","protected":false},"excerpt":{"rendered":"<p>Nuestro centro desarrolla los siguientes planes y programas : PLANES\/ PROGRAMAS COORDINADOR\/A Plan de igualdad y coeducaci\u00f3n M\u00aa Carmen P\u00e9rez Programa CIMA (Creciendo en salud) Lourdes Fern\u00e1ndez Plan escuela espacio de paz Rosa C\u00edvico Plan de Autoprotecci\u00f3n&nbsp; Ester V\u00e1zquez Programa&#46;&#46;&#46;<\/p>\n","protected":false},"author":1,"featured_media":0,"parent":0,"menu_order":0,"comment_status":"closed","ping_status":"closed","template":"","meta":{"ngg_post_thumbnail":0,"footnotes":"","_mc_calendar":[]},"aioseo_notices":[],"post_mailing_queue_ids":[],"_links":{"self":[{"href":"https:\/\/blogsaverroes.juntadeandalucia.es\/ceipvirgendeguadalupe\/index.php?rest_route=\/wp\/v2\/pages\/44"}],"collection":[{"href":"https:\/\/blogsaverroes.juntadeandalucia.es\/ceipvirgendeguadalupe\/index.php?rest_route=\/wp\/v2\/pages"}],"about":[{"href":"https:\/\/blogsaverroes.juntadeandalucia.es\/ceipvirgendeguadalupe\/index.php?rest_route=\/wp\/v2\/types\/page"}],"author":[{"embeddable":true,"href":"https:\/\/blogsaverroes.juntadeandalucia.es\/ceipvirgendeguadalupe\/index.php?rest_route=\/wp\/v2\/users\/1"}],"replies":[{"embeddable":true,"href":"https:\/\/blogsaverroes.juntadeandalucia.es\/ceipvirgendeguadalupe\/index.php?rest_route=%2Fwp%2Fv2%2Fcomments&post=44"}],"version-history":[{"count":11,"href":"https:\/\/blogsaverroes.juntadeandalucia.es\/ceipvirgendeguadalupe\/index.php?rest_route=\/wp\/v2\/pages\/44\/revisions"}],"predecessor-version":[{"id":4668,"href":"https:\/\/blogsaverroes.juntadeandalucia.es\/ceipvirgendeguadalupe\/index.php?rest_route=\/wp\/v2\/pages\/44\/revisions\/4668"}],"wp:attachment":[{"href":"https:\/\/blogsaverroes.juntadeandalucia.es\/ceipvirgendeguadalupe\/index.php?rest_route=%2Fwp%2Fv2%2Fmedia&parent=44"}],"curies":[{"name":"wp","href":"https:\/\/api.w.org\/{rel}","templated":true}]}}