{"id":49,"date":"2015-03-13T08:47:05","date_gmt":"2015-03-13T08:47:05","guid":{"rendered":"http:\/\/blogsaverroes.juntadeandalucia.es\/pre\/ceip\/?page_id=49"},"modified":"2025-10-06T09:56:18","modified_gmt":"2025-10-06T09:56:18","slug":"proyecto-educativo","status":"publish","type":"page","link":"https:\/\/blogsaverroes.juntadeandalucia.es\/ceipvirgendeguadalupe\/?page_id=49","title":{"rendered":"Proyecto Educativo"},"content":{"rendered":"<p style=\"text-align: center\"><a href=\"https:\/\/blogsaverroes.juntadeandalucia.es\/ceipvirgendeguadalupe\/files\/2020\/08\/proyecto-educativo.png\"><img decoding=\"async\" class=\"alignnone size-medium wp-image-2295\" src=\"https:\/\/blogsaverroes.juntadeandalucia.es\/ceipvirgendeguadalupe\/files\/2020\/08\/proyecto-educativo-300x148.png\" alt=\"\" width=\"300\" height=\"148\" srcset=\"https:\/\/blogsaverroes.juntadeandalucia.es\/ceipvirgendeguadalupe\/files\/2020\/08\/proyecto-educativo-300x148.png 300w, https:\/\/blogsaverroes.juntadeandalucia.es\/ceipvirgendeguadalupe\/files\/2020\/08\/proyecto-educativo-768x380.png 768w, https:\/\/blogsaverroes.juntadeandalucia.es\/ceipvirgendeguadalupe\/files\/2020\/08\/proyecto-educativo-24x12.png 24w, https:\/\/blogsaverroes.juntadeandalucia.es\/ceipvirgendeguadalupe\/files\/2020\/08\/proyecto-educativo-36x18.png 36w, https:\/\/blogsaverroes.juntadeandalucia.es\/ceipvirgendeguadalupe\/files\/2020\/08\/proyecto-educativo-48x24.png 48w, https:\/\/blogsaverroes.juntadeandalucia.es\/ceipvirgendeguadalupe\/files\/2020\/08\/proyecto-educativo.png 940w\" sizes=\"(max-width: 300px) 100vw, 300px\" \/><\/a><\/p>\n<p><span style=\"font-weight: 400\">El presente proyecto educativo incluye los aspectos que se relacionan en el art. 21 del <\/span><b>Decreto 328\/2010<\/b>, as\u00ed como cuantos por su relevancia son necesarios:<\/p>\n<p>&nbsp;<\/p>\n<ol>\n<li style=\"list-style-type: none\">\n<ol>\n<li style=\"font-weight: 400\"><a href=\"https:\/\/drive.google.com\/file\/d\/13IgGVsIk9wxj_lMT6D1k44Fu6wRqMyFd\/view?usp=sharing\"><span style=\"font-weight: 400\">Objetivos propios para la mejora del rendimiento escolar.&nbsp;<\/span><\/a><\/li>\n<li style=\"font-weight: 400\"><a href=\"https:\/\/drive.google.com\/file\/d\/1jOcbw7BB69jZlJp2mOpvJfd1t7VmFjzx\/view?usp=sharing\"><span style=\"font-weight: 400\">L\u00edneas generales de actuaci\u00f3n pedag\u00f3gica.<\/span><\/a><\/li>\n<li style=\"font-weight: 400\"><a href=\"https:\/\/drive.google.com\/file\/d\/1jKhyHW8A1yIRLXE4tKTp2XSImA_in0hx\/view?usp=sharing\"><span style=\"font-weight: 400\">Coordinaci\u00f3n y concreci\u00f3n de los contenidos curriculares.<\/span><\/a><\/li>\n<li style=\"font-weight: 400\"><a href=\"https:\/\/drive.google.com\/file\/d\/1jDTGQ7qYTcLyOEvDCk-erOrV1SjsOJu2\/view?usp=sharing\"><span style=\"font-weight: 400\">Criterios pedag\u00f3gicos para la determinaci\u00f3n del horario de dedicaci\u00f3n de las personas responsables de los \u00f3rganos de coordinaci\u00f3n docente.<\/span><\/a><\/li>\n<li style=\"font-weight: 400\"><a href=\"https:\/\/drive.google.com\/file\/d\/1ZZVi69grCtERpvNhWivgG1u54PpNpVwn\/view?usp=sharing\"><span style=\"font-weight: 400\">Procedimientos y criterios de evaluaci\u00f3n y promoci\u00f3n del alumnado.<\/span><\/a><\/li>\n<li style=\"font-weight: 400\"><a href=\"https:\/\/drive.google.com\/file\/d\/172nJT8oBPYso-zbQfwLWda0mhYZKTj4m\/view?usp=drive_link\"><span style=\"font-weight: 400\">Atenci\u00f3n a la diversidad del alumnado&nbsp; <\/span><\/a><\/li>\n<li style=\"font-weight: 400\"><span style=\"font-weight: 400\"><a href=\"https:\/\/drive.google.com\/file\/d\/1jPhMZoyftXBx5bF-OpZ5ezgql4sQO2bK\/view?usp=sharing\">Plan de orientaci\u00f3n y acci\u00f3n tutorial.<\/a>&nbsp;<\/span><\/li>\n<li style=\"font-weight: 400\"><a href=\"https:\/\/drive.google.com\/file\/d\/1jC1qLB8ZUcoOhAk2MWok38DtRnS9olLJ\/view?usp=sharing\"><span style=\"font-weight: 400\">Compromisos educativos y de convivencia con las familias.&nbsp;<\/span><\/a><\/li>\n<li style=\"font-weight: 400\"><span style=\"font-weight: 400\"><a href=\"https:\/\/drive.google.com\/file\/d\/1jSIVeBWXMktiQUTa_pPjSZpGHxLLInzS\/view?usp=sharing\">Plan de convivencia.<\/a>&nbsp;<\/span><\/li>\n<li style=\"font-weight: 400\"><span style=\"font-weight: 400\"><a href=\"https:\/\/drive.google.com\/file\/d\/1kMR7pGLpUSZTKlqNYDXR90K4qxCh4eOE\/view?usp=sharing\">Plan de formaci\u00f3n del profesorado.<\/a>&nbsp;<\/span><\/li>\n<li style=\"font-weight: 400\"><a href=\"https:\/\/drive.google.com\/file\/d\/1kMR7pGLpUSZTKlqNYDXR90K4qxCh4eOE\/view?usp=sharing\"><span style=\"font-weight: 400\">Criterios para organi<\/span><span style=\"font-weight: 400\">z<\/span><span style=\"font-weight: 400\">ar y distribuir el tiempo escolar.<\/span><\/a><\/li>\n<li style=\"font-weight: 400\"><a href=\"https:\/\/drive.google.com\/file\/d\/13RwmWyexI-zah40rsvtt2JfUwcoDDDei\/view?usp=sharing\"><span style=\"font-weight: 400\">Procedimientos de evaluaci\u00f3n in<\/span><span style=\"font-weight: 400\">te<\/span><span style=\"font-weight: 400\">rna.&nbsp;<\/span><\/a><\/li>\n<li style=\"font-weight: 400\"><a href=\"https:\/\/drive.google.com\/file\/d\/1kCvkuDNuxiZWRjtTaP0qi1tl9hFuSFwk\/view?usp=sharing\"><span style=\"font-weight: 400\">Criterios para establecer los agrupamientos del alumnado y la asignaci\u00f3n de las tutor\u00edas.&nbsp;<\/span><\/a><\/li>\n<li style=\"font-weight: 400\"><a href=\"https:\/\/drive.google.com\/file\/d\/1kA1aNR6CyOe8KSLzdxe-Eitf_ZKw-Zp2\/view?usp=sharing\"><span style=\"font-weight: 400\">Criterios generales para elaborar las programaciones did\u00e1cticas de cada una de las \u00e1reas de la educaci\u00f3n primaria y de la educaci\u00f3n especial y las propuestas pedag\u00f3gicas de la educaci\u00f3n infantil.&nbsp;<\/span><\/a><\/li>\n<li style=\"font-weight: 400\"><a href=\"https:\/\/drive.google.com\/file\/d\/1kA1aNR6CyOe8KSLzdxe-Eitf_ZKw-Zp2\/view?usp=sharing\">Planes estrat\u00e9gicos.<\/a><\/li>\n<\/ol>\n<\/li>\n<\/ol>\n<ol>\n<li style=\"list-style-type: none\">\n<ol>\n<li style=\"list-style-type: none\">\n<ol>\n<li><a href=\"https:\/\/drive.google.com\/file\/d\/1kstMXFs7tcCwif_27xTMl5gOnWwRTpC4\/view?usp=sharing\">Plan de Apertura.<\/a><\/li>\n<li><a href=\"https:\/\/drive.google.com\/file\/d\/1klZ_e-e2t-CI5tOxVe_Dk_q4AQHyYGQy\/view?usp=sharing\">Plan de Acogida.<\/a><\/li>\n<li><a href=\"https:\/\/drive.google.com\/file\/d\/1kfyndPIFClYmbWCUp0JY9RCB7Qi4kxlW\/view?usp=sharing\">Programa de tr\u00e1nsito Ed. Infantil &#8211; Ed. Primaria.<\/a><\/li>\n<li><a href=\"https:\/\/drive.google.com\/file\/d\/1hAguE8NOpttl7hPPL3u5_-z_16VxLeeH\/view?usp=sharing\">Plan de Biblioteca.<\/a><\/li>\n<li><a href=\"https:\/\/drive.google.com\/file\/d\/1kZ-vwQ6_BV1C8mO6zVIbbyliQNfu3cV_\/view?usp=sharing\">Plan de salud y PRL.<\/a><\/li>\n<li><a href=\"https:\/\/drive.google.com\/file\/d\/1l-9-G8wJfwDQSG40j0vB9N6o3wd3Ah0O\/view?usp=sharing\">Plan de transformaci\u00f3n digital.<\/a><\/li>\n<li><a href=\"https:\/\/drive.google.com\/file\/d\/13S1jONa9fCh3wfjH3MRbje8RLLnqjGTf\/view?usp=sharing\">Programa de actuaciones del Plan de Transformaci\u00f3n Digital.<\/a><\/li>\n<li><a href=\"https:\/\/drive.google.com\/file\/d\/1l4Gg9UXCe-55ZGbXbBtN1JHPc_gKT54K\/view?usp=sharing\">Plan de Igualdad de g\u00e9nero en educaci\u00f3n.<\/a><\/li>\n<li><a href=\"https:\/\/drive.google.com\/file\/d\/1lIiPuOyHJukMI2JnVEtK7QC84d4znNXk\/view?usp=sharing\">Programa Escuela Espacio de Paz.<\/a><\/li>\n<li><a href=\"https:\/\/drive.google.com\/file\/d\/1lHyot60FfRhYUsvDfEHSK39bNSuHdhFq\/view?usp=sharing\">Programa de acompa\u00f1amiento escolar &#8211; PROA.<\/a><\/li>\n<li><a href=\"https:\/\/drive.google.com\/file\/d\/1lG3rbp4gwOFVMWPX1i3xZrJ37ml2gWQf\/view?usp=sharing\">Programa PROA+ Transf\u00f3rmate.<\/a><\/li>\n<li><a href=\"https:\/\/drive.google.com\/file\/d\/1lEtET4JTKY3dsWu7bDU3Qo2hZt-EryUw\/view?usp=sharing\">Programa CIMA.<\/a><\/li>\n<li><a href=\"https:\/\/drive.google.com\/file\/d\/1lC8GjF6yU1Kk43VtNx7Ou5XRxnDDHrEO\/view?usp=sharing\">Programa M\u00e1s Equidad.<\/a><\/li>\n<li><a href=\"https:\/\/drive.google.com\/file\/d\/13aP0enwFsLSoe1wGhF9MtN6azeRQIWKD\/view?usp=sharing\">Protocolo de actuaci\u00f3n espec\u00edfico COVID 2022-2023.<\/a><\/li>\n<li><a href=\"https:\/\/drive.google.com\/file\/d\/13ilrodLNnoQ7912ztLtd5zEbyXUMbZCc\/view?usp=sharing\">Horario de actividad lectiva en modalidad no presencial.<\/a><\/li>\n<\/ol>\n<\/li>\n<\/ol>\n<\/li>\n<li style=\"list-style-type: none\">&nbsp;<\/li>\n<li style=\"list-style-type: none\">16. <a href=\"https:\/\/drive.google.com\/file\/d\/1k7x3PDmxF9bfzDzXhAhNm-3zjqessftr\/view?usp=sharing\">\u00c1rea de Atenci\u00f3n Educativa.<\/a><\/li>\n<li style=\"list-style-type: none\">17. <a href=\"https:\/\/drive.google.com\/file\/d\/1kzOha80kIG0xfi20W4JxJrFFHw8gFI53\/view?usp=sharing\">\u00c1rea Ling\u00fc\u00edstica de car\u00e1cter transversal.<\/a><\/li>\n<li style=\"list-style-type: none\">18. <a href=\"https:\/\/drive.google.com\/file\/d\/1ky4yfezusESlobBBdF0cLX3cto-MYkvM\/view?usp=drive_link\">Plan de tratamiento de la lectura<\/a>.<\/li>\n<li style=\"list-style-type: none\">19. <a href=\"https:\/\/drive.google.com\/file\/d\/1666yKJve3FmJawfKOuAcnPN33Gh5SG9Z\/view?usp=drive_link\">Fomento del razonamiento matem\u00e1tico.<\/a><\/li>\n<li style=\"list-style-type: none\">20. <a href=\"https:\/\/drive.google.com\/file\/d\/1GDKebPXmiRVPtH9GTddxLdsCg7AXln6U\/view?usp=drive_link\">Criterios metodol\u00f3gicos c\u00e1lculos aritm\u00e9ticos.<\/a><\/li>\n<li style=\"list-style-type: none\">22. <a href=\"https:\/\/drive.google.com\/file\/d\/1yKtiOvgoKeprwuViakclap1Dk-Fo-jN9\/view?usp=drive_link\">Descansos activos.<\/a><\/li>\n<\/ol>\n<p>&nbsp;<\/p>\n<p>&nbsp;<\/p>\n","protected":false},"excerpt":{"rendered":"<p>El presente proyecto educativo incluye los aspectos que se relacionan en el art. 21 del Decreto 328\/2010, as\u00ed como cuantos por su relevancia son necesarios: &nbsp; Objetivos propios para la mejora del rendimiento escolar.&nbsp; L\u00edneas generales de actuaci\u00f3n pedag\u00f3gica. Coordinaci\u00f3n&#46;&#46;&#46;<\/p>\n","protected":false},"author":1,"featured_media":0,"parent":0,"menu_order":0,"comment_status":"closed","ping_status":"open","template":"","meta":{"ngg_post_thumbnail":0,"footnotes":"","_mc_calendar":[]},"aioseo_notices":[],"post_mailing_queue_ids":[],"_links":{"self":[{"href":"https:\/\/blogsaverroes.juntadeandalucia.es\/ceipvirgendeguadalupe\/index.php?rest_route=\/wp\/v2\/pages\/49"}],"collection":[{"href":"https:\/\/blogsaverroes.juntadeandalucia.es\/ceipvirgendeguadalupe\/index.php?rest_route=\/wp\/v2\/pages"}],"about":[{"href":"https:\/\/blogsaverroes.juntadeandalucia.es\/ceipvirgendeguadalupe\/index.php?rest_route=\/wp\/v2\/types\/page"}],"author":[{"embeddable":true,"href":"https:\/\/blogsaverroes.juntadeandalucia.es\/ceipvirgendeguadalupe\/index.php?rest_route=\/wp\/v2\/users\/1"}],"replies":[{"embeddable":true,"href":"https:\/\/blogsaverroes.juntadeandalucia.es\/ceipvirgendeguadalupe\/index.php?rest_route=%2Fwp%2Fv2%2Fcomments&post=49"}],"version-history":[{"count":33,"href":"https:\/\/blogsaverroes.juntadeandalucia.es\/ceipvirgendeguadalupe\/index.php?rest_route=\/wp\/v2\/pages\/49\/revisions"}],"predecessor-version":[{"id":4839,"href":"https:\/\/blogsaverroes.juntadeandalucia.es\/ceipvirgendeguadalupe\/index.php?rest_route=\/wp\/v2\/pages\/49\/revisions\/4839"}],"wp:attachment":[{"href":"https:\/\/blogsaverroes.juntadeandalucia.es\/ceipvirgendeguadalupe\/index.php?rest_route=%2Fwp%2Fv2%2Fmedia&parent=49"}],"curies":[{"name":"wp","href":"https:\/\/api.w.org\/{rel}","templated":true}]}}