{"id":77,"date":"2015-03-16T06:54:56","date_gmt":"2015-03-16T06:54:56","guid":{"rendered":"http:\/\/blogsaverroes.juntadeandalucia.es\/pre\/ceip\/?page_id=77"},"modified":"2024-11-15T11:14:28","modified_gmt":"2024-11-15T11:14:28","slug":"secretaria","status":"publish","type":"page","link":"https:\/\/blogsaverroes.juntadeandalucia.es\/ceipvirgendeguadalupe\/?page_id=77","title":{"rendered":"Secretar\u00eda"},"content":{"rendered":"<p>Secretaria : Lourdes Fern\u00e1ndez Garc\u00eda<\/p>\n<p>Administrativa: Carmen Romero Moreno&nbsp;<\/p>\n<p>El horario de secretar\u00eda es:<\/p>\n<p>Lunes: 13:00 &#8211; 13:30 h<\/p>\n<p>Martes: 9:15 &#8211; 11:00 y 12:30 &#8211; 13:30 h<\/p>\n<p>Mi\u00e9rcoles: 12:30 a 13:30 h<\/p>\n<p>Jueves: 9:15 &#8211; 11:00 y 12:30 &#8211; 13:30 h<\/p>\n<p>Viernes: 10:00 &#8211; 11:00 h<\/p>\n<p>&nbsp;<\/p>\n<p><strong>Documentos descargables :<\/strong><\/p>\n<table style=\"width: 766px\">\n<tbody>\n<tr>\n<td style=\"width: 605.5px\">Solicitud de admisi\u00f3n en el proceso de escolarizaci\u00f3n<\/td>\n<td style=\"width: 117.5px\"><a href=\"https:\/\/drive.google.com\/file\/d\/154TzgMGvKIoHaYOJ_1d6e0ShVh4XxAlV\/view?usp=sharing\">ANEXO III<\/a><\/td>\n<\/tr>\n<tr>\n<td style=\"width: 605.5px\">Impreso de matr\u00edcula Educaci\u00f3n Primaria<\/td>\n<td style=\"width: 117.5px\"><a href=\"https:\/\/drive.google.com\/file\/d\/1DV52WeR5QgYV9QfHRbHaRtOvigaCkYGb\/view?usp=sharing\">ANEXO V<\/a><\/td>\n<\/tr>\n<tr>\n<td style=\"width: 605.5px\">Impreso de matr\u00edcula Educaci\u00f3n Infantil<\/td>\n<td style=\"width: 117.5px\"><a href=\"https:\/\/drive.google.com\/file\/d\/1WUPrxo6w5B4zox-Cg4k3UpERp6qdJq9i\/view?usp=sharing\">ANEXO IV<\/a><\/td>\n<\/tr>\n<tr>\n<td style=\"width: 605.5px\">Solicitud de admisi\u00f3n en el procedimiento de escolarizaci\u00f3n extraordinaria<\/td>\n<td style=\"width: 117.5px\"><a href=\"https:\/\/drive.google.com\/file\/d\/1F6K2KfLJEBlrG7whIt7lN96RTfcqa6Ez\/view?usp=sharing\">ANEXO IX<\/a><\/td>\n<\/tr>\n<tr>\n<td style=\"width: 605.5px\">Solicitud de inscripci\u00f3n en los servicios de comedor escolar, aula matinal y actividades extraescolares. Solicitud de Bonificaci\u00f3n. Declaraci\u00f3n responsable de ingresos<\/td>\n<td style=\"width: 117.5px\"><a href=\"https:\/\/drive.google.com\/file\/d\/1KlrlFdvmJdpAVK05v3N0Md1wszbDZOUv\/view?usp=sharing\">ANEXO II<\/a><\/td>\n<\/tr>\n<tr>\n<td style=\"width: 605.5px\">Elecci\u00f3n de ense\u00f1anza de Religi\u00f3n<\/td>\n<td style=\"width: 117.5px\"><a href=\"https:\/\/drive.google.com\/file\/d\/1ECJ_hhenak6emfbaV8qfUcClPpZ7_rRL\/view?usp=sharing\">RELIGI\u00d3N<\/a><\/td>\n<\/tr>\n<\/tbody>\n<\/table>\n<p>&nbsp;<\/p>\n","protected":false},"excerpt":{"rendered":"<p>Secretaria : Lourdes Fern\u00e1ndez Garc\u00eda Administrativa: Carmen Romero Moreno&nbsp; El horario de secretar\u00eda es: Lunes: 13:00 &#8211; 13:30 h Martes: 9:15 &#8211; 11:00 y 12:30 &#8211; 13:30 h Mi\u00e9rcoles: 12:30 a 13:30 h Jueves: 9:15 &#8211; 11:00 y 12:30 &#8211;&#46;&#46;&#46;<\/p>\n","protected":false},"author":1,"featured_media":0,"parent":0,"menu_order":0,"comment_status":"closed","ping_status":"open","template":"","meta":{"ngg_post_thumbnail":0,"footnotes":"","_mc_calendar":[]},"aioseo_notices":[],"post_mailing_queue_ids":[],"_links":{"self":[{"href":"https:\/\/blogsaverroes.juntadeandalucia.es\/ceipvirgendeguadalupe\/index.php?rest_route=\/wp\/v2\/pages\/77"}],"collection":[{"href":"https:\/\/blogsaverroes.juntadeandalucia.es\/ceipvirgendeguadalupe\/index.php?rest_route=\/wp\/v2\/pages"}],"about":[{"href":"https:\/\/blogsaverroes.juntadeandalucia.es\/ceipvirgendeguadalupe\/index.php?rest_route=\/wp\/v2\/types\/page"}],"author":[{"embeddable":true,"href":"https:\/\/blogsaverroes.juntadeandalucia.es\/ceipvirgendeguadalupe\/index.php?rest_route=\/wp\/v2\/users\/1"}],"replies":[{"embeddable":true,"href":"https:\/\/blogsaverroes.juntadeandalucia.es\/ceipvirgendeguadalupe\/index.php?rest_route=%2Fwp%2Fv2%2Fcomments&post=77"}],"version-history":[{"count":7,"href":"https:\/\/blogsaverroes.juntadeandalucia.es\/ceipvirgendeguadalupe\/index.php?rest_route=\/wp\/v2\/pages\/77\/revisions"}],"predecessor-version":[{"id":4648,"href":"https:\/\/blogsaverroes.juntadeandalucia.es\/ceipvirgendeguadalupe\/index.php?rest_route=\/wp\/v2\/pages\/77\/revisions\/4648"}],"wp:attachment":[{"href":"https:\/\/blogsaverroes.juntadeandalucia.es\/ceipvirgendeguadalupe\/index.php?rest_route=%2Fwp%2Fv2%2Fmedia&parent=77"}],"curies":[{"name":"wp","href":"https:\/\/api.w.org\/{rel}","templated":true}]}}