{"id":82,"date":"2015-03-16T06:59:55","date_gmt":"2015-03-16T06:59:55","guid":{"rendered":"http:\/\/blogsaverroes.juntadeandalucia.es\/pre\/ceip\/?page_id=82"},"modified":"2020-08-28T09:40:07","modified_gmt":"2020-08-28T09:40:07","slug":"horarios","status":"publish","type":"page","link":"https:\/\/blogsaverroes.juntadeandalucia.es\/ceipvirgendeguadalupe\/?page_id=82","title":{"rendered":"Horarios"},"content":{"rendered":"<p style=\"text-align: center\"><a href=\"https:\/\/blogsaverroes.juntadeandalucia.es\/ceipvirgendeguadalupe\/files\/2020\/08\/images.jpg\"><img fetchpriority=\"high\" decoding=\"async\" class=\"alignnone wp-image-2302 size-medium\" src=\"https:\/\/blogsaverroes.juntadeandalucia.es\/ceipvirgendeguadalupe\/files\/2020\/08\/images-300x168.jpg\" alt=\"\" width=\"300\" height=\"168\" srcset=\"https:\/\/blogsaverroes.juntadeandalucia.es\/ceipvirgendeguadalupe\/files\/2020\/08\/images.jpg 300w, https:\/\/blogsaverroes.juntadeandalucia.es\/ceipvirgendeguadalupe\/files\/2020\/08\/images-24x13.jpg 24w, https:\/\/blogsaverroes.juntadeandalucia.es\/ceipvirgendeguadalupe\/files\/2020\/08\/images-36x20.jpg 36w, https:\/\/blogsaverroes.juntadeandalucia.es\/ceipvirgendeguadalupe\/files\/2020\/08\/images-48x27.jpg 48w\" sizes=\"(max-width: 300px) 100vw, 300px\" \/><\/a><\/p>\n<ul>\n<li><strong>Lectivo<\/strong>: 9.00-14.00<\/li>\n<li><strong>Secretar\u00eda<\/strong>:Martes y Jueves de 9.10 a 13.00 h\n<p>Lunes, Mi\u00e9rcoles y Viernes de 12.00 a 14.00 h<\/li>\n<li><strong>Direcci\u00f3n<\/strong>:&nbsp;<\/li>\n<li><strong>Jefatura de Estudios<\/strong>:&nbsp;<\/li>\n<li><strong>Aula Matinal<\/strong>: 7.30-9.00h<\/li>\n<li><strong>Comedor<\/strong>: 14.00-16.00h<\/li>\n<li><strong>Acompa\u00f1amiento escolar <\/strong>:&nbsp; Martes y Jueves de 16.00-18.00h<\/li>\n<\/ul>\n","protected":false},"excerpt":{"rendered":"<p>Lectivo: 9.00-14.00 Secretar\u00eda:Martes y Jueves de 9.10 a 13.00 h Lunes, Mi\u00e9rcoles y Viernes de 12.00 a 14.00 h Direcci\u00f3n:&nbsp; Jefatura de Estudios:&nbsp; Aula Matinal: 7.30-9.00h Comedor: 14.00-16.00h Acompa\u00f1amiento escolar :&nbsp; Martes y Jueves de 16.00-18.00h<\/p>\n","protected":false},"author":1,"featured_media":0,"parent":0,"menu_order":0,"comment_status":"closed","ping_status":"open","template":"page-cs.php","meta":{"ngg_post_thumbnail":0,"footnotes":"","_mc_calendar":[]},"aioseo_notices":[],"post_mailing_queue_ids":[],"_links":{"self":[{"href":"https:\/\/blogsaverroes.juntadeandalucia.es\/ceipvirgendeguadalupe\/index.php?rest_route=\/wp\/v2\/pages\/82"}],"collection":[{"href":"https:\/\/blogsaverroes.juntadeandalucia.es\/ceipvirgendeguadalupe\/index.php?rest_route=\/wp\/v2\/pages"}],"about":[{"href":"https:\/\/blogsaverroes.juntadeandalucia.es\/ceipvirgendeguadalupe\/index.php?rest_route=\/wp\/v2\/types\/page"}],"author":[{"embeddable":true,"href":"https:\/\/blogsaverroes.juntadeandalucia.es\/ceipvirgendeguadalupe\/index.php?rest_route=\/wp\/v2\/users\/1"}],"replies":[{"embeddable":true,"href":"https:\/\/blogsaverroes.juntadeandalucia.es\/ceipvirgendeguadalupe\/index.php?rest_route=%2Fwp%2Fv2%2Fcomments&post=82"}],"version-history":[{"count":6,"href":"https:\/\/blogsaverroes.juntadeandalucia.es\/ceipvirgendeguadalupe\/index.php?rest_route=\/wp\/v2\/pages\/82\/revisions"}],"predecessor-version":[{"id":2305,"href":"https:\/\/blogsaverroes.juntadeandalucia.es\/ceipvirgendeguadalupe\/index.php?rest_route=\/wp\/v2\/pages\/82\/revisions\/2305"}],"wp:attachment":[{"href":"https:\/\/blogsaverroes.juntadeandalucia.es\/ceipvirgendeguadalupe\/index.php?rest_route=%2Fwp%2Fv2%2Fmedia&parent=82"}],"curies":[{"name":"wp","href":"https:\/\/api.w.org\/{rel}","templated":true}]}}