{"id":35,"date":"2015-03-13T08:21:43","date_gmt":"2015-03-13T08:21:43","guid":{"rendered":"http:\/\/blogsaverroes.juntadeandalucia.es\/pre\/ceip\/?page_id=35"},"modified":"2019-05-20T15:49:00","modified_gmt":"2019-05-20T13:49:00","slug":"el-centro-2","status":"publish","type":"page","link":"https:\/\/blogsaverroes.juntadeandalucia.es\/ceipvirgendelaantigua\/el-centro-2\/","title":{"rendered":"Datos del centro"},"content":{"rendered":"<h4><a href=\"https:\/\/blogsaverroes.juntadeandalucia.es\/ceipvirgendelaantigua\/files\/2019\/02\/PICT0063.jpg\"><img loading=\"lazy\" decoding=\"async\" class=\"wp-image-2153 aligncenter\" src=\"https:\/\/blogsaverroes.juntadeandalucia.es\/ceipvirgendelaantigua\/files\/2019\/02\/PICT0063-300x222.jpg\" alt=\"\" width=\"364\" height=\"269\" srcset=\"https:\/\/blogsaverroes.juntadeandalucia.es\/ceipvirgendelaantigua\/files\/2019\/02\/PICT0063-300x222.jpg 300w, https:\/\/blogsaverroes.juntadeandalucia.es\/ceipvirgendelaantigua\/files\/2019\/02\/PICT0063-1024x757.jpg 1024w, https:\/\/blogsaverroes.juntadeandalucia.es\/ceipvirgendelaantigua\/files\/2019\/02\/PICT0063-24x18.jpg 24w, https:\/\/blogsaverroes.juntadeandalucia.es\/ceipvirgendelaantigua\/files\/2019\/02\/PICT0063-36x27.jpg 36w, https:\/\/blogsaverroes.juntadeandalucia.es\/ceipvirgendelaantigua\/files\/2019\/02\/PICT0063-48x36.jpg 48w, https:\/\/blogsaverroes.juntadeandalucia.es\/ceipvirgendelaantigua\/files\/2019\/02\/PICT0063.jpg 1600w\" sizes=\"(max-width: 364px) 100vw, 364px\" \/><\/a><\/h4>\n<h4><strong>Datos de contacto<\/strong><\/h4>\n<p>CEIP Virgen de la Antigua<\/p>\n<p><strong>Direcci\u00f3n:<\/strong> &nbsp;Calle Cari\u00f1ena s\/n. Almu\u00f1\u00e9car 18.690 Granada<\/p>\n<p><strong>Tel\u00e9fono: <\/strong>958 64 96 23 \/ 671 53 34 35<br \/>\n<strong>Email:<\/strong> colegiovirgendelaantigua@gmail.com<\/p>\n<h4><strong>Horarios<\/strong><\/h4>\n<p>LUNES A VIERNES DE 9:00 A 14:00<\/p>\n<p>LUNES 16:00 A 19:00<\/p>\n<h4><strong>Ubicaci\u00f3n<br \/>\n<\/strong><\/h4>\n<h4>[googlemaps https:\/\/www.google.com\/maps\/embed?pb=!1m18!1m12!1m3!1d3197.506112604369!2d-3.6911337844068437!3d36.734421079962154!2m3!1f0!2f0!3f0!3m2!1i1024!2i768!4f13.1!3m3!1m2!1s0xd71889a373b02f7%3A0x726a31f1ea41f6ab!2sColegio+P%C3%BAblico+Virgen+de+la+Antigua!5e0!3m2!1ses!2ses!4v1555855556267!5m2!1ses!2ses&amp;w=600&amp;h=450]<\/h4>\n","protected":false},"excerpt":{"rendered":"<p>Datos de contacto CEIP Virgen de la Antigua Direcci\u00f3n: &nbsp;Calle Cari\u00f1ena s\/n. Almu\u00f1\u00e9car 18.690 Granada Tel\u00e9fono: 958 64 96 23 \/ 671 53 34 35 Email: colegiovirgendelaantigua@gmail.com Horarios LUNES A VIERNES DE 9:00 A&#46;&#46;&#46;<\/p>\n","protected":false},"author":1,"featured_media":0,"parent":0,"menu_order":0,"comment_status":"open","ping_status":"open","template":"","meta":{"ngg_post_thumbnail":0,"footnotes":"","_mc_calendar":[]},"aioseo_notices":[],"_links":{"self":[{"href":"https:\/\/blogsaverroes.juntadeandalucia.es\/ceipvirgendelaantigua\/wp-json\/wp\/v2\/pages\/35"}],"collection":[{"href":"https:\/\/blogsaverroes.juntadeandalucia.es\/ceipvirgendelaantigua\/wp-json\/wp\/v2\/pages"}],"about":[{"href":"https:\/\/blogsaverroes.juntadeandalucia.es\/ceipvirgendelaantigua\/wp-json\/wp\/v2\/types\/page"}],"author":[{"embeddable":true,"href":"https:\/\/blogsaverroes.juntadeandalucia.es\/ceipvirgendelaantigua\/wp-json\/wp\/v2\/users\/1"}],"replies":[{"embeddable":true,"href":"https:\/\/blogsaverroes.juntadeandalucia.es\/ceipvirgendelaantigua\/wp-json\/wp\/v2\/comments?post=35"}],"version-history":[{"count":32,"href":"https:\/\/blogsaverroes.juntadeandalucia.es\/ceipvirgendelaantigua\/wp-json\/wp\/v2\/pages\/35\/revisions"}],"predecessor-version":[{"id":2712,"href":"https:\/\/blogsaverroes.juntadeandalucia.es\/ceipvirgendelaantigua\/wp-json\/wp\/v2\/pages\/35\/revisions\/2712"}],"wp:attachment":[{"href":"https:\/\/blogsaverroes.juntadeandalucia.es\/ceipvirgendelaantigua\/wp-json\/wp\/v2\/media?parent=35"}],"curies":[{"name":"wp","href":"https:\/\/api.w.org\/{rel}","templated":true}]}}