{"id":2403,"date":"2021-01-16T12:06:38","date_gmt":"2021-01-16T12:06:38","guid":{"rendered":"http:\/\/blogsaverroes.juntadeandalucia.es\/ceipvirgendelaaurora\/?page_id=2403"},"modified":"2021-01-16T17:08:44","modified_gmt":"2021-01-16T17:08:44","slug":"espacio-virtual-del-proyecto","status":"publish","type":"page","link":"https:\/\/blogsaverroes.juntadeandalucia.es\/ceipvirgendelaaurora\/espacio-virtual-del-proyecto\/","title":{"rendered":"ESPACIO VIRTUAL DEL PROYECTO"},"content":{"rendered":"<p>AQU\u00cd POD\u00c9IS ENCONTRAR TODA LA INFORMACI\u00d3N SOBRE EL PROYECTO ERASMUS+<\/p>\n<p><a href=\"https:\/\/view.genial.ly\/5f9aae1ee958c00d6378d3a6\/presentation-erasmus-cep-ronda\" title=\"INFORMACI\u00d3N ERASMUS+\" rel=\"noopener noreferrer\" target=\"_blank\">INFORMACI\u00d3N<\/a><\/p>\n<p><a href=\"http:\/\/blogsaverroes.juntadeandalucia.es\/ceipvirgendelaaurora\/espacio-virtual-del-proyecto\/erasmus\/\" rel=\"attachment wp-att-2415\"><img loading=\"lazy\" decoding=\"async\" src=\"https:\/\/blogsaverroes.juntadeandalucia.es\/ceipvirgendelaaurora\/files\/2021\/01\/ERASMUS-300x86.png\" alt=\"\" width=\"300\" height=\"86\" class=\"alignnone size-medium wp-image-2415\" srcset=\"https:\/\/blogsaverroes.juntadeandalucia.es\/ceipvirgendelaaurora\/files\/2021\/01\/ERASMUS-300x86.png 300w, https:\/\/blogsaverroes.juntadeandalucia.es\/ceipvirgendelaaurora\/files\/2021\/01\/ERASMUS-24x7.png 24w, https:\/\/blogsaverroes.juntadeandalucia.es\/ceipvirgendelaaurora\/files\/2021\/01\/ERASMUS-36x10.png 36w, https:\/\/blogsaverroes.juntadeandalucia.es\/ceipvirgendelaaurora\/files\/2021\/01\/ERASMUS-48x14.png 48w, https:\/\/blogsaverroes.juntadeandalucia.es\/ceipvirgendelaaurora\/files\/2021\/01\/ERASMUS.png 420w\" sizes=\"(max-width: 300px) 100vw, 300px\" \/><\/a><\/p>\n","protected":false},"excerpt":{"rendered":"<p>AQU\u00cd POD\u00c9IS ENCONTRAR TODA LA INFORMACI\u00d3N SOBRE EL PROYECTO ERASMUS+ INFORMACI\u00d3N<\/p>\n","protected":false},"author":4210,"featured_media":0,"parent":0,"menu_order":0,"comment_status":"closed","ping_status":"closed","template":"","meta":{"ngg_post_thumbnail":0,"footnotes":"","_mc_calendar":[]},"aioseo_notices":[],"_links":{"self":[{"href":"https:\/\/blogsaverroes.juntadeandalucia.es\/ceipvirgendelaaurora\/wp-json\/wp\/v2\/pages\/2403"}],"collection":[{"href":"https:\/\/blogsaverroes.juntadeandalucia.es\/ceipvirgendelaaurora\/wp-json\/wp\/v2\/pages"}],"about":[{"href":"https:\/\/blogsaverroes.juntadeandalucia.es\/ceipvirgendelaaurora\/wp-json\/wp\/v2\/types\/page"}],"author":[{"embeddable":true,"href":"https:\/\/blogsaverroes.juntadeandalucia.es\/ceipvirgendelaaurora\/wp-json\/wp\/v2\/users\/4210"}],"replies":[{"embeddable":true,"href":"https:\/\/blogsaverroes.juntadeandalucia.es\/ceipvirgendelaaurora\/wp-json\/wp\/v2\/comments?post=2403"}],"version-history":[{"count":6,"href":"https:\/\/blogsaverroes.juntadeandalucia.es\/ceipvirgendelaaurora\/wp-json\/wp\/v2\/pages\/2403\/revisions"}],"predecessor-version":[{"id":2418,"href":"https:\/\/blogsaverroes.juntadeandalucia.es\/ceipvirgendelaaurora\/wp-json\/wp\/v2\/pages\/2403\/revisions\/2418"}],"wp:attachment":[{"href":"https:\/\/blogsaverroes.juntadeandalucia.es\/ceipvirgendelaaurora\/wp-json\/wp\/v2\/media?parent=2403"}],"curies":[{"name":"wp","href":"https:\/\/api.w.org\/{rel}","templated":true}]}}