{"id":77,"date":"2015-03-16T06:54:56","date_gmt":"2015-03-16T06:54:56","guid":{"rendered":"http:\/\/blogsaverroes.juntadeandalucia.es\/pre\/ceip\/?page_id=77"},"modified":"2020-02-15T10:42:52","modified_gmt":"2020-02-15T10:42:52","slug":"secretaria","status":"publish","type":"page","link":"https:\/\/blogsaverroes.juntadeandalucia.es\/ceipvirgendelaaurora\/secretaria\/","title":{"rendered":"Secretar\u00eda"},"content":{"rendered":"<p>La <strong>Secretar\u00eda<\/strong> desarrolla muchas funciones importantes en la vida de&nbsp;nuestro centro, especialmente en la relaci\u00f3n que se mantiene con las familias en los diferentes tr\u00e1mites administrativos a lo largo de la escolarizaci\u00f3n: admisi\u00f3n, matr\u00edcula, comedor escolar, bonificaciones, etc.<\/p>\n<p>La secretar\u00eda corre a cargo de <b>Juan Antonio Moreno Serrato<\/b>, que cuenta con el apoyo de una persona que realiza funciones administrativas, <strong>Lourdes Cantos Mesa<\/strong>.&nbsp;<\/p>\n<p>El horario de&nbsp;atenci\u00f3n al p\u00fablico&nbsp;es de lunes a viernes de 09:00 a 14:00 horas<\/p>\n<p style=\"text-align: center\"><strong>Horario de la Secretar\u00eda del Centro<\/strong><\/p>\n<p style=\"text-align: left\">Martes, Mi\u00e9rcoles y Jueves: de 12:00 a 13:00 horas<\/p>\n<p style=\"text-align: left\">Viernes: de 10:00 a 11:30 horas<\/p>\n<p>&nbsp;<\/p>\n","protected":false},"excerpt":{"rendered":"<p>La Secretar\u00eda desarrolla muchas funciones importantes en la vida de&nbsp;nuestro centro, especialmente en la relaci\u00f3n que se mantiene con las familias en los diferentes tr\u00e1mites&hellip;<\/p>\n","protected":false},"author":1,"featured_media":0,"parent":0,"menu_order":0,"comment_status":"open","ping_status":"open","template":"","meta":{"ngg_post_thumbnail":0,"footnotes":"","_mc_calendar":[]},"aioseo_notices":[],"_links":{"self":[{"href":"https:\/\/blogsaverroes.juntadeandalucia.es\/ceipvirgendelaaurora\/wp-json\/wp\/v2\/pages\/77"}],"collection":[{"href":"https:\/\/blogsaverroes.juntadeandalucia.es\/ceipvirgendelaaurora\/wp-json\/wp\/v2\/pages"}],"about":[{"href":"https:\/\/blogsaverroes.juntadeandalucia.es\/ceipvirgendelaaurora\/wp-json\/wp\/v2\/types\/page"}],"author":[{"embeddable":true,"href":"https:\/\/blogsaverroes.juntadeandalucia.es\/ceipvirgendelaaurora\/wp-json\/wp\/v2\/users\/1"}],"replies":[{"embeddable":true,"href":"https:\/\/blogsaverroes.juntadeandalucia.es\/ceipvirgendelaaurora\/wp-json\/wp\/v2\/comments?post=77"}],"version-history":[{"count":8,"href":"https:\/\/blogsaverroes.juntadeandalucia.es\/ceipvirgendelaaurora\/wp-json\/wp\/v2\/pages\/77\/revisions"}],"predecessor-version":[{"id":2260,"href":"https:\/\/blogsaverroes.juntadeandalucia.es\/ceipvirgendelaaurora\/wp-json\/wp\/v2\/pages\/77\/revisions\/2260"}],"wp:attachment":[{"href":"https:\/\/blogsaverroes.juntadeandalucia.es\/ceipvirgendelaaurora\/wp-json\/wp\/v2\/media?parent=77"}],"curies":[{"name":"wp","href":"https:\/\/api.w.org\/{rel}","templated":true}]}}