{"id":113,"date":"2015-03-16T08:06:00","date_gmt":"2015-03-16T08:06:00","guid":{"rendered":"http:\/\/blogsaverroes.juntadeandalucia.es\/pre\/ceip\/?page_id=113"},"modified":"2025-11-17T10:54:29","modified_gmt":"2025-11-17T10:54:29","slug":"biblioteca","status":"publish","type":"page","link":"https:\/\/blogsaverroes.juntadeandalucia.es\/ceipvirgendelacabeza\/biblioteca\/","title":{"rendered":"Biblioteca"},"content":{"rendered":"<p>&nbsp;<\/p>\n<h2 style=\"text-align: left\"><a href=\"https:\/\/blogsaverroes.juntadeandalucia.es\/ceipvirgendelacabeza\/files\/2025\/11\/Anexo-VI-PLAN-DE-TRABAJO-DE-LA-BIBLIOTECA-ESCOLAR-25-26.pdf\" target=\"_blank\" rel=\"noopener\"><span style=\"color: #3366ff\"><strong>PLAN DE TRABAJO DE LA BIBLIOTECA <\/strong><\/span><\/a><a href=\"https:\/\/blogsaverroes.juntadeandalucia.es\/ceipvirgendelacabeza\/files\/2018\/11\/P.T.-Biblioteca-Ceip-Virgen-de-la-Cabeza-Campillo-de-Arenas.pdf\" target=\"_blank\" rel=\"noopener\"><span style=\"color: #3366ff\"><strong>ESCOLAR<\/strong><\/span><\/a><\/h2>\n<h2><a href=\"https:\/\/blogsaverroes.juntadeandalucia.es\/ceipvirgendelacabeza\/files\/2025\/11\/Anexo-VI-PLAN-DE-TRABAJO-DE-LA-BIBLIOTECA-ESCOLAR-25-26.pdf\"><em><span style=\"color: #0000ff\"><strong>PLAN LECTOR<\/strong><\/span><\/em><\/a><\/h2>\n<h1>&nbsp;<\/h1>\n<h1 style=\"text-align: center\"><span style=\"color: #3366ff\">PROYECTO FRIDA KAHLO<\/span><\/h1>\n<p><img loading=\"lazy\" decoding=\"async\" class=\"aligncenter size-full wp-image-4615\" src=\"https:\/\/blogsaverroes.juntadeandalucia.es\/ceipvirgendelacabeza\/files\/2019\/05\/frida-kahlo.jpg\" alt=\"\" width=\"696\" height=\"446\" srcset=\"https:\/\/blogsaverroes.juntadeandalucia.es\/ceipvirgendelacabeza\/files\/2019\/05\/frida-kahlo.jpg 696w, https:\/\/blogsaverroes.juntadeandalucia.es\/ceipvirgendelacabeza\/files\/2019\/05\/frida-kahlo-300x192.jpg 300w, https:\/\/blogsaverroes.juntadeandalucia.es\/ceipvirgendelacabeza\/files\/2019\/05\/frida-kahlo-24x15.jpg 24w, https:\/\/blogsaverroes.juntadeandalucia.es\/ceipvirgendelacabeza\/files\/2019\/05\/frida-kahlo-36x23.jpg 36w, https:\/\/blogsaverroes.juntadeandalucia.es\/ceipvirgendelacabeza\/files\/2019\/05\/frida-kahlo-48x31.jpg 48w\" sizes=\"(max-width: 696px) 100vw, 696px\" \/><\/p>\n<p>&nbsp; &nbsp; &nbsp; &nbsp;Desde la Red Profesional de Biblioteca Escolares de la provincia de Ja\u00e9n, este curso se nos propuso la realizaci\u00f3n de un Proyecto documental Integrado denominado ReencontrARTE: mujeres olvidadas.<br \/>\nCon esta iniciativa se pretende potenciar la investigaci\u00f3n sobre mujeres que la historia m\u00e1s cercana ha olvidado MUJERES PINTORAS que no han tenido la difusi\u00f3n y el reconocimiento que se merecen. De una lista de veintiuna mujeres que se nos propuso nuestro centro eligi\u00f3 en Claustro, la figura de FRIDA KAHLO y a partir de aqu\u00ed todo el centro ha realizado las siguientes actividades:&nbsp;<a href=\"https:\/\/blogsaverroes.juntadeandalucia.es\/ceipvirgendelacabeza\/files\/2019\/05\/PROYECTO-DE-FRIDA-KAHLO.pdf\" target=\"_blank\" rel=\"noopener\">Pincha aqu\u00ed para ver proyecto en pdf.<\/a><\/p>\n<p>&nbsp;<\/p>\n<p>========================================================================================================<\/p>\n<p>&nbsp;<\/p>\n<h1>BIBLIOTECAS ESCOLARES<\/h1>\n<p><iframe loading=\"lazy\" title=\"Bibliotecas escolares de Andaluc\u00eda al servicio de la comunidad educativa\" width=\"500\" height=\"281\" src=\"https:\/\/www.youtube.com\/embed\/N_rrGePF_zM?feature=oembed&#038;wmode=opaque\" frameborder=\"0\" allow=\"accelerometer; autoplay; clipboard-write; encrypted-media; gyroscope; picture-in-picture; web-share\" referrerpolicy=\"strict-origin-when-cross-origin\" allowfullscreen><\/iframe><\/p>\n<p>&nbsp;<\/p>\n<h2 style=\"text-align: center\">&nbsp;<\/h2>\n<p>&nbsp;<\/p>\n","protected":false},"excerpt":{"rendered":"<p>&nbsp; PLAN DE TRABAJO DE LA BIBLIOTECA ESCOLAR PLAN LECTOR &nbsp; PROYECTO FRIDA KAHLO &nbsp; &nbsp; &nbsp; &nbsp;Desde la Red Profesional de Biblioteca Escolares de la provincia de Ja\u00e9n, este curso se nos propuso&#46;&#46;&#46;<\/p>\n","protected":false},"author":1,"featured_media":0,"parent":0,"menu_order":0,"comment_status":"open","ping_status":"closed","template":"page-templates\/child-menu.php","meta":{"ngg_post_thumbnail":0,"footnotes":""},"aioseo_notices":[],"_links":{"self":[{"href":"https:\/\/blogsaverroes.juntadeandalucia.es\/ceipvirgendelacabeza\/wp-json\/wp\/v2\/pages\/113"}],"collection":[{"href":"https:\/\/blogsaverroes.juntadeandalucia.es\/ceipvirgendelacabeza\/wp-json\/wp\/v2\/pages"}],"about":[{"href":"https:\/\/blogsaverroes.juntadeandalucia.es\/ceipvirgendelacabeza\/wp-json\/wp\/v2\/types\/page"}],"author":[{"embeddable":true,"href":"https:\/\/blogsaverroes.juntadeandalucia.es\/ceipvirgendelacabeza\/wp-json\/wp\/v2\/users\/1"}],"replies":[{"embeddable":true,"href":"https:\/\/blogsaverroes.juntadeandalucia.es\/ceipvirgendelacabeza\/wp-json\/wp\/v2\/comments?post=113"}],"version-history":[{"count":14,"href":"https:\/\/blogsaverroes.juntadeandalucia.es\/ceipvirgendelacabeza\/wp-json\/wp\/v2\/pages\/113\/revisions"}],"predecessor-version":[{"id":5343,"href":"https:\/\/blogsaverroes.juntadeandalucia.es\/ceipvirgendelacabeza\/wp-json\/wp\/v2\/pages\/113\/revisions\/5343"}],"wp:attachment":[{"href":"https:\/\/blogsaverroes.juntadeandalucia.es\/ceipvirgendelacabeza\/wp-json\/wp\/v2\/media?parent=113"}],"curies":[{"name":"wp","href":"https:\/\/api.w.org\/{rel}","templated":true}]}}