{"id":2109,"date":"2015-09-04T08:15:00","date_gmt":"2015-09-04T08:15:00","guid":{"rendered":"http:\/\/blogsaverroes.juntadeandalucia.es\/ceipvirgendelacabeza\/?page_id=2109"},"modified":"2018-04-04T09:56:28","modified_gmt":"2018-04-04T09:56:28","slug":"ampa","status":"publish","type":"page","link":"https:\/\/blogsaverroes.juntadeandalucia.es\/ceipvirgendelacabeza\/ampa\/","title":{"rendered":"AMPA"},"content":{"rendered":"<p style=\"text-align: center\"><span style=\"color: #ff0000\"><em><strong>MIEMBROS DEL AMPA \u00abADELANTE\u00bb<\/strong><\/em><\/span><\/p>\n<p><strong>PRESIDENTA:<\/strong><\/p>\n<p>M\u00aa Bel\u00e9n Picadizo Zafra<\/p>\n<p><strong>VICEPRESIDENTA:<\/strong><\/p>\n<p>Francisca Lomas Bol\u00edvar<\/p>\n<p><strong>SECRETARIA:<\/strong><\/p>\n<p>Manuela zamorra Cedillo<\/p>\n<p><strong>TESORERA:<\/strong><\/p>\n<p>Carmen Mart\u00ednez Torres<\/p>\n<p><strong>VOCALES:<\/strong><\/p>\n<p>Encarnaci\u00f3n Moya Molina<\/p>\n<p>Lourdes Olmo Morales<\/p>\n<p>Mercedes Quesada Aguilar<\/p>\n<p>Antonia Salvador Quesada<\/p>\n<p>M\u00aa Dolores Delgado Cegri<\/p>\n<p>Isabel Salvador P\u00e9rez<\/p>\n<p><!--more--><\/p>\n<p>Los padres y madres de alumnos tienen garantizada la libertad de asociaci\u00f3n en el \u00e1mbito educativo con el objeto de asumir determinadas funciones en los centros docentes no universitarios.<\/p>\n<p>&nbsp;<\/p>\n<p><a href=\"http:\/\/blogsaverroes.juntadeandalucia.es\/ceipvirgendelacabeza\/files\/2015\/09\/AMPA-copia.jpg\"><img loading=\"lazy\" decoding=\"async\" class=\" wp-image-4045 aligncenter\" src=\"http:\/\/blogsaverroes.juntadeandalucia.es\/ceipvirgendelacabeza\/files\/2015\/09\/AMPA-copia-300x251.jpg\" alt=\"\" width=\"242\" height=\"202\" srcset=\"https:\/\/blogsaverroes.juntadeandalucia.es\/ceipvirgendelacabeza\/files\/2015\/09\/AMPA-copia-300x251.jpg 300w, https:\/\/blogsaverroes.juntadeandalucia.es\/ceipvirgendelacabeza\/files\/2015\/09\/AMPA-copia-768x642.jpg 768w, https:\/\/blogsaverroes.juntadeandalucia.es\/ceipvirgendelacabeza\/files\/2015\/09\/AMPA-copia-24x20.jpg 24w, https:\/\/blogsaverroes.juntadeandalucia.es\/ceipvirgendelacabeza\/files\/2015\/09\/AMPA-copia-36x30.jpg 36w, https:\/\/blogsaverroes.juntadeandalucia.es\/ceipvirgendelacabeza\/files\/2015\/09\/AMPA-copia-48x40.jpg 48w, https:\/\/blogsaverroes.juntadeandalucia.es\/ceipvirgendelacabeza\/files\/2015\/09\/AMPA-copia.jpg 858w\" sizes=\"(max-width: 242px) 100vw, 242px\" \/><\/a><strong>Sus finalidades son las siguientes:<\/strong><\/p>\n<ul>\n<li>Asistir a los padres, madres o tutores legales en todo aquello que concierne a la educaci\u00f3n de sus hijos e hijas o pupilos.<\/li>\n<li>Colaborar en las actividades educativas de los centros, y en las actividades complementarias y extraescolares de los mismos.<\/li>\n<li>Organizar actividades culturales y deportivas.<\/li>\n<li>Promover la participaci\u00f3n de los padres, madres o tutores del alumnado en la gesti\u00f3n del Centro.<\/li>\n<li>Asistir a los padres, madres o tutores legales del alumnado en el ejercicio de su derecho a intervenir en el control y gesti\u00f3n de los centros sostenidos con fondos p\u00fablicos.<\/li>\n<li>Facilitar la representaci\u00f3n y participaci\u00f3n de los padres, madres o tutores legales del alumnado en los Consejos Escolares de los centros sostenidos con fondos p\u00fablicos, para lo cual podr\u00e1n presentar candidaturas en los correspondientes procesos electorales.<\/li>\n<li>Promover el desarrollo de programas de Educaci\u00f3n Familiar.<\/li>\n<li>Representar a los padres, madres o tutores asociados a las mismas ante las instancias educativas y otros organismos.<\/li>\n<\/ul>\n<p>&nbsp;<\/p>\n","protected":false},"excerpt":{"rendered":"<p>MIEMBROS DEL AMPA \u00abADELANTE\u00bb PRESIDENTA: M\u00aa Bel\u00e9n Picadizo Zafra VICEPRESIDENTA: Francisca Lomas Bol\u00edvar SECRETARIA: Manuela zamorra Cedillo TESORERA: Carmen Mart\u00ednez Torres VOCALES: Encarnaci\u00f3n Moya Molina Lourdes Olmo Morales Mercedes Quesada Aguilar Antonia Salvador Quesada&#46;&#46;&#46;<\/p>\n","protected":false},"author":1796,"featured_media":0,"parent":0,"menu_order":0,"comment_status":"open","ping_status":"closed","template":"page-templates\/child-menu.php","meta":{"ngg_post_thumbnail":0,"footnotes":""},"aioseo_notices":[],"_links":{"self":[{"href":"https:\/\/blogsaverroes.juntadeandalucia.es\/ceipvirgendelacabeza\/wp-json\/wp\/v2\/pages\/2109"}],"collection":[{"href":"https:\/\/blogsaverroes.juntadeandalucia.es\/ceipvirgendelacabeza\/wp-json\/wp\/v2\/pages"}],"about":[{"href":"https:\/\/blogsaverroes.juntadeandalucia.es\/ceipvirgendelacabeza\/wp-json\/wp\/v2\/types\/page"}],"author":[{"embeddable":true,"href":"https:\/\/blogsaverroes.juntadeandalucia.es\/ceipvirgendelacabeza\/wp-json\/wp\/v2\/users\/1796"}],"replies":[{"embeddable":true,"href":"https:\/\/blogsaverroes.juntadeandalucia.es\/ceipvirgendelacabeza\/wp-json\/wp\/v2\/comments?post=2109"}],"version-history":[{"count":10,"href":"https:\/\/blogsaverroes.juntadeandalucia.es\/ceipvirgendelacabeza\/wp-json\/wp\/v2\/pages\/2109\/revisions"}],"predecessor-version":[{"id":4536,"href":"https:\/\/blogsaverroes.juntadeandalucia.es\/ceipvirgendelacabeza\/wp-json\/wp\/v2\/pages\/2109\/revisions\/4536"}],"wp:attachment":[{"href":"https:\/\/blogsaverroes.juntadeandalucia.es\/ceipvirgendelacabeza\/wp-json\/wp\/v2\/media?parent=2109"}],"curies":[{"name":"wp","href":"https:\/\/api.w.org\/{rel}","templated":true}]}}