{"id":2119,"date":"2015-09-04T08:52:15","date_gmt":"2015-09-04T08:52:15","guid":{"rendered":"http:\/\/blogsaverroes.juntadeandalucia.es\/ceipvirgendelacabeza\/?page_id=2119"},"modified":"2025-11-17T10:38:40","modified_gmt":"2025-11-17T10:38:40","slug":"profesorado","status":"publish","type":"page","link":"https:\/\/blogsaverroes.juntadeandalucia.es\/ceipvirgendelacabeza\/profesorado\/","title":{"rendered":"Claustro de profesores"},"content":{"rendered":"<ul>\n<li><strong>&nbsp;Director:<\/strong> D. Manuel Delgado Lomas<\/li>\n<li><strong>Jefa de estudios:<\/strong> D\u00aa. Marta Ja\u00e9n Jim\u00e9nez<\/li>\n<li><strong>Secretaria:<\/strong> D\u00aa. Sara Calzado Bautista<\/li>\n<li><strong>Tutora de Infantil 3 a\u00f1os:<\/strong> D\u00aa. Ana Mar\u00eda Fuentes de la Torre<\/li>\n<li><strong>Tutora de Infantil 4 a\u00f1os:<\/strong> D\u00aa. Almudena Mingorance de la Chica<\/li>\n<li><strong>Tutora de Infantil 5 a\u00f1os:<\/strong> D\u00aa. Esperanza Rodr\u00edguez Huertas<\/li>\n<li><strong>Tutora de 1\u00ba:<\/strong> D\u00aa Marta Ja\u00e9n Jim\u00e9nez<\/li>\n<li><strong>Tutora de 2\u00ba:<\/strong> D\u00aa. Cristina Latorre Castilla<\/li>\n<li><strong>Tutor de 3\u00ba:<\/strong>&nbsp; D. Alejandro Cordero Herrera<\/li>\n<li><strong>Tutora de 4\u00ba: <\/strong>D\u00aa Sara Calzado Bautista<\/li>\n<li><strong>Tutora de 5\u00ba:<\/strong> D\u00aa Mar\u00eda Cristina De la Torre Ortega<\/li>\n<li><strong>Tutora de 6\u00ba:<\/strong> D\u00aa. M\u00aa Carmen Mart\u00ednez Ruiz&nbsp;<\/li>\n<li><strong>Profesor de Ingl\u00e9s:<\/strong> D. Jos\u00e9 Ram\u00f3n Romero Rivilla<\/li>\n<li><strong>Profesor de Franc\u00e9s:<\/strong> D. Alejandro Cordero Herrera<\/li>\n<li><strong>Profesora de Ed. F\u00edsica:<\/strong> D\u00aa Juani Zafra Jaenes<\/li>\n<li><strong>Profesora de M\u00fasica:<\/strong> D\u00aa. M\u00aa Carmen Mart\u00ednez Ruiz<\/li>\n<li><strong>Profesora de Pedagog\u00eda Terap\u00e9utica.:<\/strong> D\u00aa In\u00e9s Mar\u00eda S\u00e1nchez Gonz\u00e1lez<\/li>\n<li><strong>Profesora de Audici\u00f3n y Lenguaje:<\/strong> D\u00aa Mercedes Molina Santos<\/li>\n<li><strong>Profesora de Religi\u00f3n:<\/strong> D\u00aa. M \u00aa del Carmen Garc\u00eda Jim\u00e9nez\/ D\u00aa Laura B. Hern\u00e1ndez Mart\u00ednez<\/li>\n<li><strong>Profesora de apoyo: <\/strong>D\u00aa. Sonia Mart\u00ednez Garc\u00eda<\/li>\n<li><strong>Orientadora: <\/strong>D\u00aa M\u00aa Inmaculada Sampedro Mesa<\/li>\n<li><strong>Personal T\u00e9cnico en Integraci\u00f3n Social:<\/strong> D\u00aa Mar\u00eda Antonia Ruiz Fern\u00e1ndez<\/li>\n<li><strong>Administrativa:<\/strong> D\u00aa. Manoli Bel\u00e9n P\u00e9rez Valverde<\/li>\n<\/ul>\n<p>&nbsp;<\/p>\n<p>&nbsp; &nbsp; &nbsp; &nbsp; &nbsp; &nbsp; &nbsp; &nbsp; &nbsp; &nbsp; <a href=\"https:\/\/blogsaverroes.juntadeandalucia.es\/ceipvirgendelacabeza\/files\/2025\/10\/Diptico-comienzo-de-curso-1.pdf\">Ver D\u00edptico informativo en pdf.<\/a><\/p>\n","protected":false},"excerpt":{"rendered":"<p>&nbsp;Director: D. Manuel Delgado Lomas Jefa de estudios: D\u00aa. Marta Ja\u00e9n Jim\u00e9nez Secretaria: D\u00aa. Sara Calzado Bautista Tutora de Infantil 3 a\u00f1os: D\u00aa. Ana Mar\u00eda Fuentes de la Torre Tutora de Infantil 4 a\u00f1os:&#46;&#46;&#46;<\/p>\n","protected":false},"author":1796,"featured_media":0,"parent":0,"menu_order":0,"comment_status":"open","ping_status":"open","template":"","meta":{"ngg_post_thumbnail":0,"footnotes":""},"aioseo_notices":[],"_links":{"self":[{"href":"https:\/\/blogsaverroes.juntadeandalucia.es\/ceipvirgendelacabeza\/wp-json\/wp\/v2\/pages\/2119"}],"collection":[{"href":"https:\/\/blogsaverroes.juntadeandalucia.es\/ceipvirgendelacabeza\/wp-json\/wp\/v2\/pages"}],"about":[{"href":"https:\/\/blogsaverroes.juntadeandalucia.es\/ceipvirgendelacabeza\/wp-json\/wp\/v2\/types\/page"}],"author":[{"embeddable":true,"href":"https:\/\/blogsaverroes.juntadeandalucia.es\/ceipvirgendelacabeza\/wp-json\/wp\/v2\/users\/1796"}],"replies":[{"embeddable":true,"href":"https:\/\/blogsaverroes.juntadeandalucia.es\/ceipvirgendelacabeza\/wp-json\/wp\/v2\/comments?post=2119"}],"version-history":[{"count":36,"href":"https:\/\/blogsaverroes.juntadeandalucia.es\/ceipvirgendelacabeza\/wp-json\/wp\/v2\/pages\/2119\/revisions"}],"predecessor-version":[{"id":5336,"href":"https:\/\/blogsaverroes.juntadeandalucia.es\/ceipvirgendelacabeza\/wp-json\/wp\/v2\/pages\/2119\/revisions\/5336"}],"wp:attachment":[{"href":"https:\/\/blogsaverroes.juntadeandalucia.es\/ceipvirgendelacabeza\/wp-json\/wp\/v2\/media?parent=2119"}],"curies":[{"name":"wp","href":"https:\/\/api.w.org\/{rel}","templated":true}]}}