{"id":2123,"date":"2015-09-04T08:53:57","date_gmt":"2015-09-04T08:53:57","guid":{"rendered":"http:\/\/blogsaverroes.juntadeandalucia.es\/ceipvirgendelacabeza\/?page_id=2123"},"modified":"2025-11-17T10:41:49","modified_gmt":"2025-11-17T10:41:49","slug":"etcp","status":"publish","type":"page","link":"https:\/\/blogsaverroes.juntadeandalucia.es\/ceipvirgendelacabeza\/etcp\/","title":{"rendered":"ETCP"},"content":{"rendered":"<p style=\"padding-left: 30px\"><strong><span style=\"color: #3366ff\">El Equipo T\u00e9cnico de Coordinaci\u00f3n Pedag\u00f3gica est\u00e1 formado por:<\/span><\/strong><\/p>\n<ul>\n<li>Director<\/li>\n<li>Jefatura de Estudios<\/li>\n<li>Coordinadores de Ciclo\n<ul>\n<li><strong><span style=\"color: #3366ff\">Los coordinadores de cada ciclo son los siguientes:<\/span><\/strong>\n<ul>\n<li><strong><span style=\"color: #993366\">Educaci\u00f3n Infantil:<\/span><\/strong> D\u00aa Ana M\u00aa Fuentes de la Torre.<\/li>\n<li><strong><span style=\"color: #993366\">Primer Ciclo:<\/span><\/strong> D\u00aa Cristina Latorre Castilla.<\/li>\n<li><strong><span style=\"color: #993366\">Segundo Ciclo:<\/span><\/strong> D\u00aa Sonia Mart\u00ednez Garc\u00eda.<\/li>\n<li><strong><span style=\"color: #993366\">Tercer Ciclo:<\/span><\/strong> D\u00aa Jos\u00e9 Ram\u00f3n Romero Rivilla&nbsp;<\/li>\n<li><strong><span style=\"color: #993366\">Educaci\u00f3n Especial:<\/span><\/strong> D\u00aa In\u00e9s M\u00aa S\u00e1nchez Gonz\u00e1lez.<\/li>\n<\/ul>\n<\/li>\n<\/ul>\n<\/li>\n<\/ul>\n","protected":false},"excerpt":{"rendered":"<p>El Equipo T\u00e9cnico de Coordinaci\u00f3n Pedag\u00f3gica est\u00e1 formado por: Director Jefatura de Estudios Coordinadores de Ciclo Los coordinadores de cada ciclo son los siguientes: Educaci\u00f3n Infantil: D\u00aa Ana M\u00aa Fuentes de la Torre. Primer&#46;&#46;&#46;<\/p>\n","protected":false},"author":1796,"featured_media":0,"parent":0,"menu_order":0,"comment_status":"open","ping_status":"open","template":"","meta":{"ngg_post_thumbnail":0,"footnotes":""},"aioseo_notices":[],"_links":{"self":[{"href":"https:\/\/blogsaverroes.juntadeandalucia.es\/ceipvirgendelacabeza\/wp-json\/wp\/v2\/pages\/2123"}],"collection":[{"href":"https:\/\/blogsaverroes.juntadeandalucia.es\/ceipvirgendelacabeza\/wp-json\/wp\/v2\/pages"}],"about":[{"href":"https:\/\/blogsaverroes.juntadeandalucia.es\/ceipvirgendelacabeza\/wp-json\/wp\/v2\/types\/page"}],"author":[{"embeddable":true,"href":"https:\/\/blogsaverroes.juntadeandalucia.es\/ceipvirgendelacabeza\/wp-json\/wp\/v2\/users\/1796"}],"replies":[{"embeddable":true,"href":"https:\/\/blogsaverroes.juntadeandalucia.es\/ceipvirgendelacabeza\/wp-json\/wp\/v2\/comments?post=2123"}],"version-history":[{"count":14,"href":"https:\/\/blogsaverroes.juntadeandalucia.es\/ceipvirgendelacabeza\/wp-json\/wp\/v2\/pages\/2123\/revisions"}],"predecessor-version":[{"id":5337,"href":"https:\/\/blogsaverroes.juntadeandalucia.es\/ceipvirgendelacabeza\/wp-json\/wp\/v2\/pages\/2123\/revisions\/5337"}],"wp:attachment":[{"href":"https:\/\/blogsaverroes.juntadeandalucia.es\/ceipvirgendelacabeza\/wp-json\/wp\/v2\/media?parent=2123"}],"curies":[{"name":"wp","href":"https:\/\/api.w.org\/{rel}","templated":true}]}}