{"id":2130,"date":"2015-09-04T09:01:52","date_gmt":"2015-09-04T09:01:52","guid":{"rendered":"http:\/\/blogsaverroes.juntadeandalucia.es\/ceipvirgendelacabeza\/?page_id=2130"},"modified":"2016-09-05T11:32:28","modified_gmt":"2016-09-05T11:32:28","slug":"situacion","status":"publish","type":"page","link":"https:\/\/blogsaverroes.juntadeandalucia.es\/ceipvirgendelacabeza\/situacion\/","title":{"rendered":"Situaci\u00f3n"},"content":{"rendered":"<h6 style=\"text-align: justify\"><\/h6>\n<h1><span style=\"color: #808000\">MI PUEBLO CAMPILLO DE ARENAS<\/span><\/h1>\n<p><span style=\"font-size: x-large\">Mi pueblo se llama Campillo de Arenas es un pueblo de la provincia de Ja\u00e9n, situado en la comarca de Sierra M\u00e1gina , en el valle del r\u00edo Campillo que pasa a ser Guadalbull\u00f3n. Limita con Carchel y Carchelejo por el norte, Noalejo al sur, Cambil al este y Valdepe\u00f1as al oeste . Se encuentra a una altitud del nivel del mar de 874 m. en las coordenadas .Su extensi\u00f3n superficial es de 114 km cuadrados y tiene una densidad de 17,71 habitantes km. cuadrados.<\/span><\/p>\n<p><span style=\"font-size: x-large\">Se encuentra a 38 km. de Ja\u00e9n y a 58 km. de Granada y esta al lado de autov\u00eda A44 y por ello enlaza con Granada.<\/span><\/p>\n<p><a href=\"https:\/\/www.google.es\/maps\/place\/23130+Campillo+de+Arenas,+Ja%C3%A9n\/@37.5690313,-3.8648534,10z\/data=!4m5!3m4!1s0xd6e0ceed85d633d:0xdd72827d05c4f2e3!8m2!3d37.5549207!4d-3.635788\" target=\"_blank\"><img loading=\"lazy\" decoding=\"async\" class=\"aligncenter size-full wp-image-3146\" src=\"http:\/\/blogsaverroes.juntadeandalucia.es\/ceipvirgendelacabeza\/files\/2015\/05\/Dibujo.jpg\" alt=\"Dibujo\" width=\"558\" height=\"533\" srcset=\"https:\/\/blogsaverroes.juntadeandalucia.es\/ceipvirgendelacabeza\/files\/2015\/05\/Dibujo.jpg 558w, https:\/\/blogsaverroes.juntadeandalucia.es\/ceipvirgendelacabeza\/files\/2015\/05\/Dibujo-300x287.jpg 300w\" sizes=\"(max-width: 558px) 100vw, 558px\" \/><\/a><\/p>\n","protected":false},"excerpt":{"rendered":"<p>MI PUEBLO CAMPILLO DE ARENAS Mi pueblo se llama Campillo de Arenas es un pueblo de la provincia de Ja\u00e9n, situado en la comarca de Sierra M\u00e1gina , en el valle del r\u00edo Campillo&#46;&#46;&#46;<\/p>\n","protected":false},"author":1796,"featured_media":0,"parent":0,"menu_order":0,"comment_status":"open","ping_status":"open","template":"","meta":{"ngg_post_thumbnail":0,"footnotes":""},"aioseo_notices":[],"_links":{"self":[{"href":"https:\/\/blogsaverroes.juntadeandalucia.es\/ceipvirgendelacabeza\/wp-json\/wp\/v2\/pages\/2130"}],"collection":[{"href":"https:\/\/blogsaverroes.juntadeandalucia.es\/ceipvirgendelacabeza\/wp-json\/wp\/v2\/pages"}],"about":[{"href":"https:\/\/blogsaverroes.juntadeandalucia.es\/ceipvirgendelacabeza\/wp-json\/wp\/v2\/types\/page"}],"author":[{"embeddable":true,"href":"https:\/\/blogsaverroes.juntadeandalucia.es\/ceipvirgendelacabeza\/wp-json\/wp\/v2\/users\/1796"}],"replies":[{"embeddable":true,"href":"https:\/\/blogsaverroes.juntadeandalucia.es\/ceipvirgendelacabeza\/wp-json\/wp\/v2\/comments?post=2130"}],"version-history":[{"count":8,"href":"https:\/\/blogsaverroes.juntadeandalucia.es\/ceipvirgendelacabeza\/wp-json\/wp\/v2\/pages\/2130\/revisions"}],"predecessor-version":[{"id":3149,"href":"https:\/\/blogsaverroes.juntadeandalucia.es\/ceipvirgendelacabeza\/wp-json\/wp\/v2\/pages\/2130\/revisions\/3149"}],"wp:attachment":[{"href":"https:\/\/blogsaverroes.juntadeandalucia.es\/ceipvirgendelacabeza\/wp-json\/wp\/v2\/media?parent=2130"}],"curies":[{"name":"wp","href":"https:\/\/api.w.org\/{rel}","templated":true}]}}