{"id":2132,"date":"2015-09-04T09:02:22","date_gmt":"2015-09-04T09:02:22","guid":{"rendered":"http:\/\/blogsaverroes.juntadeandalucia.es\/ceipvirgendelacabeza\/?page_id=2132"},"modified":"2016-09-12T09:54:27","modified_gmt":"2016-09-12T09:54:27","slug":"historia","status":"publish","type":"page","link":"https:\/\/blogsaverroes.juntadeandalucia.es\/ceipvirgendelacabeza\/historia\/","title":{"rendered":"Historia"},"content":{"rendered":"<h4 style=\"text-align: justify\"><span style=\"color: #808000\">HISTORIA EN CAMPILLO DE ARENAS<\/span><br \/>\n<span style=\"color: #800080\">Santa Lucia: <\/span>En mi pueblo fue enterrada Santa Luc\u00eda, os voy a contar su historia: Santa Luc\u00eda ven\u00eda de una familia rica. Cuando su padre muri\u00f3, ella y su madre heredaron toda su riqueza. Santa luc\u00eda quer\u00eda donar el dinero a los necesitados pero su madre se neg\u00f3. Su madre quer\u00eda que se casara, pero ella ya se hab\u00eda comprometido con alguien: con Dios porque era cristiana pero nadie lo sab\u00eda ni lo pod\u00edan saber, porque en esa \u00e9poca los cristianos ten\u00edan pena de muerte. Un d\u00eda el emperador mando a sus soldados a por Santa Luc\u00eda. La condenaron a prostituirse pero Luc\u00eda adopto una fuerza sobre humana, acusada por brujer\u00eda la condenaron a la hoguera pero no sufri\u00f3 da\u00f1o menor, al final solo hab\u00eda una salida, que le cortaran la cabeza, pero antes de eso luc\u00eda se sac\u00f3 los ojos y se los dio a un soldado ciego y ella dijo: \u201cMe hab\u00e9is castigado con mucha maldad pero yo os doy la gracias\u201d. Ella fue enterrada debajo de la ermita de Campillo De Arenas.<\/h4>\n<p><a href=\"http:\/\/blogsaverroes.juntadeandalucia.es\/ceipvirgendelacabeza\/files\/2015\/05\/romer\u00eda-de-santa-luc\u00eda.jpg\"><img loading=\"lazy\" decoding=\"async\" class=\"aligncenter size-full wp-image-3238\" src=\"http:\/\/blogsaverroes.juntadeandalucia.es\/ceipvirgendelacabeza\/files\/2015\/05\/romer\u00eda-de-santa-luc\u00eda.jpg\" alt=\"romer\u00eda de santa luc\u00eda\" width=\"480\" height=\"360\" srcset=\"https:\/\/blogsaverroes.juntadeandalucia.es\/ceipvirgendelacabeza\/files\/2015\/05\/romer\u00eda-de-santa-luc\u00eda.jpg 480w, https:\/\/blogsaverroes.juntadeandalucia.es\/ceipvirgendelacabeza\/files\/2015\/05\/romer\u00eda-de-santa-luc\u00eda-300x225.jpg 300w\" sizes=\"(max-width: 480px) 100vw, 480px\" \/><\/a><\/p>\n<p>&nbsp;<\/p>\n<h4 style=\"text-align: justify\"><\/h4>\n<h4 style=\"text-align: justify\"><span style=\"color: #800080\">Mi Pueblo:<\/span>\u00a0Siempre ha sido un pueblo peque\u00f1o, en donde todas sus gentes se conocen. Hace no muchos a\u00f1os la carretera ven\u00eda llena de coches, todos los que se dirig\u00edan a Madrid ten\u00edan que pasar por Campillo de arenas. Los ni\u00f1os hac\u00edan mucha vida en la calle: jugaban, cantaban..etc. Cuando llegaba el fr\u00edo se hacia la matanza en casi todas las casas y se ten\u00edan alimentos para muchos meses como chorizos, morcillas&#8230;.etc. \u201cLos inviernos eran muy fr\u00edos y en casi todos nevaba\u201d<\/h4>\n<p><a href=\"http:\/\/blogsaverroes.juntadeandalucia.es\/ceipvirgendelacabeza\/files\/2015\/05\/4596405.jpg\"><img loading=\"lazy\" decoding=\"async\" class=\"aligncenter size-full wp-image-3163\" src=\"http:\/\/blogsaverroes.juntadeandalucia.es\/ceipvirgendelacabeza\/files\/2015\/05\/4596405.jpg\" alt=\"4596405\" width=\"474\" height=\"318\" srcset=\"https:\/\/blogsaverroes.juntadeandalucia.es\/ceipvirgendelacabeza\/files\/2015\/05\/4596405.jpg 474w, https:\/\/blogsaverroes.juntadeandalucia.es\/ceipvirgendelacabeza\/files\/2015\/05\/4596405-300x201.jpg 300w\" sizes=\"(max-width: 474px) 100vw, 474px\" \/><\/a><\/p>\n<p><span style=\"color: #339966\">\u00a0 \u00a0 \u00a0 \u00a0 \u00a0 \u00a0 \u00a0 \u00a0 \u00a0 \u00a0 \u00a0 \u00a0 \u00a0 \u00a0 \u00a0 \u00a0 \u00a0 \u00a0 \u00a0 \u00a0 \u00a0 \u00a0 \u00a0 \u00a0 \u00a0 \u00a0 \u00a0 \u00a0 \u00a0 \u00a0 \u00a0 \u00a0 \u00a0 \u00a0 \u00a0 \u00a0 \u00a0 \u00a0 \u00a0 \u00a0 \u00a0 \u00a0 \u00a0 \u00a0 \u00a0 \u00a0 \u00a0 \u00a0 \u00a0 \u00a0 \u00a0 \u00a0 \u00a0 \u00a0 \u00a0 \u00a0 \u00a0 \u00a0 \u00a0 \u00a0 \u00a0 \u00a0 \u00a0 \u00a0 \u00a0 \u00a0 \u00a0 \u00a0 \u00a0 \u00a0 \u00a0 \u00a0<\/span><\/p>\n<h4 style=\"text-align: justify\"><span style=\"color: #339966\">\u00a0<\/span><\/h4>\n<p>&nbsp;<\/p>\n","protected":false},"excerpt":{"rendered":"<p>HISTORIA EN CAMPILLO DE ARENAS Santa Lucia: En mi pueblo fue enterrada Santa Luc\u00eda, os voy a contar su historia: Santa Luc\u00eda ven\u00eda de una familia rica. Cuando su padre muri\u00f3, ella y su&#46;&#46;&#46;<\/p>\n","protected":false},"author":1796,"featured_media":0,"parent":0,"menu_order":0,"comment_status":"open","ping_status":"open","template":"","meta":{"ngg_post_thumbnail":0,"footnotes":""},"aioseo_notices":[],"_links":{"self":[{"href":"https:\/\/blogsaverroes.juntadeandalucia.es\/ceipvirgendelacabeza\/wp-json\/wp\/v2\/pages\/2132"}],"collection":[{"href":"https:\/\/blogsaverroes.juntadeandalucia.es\/ceipvirgendelacabeza\/wp-json\/wp\/v2\/pages"}],"about":[{"href":"https:\/\/blogsaverroes.juntadeandalucia.es\/ceipvirgendelacabeza\/wp-json\/wp\/v2\/types\/page"}],"author":[{"embeddable":true,"href":"https:\/\/blogsaverroes.juntadeandalucia.es\/ceipvirgendelacabeza\/wp-json\/wp\/v2\/users\/1796"}],"replies":[{"embeddable":true,"href":"https:\/\/blogsaverroes.juntadeandalucia.es\/ceipvirgendelacabeza\/wp-json\/wp\/v2\/comments?post=2132"}],"version-history":[{"count":15,"href":"https:\/\/blogsaverroes.juntadeandalucia.es\/ceipvirgendelacabeza\/wp-json\/wp\/v2\/pages\/2132\/revisions"}],"predecessor-version":[{"id":3242,"href":"https:\/\/blogsaverroes.juntadeandalucia.es\/ceipvirgendelacabeza\/wp-json\/wp\/v2\/pages\/2132\/revisions\/3242"}],"wp:attachment":[{"href":"https:\/\/blogsaverroes.juntadeandalucia.es\/ceipvirgendelacabeza\/wp-json\/wp\/v2\/media?parent=2132"}],"curies":[{"name":"wp","href":"https:\/\/api.w.org\/{rel}","templated":true}]}}