{"id":2134,"date":"2015-09-04T09:02:46","date_gmt":"2015-09-04T09:02:46","guid":{"rendered":"http:\/\/blogsaverroes.juntadeandalucia.es\/ceipvirgendelacabeza\/?page_id=2134"},"modified":"2017-01-26T09:33:27","modified_gmt":"2017-01-26T09:33:27","slug":"monumentos","status":"publish","type":"page","link":"https:\/\/blogsaverroes.juntadeandalucia.es\/ceipvirgendelacabeza\/monumentos\/","title":{"rendered":"Monumentos Y Parajes Naturales"},"content":{"rendered":"<h2><span style=\"color: #3366ff\">Iglesia de Nuestra Se\u00f1ora de la Encarnaci\u00f3n<\/span><\/h2>\n<p><a href=\"http:\/\/blogsaverroes.juntadeandalucia.es\/ceipvirgendelacabeza\/files\/2015\/05\/Monumentos1IglesiadeNuestraSexoradelaEncarnacixnyPlazadeAndalucxa.jpg\"><img loading=\"lazy\" decoding=\"async\" class=\"aligncenter size-full wp-image-3689\" src=\"http:\/\/blogsaverroes.juntadeandalucia.es\/ceipvirgendelacabeza\/files\/2015\/05\/Monumentos1IglesiadeNuestraSexoradelaEncarnacixnyPlazadeAndalucxa.jpg\" alt=\"Monumentos1IglesiadeNuestraSexoradelaEncarnacixnyPlazadeAndalucxa\" width=\"800\" height=\"600\" srcset=\"https:\/\/blogsaverroes.juntadeandalucia.es\/ceipvirgendelacabeza\/files\/2015\/05\/Monumentos1IglesiadeNuestraSexoradelaEncarnacixnyPlazadeAndalucxa.jpg 800w, https:\/\/blogsaverroes.juntadeandalucia.es\/ceipvirgendelacabeza\/files\/2015\/05\/Monumentos1IglesiadeNuestraSexoradelaEncarnacixnyPlazadeAndalucxa-300x225.jpg 300w, https:\/\/blogsaverroes.juntadeandalucia.es\/ceipvirgendelacabeza\/files\/2015\/05\/Monumentos1IglesiadeNuestraSexoradelaEncarnacixnyPlazadeAndalucxa-24x18.jpg 24w, https:\/\/blogsaverroes.juntadeandalucia.es\/ceipvirgendelacabeza\/files\/2015\/05\/Monumentos1IglesiadeNuestraSexoradelaEncarnacixnyPlazadeAndalucxa-36x27.jpg 36w, https:\/\/blogsaverroes.juntadeandalucia.es\/ceipvirgendelacabeza\/files\/2015\/05\/Monumentos1IglesiadeNuestraSexoradelaEncarnacixnyPlazadeAndalucxa-48x36.jpg 48w\" sizes=\"(max-width: 800px) 100vw, 800px\" \/><\/a><\/p>\n<h3><span style=\"color: #800080\">Historia<\/span><\/h3>\n<p style=\"text-align: justify\">Sobre el solar se\u00f1alado al efecto, de 120 pies de largo y lo mismo de ancho, se procedi\u00f3 a construir la Iglesia Parroquial en el lugar que ocupaba una peque\u00f1a capilla dedicada al Sant\u00edsimo Sacramento.<\/p>\n<p style=\"text-align: justify\">El contrato de construcci\u00f3n tiene fecha de 24 de marzo de 1579. El proyecto lo realiza D. Manuel Sancho S\u00e1nchez, maestro de canter\u00eda, encargando la construcci\u00f3n a un gran alba\u00f1il llamado D. Benito el Santo. Se establecen las condiciones entre las que destacan la realizaci\u00f3n de dos danzas de arcos para separaci\u00f3n de las tres naves del templo, teniendo cada danza tres arcos, resultando un total de nueve tramos. La portada principal y la torre campanario qued\u00f3 a cargo del maestro de canter\u00eda D. Manuel Sancho S\u00e1nchez. La construcci\u00f3n de la iglesia debi\u00f3 terminarse de forma provisional para poder celebrar los Santos Oficios.<\/p>\n<p style=\"text-align: justify\">En 1618 se construye el Retablo Mayor, es destruido en la Guerra Civil Espa\u00f1ola, ocupaba todo el testero del prebisterio levantado sobre pedestal con relieves en dos pisos muy elevados, estaba rematado con un \u00e1tico terminado en front\u00f3n roto con t\u00edmpano donde estaba la figura del Padre Eterno sosteniendo en su diestra la esfera del mundo. Ambos pisos y el \u00e1tico marcaban tres calles, siendo la central m\u00e1s ancha que las laterales y separadas con columnas corintias pareadas y adelantadas sobre el plano general del retablo.<\/p>\n<p style=\"text-align: justify\">En las calles laterales se enmarcaban relieves con escenas de la vida de Jesucristo y de la Virgen. La calle central la ocupaba un gran Sagrario-manifestador en el segundo piso, un relieve con el misterio de la Encarnaci\u00f3n.<\/p>\n<p style=\"text-align: justify\">El \u00e1tico lo presid\u00eda un calvario con figuras de Cristo Crucificado, la Virgen Ruinas de un pasado glorioso en y San Juan. La figura del Padre Eterno, cerraba todo el conjunto que adem\u00e1s contaba con esculturas de Santos sobre los capiteles y cornisas. Las calles laterales se remataban con escudos del Obispo D. Baltasar de Moscoso y Sandoval que rigi\u00f3 la Di\u00f3cesis en 1618.<\/p>\n<p style=\"text-align: justify\">Su estilo era renacentista de transici\u00f3n al Barroco, y estaba decorado con elementos propios de la \u00e9poca, pero sin demasiados adornos. El presbitero se completaba en sus paredes laterales, con dos grandes cuadros pintados al \u00f3leo.<\/p>\n<p style=\"text-align: justify\">El \u00f3rgano se coloc\u00f3 en el coro a mediados del XVIII. Las campanas se instalaron en 1858.<\/p>\n<p style=\"text-align: justify\">En la fachada de la torre que da a la plaza principal y bajo la campana mayor, si instal\u00f3 en 1906, un reloj de \u00e9poca con esfera en n\u00fameros romanos, costeado por la Junta de reparaci\u00f3n del templo y cedido al Ayuntamiento para su conservaci\u00f3n; es del denominado \u00absistema redondo\u00bb con p\u00e9ndulo compensador. Fue adquirido a D. Lorenzo Redondo, vecino de Cuenca. Dispon\u00eda de martillo que daba las horas en la campana.<\/p>\n<p style=\"text-align: justify\">En la d\u00e9cada de los 80, se anul\u00f3 la maquinaria del reloj y se coloc\u00f3 un dispositivo electr\u00f3nico en su lugar para seguir marcando las horas y las campanadas.<\/p>\n<p style=\"text-align: justify\">En 1996, se retira la antigua maquinaria, se restaura y actualmente se encuentra en un expositor en el Sal\u00f3n de Plenos del Ayuntamiento.<\/p>\n<h3 style=\"text-align: justify\"><span style=\"color: #3366ff\">Ermita de la Patrona Sant\u00edsima Virgen de la Cabeza<\/span><\/h3>\n<h3 style=\"text-align: justify\"><a href=\"http:\/\/blogsaverroes.juntadeandalucia.es\/ceipvirgendelacabeza\/files\/2015\/05\/Monumentos5ErmitadelaVirgendelaCabeza.jpg\"><img loading=\"lazy\" decoding=\"async\" class=\"aligncenter size-full wp-image-3688\" src=\"http:\/\/blogsaverroes.juntadeandalucia.es\/ceipvirgendelacabeza\/files\/2015\/05\/Monumentos5ErmitadelaVirgendelaCabeza.jpg\" alt=\"Monumentos5ErmitadelaVirgendelaCabeza\" width=\"450\" height=\"600\" srcset=\"https:\/\/blogsaverroes.juntadeandalucia.es\/ceipvirgendelacabeza\/files\/2015\/05\/Monumentos5ErmitadelaVirgendelaCabeza.jpg 450w, https:\/\/blogsaverroes.juntadeandalucia.es\/ceipvirgendelacabeza\/files\/2015\/05\/Monumentos5ErmitadelaVirgendelaCabeza-225x300.jpg 225w, https:\/\/blogsaverroes.juntadeandalucia.es\/ceipvirgendelacabeza\/files\/2015\/05\/Monumentos5ErmitadelaVirgendelaCabeza-18x24.jpg 18w, https:\/\/blogsaverroes.juntadeandalucia.es\/ceipvirgendelacabeza\/files\/2015\/05\/Monumentos5ErmitadelaVirgendelaCabeza-27x36.jpg 27w, https:\/\/blogsaverroes.juntadeandalucia.es\/ceipvirgendelacabeza\/files\/2015\/05\/Monumentos5ErmitadelaVirgendelaCabeza-36x48.jpg 36w\" sizes=\"(max-width: 450px) 100vw, 450px\" \/><\/a><br \/>\n<span style=\"color: #993366\">Historia<\/span><\/h3>\n<p style=\"text-align: justify\">La construcci\u00f3n de la ermita se puede situar en torno a principios del S. XVIII. Los numerosos exvotos que se conservan en la sacrist\u00eda de la ermita, as\u00ed como la l\u00e1mpara de plata repujada con dedicatoria a la Virgen, del a\u00f1o 1741, son pruebas del fervor hacia la Virgen. El dato m\u00e1s antiguo sobre la existencia de \u00e9sta, est\u00e1 tomado del Catastro del Marqu\u00e9s de la Ensenada del a\u00f1o 1752.<\/p>\n<p style=\"text-align: justify\">En el \u00abAtlante Espa\u00f1ol\u00bb escrito en 1787 por Bernardo de Espinalt, se hace referencia a la ermita dedicada a la Patrona Sant\u00edsima Virgen de la Cabeza, situada a extramuros de la villa.<\/p>\n<p style=\"text-align: justify\">En el a\u00f1o 1956 se reform\u00f3 el camar\u00edn de la ermita, y en 1975 se volver\u00eda a reformar. En 1991 se restaura la ermita y de nuevo se arregla el camar\u00edn.<\/p>\n<p style=\"text-align: justify\">Un acontecimiento a destacar fue el ocurrido en el a\u00f1o 2004, cuando el ermita\u00f1o Antonio Lucas Garc\u00eda se dispon\u00eda a abrir la ermita. Observ\u00f3 un resplandor en el cementerio y la curiosidad le hizo acercarse y cerciorarse de lo que era aquel resplandor. All\u00ed hall\u00f3 una casita dorada, la cual conten\u00eda en su interior una nota, que dec\u00eda lo siguiente: Conserva esta casa en un lugar sagrado, es una promesa a la Virgen. Gracias. Y all\u00ed se encuentra dicha casa, a vista del p\u00fablico.<\/p>\n<h2 style=\"text-align: justify\"><span style=\"color: #3366ff\">Ermita de Santa Luc\u00eda<\/span><\/h2>\n<p><a href=\"http:\/\/blogsaverroes.juntadeandalucia.es\/ceipvirgendelacabeza\/files\/2015\/05\/santa-lucia.jpg\"><img loading=\"lazy\" decoding=\"async\" class=\"aligncenter  wp-image-3162\" src=\"http:\/\/blogsaverroes.juntadeandalucia.es\/ceipvirgendelacabeza\/files\/2015\/05\/santa-lucia.jpg\" alt=\"santa lucia\" width=\"382\" height=\"509\" srcset=\"https:\/\/blogsaverroes.juntadeandalucia.es\/ceipvirgendelacabeza\/files\/2015\/05\/santa-lucia.jpg 1200w, https:\/\/blogsaverroes.juntadeandalucia.es\/ceipvirgendelacabeza\/files\/2015\/05\/santa-lucia-225x300.jpg 225w, https:\/\/blogsaverroes.juntadeandalucia.es\/ceipvirgendelacabeza\/files\/2015\/05\/santa-lucia-768x1024.jpg 768w\" sizes=\"(max-width: 382px) 100vw, 382px\" \/><\/a><\/p>\n<h3 style=\"text-align: justify\"><span style=\"color: #993366\">Historia<\/span><\/h3>\n<p style=\"text-align: justify\">La historia de la Ermita de Santa Luc\u00eda se remonta a 1858, cuando despu\u00e9s de varios a\u00f1os de recogida de limosnas de devotos que pasaban por Puerta de Arenas y paraban a orar ante la Santa, representada, en un principio, en un cuadro colocado en una de las paredes de la roca y despu\u00e9s por la primera imagen colocada en una peque\u00f1a hornacina, junto al t\u00fanel, abierto en 1840. Una vez reunidos suficientes donativos, se levant\u00f3 la primera ermita. A la bendici\u00f3n asistieron las autoridades locales y m\u00e1s de 2000 devotos de toda la comarca.<\/p>\n<p style=\"text-align: justify\">Aquella primera ermita de arquitectura popular, muy de gusto de la \u00e9poca, fue deterior\u00e1ndose con el paso del tiempo, siendo necesaria su restauraci\u00f3n en varias ocasiones. La primera reforma se hizo en 1956 por encontrarse la ermita en estado ruinoso. En 1973, se tuvo que restaurar de nuevo, quedando su arquitectura, tanto exterior como interior, muy modificada, perdiendo totalmente su aspecto original.<\/p>\n<p style=\"text-align: justify\">La ermita qued\u00f3 dise\u00f1ada para tres campanas y c\u00fapula sobre el presbiterio. El techo lo cubre un rico artesonado de madera, as\u00ed como el Altar Mayor, donde se encuentra la imagen de Santa Luc\u00eda. La soler\u00eda y z\u00f3calo est\u00e1n realizados con materiales de calidad y el interior se ilumina con dos hermosas l\u00e1mparas de hierro forjado. La fachada la recorre un fuerte z\u00f3calo de piedra, as\u00ed como sus ventanas y puerta principal.<\/p>\n<p style=\"text-align: justify\">A finales de los a\u00f1os 90, se construy\u00f3 el \u00ab\u00c1rea recreativa de Puerta de Arenas\u00bb que ofrece diferentes actividades; observaci\u00f3n de aves, jard\u00edn bot\u00e1nico, senderismo, merendero y zona recreativa.<\/p>\n<p style=\"text-align: justify\"><a href=\"http:\/\/blogsaverroes.juntadeandalucia.es\/ceipvirgendelacabeza\/files\/2015\/05\/images.jpg\"><img loading=\"lazy\" decoding=\"async\" class=\"aligncenter size-full wp-image-3169\" src=\"http:\/\/blogsaverroes.juntadeandalucia.es\/ceipvirgendelacabeza\/files\/2015\/05\/images.jpg\" alt=\"images\" width=\"275\" height=\"183\" \/><\/a><\/p>\n<p style=\"text-align: justify\">Hechos Hist\u00f3ricos.<\/p>\n<p style=\"text-align: justify\">Son muchas las personalidades que pasaron por Puerta de Arenas y se postraron ante la sagrada imagen de Santa Luc\u00eda para pedirle la luz de los ojos del cuerpo y la luz de la fe en el alma, as\u00ed como su protecci\u00f3n para seguir el viaje por tan peligroso camino, como era entonces.<\/p>\n<p style=\"text-align: justify\">Entre los personajes m\u00e1s importantes hay que destacar a Su Majestad la Reina Isabel II y a San Antonio Mar\u00eda Claret, que le acompa\u00f1aba en su s\u00e9quito.<\/p>\n<p style=\"text-align: justify\">El cronista oficial de este viaje real, Francisco M.Tubino, en su hermosa cr\u00f3nica, nos cuenta c\u00f3mo llegaron a la Puerta de Arenas, sus impresiones sobre este maravilloso lugar y otras curiosas coincidencias.<\/p>\n<p style=\"text-align: justify\">San Antonio Mar\u00eda Claret, arzobispo de Trajan\u00f3polis y confesor de la Reina Isabel II, aprovech\u00f3 el viaje real a las provincias andaluzas, que dur\u00f3 48 d\u00edas, para ir predicando y fundando conventos de su orden. En Ja\u00e9n predic\u00f3 ocho sermones el 8 de octubre de 1862, y sembr\u00f3 la semilla que dar\u00eda lugar a la fundaci\u00f3n de los Clareitanos en la Merced en 1885. Este santo var\u00f3n tambi\u00e9n se postr\u00f3 ante la sagrada imagen de Santa Luc\u00eda de Puerta de Arenas para pedirle protecci\u00f3n y fuerzas en su fatigosa labor de predicar el Evangelio y la fe de Cristo por todas las tierras de Andaluc\u00eda.<\/p>\n<h2 style=\"text-align: justify\"><span style=\"color: #3366ff\">Castillo de Arenas<\/span><\/h2>\n<p><a href=\"http:\/\/blogsaverroes.juntadeandalucia.es\/ceipvirgendelacabeza\/files\/2015\/05\/05-Castillo-de-Arenas.jpg\"><img loading=\"lazy\" decoding=\"async\" class=\"aligncenter  wp-image-3692\" src=\"http:\/\/blogsaverroes.juntadeandalucia.es\/ceipvirgendelacabeza\/files\/2015\/05\/05-Castillo-de-Arenas.jpg\" alt=\"05-Castillo-de-Arenas\" width=\"763\" height=\"429\" srcset=\"https:\/\/blogsaverroes.juntadeandalucia.es\/ceipvirgendelacabeza\/files\/2015\/05\/05-Castillo-de-Arenas.jpg 1459w, https:\/\/blogsaverroes.juntadeandalucia.es\/ceipvirgendelacabeza\/files\/2015\/05\/05-Castillo-de-Arenas-300x168.jpg 300w, https:\/\/blogsaverroes.juntadeandalucia.es\/ceipvirgendelacabeza\/files\/2015\/05\/05-Castillo-de-Arenas-1024x575.jpg 1024w, https:\/\/blogsaverroes.juntadeandalucia.es\/ceipvirgendelacabeza\/files\/2015\/05\/05-Castillo-de-Arenas-24x13.jpg 24w, https:\/\/blogsaverroes.juntadeandalucia.es\/ceipvirgendelacabeza\/files\/2015\/05\/05-Castillo-de-Arenas-36x20.jpg 36w, https:\/\/blogsaverroes.juntadeandalucia.es\/ceipvirgendelacabeza\/files\/2015\/05\/05-Castillo-de-Arenas-48x27.jpg 48w\" sizes=\"(max-width: 763px) 100vw, 763px\" \/><\/a><\/p>\n<h3 style=\"text-align: justify\"><span style=\"color: #993366\">Ruinas de un pasado glorioso<\/span><\/h3>\n<p style=\"text-align: justify\">Alfonso X gan\u00f3 el castillo mediante la Paz Firmada con el rey Muhammad II a\u00f1o 1281.<\/p>\n<p style=\"text-align: justify\">En el a\u00f1o 1462, acabadas las treguas de Enrique IV concedi\u00f3 a los moros granadinos el Condestable D. Lucas de Iranzo, con 600 hombres de caballo y 2000 peones atac\u00f3 el castillo de Campillo de Arenas el d\u00eda 20 de abril de 1462. El combate fue muy intenso y de cinco puertas que ten\u00eda el castillo, dos fueron quemadas por los cristianos. No obstante, no se lleg\u00f3 a conquistar.<\/p>\n<p style=\"text-align: justify\">El Condestable envi\u00f3 desde Ja\u00e9n 30 caballeros para preparar una emboscada a la guarnici\u00f3n de Campillo de Arenas. Les serv\u00eda de esp\u00eda un moro renegado que era sobrino del Alcaide de Campillo de Arenas. La emboscada no tuvo \u00e9xito y tras una ligera escaramuza los cristianos volvieron a Ja\u00e9n.<\/p>\n<p style=\"text-align: justify\">En el a\u00f1o 1463, el Condestable env\u00eda 40 peones al mando de Juan Navarrete, contra el castillo de Campillo. Los cristianos hacen dos prisioneros por los que se supo que la guarnici\u00f3n la compon\u00edan 33 moros.<\/p>\n<p style=\"text-align: justify\">El Condestable Iranzo env\u00eda 30 soldados para intentar apoderarse de Campillo cosa que no lleg\u00f3 a realizarse porque \u00ab&#8230;fallaron que estaba a buen recaudo\u00bb.<\/p>\n<p style=\"text-align: justify\">En 1471, el rey de Granada al enterarse de un proyecto cristiano de ataque a Campillo envi\u00f3 a sus defensores \u00abbastecimiento de recua e gente\u00bb.<\/p>\n<p style=\"text-align: justify\">En la carta del Condestable Iranzo al entonces Papa Sixto IV, sobre la apurada situaci\u00f3n de Ja\u00e9n ante el empuje de los moros se cita como de gran peligro para los cristianos al castillo de Campillo de Arenas.<\/p>\n<p style=\"text-align: justify\">Otras noticias sobre nuestro castillo nos las dan los siguientes cronistas:<\/p>\n<p style=\"text-align: justify\">Argote de Molina en su \u00abNobleza de Andaluc\u00eda\u00bb (1588), cita como Alcaide del Castillo de Campillo de Arenas a D. Francisco Fonseca.<br \/>\nXimena Jurado en sus \u00abAnales eclesi\u00e1sticos\u00bb (1654), califica al castillo de Campillo como \u00abUn castillo fuerte sobre la Puerta de Arenas\u00bb.<br \/>\nEspinalt en \u00abAtlante espa\u00f1ol\u00bb (1787), dice lo siguiente sobre el castillo de Campillo de Arenas: \u00abAl occidente de esta villa a media legua de distancia, permanece un fuerte castillo algo arruinado, de tiempo inmemorial, como tambi\u00e9n la Puerta de Arenas celebrada por dos altos pe\u00f1ascos que la forman; tiene veinte varas de latitud y a trav\u00e9s pasa el r\u00edo Valdearanzo y hay tradici\u00f3n que media cadena que hay en la c\u00e1rcel de esta villaes una que pon\u00edan dos sarracenos en dicha puerta para impedir la entrada de los cristianos del reino de Ja\u00e9n\u00bb.<\/p>\n<p style=\"text-align: justify\">Campillo fue conquistado a los moros por D. Pedro Coello, Caballero de la Vanda. Su cuerpo fue sepultado en la Campilla de San Luis de los Caballeros, del desaparecido Real Convento de San Francisco de Ja\u00e9n. Su epitafio dec\u00eda as\u00ed: Aqu\u00ed yace Pedro Coello, Caballero de la Vanda, que gan\u00f3 a los moros el castillo de Arenas a su costa y muri\u00f3 en una entrada con ellos, durante el reinado de los Reyes Cat\u00f3licos en el a\u00f1o 1486.<\/p>\n<h6 style=\"text-align: right\"><span style=\"color: #993366\">Informaci\u00f3n obtenida de la p\u00e1gina oficial del ayto. de Campillo de Arenas.<\/span><\/h6>\n","protected":false},"excerpt":{"rendered":"<p>Iglesia de Nuestra Se\u00f1ora de la Encarnaci\u00f3n Historia Sobre el solar se\u00f1alado al efecto, de 120 pies de largo y lo mismo de ancho, se procedi\u00f3 a construir la Iglesia Parroquial en el lugar&#46;&#46;&#46;<\/p>\n","protected":false},"author":1796,"featured_media":0,"parent":0,"menu_order":0,"comment_status":"open","ping_status":"open","template":"","meta":{"ngg_post_thumbnail":0,"footnotes":""},"aioseo_notices":[],"_links":{"self":[{"href":"https:\/\/blogsaverroes.juntadeandalucia.es\/ceipvirgendelacabeza\/wp-json\/wp\/v2\/pages\/2134"}],"collection":[{"href":"https:\/\/blogsaverroes.juntadeandalucia.es\/ceipvirgendelacabeza\/wp-json\/wp\/v2\/pages"}],"about":[{"href":"https:\/\/blogsaverroes.juntadeandalucia.es\/ceipvirgendelacabeza\/wp-json\/wp\/v2\/types\/page"}],"author":[{"embeddable":true,"href":"https:\/\/blogsaverroes.juntadeandalucia.es\/ceipvirgendelacabeza\/wp-json\/wp\/v2\/users\/1796"}],"replies":[{"embeddable":true,"href":"https:\/\/blogsaverroes.juntadeandalucia.es\/ceipvirgendelacabeza\/wp-json\/wp\/v2\/comments?post=2134"}],"version-history":[{"count":9,"href":"https:\/\/blogsaverroes.juntadeandalucia.es\/ceipvirgendelacabeza\/wp-json\/wp\/v2\/pages\/2134\/revisions"}],"predecessor-version":[{"id":3694,"href":"https:\/\/blogsaverroes.juntadeandalucia.es\/ceipvirgendelacabeza\/wp-json\/wp\/v2\/pages\/2134\/revisions\/3694"}],"wp:attachment":[{"href":"https:\/\/blogsaverroes.juntadeandalucia.es\/ceipvirgendelacabeza\/wp-json\/wp\/v2\/media?parent=2134"}],"curies":[{"name":"wp","href":"https:\/\/api.w.org\/{rel}","templated":true}]}}