{"id":2136,"date":"2015-09-04T09:03:06","date_gmt":"2015-09-04T09:03:06","guid":{"rendered":"http:\/\/blogsaverroes.juntadeandalucia.es\/ceipvirgendelacabeza\/?page_id=2136"},"modified":"2016-09-07T11:55:22","modified_gmt":"2016-09-07T11:55:22","slug":"gastronomia","status":"publish","type":"page","link":"https:\/\/blogsaverroes.juntadeandalucia.es\/ceipvirgendelacabeza\/gastronomia\/","title":{"rendered":"Gastronom\u00eda"},"content":{"rendered":"<p style=\"text-align: center\">\n<p style=\"text-align: center\">\n<p style=\"text-align: center\"><span style=\"font-size: 300%;color: #808000\"><i><u><b>Gastronom\u00eda<\/b><\/u><\/i><\/span><\/p>\n<p style=\"text-align: justify\"><span style=\"font-size: large\">El 33% de la superficie del t\u00e9rmino de Campillo de Arenas se dedica al cultivo del olivar, produci\u00e9ndose un aceite de oliva v\u00edrgen\u00a0de excelente calidad que est\u00e1 sujeto a las estrictas normas de calidad del Consejo Regulador de la Denominaci\u00f3n de Origen \u00abSierra M\u00e1gina\u00bb.<\/span><\/p>\n<p style=\"text-align: justify\"><span style=\"font-size: large\">Se tiene noticias\u00a0sobre la gastronom\u00eda de Campillo de Arenas desde el siglo XVIII, al ser parada y fonda\u00a0de los viajeros que iban hacia Granada, \u00e9stos destacaban las perdices en escabeche, el conejo al ajillo\u00a0y los productos derivados de la matanza del cerdo. En la actualidad dicha tradici\u00f3n se ha mantenido, teniendo fama los chorizos, morcillas\u00a0y salchichas y los lomos al ajillo. El Viernes Santo, destaca el potaje de habichuelas\u00a0con garbanzos y bacalao\u00a0y durante toda la Semana Santa\u00a0el encebollado de bacalao, las alb\u00f3ndigas de bacalao\u00a0fritas o las tortillas de collejas. Como reposter\u00eda casera destacan los nochebuenos, roscos fritos, alfajores, mantecados, gusanillos, bizcotelas\u00a0y florecillas.<\/span><\/p>\n<p>\u00a0\u00a0\u00a0\u00a0\u00a0\u00a0\u00a0\u00a0\u00a0\u00a0\u00a0\u00a0\u00a0\u00a0\u00a0\u00a0\u00a0\u00a0\u00a0\u00a0\u00a0\u00a0\u00a0\u00a0\u00a0\u00a0\u00a0\u00a0\u00a0\u00a0\u00a0\u00a0\u00a0\u00a0\u00a0\u00a0\u00a0\u00a0\u00a0\u00a0\u00a0\u00a0\u00a0\u00a0\u00a0\u00a0\u00a0\u00a0\u00a0\u00a0\u00a0\u00a0\u00a0\u00a0\u00a0\u00a0\u00a0\u00a0\u00a0\u00a0\u00a0\u00a0\u00a0\u00a0\u00a0\u00a0\u00a0\u00a0\u00a0\u00a0 \u00a0\n<div class=\"ngg-imagebrowser\" id=\"ngg-imagebrowser-7e6739d027734dfbded4eef1e20a9251-2136\" data-nextgen-gallery-id=\"7e6739d027734dfbded4eef1e20a9251\">\n\n\t<h3>potaje semana santa<\/h3>\n\n\t<div class=\"pic\"><a href=\"https:\/\/blogsaverroes.juntadeandalucia.es\/ceipvirgendelacabeza\/wp-content\/uploads\/sites\/803\/nggallery\/gastronom%C3%ADa\/potaje-semana-santa.jpg\" title=\" \" class=\"ngg-fancybox\" rel=\"7e6739d027734dfbded4eef1e20a9251\" data-image-id=\"246\" data-src=\"https:\/\/blogsaverroes.juntadeandalucia.es\/ceipvirgendelacabeza\/wp-content\/uploads\/sites\/803\/nggallery\/gastronom%C3%ADa\/potaje-semana-santa.jpg\" data-thumbnail=\"https:\/\/blogsaverroes.juntadeandalucia.es\/ceipvirgendelacabeza\/wp-content\/uploads\/sites\/803\/nggallery\/gastronom%C3%ADa\/thumbs\/thumbs_potaje-semana-santa.jpg\" data-title=\"potaje semana santa\" data-description=\" \"><img alt=\"potaje semana santa\" src=\"https:\/\/blogsaverroes.juntadeandalucia.es\/ceipvirgendelacabeza\/wp-content\/uploads\/sites\/803\/nggallery\/gastronom%C3%ADa\/potaje-semana-santa.jpg\"\/><\/a><\/div>\n\t<div class=\"ngg-imagebrowser-nav\">\n\t\t<div class=\"back\">\n\t\t\t<a class=\"ngg-browser-prev\" id=\"ngg-prev-248\" href=\"https:\/\/blogsaverroes.juntadeandalucia.es\/ceipvirgendelacabeza\/gastronomia\/nggallery\/image\/roscos-fritos-3\/\">&#9668; Volver<\/a>\n\t\t<\/div>\n\t\t<div class=\"next\">\n\t\t\t<a class=\"ngg-browser-next\" id=\"ngg-next-244\" href=\"https:\/\/blogsaverroes.juntadeandalucia.es\/ceipvirgendelacabeza\/gastronomia\/nggallery\/image\/bacalaoencebollado\/\">Siguiente &#9658;<\/a>\n\t\t<\/div>\n\t\t<div class=\"counter\">Imagen 1 De 7<\/div>\n\t\t<div class=\"ngg-imagebrowser-desc\"><p> <\/p><\/div>\n\t\t<!-- Exif data -->\n\t\t<h3>datos Meta<\/h3>\n\t\t<table class=\"exif-data\">\n\t\t\t<tbody>\n\t\t\t<tr>\n\t\t\t\t<th width=\"140\">C\u00e1mara \/ Tipo<\/th>\n\t\t\t\t<td><\/td>\n\t\t\t<\/tr>\n\t\t\t<tr>\n\t\t\t\t<th>Apertura<\/th>\n\t\t\t\t<td><\/td>\n\t\t\t<\/tr>\n\t\t\t<tr>\n\t\t\t\t<th>Distancia focal<\/th>\n\t\t\t\t<td><\/td>\n\t\t\t<\/tr>\n\t\t\t<tr>\n\t\t\t\t<th>Velocidad de obturaci\u00f3n<\/th>\n\t\t\t\t<td><\/td>\n\t\t\t<\/tr>\n\t\t\t<tr>\n\t\t\t\t<th>Fecha \/ Hora<\/th>\n\t\t\t\t<td><\/td>\n\t\t\t<\/tr>\n\t\t\t<\/tbody>\n\t\t<\/table>\n\t<\/div>\n\n<\/div>\n\n\t<\/p>\n","protected":false},"excerpt":{"rendered":"<p>Gastronom\u00eda El 33% de la superficie del t\u00e9rmino de Campillo de Arenas se dedica al cultivo del olivar, produci\u00e9ndose un aceite de oliva v\u00edrgen\u00a0de excelente calidad que est\u00e1 sujeto a las estrictas normas de&#46;&#46;&#46;<\/p>\n","protected":false},"author":1796,"featured_media":0,"parent":0,"menu_order":0,"comment_status":"open","ping_status":"open","template":"","meta":{"ngg_post_thumbnail":0,"footnotes":""},"aioseo_notices":[],"_links":{"self":[{"href":"https:\/\/blogsaverroes.juntadeandalucia.es\/ceipvirgendelacabeza\/wp-json\/wp\/v2\/pages\/2136"}],"collection":[{"href":"https:\/\/blogsaverroes.juntadeandalucia.es\/ceipvirgendelacabeza\/wp-json\/wp\/v2\/pages"}],"about":[{"href":"https:\/\/blogsaverroes.juntadeandalucia.es\/ceipvirgendelacabeza\/wp-json\/wp\/v2\/types\/page"}],"author":[{"embeddable":true,"href":"https:\/\/blogsaverroes.juntadeandalucia.es\/ceipvirgendelacabeza\/wp-json\/wp\/v2\/users\/1796"}],"replies":[{"embeddable":true,"href":"https:\/\/blogsaverroes.juntadeandalucia.es\/ceipvirgendelacabeza\/wp-json\/wp\/v2\/comments?post=2136"}],"version-history":[{"count":9,"href":"https:\/\/blogsaverroes.juntadeandalucia.es\/ceipvirgendelacabeza\/wp-json\/wp\/v2\/pages\/2136\/revisions"}],"predecessor-version":[{"id":3207,"href":"https:\/\/blogsaverroes.juntadeandalucia.es\/ceipvirgendelacabeza\/wp-json\/wp\/v2\/pages\/2136\/revisions\/3207"}],"wp:attachment":[{"href":"https:\/\/blogsaverroes.juntadeandalucia.es\/ceipvirgendelacabeza\/wp-json\/wp\/v2\/media?parent=2136"}],"curies":[{"name":"wp","href":"https:\/\/api.w.org\/{rel}","templated":true}]}}