{"id":2368,"date":"2016-01-26T09:09:18","date_gmt":"2016-01-26T09:09:18","guid":{"rendered":"http:\/\/blogsaverroes.juntadeandalucia.es\/ceipvirgendelacabeza\/?page_id=2368"},"modified":"2025-11-17T09:46:36","modified_gmt":"2025-11-17T09:46:36","slug":"documentos-de-centro","status":"publish","type":"page","link":"https:\/\/blogsaverroes.juntadeandalucia.es\/ceipvirgendelacabeza\/documentos-de-centro\/","title":{"rendered":"documentos de centro"},"content":{"rendered":"<p>El plan Anual de Centro es la propuesta organizativa que un centro realiza para su funcionamiento durante un curso acad\u00e9mico. Se trata de un documento en el que se concretan las l\u00edneas generales y espec\u00edficas de actuaci\u00f3n que aportar\u00e1n las se\u00f1as de identidad de nuestro centro.<\/p>\n<h3>El Plan de Centro consta de los siguientes documentos:<\/h3>\n<ul>\n<li><a href=\"https:\/\/blogsaverroes.juntadeandalucia.es\/ceipvirgendelacabeza\/files\/2025\/11\/PROYECTO-EDUCATIVO-2025-2026-1.pdf\" target=\"_blank\" rel=\"noopener noreferrer\">Proyecto Educativo.<\/a><\/li>\n<li><a href=\"https:\/\/blogsaverroes.juntadeandalucia.es\/ceipvirgendelacabeza\/files\/2025\/11\/01-ROF-CAMPILLO-25-26.pdf\" target=\"_blank\" rel=\"noopener noreferrer\">Reglamento de Organizaci\u00f3n y Funcionamiento (ROF)<\/a><\/li>\n<li><a href=\"https:\/\/blogsaverroes.juntadeandalucia.es\/ceipvirgendelacabeza\/files\/2025\/11\/PROYECTO-DE-GESTION-CAMPILLO-DE-ARENAS.pdf\" target=\"_blank\" rel=\"noopener noreferrer\">Proyecto de Gesti\u00f3n.<\/a><\/li>\n<\/ul>\n<h3>Anexos al proyecto Educativo:<\/h3>\n<ul>\n<li><a href=\"https:\/\/blogsaverroes.juntadeandalucia.es\/ceipvirgendelacabeza\/files\/2025\/11\/Plan-de-autoproteccion-2025-2026.pdf\" target=\"_blank\" rel=\"noopener noreferrer\">Plan de Autoprotecci\u00f3n.<\/a><\/li>\n<li><a href=\"https:\/\/blogsaverroes.juntadeandalucia.es\/ceipvirgendelacabeza\/files\/2025\/11\/PAD-CEIP-VIRGEN-DE-LA-CABEZA-CURSO-25-26.pdf\" target=\"_blank\" rel=\"noopener noreferrer\">Plan de atenci\u00f3n a la diversidad.<\/a><\/li>\n<li><a href=\"https:\/\/blogsaverroes.juntadeandalucia.es\/ceipvirgendelacabeza\/files\/2025\/01\/PLAN-DE-CONVIVENCIA.pdf\" target=\"_blank\" rel=\"noopener noreferrer\">Plan de convivencia.<\/a>&nbsp;\n<ul>\n<li><a href=\"https:\/\/blogsaverroes.juntadeandalucia.es\/ceipvirgendelacabeza\/files\/2021\/04\/2\u00ba-ciclo-Proyecto-de-prevenci\u00f3n-del-acoso-y-ciberacoso.pdf\">Consejos para evitar el ciberacoso y el mal uso de Internet para 2\u00ba Ciclo de Ed. Primaria.<\/a><\/li>\n<li><a href=\"https:\/\/blogsaverroes.juntadeandalucia.es\/ceipvirgendelacabeza\/files\/2021\/04\/3\u00ba-ciclo-Proyecto-de-prevenci\u00f3n-del-acoso-y-ciberacoso.pdf\">Consejos para evitar el ciberacoso y el mal uso de Internet para Tercer ciclo de Ed. Primaria.<\/a><\/li>\n<li><a href=\"https:\/\/blogsaverroes.juntadeandalucia.es\/ceipvirgendelacabeza\/files\/2021\/04\/ACUERDO-PADRES-HIJOS-PARA-EL-USO-DEL-TEL\u00c9FONO-MOV\u00cdL.-1.pdf\">Acuerdo padres-hijos para el uso del tel\u00e9fono m\u00f3vil.<\/a><\/li>\n<\/ul>\n<\/li>\n<li><a href=\"https:\/\/blogsaverroes.juntadeandalucia.es\/ceipvirgendelacabeza\/files\/2025\/11\/PLAN-RAZONAMIENTO-CAMPILLO-DE-ARENAS.pdf\">Razonamiento matem\u00e1tico:<\/a>\n<ul>\n<li><a href=\"https:\/\/blogsaverroes.juntadeandalucia.es\/ceipvirgendelacabeza\/files\/2025\/11\/RESOLUCION-DE-PROBLEMAS-Campillo.pdf\" target=\"_blank\" rel=\"noopener noreferrer\">Resoluci\u00f3n de problemas.<\/a><\/li>\n<li><a href=\"https:\/\/blogsaverroes.juntadeandalucia.es\/ceipvirgendelacabeza\/files\/2025\/11\/PAUTAS-PARA-EL-USO-DE-LA-CALCULADORA.pdf\">Pautas uso de calculadora.<\/a><\/li>\n<\/ul>\n<\/li>\n<li><a href=\"https:\/\/blogsaverroes.juntadeandalucia.es\/ceipvirgendelacabeza\/files\/2025\/11\/Actualizaciones-o-modificaciones-Plan-Centro-25-26-firmado.pdf\" target=\"_blank\" rel=\"noopener noreferrer\">Actualizaciones o modificaciones Plan de Centro.<\/a>&nbsp;<\/li>\n<li><a href=\"https:\/\/blogsaverroes.juntadeandalucia.es\/ceipvirgendelacabeza\/files\/2025\/11\/Plan-de-Actuacion-Digital-25-26.pdf\">Plan de Actuaci\u00f3n Digital.&nbsp;<\/a> &nbsp;&nbsp;<\/li>\n<li><a href=\"https:\/\/blogsaverroes.juntadeandalucia.es\/ceipvirgendelacabeza\/files\/2025\/11\/POAT-CEIP-VIRGEN-DE-LA-CABEZA-25-26.pdf\">Plan de Orientaci\u00f3n y Acci\u00f3n Tutorial (POAT)<\/a><\/li>\n<li><a href=\"https:\/\/blogsaverroes.juntadeandalucia.es\/ceipvirgendelacabeza\/files\/2025\/11\/Programa-de-Transito-y-Acogida-25-26.pdf\">Programa de Transici\u00f3n y acogida.&nbsp;<\/a><\/li>\n<li><strong>Actividades Complementarias:<\/strong>\n<ul>\n<li><a href=\"https:\/\/blogsaverroes.juntadeandalucia.es\/ceipvirgendelacabeza\/files\/2025\/11\/PROGRAMACION-ACT.-COMPLEMENTARIAS-25-26.pdf\" target=\"_blank\" rel=\"noopener noreferrer\">Actividades 2025\/2026<\/a><\/li>\n<\/ul>\n<\/li>\n<\/ul>\n<h3>&nbsp;<\/h3>\n<h3><strong>CRITERIOS DE EVALUACI\u00d3N Y CALIFICACI\u00d3N<\/strong><\/h3>\n<div><a href=\"https:\/\/blogsaverroes.juntadeandalucia.es\/ceipvirgendelacabeza\/files\/2023\/11\/Lengua-Castellana-y-Literatura.pdf\">Lengua Castellana y Literatura<\/a><\/div>\n<div><a href=\"https:\/\/blogsaverroes.juntadeandalucia.es\/ceipvirgendelacabeza\/files\/2023\/11\/Matem\u00e1ticas.pdf\">Matem\u00e1ticas<\/a><\/div>\n<div><a href=\"https:\/\/blogsaverroes.juntadeandalucia.es\/ceipvirgendelacabeza\/files\/2023\/11\/Conocimiento-del-Medio-Natural.pdf\">Conocimiento del Medio Natural<\/a><\/div>\n<div><a href=\"https:\/\/blogsaverroes.juntadeandalucia.es\/ceipvirgendelacabeza\/files\/2023\/11\/Educaci\u00f3n-Art\u00edstica.pdf\">Educaci\u00f3n Art\u00edstica<\/a><\/div>\n<div><a href=\"https:\/\/blogsaverroes.juntadeandalucia.es\/ceipvirgendelacabeza\/files\/2023\/11\/Lengua-Extranjera.pdf\">Lengua extranjera<\/a><\/div>\n<div><a href=\"https:\/\/blogsaverroes.juntadeandalucia.es\/ceipvirgendelacabeza\/files\/2023\/11\/Educaci\u00f3n-F\u00edsica.pdf\">Educaci\u00f3n F\u00edsica<\/a><\/div>\n<div><a href=\"https:\/\/blogsaverroes.juntadeandalucia.es\/ceipvirgendelacabeza\/files\/2023\/11\/Educaci\u00f3n-en-Valores-C\u00edvicos-y-\u00e9ticos.pdf\">Educaci\u00f3n en Valores c\u00edvicos y \u00e9ticos<\/a><\/div>\n<div>&nbsp;<\/div>\n<div>&nbsp;<\/div>\n<h3><span style=\"text-decoration: underline\">PROYECTO DE DIRECCI\u00d3N<\/span><\/h3>\n<ul>\n<li><a href=\"https:\/\/blogsaverroes.juntadeandalucia.es\/ceipvirgendelacabeza\/files\/2023\/03\/PROYECTO-DE-DIRECCI\u00d3N.pdf\">Proyecto de Direcci\u00f3n 2022-2026<\/a><\/li>\n<\/ul>\n<div>&nbsp;<\/div>\n<h3><span style=\"text-decoration: underline\">PERMISOS Y LICENCIAS<\/span><\/h3>\n<ul>\n<li><a href=\"https:\/\/blogsaverroes.juntadeandalucia.es\/ceipvirgendelacabeza\/files\/2022\/11\/Solicitud-permisos-y-licencias-nuevo.pdf\" target=\"_blank\" rel=\"noopener noreferrer\">Solicitud permisos y licencias<\/a><\/li>\n<li><a href=\"https:\/\/blogsaverroes.juntadeandalucia.es\/ceipvirgendelacabeza\/files\/2023\/01\/PARTE_IT.pdf\" target=\"_blank\" rel=\"noopener noreferrer\">Parte de baja Muface<\/a><\/li>\n<\/ul>\n<h3><span style=\"text-decoration: underline\">INFORMACI\u00d3N SOBRE EL CENTRO<\/span><\/h3>\n<ul>\n<li><a href=\"https:\/\/blogsaverroes.juntadeandalucia.es\/ceipvirgendelacabeza\/files\/2025\/10\/Diptico-comienzo-de-curso.pdf\" target=\"_blank\" rel=\"noopener noreferrer\">D\u00edptico informativo en pdf<\/a><\/li>\n<\/ul>\n<p>&nbsp;<\/p>\n","protected":false},"excerpt":{"rendered":"<p>El plan Anual de Centro es la propuesta organizativa que un centro realiza para su funcionamiento durante un curso acad\u00e9mico. Se trata de un documento en el que se concretan las l\u00edneas generales y&#46;&#46;&#46;<\/p>\n","protected":false},"author":1796,"featured_media":0,"parent":0,"menu_order":0,"comment_status":"closed","ping_status":"closed","template":"","meta":{"ngg_post_thumbnail":0,"footnotes":""},"aioseo_notices":[],"_links":{"self":[{"href":"https:\/\/blogsaverroes.juntadeandalucia.es\/ceipvirgendelacabeza\/wp-json\/wp\/v2\/pages\/2368"}],"collection":[{"href":"https:\/\/blogsaverroes.juntadeandalucia.es\/ceipvirgendelacabeza\/wp-json\/wp\/v2\/pages"}],"about":[{"href":"https:\/\/blogsaverroes.juntadeandalucia.es\/ceipvirgendelacabeza\/wp-json\/wp\/v2\/types\/page"}],"author":[{"embeddable":true,"href":"https:\/\/blogsaverroes.juntadeandalucia.es\/ceipvirgendelacabeza\/wp-json\/wp\/v2\/users\/1796"}],"replies":[{"embeddable":true,"href":"https:\/\/blogsaverroes.juntadeandalucia.es\/ceipvirgendelacabeza\/wp-json\/wp\/v2\/comments?post=2368"}],"version-history":[{"count":134,"href":"https:\/\/blogsaverroes.juntadeandalucia.es\/ceipvirgendelacabeza\/wp-json\/wp\/v2\/pages\/2368\/revisions"}],"predecessor-version":[{"id":5327,"href":"https:\/\/blogsaverroes.juntadeandalucia.es\/ceipvirgendelacabeza\/wp-json\/wp\/v2\/pages\/2368\/revisions\/5327"}],"wp:attachment":[{"href":"https:\/\/blogsaverroes.juntadeandalucia.es\/ceipvirgendelacabeza\/wp-json\/wp\/v2\/media?parent=2368"}],"curies":[{"name":"wp","href":"https:\/\/api.w.org\/{rel}","templated":true}]}}