{"id":35,"date":"2015-03-13T08:21:43","date_gmt":"2015-03-13T08:21:43","guid":{"rendered":"http:\/\/blogsaverroes.juntadeandalucia.es\/pre\/ceip\/?page_id=35"},"modified":"2021-09-29T07:48:49","modified_gmt":"2021-09-29T07:48:49","slug":"el-centro-2","status":"publish","type":"page","link":"https:\/\/blogsaverroes.juntadeandalucia.es\/ceipvirgendelacabeza\/el-centro-2\/","title":{"rendered":"Datos del centro"},"content":{"rendered":"<h2><span style=\"color: #333399\">Datos de contacto<\/span><\/h2>\n<p><strong>Colegio de educaci\u00f3n infantil y primaria Virgen de la Cabeza. C\u00f3digo: 23001160<\/strong><\/p>\n<p><strong>Direcci\u00f3n:<\/strong> &nbsp;Calle Leonardo Mart\u00ednez Valenzuela, 54 .Campillo de Arenas (JA\u00c9N) C.P. 23130<\/p>\n<p><strong>Tel\u00e9fono: 953 36 69 57&nbsp;<\/strong><\/p>\n<p>Email: 23001160.edu@juntadeandalucia.es<\/p>\n<h4>&nbsp;<\/h4>\n<p>&nbsp;<\/p>\n","protected":false},"excerpt":{"rendered":"<p>Datos de contacto Colegio de educaci\u00f3n infantil y primaria Virgen de la Cabeza. C\u00f3digo: 23001160 Direcci\u00f3n: &nbsp;Calle Leonardo Mart\u00ednez Valenzuela, 54 .Campillo de Arenas (JA\u00c9N) C.P. 23130 Tel\u00e9fono: 953 36 69 57&nbsp; Email: 23001160.edu@juntadeandalucia.es&#46;&#46;&#46;<\/p>\n","protected":false},"author":1,"featured_media":0,"parent":0,"menu_order":0,"comment_status":"open","ping_status":"closed","template":"page-templates\/child-menu.php","meta":{"ngg_post_thumbnail":0,"footnotes":""},"aioseo_notices":[],"_links":{"self":[{"href":"https:\/\/blogsaverroes.juntadeandalucia.es\/ceipvirgendelacabeza\/wp-json\/wp\/v2\/pages\/35"}],"collection":[{"href":"https:\/\/blogsaverroes.juntadeandalucia.es\/ceipvirgendelacabeza\/wp-json\/wp\/v2\/pages"}],"about":[{"href":"https:\/\/blogsaverroes.juntadeandalucia.es\/ceipvirgendelacabeza\/wp-json\/wp\/v2\/types\/page"}],"author":[{"embeddable":true,"href":"https:\/\/blogsaverroes.juntadeandalucia.es\/ceipvirgendelacabeza\/wp-json\/wp\/v2\/users\/1"}],"replies":[{"embeddable":true,"href":"https:\/\/blogsaverroes.juntadeandalucia.es\/ceipvirgendelacabeza\/wp-json\/wp\/v2\/comments?post=35"}],"version-history":[{"count":24,"href":"https:\/\/blogsaverroes.juntadeandalucia.es\/ceipvirgendelacabeza\/wp-json\/wp\/v2\/pages\/35\/revisions"}],"predecessor-version":[{"id":4864,"href":"https:\/\/blogsaverroes.juntadeandalucia.es\/ceipvirgendelacabeza\/wp-json\/wp\/v2\/pages\/35\/revisions\/4864"}],"wp:attachment":[{"href":"https:\/\/blogsaverroes.juntadeandalucia.es\/ceipvirgendelacabeza\/wp-json\/wp\/v2\/media?parent=35"}],"curies":[{"name":"wp","href":"https:\/\/api.w.org\/{rel}","templated":true}]}}