{"id":41,"date":"2020-01-09T12:45:03","date_gmt":"2020-01-09T11:45:03","guid":{"rendered":"http:\/\/blogsaverroes.juntadeandalucia.es\/pre\/nuevoceip2v2\/?page_id=41"},"modified":"2022-11-29T09:18:02","modified_gmt":"2022-11-29T08:18:02","slug":"el-centro","status":"publish","type":"page","link":"https:\/\/blogsaverroes.juntadeandalucia.es\/ceipvirgendelacaridad\/el-centro\/","title":{"rendered":"El Centro"},"content":{"rendered":"<p style=\"text-align: left\">EL C.E.I.P \u201cVirgen de La Caridad\u201d se encuentra ubicado en una zona l\u00edmite de extrarradio de la ciudad de <a href=\"https:\/\/es.wikipedia.org\/wiki\/Sanl%C3%BAcar_de_Barrameda\">S\u00e1nlucar de Barrameda (C\u00e1diz)<\/a>, punto de confluencia de carreteras que le confiere unas caracter\u00edsticas especiales, pues s\u00ed por su situaci\u00f3n, se puede considerar \u201curbano\u201d ya que est\u00e1 rodeado de barriadas, y es en la actualidad de donde proviene su mayor proporci\u00f3n del alumnado, ya que su zona de influencia es muy extensa, pero ha de considerarse tambi\u00e9n extraurbano, ya que otra parte del alumnado procede de zonas agr\u00edcolas aglutinadas en \u201cpagos\u201d y de lugares distantes al centro lo que imponen el uso del servicio<img loading=\"lazy\" decoding=\"async\" class=\"size-medium wp-image-588 alignleft\" src=\"https:\/\/blogsaverroes.juntadeandalucia.es\/ceipvirgendelacaridad\/files\/2022\/11\/mapa-300x300.png\" alt=\"\" width=\"300\" height=\"300\" srcset=\"https:\/\/blogsaverroes.juntadeandalucia.es\/ceipvirgendelacaridad\/files\/2022\/11\/mapa-300x300.png 300w, https:\/\/blogsaverroes.juntadeandalucia.es\/ceipvirgendelacaridad\/files\/2022\/11\/mapa-150x150.png 150w, https:\/\/blogsaverroes.juntadeandalucia.es\/ceipvirgendelacaridad\/files\/2022\/11\/mapa.png 400w\" sizes=\"(max-width: 300px) 100vw, 300px\" \/> de transporte escolar. El n\u00famero de alumnos y alumnas que se encuentra escolarizado en el centro&nbsp; en los \u00faltimos cursos gira en torno a los 500.<\/p>\n<p>Para la atenci\u00f3n de nuestro alumnado contamos en el centro con una plantilla de profesorado correspondiente al n\u00famero de unidades existentes para cada curso escolar, adem\u00e1s de un aula espec\u00edfica, tres de apoyo a la integraci\u00f3n, un aula de atenci\u00f3n logop\u00e9dica, una cuidadora, un monitor de educaci\u00f3n especial, una monitora de administraci\u00f3n. En estos dos \u00faltimos a\u00f1os tambi\u00e9n contamos con un profesor m\u00e1s de pedagog\u00eda terap\u00e9utica del Programa PROA+ Transf\u00f3rmate, una orientadora del Programa de Unidades de Acompa\u00f1amiento y una profesora de atenci\u00f3n logop\u00e9dica m\u00e1s compartida con otro Centro de la localidad, para dar respuesta educativa a las neae con las que contamos. Es imprescindible la atenci\u00f3n que nos presta los profesionales del EOE de la localidad, una orientadora, una m\u00e9dico y una profesora de atenci\u00f3n logop\u00e9dica. Estos recursos hacen que nuestro centro est\u00e9 cada vez m\u00e1s solicitado por aquellos padres cuyos hijos o hijas presentan necesidades educativas especiales.<\/p>\n<p style=\"text-align: center\"><img loading=\"lazy\" decoding=\"async\" class=\"alignnone wp-image-590\" src=\"https:\/\/blogsaverroes.juntadeandalucia.es\/ceipvirgendelacaridad\/files\/2022\/11\/ceip-map-300x170.jpg\" alt=\"\" width=\"422\" height=\"239\"><\/p>\n<p>&nbsp;<\/p>\n","protected":false},"excerpt":{"rendered":"<p>EL C.E.I.P \u201cVirgen de La Caridad\u201d se encuentra ubicado en una zona l\u00edmite de extrarradio de la ciudad de S\u00e1nlucar de Barrameda (C\u00e1diz), punto de confluencia de carreteras que le confiere unas caracter\u00edsticas especiales, pues s\u00ed por su situaci\u00f3n, se puede considerar \u201curbano\u201d ya que est\u00e1 rodeado de barriadas, y es en la actualidad de [&hellip;]<\/p>\n","protected":false},"author":7051,"featured_media":0,"parent":0,"menu_order":0,"comment_status":"closed","ping_status":"closed","template":"","meta":{"_et_pb_use_builder":"off","_et_pb_old_content":"","_et_gb_content_width":"","ngg_post_thumbnail":0,"footnotes":""},"aioseo_notices":[],"_links":{"self":[{"href":"https:\/\/blogsaverroes.juntadeandalucia.es\/ceipvirgendelacaridad\/wp-json\/wp\/v2\/pages\/41"}],"collection":[{"href":"https:\/\/blogsaverroes.juntadeandalucia.es\/ceipvirgendelacaridad\/wp-json\/wp\/v2\/pages"}],"about":[{"href":"https:\/\/blogsaverroes.juntadeandalucia.es\/ceipvirgendelacaridad\/wp-json\/wp\/v2\/types\/page"}],"author":[{"embeddable":true,"href":"https:\/\/blogsaverroes.juntadeandalucia.es\/ceipvirgendelacaridad\/wp-json\/wp\/v2\/users\/7051"}],"replies":[{"embeddable":true,"href":"https:\/\/blogsaverroes.juntadeandalucia.es\/ceipvirgendelacaridad\/wp-json\/wp\/v2\/comments?post=41"}],"version-history":[{"count":6,"href":"https:\/\/blogsaverroes.juntadeandalucia.es\/ceipvirgendelacaridad\/wp-json\/wp\/v2\/pages\/41\/revisions"}],"predecessor-version":[{"id":592,"href":"https:\/\/blogsaverroes.juntadeandalucia.es\/ceipvirgendelacaridad\/wp-json\/wp\/v2\/pages\/41\/revisions\/592"}],"wp:attachment":[{"href":"https:\/\/blogsaverroes.juntadeandalucia.es\/ceipvirgendelacaridad\/wp-json\/wp\/v2\/media?parent=41"}],"curies":[{"name":"wp","href":"https:\/\/api.w.org\/{rel}","templated":true}]}}