{"id":593,"date":"2024-02-06T09:57:18","date_gmt":"2024-02-06T08:57:18","guid":{"rendered":"https:\/\/blogsaverroes.juntadeandalucia.es\/ceipvirgendelinarejos\/?page_id=593"},"modified":"2025-11-26T19:46:38","modified_gmt":"2025-11-26T18:46:38","slug":"programaciones","status":"publish","type":"page","link":"https:\/\/blogsaverroes.juntadeandalucia.es\/ceipvirgendelinarejos\/programaciones\/","title":{"rendered":"Programaciones"},"content":{"rendered":"<p style=\"text-align: center\">&nbsp;<\/p>\n<p>&nbsp;<\/p>\n<table style=\"height: 362px;width: 100%;border-collapse: collapse;border-style: double;border-color: #af58cc;background-color: #eff2ae\">\n<tbody>\n<tr style=\"height: 73px\">\n<td style=\"width: 66.6666%;text-align: center;height: 73px\" colspan=\"2\"><span style=\"font-size: 36pt;color: #cc99ff\"><strong>Programaciones Did\u00e1cticas&nbsp;<\/strong><\/span><span style=\"color: #0000ff\"><br \/>\n<\/span><\/td>\n<\/tr>\n<tr style=\"height: 25px\">\n<td style=\"width: 33.3333%;height: 71px;text-align: center\" rowspan=\"3\"><a href=\"https:\/\/drive.google.com\/drive\/folders\/12S-LAu8pJBCCevUDIBomS6XBB5DTnJDK?usp=sharing\"><strong><span style=\"font-size: 18pt\">Infantil&nbsp;<\/span><\/strong><\/a><\/td>\n<td style=\"width: 33.3333%;height: 25px;text-align: center\"><a href=\"https:\/\/drive.google.com\/drive\/folders\/1RcY9yoiQGZXbLK5XMqS1YwIYPtJKWsvk?usp=drive_link\"><strong><span style=\"font-size: 18pt\">3 a\u00f1os<\/span><\/strong><\/a><\/td>\n<\/tr>\n<tr style=\"height: 23px\">\n<td style=\"width: 33.3333%;height: 23px;text-align: center\"><a href=\"https:\/\/drive.google.com\/drive\/folders\/1pntLWo4yFQSQxmiD_Uf7UOR6KOr5lg29?usp=drive_link\"><strong><span style=\"font-size: 18pt\"> 4 a\u00f1os<\/span><\/strong><\/a><\/td>\n<\/tr>\n<tr style=\"height: 23px\">\n<td style=\"width: 33.3333%;height: 23px;text-align: center\"><a href=\"https:\/\/drive.google.com\/drive\/folders\/1ZTkZ3b7ZR34uTwOsMI53jpyq1H5SNSCj?usp=drive_link\"><strong><span style=\"font-size: 18pt\">5 a\u00f1os<\/span><\/strong><\/a><\/td>\n<\/tr>\n<tr style=\"height: 25px\">\n<td style=\"width: 33.3333%;height: 218px;text-align: center\" rowspan=\"9\"><span style=\"color: #000000\"><a style=\"color: #000000\" href=\"https:\/\/drive.google.com\/drive\/folders\/19fAv65EkOFJ9YHRJegBH5pXGqg5IqCzZ?usp=drive_link\"><strong><span style=\"font-size: 18pt\">Educaci\u00f3n Primaria<\/span><\/strong><\/a><\/span><br \/>\n<span style=\"color: #000000\"><a style=\"color: #000000\" href=\"https:\/\/drive.google.com\/file\/d\/1iQRXvgOKFKqCmiGMY3JcMzahFYdGRL_U\/view?usp=drive_link\"><strong><span style=\"font-size: 18pt\"><br \/>\n<\/span><\/strong><\/a><\/span><\/td>\n<td style=\"width: 33.3333%;height: 32px;text-align: center\"><span style=\"color: #000000;font-family: 'arial black', sans-serif;font-size: 12pt\"><a style=\"color: #000000\" href=\"https:\/\/drive.google.com\/file\/d\/1KlMNNdce72KXS0H4m4-wQJP1wtopuv0Q\/view?usp=drive_link\">Conocimiento del medio<\/a><\/span><\/td>\n<\/tr>\n<tr style=\"height: 23px\">\n<td style=\"width: 33.3333%;height: 23px;text-align: center\"><span style=\"color: #000000;font-family: 'arial black', sans-serif;font-size: 12pt\"><a style=\"color: #000000\" href=\"https:\/\/drive.google.com\/file\/d\/1BU_dac6jq5y4FxJHYOb1HPmRqx9VzqyT\/view?usp=drive_link\">Educaci\u00f3n f\u00edsica<\/a><\/span><\/td>\n<\/tr>\n<tr style=\"height: 23px\">\n<td style=\"width: 33.3333%;height: 23px;text-align: center\"><span style=\"color: #000000;font-family: 'arial black', sans-serif;font-size: 12pt\"><a style=\"color: #000000\" href=\"https:\/\/drive.google.com\/file\/d\/18hmGtebYUK14vXKQy5342_W1BjT6p5Mp\/view?usp=drive_link\">Franc\u00e9s<\/a><\/span><\/td>\n<\/tr>\n<tr style=\"height: 23px\">\n<td style=\"width: 33.3333%;height: 23px;text-align: center\"><span style=\"color: #000000;font-family: 'arial black', sans-serif;font-size: 12pt\"><a style=\"color: #000000\" href=\"https:\/\/drive.google.com\/file\/d\/12xU4CGFTdgKw-smL4_Hq2ArVyFhsUu0d\/view?usp=drive_link\">Ingl\u00e9s<\/a><\/span><\/td>\n<\/tr>\n<tr style=\"height: 23px\">\n<td style=\"width: 33.3333%;height: 23px;text-align: center\"><span style=\"color: #000000;font-family: 'arial black', sans-serif;font-size: 12pt\"><a style=\"color: #000000\" href=\"https:\/\/drive.google.com\/file\/d\/1eKtbDqcNv_dQ_a4I_3xgfyCrJGTr30PO\/view?usp=drive_link\">Lengua castellana<\/a><\/span><\/td>\n<\/tr>\n<tr style=\"height: 23px\">\n<td style=\"width: 33.3333%;height: 23px;text-align: center\"><span style=\"color: #000000;font-family: 'arial black', sans-serif;font-size: 12pt\"><a style=\"color: #000000\" href=\"https:\/\/drive.google.com\/file\/d\/1jyzxGw_HAmpQVo8G9gdQkx3O_dxLIeyP\/view?usp=drive_link\">Matem\u00e1ticas<\/a><\/span><\/td>\n<\/tr>\n<tr style=\"height: 23px\">\n<td style=\"width: 33.3333%;height: 23px;text-align: center\"><span style=\"color: #000000;font-family: 'arial black', sans-serif;font-size: 12pt\"><a style=\"color: #000000\" href=\"https:\/\/drive.google.com\/file\/d\/1rHO23wdZKxS4fMWy0O49NZQ9n42mWzJc\/view?usp=drive_link\">Religi\u00f3n<\/a><\/span><\/td>\n<\/tr>\n<tr style=\"height: 23px\">\n<td style=\"width: 33.3333%;height: 23px;text-align: center\"><span style=\"color: #000000;font-family: 'arial black', sans-serif;font-size: 12pt\"><a style=\"color: #000000\" href=\"https:\/\/drive.google.com\/file\/d\/1Quj9dNXt-CUAccHwbpUSlD9qSC8yQW_2\/view?usp=drive_link\">Valores <\/a><\/span><\/td>\n<\/tr>\n<tr style=\"height: 25px\">\n<td style=\"width: 33.3333%;height: 25px;text-align: center\"><span style=\"color: #000000;font-family: 'arial black', sans-serif;font-size: 12pt\">Art\u00edstica<\/span><\/td>\n<\/tr>\n<\/tbody>\n<\/table>\n<p style=\"text-align: center\"><span style=\"font-size: 14pt\">:<\/span><\/p>\n<p style=\"text-align: center\">&nbsp;<\/p>\n<p style=\"text-align: center\">&nbsp;<\/p>\n<p style=\"text-align: center\">&nbsp;<\/p>\n<p style=\"text-align: center\">&nbsp;<\/p>\n<p style=\"text-align: center\">&nbsp;<\/p>\n<p style=\"text-align: center\">&nbsp;<\/p>\n<p style=\"text-align: center\">&nbsp;<\/p>\n<p style=\"text-align: center\">&nbsp;<\/p>\n<p style=\"text-align: center\">&nbsp;<\/p>\n<p style=\"text-align: center\">&nbsp;<\/p>\n<p style=\"text-align: center\">&nbsp;<\/p>\n<p style=\"text-align: center\">&nbsp;<\/p>\n<p style=\"text-align: center\">&nbsp;<\/p>\n","protected":false},"excerpt":{"rendered":"<p>&nbsp; &nbsp; Programaciones Did\u00e1cticas&nbsp; Infantil&nbsp; 3 a\u00f1os 4 a\u00f1os 5 a\u00f1os Educaci\u00f3n Primaria Conocimiento del medio Educaci\u00f3n f\u00edsica Franc\u00e9s Ingl\u00e9s Lengua castellana Matem\u00e1ticas Religi\u00f3n Valores Art\u00edstica : &nbsp; &nbsp; &nbsp; &nbsp; &nbsp; &nbsp; &nbsp; &nbsp; &nbsp; &nbsp; &nbsp; &nbsp; &nbsp;<\/p>\n","protected":false},"author":19060,"featured_media":0,"parent":0,"menu_order":0,"comment_status":"closed","ping_status":"closed","template":"","meta":{"_et_pb_use_builder":"off","_et_pb_old_content":"","_et_gb_content_width":"","ngg_post_thumbnail":0,"footnotes":""},"aioseo_notices":[],"_links":{"self":[{"href":"https:\/\/blogsaverroes.juntadeandalucia.es\/ceipvirgendelinarejos\/wp-json\/wp\/v2\/pages\/593"}],"collection":[{"href":"https:\/\/blogsaverroes.juntadeandalucia.es\/ceipvirgendelinarejos\/wp-json\/wp\/v2\/pages"}],"about":[{"href":"https:\/\/blogsaverroes.juntadeandalucia.es\/ceipvirgendelinarejos\/wp-json\/wp\/v2\/types\/page"}],"author":[{"embeddable":true,"href":"https:\/\/blogsaverroes.juntadeandalucia.es\/ceipvirgendelinarejos\/wp-json\/wp\/v2\/users\/19060"}],"replies":[{"embeddable":true,"href":"https:\/\/blogsaverroes.juntadeandalucia.es\/ceipvirgendelinarejos\/wp-json\/wp\/v2\/comments?post=593"}],"version-history":[{"count":6,"href":"https:\/\/blogsaverroes.juntadeandalucia.es\/ceipvirgendelinarejos\/wp-json\/wp\/v2\/pages\/593\/revisions"}],"predecessor-version":[{"id":1042,"href":"https:\/\/blogsaverroes.juntadeandalucia.es\/ceipvirgendelinarejos\/wp-json\/wp\/v2\/pages\/593\/revisions\/1042"}],"wp:attachment":[{"href":"https:\/\/blogsaverroes.juntadeandalucia.es\/ceipvirgendelinarejos\/wp-json\/wp\/v2\/media?parent=593"}],"curies":[{"name":"wp","href":"https:\/\/api.w.org\/{rel}","templated":true}]}}