{"id":897,"date":"2025-10-04T16:31:26","date_gmt":"2025-10-04T15:31:26","guid":{"rendered":"https:\/\/blogsaverroes.juntadeandalucia.es\/ceipvirgendelinarejos\/?page_id=897"},"modified":"2025-10-05T08:21:39","modified_gmt":"2025-10-05T07:21:39","slug":"horarios","status":"publish","type":"page","link":"https:\/\/blogsaverroes.juntadeandalucia.es\/ceipvirgendelinarejos\/horarios\/","title":{"rendered":"Horarios"},"content":{"rendered":"<p style=\"text-align: center\"><span style=\"font-size: 24pt\"><strong>\ud83d\udccc&#8221;Horarios de Atenci\u00f3n a Familias&#8221;<\/strong><\/span><\/p>\n<p style=\"text-align: center\"><iframe loading=\"lazy\" src=\"https:\/\/drive.google.com\/file\/d\/1xBvtwyWzvvReFDVCcXH-a-WFC9DECO-K\/preview\" width=\"640\" height=\"480\"><\/iframe><\/p>\n<p style=\"text-align: center\"><span style=\"font-size: 24pt\"><strong>\ud83d\udccc&#8221;Solicitud y Gesti\u00f3n de Tutor\u00edas a trav\u00e9s de iPasen&#8221;<\/strong><\/span><\/p>\n<p style=\"text-align: center\"><iframe loading=\"lazy\" src=\"https:\/\/drive.google.com\/file\/d\/1T6ZsfwufTB_u23chfnvt9I8RDkXbpZOZ\/preview\" width=\"640\" height=\"480\"><\/iframe><\/p>\n<p style=\"text-align: right\">&nbsp; &nbsp; &nbsp; <iframe loading=\"lazy\" src=\"\/\/www.youtube.com\/embed\/qaJ2vZIhS6E?si=9EPZmJiiAwOM92gF&amp;start=10\" width=\"350\" height=\"197\" frameborder=\"0\"><\/iframe>&nbsp; &nbsp; &nbsp; &nbsp; &nbsp; &nbsp; &nbsp; &nbsp; &nbsp; &nbsp; &nbsp; &nbsp; &nbsp; &nbsp; &nbsp; &nbsp; &nbsp; &nbsp; &nbsp; &nbsp; &nbsp; &nbsp;<\/p>\n<p style=\"text-align: center\">&nbsp;<\/p>\n","protected":false},"excerpt":{"rendered":"<p>\ud83d\udccc&#8221;Horarios de Atenci\u00f3n a Familias&#8221; \ud83d\udccc&#8221;Solicitud y Gesti\u00f3n de Tutor\u00edas a trav\u00e9s de iPasen&#8221; &nbsp; &nbsp; &nbsp; &nbsp; &nbsp; &nbsp; &nbsp; &nbsp; &nbsp; &nbsp; &nbsp; &nbsp; &nbsp; &nbsp; &nbsp; &nbsp; &nbsp; &nbsp; &nbsp; &nbsp; &nbsp; &nbsp; &nbsp; &nbsp; &nbsp; &nbsp;<\/p>\n","protected":false},"author":19094,"featured_media":0,"parent":0,"menu_order":0,"comment_status":"closed","ping_status":"closed","template":"","meta":{"_et_pb_use_builder":"","_et_pb_old_content":"","_et_gb_content_width":"","ngg_post_thumbnail":0,"footnotes":""},"aioseo_notices":[],"_links":{"self":[{"href":"https:\/\/blogsaverroes.juntadeandalucia.es\/ceipvirgendelinarejos\/wp-json\/wp\/v2\/pages\/897"}],"collection":[{"href":"https:\/\/blogsaverroes.juntadeandalucia.es\/ceipvirgendelinarejos\/wp-json\/wp\/v2\/pages"}],"about":[{"href":"https:\/\/blogsaverroes.juntadeandalucia.es\/ceipvirgendelinarejos\/wp-json\/wp\/v2\/types\/page"}],"author":[{"embeddable":true,"href":"https:\/\/blogsaverroes.juntadeandalucia.es\/ceipvirgendelinarejos\/wp-json\/wp\/v2\/users\/19094"}],"replies":[{"embeddable":true,"href":"https:\/\/blogsaverroes.juntadeandalucia.es\/ceipvirgendelinarejos\/wp-json\/wp\/v2\/comments?post=897"}],"version-history":[{"count":12,"href":"https:\/\/blogsaverroes.juntadeandalucia.es\/ceipvirgendelinarejos\/wp-json\/wp\/v2\/pages\/897\/revisions"}],"predecessor-version":[{"id":1009,"href":"https:\/\/blogsaverroes.juntadeandalucia.es\/ceipvirgendelinarejos\/wp-json\/wp\/v2\/pages\/897\/revisions\/1009"}],"wp:attachment":[{"href":"https:\/\/blogsaverroes.juntadeandalucia.es\/ceipvirgendelinarejos\/wp-json\/wp\/v2\/media?parent=897"}],"curies":[{"name":"wp","href":"https:\/\/api.w.org\/{rel}","templated":true}]}}