{"id":919,"date":"2025-10-04T17:28:17","date_gmt":"2025-10-04T16:28:17","guid":{"rendered":"https:\/\/blogsaverroes.juntadeandalucia.es\/ceipvirgendelinarejos\/?page_id=919"},"modified":"2025-10-04T17:41:53","modified_gmt":"2025-10-04T16:41:53","slug":"web-de-ingles","status":"publish","type":"page","link":"https:\/\/blogsaverroes.juntadeandalucia.es\/ceipvirgendelinarejos\/web-de-ingles\/","title":{"rendered":"Web de ingl\u00e9s"},"content":{"rendered":"<p><strong>\u00a1Bienvenidos a la nueva web de Ingl\u00e9s! \ud83c\udf10\ud83d\udcda<\/strong><\/p>\n<p data-start=\"163\" data-end=\"312\">\u00a1Aqu\u00ed encontrar\u00e9is:<\/p>\n<ul data-start=\"314\" data-end=\"583\">\n<li data-start=\"314\" data-end=\"377\">\n<p data-start=\"316\" data-end=\"377\">Materiales y recursos para todas las asignaturas de ingl\u00e9s.<\/p>\n<\/li>\n<li data-start=\"378\" data-end=\"443\">\n<p data-start=\"380\" data-end=\"443\">Ejercicios interactivos y actividades para practicar en casa.<\/p>\n<\/li>\n<li data-start=\"444\" data-end=\"518\">\n<p data-start=\"446\" data-end=\"518\">Noticias y novedades sobre eventos, concursos y actividades en ingl\u00e9s.<\/p>\n<\/li>\n<li data-start=\"519\" data-end=\"583\">\n<p data-start=\"521\" data-end=\"583\">Consejos y estrategias para mejorar vuestro nivel de idioma.<\/p>\n<\/li>\n<\/ul>\n<p data-start=\"585\" data-end=\"769\">La web est\u00e1 dise\u00f1ada para que aprender ingl\u00e9s sea m\u00e1s f\u00e1cil, divertido y accesible desde cualquier dispositivo.<br data-start=\"696\" data-end=\"699\">\u00a1No olvid\u00e9is visitarla regularmente y aprovechar todo lo que ofrece!<\/p>\n<p data-start=\"771\" data-end=\"797\"><strong data-start=\"771\" data-end=\"795\">\u27a1\ufe0f [Enlace a la web: <a href=\"https:\/\/sites.google.com\/g.educaand.es\/rosaarroyoruiz\/inicio\">https:\/\/sites.google.com\/g.educaand.es\/rosaarroyoruiz\/inicio<\/a>]<\/strong><\/p>\n<p><a href=\"https:\/\/sites.google.com\/g.educaand.es\/rosaarroyoruiz\/inicio\"><img loading=\"lazy\" decoding=\"async\" class=\"alignnone wp-image-925 aligncenter\" src=\"https:\/\/blogsaverroes.juntadeandalucia.es\/ceipvirgendelinarejos\/files\/2025\/10\/Captura-de-pantalla-2025-10-04-183521-300x147.png\" alt=\"\" width=\"586\" height=\"287\"><\/a><\/p>\n","protected":false},"excerpt":{"rendered":"<p>\u00a1Bienvenidos a la nueva web de Ingl\u00e9s! \ud83c\udf10\ud83d\udcda \u00a1Aqu\u00ed encontrar\u00e9is: Materiales y recursos para todas las asignaturas de ingl\u00e9s. Ejercicios interactivos y actividades para practicar en casa. Noticias y novedades sobre eventos, concursos y actividades en ingl\u00e9s. Consejos y estrategias para mejorar vuestro nivel de idioma. La web est\u00e1 dise\u00f1ada para que aprender ingl\u00e9s sea [&hellip;]<\/p>\n","protected":false},"author":19094,"featured_media":0,"parent":0,"menu_order":0,"comment_status":"closed","ping_status":"closed","template":"","meta":{"_et_pb_use_builder":"","_et_pb_old_content":"","_et_gb_content_width":"","ngg_post_thumbnail":0,"footnotes":""},"aioseo_notices":[],"_links":{"self":[{"href":"https:\/\/blogsaverroes.juntadeandalucia.es\/ceipvirgendelinarejos\/wp-json\/wp\/v2\/pages\/919"}],"collection":[{"href":"https:\/\/blogsaverroes.juntadeandalucia.es\/ceipvirgendelinarejos\/wp-json\/wp\/v2\/pages"}],"about":[{"href":"https:\/\/blogsaverroes.juntadeandalucia.es\/ceipvirgendelinarejos\/wp-json\/wp\/v2\/types\/page"}],"author":[{"embeddable":true,"href":"https:\/\/blogsaverroes.juntadeandalucia.es\/ceipvirgendelinarejos\/wp-json\/wp\/v2\/users\/19094"}],"replies":[{"embeddable":true,"href":"https:\/\/blogsaverroes.juntadeandalucia.es\/ceipvirgendelinarejos\/wp-json\/wp\/v2\/comments?post=919"}],"version-history":[{"count":7,"href":"https:\/\/blogsaverroes.juntadeandalucia.es\/ceipvirgendelinarejos\/wp-json\/wp\/v2\/pages\/919\/revisions"}],"predecessor-version":[{"id":928,"href":"https:\/\/blogsaverroes.juntadeandalucia.es\/ceipvirgendelinarejos\/wp-json\/wp\/v2\/pages\/919\/revisions\/928"}],"wp:attachment":[{"href":"https:\/\/blogsaverroes.juntadeandalucia.es\/ceipvirgendelinarejos\/wp-json\/wp\/v2\/media?parent=919"}],"curies":[{"name":"wp","href":"https:\/\/api.w.org\/{rel}","templated":true}]}}