{"id":959,"date":"2025-10-04T21:48:33","date_gmt":"2025-10-04T20:48:33","guid":{"rendered":"https:\/\/blogsaverroes.juntadeandalucia.es\/ceipvirgendelinarejos\/?page_id=959"},"modified":"2025-10-04T21:48:33","modified_gmt":"2025-10-04T20:48:33","slug":"recursos-humanos","status":"publish","type":"page","link":"https:\/\/blogsaverroes.juntadeandalucia.es\/ceipvirgendelinarejos\/recursos-humanos\/","title":{"rendered":"Recursos Humanos"},"content":{"rendered":"<h1 data-start=\"183\" data-end=\"231\"><span style=\"font-family: 'arial black', sans-serif\">\ud83d\udccc Organizaci\u00f3n del Centro \u2013 Curso 2025\/2026<\/span><\/h1>\n<p data-start=\"233\" data-end=\"424\"><span style=\"font-family: 'arial black', sans-serif\">Queremos compartir con toda la comunidad educativa la composici\u00f3n del <strong data-start=\"303\" data-end=\"372\">equipo directivo, claustro de profesorado y equipo de orientaci\u00f3n<\/strong> de nuestro centro para el presente curso escolar.<\/span><\/p>\n<h2 data-start=\"431\" data-end=\"458\"><span style=\"font-family: 'arial black', sans-serif\">\ud83d\udc69\u200d\ud83d\udcbc Equipo Directivo<\/span><\/h2>\n<ul data-start=\"459\" data-end=\"690\">\n<li data-start=\"459\" data-end=\"534\">\n<p data-start=\"461\" data-end=\"534\"><span style=\"font-family: 'arial black', sans-serif\"><strong data-start=\"461\" data-end=\"474\">Directora<\/strong>: Inmaculada Valdivia Castro<\/span><br data-start=\"502\" data-end=\"505\"><span style=\"font-family: 'arial black', sans-serif\">\ud83d\udce7 <a class=\"decorated-link cursor-pointer\" rel=\"noopener\" data-start=\"508\" data-end=\"532\">ivalcas126@g.educaand.es<\/a><\/span><\/p>\n<\/li>\n<li data-start=\"536\" data-end=\"615\">\n<p data-start=\"538\" data-end=\"615\"><span style=\"font-family: 'arial black', sans-serif\"><strong data-start=\"538\" data-end=\"558\">Jefa de Estudios<\/strong>: Noelia Rodr\u00edguez Garc\u00eda<\/span><br data-start=\"583\" data-end=\"586\"><span style=\"font-family: 'arial black', sans-serif\">\ud83d\udce7 <a class=\"decorated-link cursor-pointer\" rel=\"noopener\" data-start=\"589\" data-end=\"613\">nrodgar628@g.educaand.es<\/a><\/span><\/p>\n<\/li>\n<li data-start=\"617\" data-end=\"690\">\n<p data-start=\"619\" data-end=\"690\"><span style=\"font-family: 'arial black', sans-serif\"><strong data-start=\"619\" data-end=\"633\">Secretaria<\/strong>: Ana Bel\u00e9n Marfil Casado<\/span><br data-start=\"658\" data-end=\"661\"><span style=\"font-family: 'arial black', sans-serif\">\ud83d\udce7 <a class=\"decorated-link cursor-pointer\" rel=\"noopener\" data-start=\"664\" data-end=\"688\">amarcas315@g.educaand.es<\/a><\/span><\/p>\n<\/li>\n<\/ul>\n<h2 data-start=\"697\" data-end=\"731\"><span style=\"font-family: 'arial black', sans-serif\">\ud83d\udc69\u200d\ud83c\udfeb Claustro de Profesorado<\/span><\/h2>\n<h3 data-start=\"733\" data-end=\"757\"><span style=\"font-family: 'arial black', sans-serif\">Educaci\u00f3n Infantil<\/span><\/h3>\n<ul data-start=\"758\" data-end=\"973\">\n<li data-start=\"758\" data-end=\"830\">\n<p data-start=\"760\" data-end=\"830\"><span style=\"font-family: 'arial black', sans-serif\"><strong data-start=\"760\" data-end=\"770\">3 a\u00f1os<\/strong>: Isabel Mar\u00eda \u00c1lamo Parrado<\/span><br data-start=\"798\" data-end=\"801\"><span style=\"font-family: 'arial black', sans-serif\">\ud83d\udce7 <a class=\"decorated-link cursor-pointer\" rel=\"noopener\" data-start=\"804\" data-end=\"828\">ialapar082@g.educaand.es<\/a><\/span><\/p>\n<\/li>\n<li data-start=\"831\" data-end=\"903\">\n<p data-start=\"833\" data-end=\"903\"><span style=\"font-family: 'arial black', sans-serif\"><strong data-start=\"833\" data-end=\"843\">4 a\u00f1os<\/strong>: Mar\u00eda Luz M\u00e9ndez Rodr\u00edguez<\/span><br data-start=\"871\" data-end=\"874\"><span style=\"font-family: 'arial black', sans-serif\">\ud83d\udce7 <a class=\"decorated-link cursor-pointer\" rel=\"noopener\" data-start=\"877\" data-end=\"901\">mmenrod174@g.educaand.es<\/a><\/span><\/p>\n<\/li>\n<li data-start=\"904\" data-end=\"973\">\n<p data-start=\"906\" data-end=\"973\"><span style=\"font-family: 'arial black', sans-serif\"><strong data-start=\"906\" data-end=\"916\">5 a\u00f1os<\/strong>: Ana Bel\u00e9n Marfil Casado<\/span><br data-start=\"941\" data-end=\"944\"><span style=\"font-family: 'arial black', sans-serif\">\ud83d\udce7 <a class=\"decorated-link cursor-pointer\" rel=\"noopener\" data-start=\"947\" data-end=\"971\">amarcas315@g.educaand.es<\/a><\/span><\/p>\n<\/li>\n<\/ul>\n<h3 data-start=\"975\" data-end=\"1001\"><span style=\"font-family: 'arial black', sans-serif\">1\u00ba Ciclo de Primaria<\/span><\/h3>\n<ul data-start=\"1002\" data-end=\"1160\">\n<li data-start=\"1002\" data-end=\"1079\">\n<p data-start=\"1004\" data-end=\"1079\"><span style=\"font-family: 'arial black', sans-serif\"><strong data-start=\"1004\" data-end=\"1019\">1\u00ba Primaria<\/strong>: Ana Luc\u00eda Gonzalo Gonz\u00e1lez<\/span><br data-start=\"1047\" data-end=\"1050\"><span style=\"font-family: 'arial black', sans-serif\">\ud83d\udce7 <a class=\"decorated-link cursor-pointer\" rel=\"noopener\" data-start=\"1053\" data-end=\"1077\">agongon343@g.educaand.es<\/a><\/span><\/p>\n<\/li>\n<li data-start=\"1080\" data-end=\"1160\">\n<p data-start=\"1082\" data-end=\"1160\"><span style=\"font-family: 'arial black', sans-serif\"><strong data-start=\"1082\" data-end=\"1097\">2\u00ba Primaria<\/strong>: Mar\u00eda Gracia de Rus Izquierdo<\/span><br data-start=\"1128\" data-end=\"1131\"><span style=\"font-family: 'arial black', sans-serif\">\ud83d\udce7 <a class=\"decorated-link cursor-pointer\" rel=\"noopener\" data-start=\"1134\" data-end=\"1158\">mrusizq179@g.educaand.es<\/a><\/span><\/p>\n<\/li>\n<\/ul>\n<h3 data-start=\"1162\" data-end=\"1188\"><span style=\"font-family: 'arial black', sans-serif\">2\u00ba Ciclo de Primaria<\/span><\/h3>\n<ul data-start=\"1189\" data-end=\"1346\">\n<li data-start=\"1189\" data-end=\"1269\">\n<p data-start=\"1191\" data-end=\"1269\"><span style=\"font-family: 'arial black', sans-serif\"><strong data-start=\"1191\" data-end=\"1206\">3\u00ba Primaria<\/strong>: Mar\u00eda Victoria Mill\u00e1n Cerceda<\/span><br data-start=\"1237\" data-end=\"1240\"><span style=\"font-family: 'arial black', sans-serif\">\ud83d\udce7 <a class=\"decorated-link cursor-pointer\" rel=\"noopener\" data-start=\"1243\" data-end=\"1267\">mmilcer854@g.educaand.es<\/a><\/span><\/p>\n<\/li>\n<li data-start=\"1270\" data-end=\"1346\">\n<p data-start=\"1272\" data-end=\"1346\"><span style=\"font-family: 'arial black', sans-serif\"><strong data-start=\"1272\" data-end=\"1287\">4\u00ba Primaria<\/strong>: Concepci\u00f3n Vilches Medina<\/span><br data-start=\"1314\" data-end=\"1317\"><span style=\"font-family: 'arial black', sans-serif\">\ud83d\udce7 <a class=\"decorated-link cursor-pointer\" rel=\"noopener\" data-start=\"1320\" data-end=\"1344\">cvilmed955@g.educaand.es<\/a><\/span><\/p>\n<\/li>\n<\/ul>\n<h3 data-start=\"1348\" data-end=\"1374\"><span style=\"font-family: 'arial black', sans-serif\">3\u00ba Ciclo de Primaria<\/span><\/h3>\n<ul data-start=\"1375\" data-end=\"1508\">\n<li data-start=\"1375\" data-end=\"1440\">\n<p data-start=\"1377\" data-end=\"1440\"><span style=\"font-family: 'arial black', sans-serif\"><strong data-start=\"1377\" data-end=\"1392\">5\u00ba Primaria<\/strong>: Susana Carmona Medina<\/span><br data-start=\"1415\" data-end=\"1418\"><span style=\"font-family: 'arial black', sans-serif\">\ud83d\udce7 <a class=\"decorated-link cursor-pointer\" rel=\"noopener\" data-start=\"1421\" data-end=\"1438\">scarmed595@g.educ<\/a><\/span><\/p>\n<\/li>\n<li data-start=\"1441\" data-end=\"1508\">\n<p data-start=\"1443\" data-end=\"1508\"><span style=\"font-family: 'arial black', sans-serif\"><strong data-start=\"1443\" data-end=\"1458\">6\u00ba Primaria<\/strong>: Rosa Arroyo Ruiz<\/span><br data-start=\"1476\" data-end=\"1479\"><span style=\"font-family: 'arial black', sans-serif\">\ud83d\udce7 <a class=\"decorated-link cursor-pointer\" rel=\"noopener\" data-start=\"1482\" data-end=\"1506\">rarrrui964@g.educaand.es<\/a><\/span><\/p>\n<\/li>\n<\/ul>\n<h3 data-start=\"1510\" data-end=\"1529\"><span style=\"font-family: 'arial black', sans-serif\">Especialistas<\/span><\/h3>\n<ul data-start=\"1530\" data-end=\"1832\">\n<li data-start=\"1530\" data-end=\"1592\">\n<p data-start=\"1532\" data-end=\"1592\"><span style=\"font-family: 'arial black', sans-serif\"><strong data-start=\"1532\" data-end=\"1542\">Ingl\u00e9s<\/strong>: Rosa Arroyo Ruiz<\/span><br data-start=\"1560\" data-end=\"1563\"><span style=\"font-family: 'arial black', sans-serif\">\ud83d\udce7 <a class=\"decorated-link cursor-pointer\" rel=\"noopener\" data-start=\"1566\" data-end=\"1590\">rarrrui964@g.educaand.es<\/a><\/span><\/p>\n<\/li>\n<li data-start=\"1593\" data-end=\"1685\">\n<p data-start=\"1595\" data-end=\"1685\"><span style=\"font-family: 'arial black', sans-serif\"><strong data-start=\"1595\" data-end=\"1615\">Educaci\u00f3n F\u00edsica<\/strong>: Francisco de Paula Guti\u00e9rrez Delgado<\/span><br data-start=\"1653\" data-end=\"1656\"><span style=\"font-family: 'arial black', sans-serif\">\ud83d\udce7 <a class=\"decorated-link cursor-pointer\" rel=\"noopener\" data-start=\"1659\" data-end=\"1683\">fgutdel914@g.educaand.es<\/a><\/span><\/p>\n<\/li>\n<li data-start=\"1686\" data-end=\"1760\">\n<p data-start=\"1688\" data-end=\"1760\"><span style=\"font-family: 'arial black', sans-serif\"><strong data-start=\"1688\" data-end=\"1700\">Refuerzo<\/strong>: Inmaculada Camacho Requena<\/span><br data-start=\"1728\" data-end=\"1731\"><span style=\"font-family: 'arial black', sans-serif\">\ud83d\udce7 <a class=\"decorated-link cursor-pointer\" rel=\"noopener\" data-start=\"1734\" data-end=\"1758\">icamreq831@g.educaand.es<\/a><\/span><\/p>\n<\/li>\n<li data-start=\"1761\" data-end=\"1832\">\n<p data-start=\"1763\" data-end=\"1832\"><span style=\"font-family: 'arial black', sans-serif\"><strong data-start=\"1763\" data-end=\"1775\">Religi\u00f3n<\/strong>: David Delgado Sabariego<\/span><br data-start=\"1800\" data-end=\"1803\"><span style=\"font-family: 'arial black', sans-serif\">\ud83d\udce7 <a class=\"decorated-link cursor-pointer\" rel=\"noopener\" data-start=\"1806\" data-end=\"1830\">ddelsab855@g.educaand.es<\/a><\/span><\/p>\n<\/li>\n<\/ul>\n<h2 data-start=\"1839\" data-end=\"1871\"><span style=\"font-family: 'arial black', sans-serif\">\ud83e\uddd1\u200d\u2695\ufe0f Equipo de Orientaci\u00f3n<\/span><\/h2>\n<ul data-start=\"1872\" data-end=\"2103\">\n<li data-start=\"1872\" data-end=\"1945\">\n<p data-start=\"1874\" data-end=\"1945\"><span style=\"font-family: 'arial black', sans-serif\"><strong data-start=\"1874\" data-end=\"1888\">Maestra PT<\/strong>: Miriam Montes Valcarcel<\/span><br data-start=\"1913\" data-end=\"1916\"><span style=\"font-family: 'arial black', sans-serif\">\ud83d\udce7 <a class=\"decorated-link cursor-pointer\" rel=\"noopener\" data-start=\"1919\" data-end=\"1943\">mmonval206@g.educaand.es<\/a><\/span><\/p>\n<\/li>\n<li data-start=\"1946\" data-end=\"2037\">\n<p data-start=\"1948\" data-end=\"2037\"><span style=\"font-family: 'arial black', sans-serif\"><strong data-start=\"1948\" data-end=\"1963\">Orientadora<\/strong>: Evangelina P\u00e9rez Garc\u00eda<\/span><br data-start=\"1988\" data-end=\"1991\"><span style=\"font-family: 'arial black', sans-serif\">\ud83d\udce7 <a class=\"decorated-link cursor-pointer\" rel=\"noopener\" data-start=\"1994\" data-end=\"2035\">mevangelina.perez.edu@juntadeandalucia.es<\/a><\/span><\/p>\n<\/li>\n<li data-start=\"2038\" data-end=\"2074\">\n<p data-start=\"2040\" data-end=\"2074\"><span style=\"font-family: 'arial black', sans-serif\"><strong data-start=\"2040\" data-end=\"2063\">Audici\u00f3n y Lenguaje<\/strong>: Juliana<\/span><\/p>\n<\/li>\n<li data-start=\"2075\" data-end=\"2103\">\n<p data-start=\"2077\" data-end=\"2103\"><span style=\"font-family: 'arial black', sans-serif\"><strong data-start=\"2077\" data-end=\"2095\">M\u00e9dico Escolar<\/strong>: Jos\u00e9<\/span><\/p>\n<\/li>\n<\/ul>\n","protected":false},"excerpt":{"rendered":"<p>\ud83d\udccc Organizaci\u00f3n del Centro \u2013 Curso 2025\/2026 Queremos compartir con toda la comunidad educativa la composici\u00f3n del equipo directivo, claustro de profesorado y equipo de orientaci\u00f3n de nuestro centro para el presente curso escolar. \ud83d\udc69\u200d\ud83d\udcbc Equipo Directivo Directora: Inmaculada Valdivia Castro\ud83d\udce7 ivalcas126@g.educaand.es Jefa de Estudios: Noelia Rodr\u00edguez Garc\u00eda\ud83d\udce7 nrodgar628@g.educaand.es Secretaria: Ana Bel\u00e9n Marfil Casado\ud83d\udce7 amarcas315@g.educaand.es [&hellip;]<\/p>\n","protected":false},"author":19094,"featured_media":0,"parent":0,"menu_order":0,"comment_status":"closed","ping_status":"closed","template":"","meta":{"_et_pb_use_builder":"","_et_pb_old_content":"","_et_gb_content_width":"","ngg_post_thumbnail":0,"footnotes":""},"aioseo_notices":[],"_links":{"self":[{"href":"https:\/\/blogsaverroes.juntadeandalucia.es\/ceipvirgendelinarejos\/wp-json\/wp\/v2\/pages\/959"}],"collection":[{"href":"https:\/\/blogsaverroes.juntadeandalucia.es\/ceipvirgendelinarejos\/wp-json\/wp\/v2\/pages"}],"about":[{"href":"https:\/\/blogsaverroes.juntadeandalucia.es\/ceipvirgendelinarejos\/wp-json\/wp\/v2\/types\/page"}],"author":[{"embeddable":true,"href":"https:\/\/blogsaverroes.juntadeandalucia.es\/ceipvirgendelinarejos\/wp-json\/wp\/v2\/users\/19094"}],"replies":[{"embeddable":true,"href":"https:\/\/blogsaverroes.juntadeandalucia.es\/ceipvirgendelinarejos\/wp-json\/wp\/v2\/comments?post=959"}],"version-history":[{"count":1,"href":"https:\/\/blogsaverroes.juntadeandalucia.es\/ceipvirgendelinarejos\/wp-json\/wp\/v2\/pages\/959\/revisions"}],"predecessor-version":[{"id":960,"href":"https:\/\/blogsaverroes.juntadeandalucia.es\/ceipvirgendelinarejos\/wp-json\/wp\/v2\/pages\/959\/revisions\/960"}],"wp:attachment":[{"href":"https:\/\/blogsaverroes.juntadeandalucia.es\/ceipvirgendelinarejos\/wp-json\/wp\/v2\/media?parent=959"}],"curies":[{"name":"wp","href":"https:\/\/api.w.org\/{rel}","templated":true}]}}