{"id":2189,"date":"2020-11-29T12:56:29","date_gmt":"2020-11-29T12:56:29","guid":{"rendered":"https:\/\/blogsaverroes.juntadeandalucia.es\/ceipvirgendelmar\/?page_id=2189"},"modified":"2021-10-15T20:49:50","modified_gmt":"2021-10-15T20:49:50","slug":"nuestro-centro","status":"publish","type":"page","link":"https:\/\/blogsaverroes.juntadeandalucia.es\/ceipvirgendelmar\/nuestro-centro\/","title":{"rendered":"NUESTRO CENTRO"},"content":{"rendered":"<p><a href=\"https:\/\/blogsaverroes.juntadeandalucia.es\/ceipvirgendelmar\/files\/2020\/11\/21751797_276939502793381_8823840627848990542_n.jpg\"><img loading=\"lazy\" decoding=\"async\" class=\"size-medium wp-image-2155 alignleft\" src=\"https:\/\/blogsaverroes.juntadeandalucia.es\/ceipvirgendelmar\/files\/2020\/11\/21751797_276939502793381_8823840627848990542_n-300x300.jpg\" alt=\"\" width=\"300\" height=\"300\" srcset=\"https:\/\/blogsaverroes.juntadeandalucia.es\/ceipvirgendelmar\/files\/2020\/11\/21751797_276939502793381_8823840627848990542_n-300x300.jpg 300w, https:\/\/blogsaverroes.juntadeandalucia.es\/ceipvirgendelmar\/files\/2020\/11\/21751797_276939502793381_8823840627848990542_n-150x150.jpg 150w, https:\/\/blogsaverroes.juntadeandalucia.es\/ceipvirgendelmar\/files\/2020\/11\/21751797_276939502793381_8823840627848990542_n-768x768.jpg 768w, https:\/\/blogsaverroes.juntadeandalucia.es\/ceipvirgendelmar\/files\/2020\/11\/21751797_276939502793381_8823840627848990542_n-100x100.jpg 100w, https:\/\/blogsaverroes.juntadeandalucia.es\/ceipvirgendelmar\/files\/2020\/11\/21751797_276939502793381_8823840627848990542_n-24x24.jpg 24w, https:\/\/blogsaverroes.juntadeandalucia.es\/ceipvirgendelmar\/files\/2020\/11\/21751797_276939502793381_8823840627848990542_n-36x36.jpg 36w, https:\/\/blogsaverroes.juntadeandalucia.es\/ceipvirgendelmar\/files\/2020\/11\/21751797_276939502793381_8823840627848990542_n-48x48.jpg 48w, https:\/\/blogsaverroes.juntadeandalucia.es\/ceipvirgendelmar\/files\/2020\/11\/21751797_276939502793381_8823840627848990542_n.jpg 960w\" sizes=\"(max-width: 300px) 100vw, 300px\" \/><\/a>El <strong>C.E.I.P. \u201cVirgen del Mar\u201d<\/strong> es un centro p\u00fablico de la Junta de Andaluc\u00eda donde se imparten las <strong>ense\u00f1anzas<\/strong> correspondientes al segundo ciclo de Educaci\u00f3n Infantil, a la Educaci\u00f3n Primaria y a los dos primeros cursos de la Educaci\u00f3n Secundaria Obligatoria (E.S.O.).<\/p>\n<p>Situado en la <strong>Barriada Rural de \u201cEl Portal\u201d<\/strong>, nos encontramos a unos 5 kil\u00f3metros hacia el sur del casco antiguo, concretamente en la zona denominada como Zona Sur de Jerez de la Frontera, por lo que podemos considerar que nuestro <strong>entorno<\/strong> est\u00e1 \u201ca caballo\u201d entre lo rural y lo suburbano.<\/p>\n<p>Adscritos al I.E.S. \u201cRomero Vargas\u201d (Jerez de la Frontera), acogemos a alumnado de otros dos n\u00facleos de poblaci\u00f3n pr\u00f3ximos: el poblado de la Sierra de San Crist\u00f3bal (perteneciente el t\u00e9rmino municipal de El Puerto de Santa Mar\u00eda) y la barriada de Las Quinientas, que presentan una problem\u00e1tica social y econ\u00f3mica muy delicada y que, adem\u00e1s, presentan ciertas dificultades de comunicaci\u00f3n con el n\u00facleo urbano, por lo que cerca de un 50% de nuestro alumnado hace uso del servicio de <strong>Transporte<\/strong> <strong>Escolar<\/strong>.<\/p>\n<p>&nbsp;<\/p>\n<p><a href=\"https:\/\/blogsaverroes.juntadeandalucia.es\/ceipvirgendelmar\/files\/2019\/12\/PORTADA.jpg\"><img loading=\"lazy\" decoding=\"async\" class=\" wp-image-2129 alignright\" src=\"https:\/\/blogsaverroes.juntadeandalucia.es\/ceipvirgendelmar\/files\/2019\/12\/PORTADA-300x225.jpg\" alt=\"\" width=\"278\" height=\"209\" srcset=\"https:\/\/blogsaverroes.juntadeandalucia.es\/ceipvirgendelmar\/files\/2019\/12\/PORTADA-300x225.jpg 300w, https:\/\/blogsaverroes.juntadeandalucia.es\/ceipvirgendelmar\/files\/2019\/12\/PORTADA-768x576.jpg 768w, https:\/\/blogsaverroes.juntadeandalucia.es\/ceipvirgendelmar\/files\/2019\/12\/PORTADA-1024x768.jpg 1024w, https:\/\/blogsaverroes.juntadeandalucia.es\/ceipvirgendelmar\/files\/2019\/12\/PORTADA-24x18.jpg 24w, https:\/\/blogsaverroes.juntadeandalucia.es\/ceipvirgendelmar\/files\/2019\/12\/PORTADA-36x27.jpg 36w, https:\/\/blogsaverroes.juntadeandalucia.es\/ceipvirgendelmar\/files\/2019\/12\/PORTADA-48x36.jpg 48w, https:\/\/blogsaverroes.juntadeandalucia.es\/ceipvirgendelmar\/files\/2019\/12\/PORTADA.jpg 1600w\" sizes=\"(max-width: 278px) 100vw, 278px\" \/><\/a>Respecto a nuestras <strong>se\u00f1as de identidad<\/strong> cabr\u00eda destacar que, desde hace unos a\u00f1os, entramos en el programa de <strong>Comunidades de Aprendizaje<\/strong>, por lo que nos caracterizamos por ser un centro abierto que implica en su quehacer diario a toda la comunidad educativa, dando un paso m\u00e1s all\u00e1 e incorporando, en el proceso educativo de nuestro alumnado a todo nuestro entorno (en el m\u00e1s amplio sentido de la palabra).<\/p>\n<p>Consideramos que la Educaci\u00f3n con may\u00fasculas no puede ser entendida sin la implicaci\u00f3n, participaci\u00f3n y colaboraci\u00f3n de todos los implicados, sin la motivaci\u00f3n del alumnado, sin partir de la exploraci\u00f3n y la experimentaci\u00f3n en todas sus facetas, sin que se lleve a cabo un desarrollo social y emocional adecuado, etc. Por ello, podr\u00edamos resumir que \u00e9stas, y no otras, son las gu\u00edas que marcan nuestra labor educativa.<\/p>\n<p>\u00bfQuieres saber m\u00e1s acerca de nosotros? Aqu\u00ed te dejamos algunas informaciones relevantes de nuestro centro. Esperamos que sean de tu inter\u00e9s&#8230;<\/p>\n<ul>\n<li><strong><a href=\"https:\/\/blogsaverroes.juntadeandalucia.es\/ceipvirgendelmar\/nuestro-centro\/donde-estamos\/\">\u00bfD\u00f3nde estamos?<\/a><\/strong><\/li>\n<li><strong><a href=\"https:\/\/blogsaverroes.juntadeandalucia.es\/ceipvirgendelmar\/nuestro-centro\/equipo-humano\/\">Equipo Humano<\/a><\/strong><\/li>\n<li><a href=\"https:\/\/blogsaverroes.juntadeandalucia.es\/ceipvirgendelmar\/files\/2021\/10\/Protocolo-Covid-19-curso-21-22.pdf\"><strong>Protocolo Covid 19 (curso 21-22)<\/strong><\/a><\/li>\n<li>Consejo Escolar<\/li>\n<li>Plan de Centro<\/li>\n<li>Proyecto Educativo<\/li>\n<\/ul>\n","protected":false},"excerpt":{"rendered":"<p>El C.E.I.P. \u201cVirgen del Mar\u201d es un centro p\u00fablico de la Junta de Andaluc\u00eda donde se imparten las ense\u00f1anzas correspondientes al segundo ciclo de Educaci\u00f3n Infantil, a la Educaci\u00f3n Primaria y a los dos primeros cursos de la Educaci\u00f3n Secundaria Obligatoria (E.S.O.). Situado en la Barriada Rural de \u201cEl Portal\u201d, nos encontramos a unos 5 &hellip; <\/p>\n<p><a class=\"more-link btn\" href=\"https:\/\/blogsaverroes.juntadeandalucia.es\/ceipvirgendelmar\/nuestro-centro\/\">Seguir leyendo<\/a><\/p>\n","protected":false},"author":8178,"featured_media":0,"parent":0,"menu_order":0,"comment_status":"closed","ping_status":"closed","template":"","meta":{"ngg_post_thumbnail":0,"footnotes":"","_mc_calendar":[]},"aioseo_notices":[],"_links":{"self":[{"href":"https:\/\/blogsaverroes.juntadeandalucia.es\/ceipvirgendelmar\/wp-json\/wp\/v2\/pages\/2189"}],"collection":[{"href":"https:\/\/blogsaverroes.juntadeandalucia.es\/ceipvirgendelmar\/wp-json\/wp\/v2\/pages"}],"about":[{"href":"https:\/\/blogsaverroes.juntadeandalucia.es\/ceipvirgendelmar\/wp-json\/wp\/v2\/types\/page"}],"author":[{"embeddable":true,"href":"https:\/\/blogsaverroes.juntadeandalucia.es\/ceipvirgendelmar\/wp-json\/wp\/v2\/users\/8178"}],"replies":[{"embeddable":true,"href":"https:\/\/blogsaverroes.juntadeandalucia.es\/ceipvirgendelmar\/wp-json\/wp\/v2\/comments?post=2189"}],"version-history":[{"count":4,"href":"https:\/\/blogsaverroes.juntadeandalucia.es\/ceipvirgendelmar\/wp-json\/wp\/v2\/pages\/2189\/revisions"}],"predecessor-version":[{"id":3341,"href":"https:\/\/blogsaverroes.juntadeandalucia.es\/ceipvirgendelmar\/wp-json\/wp\/v2\/pages\/2189\/revisions\/3341"}],"wp:attachment":[{"href":"https:\/\/blogsaverroes.juntadeandalucia.es\/ceipvirgendelmar\/wp-json\/wp\/v2\/media?parent=2189"}],"curies":[{"name":"wp","href":"https:\/\/api.w.org\/{rel}","templated":true}]}}