{"id":2263,"date":"2020-11-29T18:49:20","date_gmt":"2020-11-29T18:49:20","guid":{"rendered":"https:\/\/blogsaverroes.juntadeandalucia.es\/ceipvirgendelmar\/?page_id=2263"},"modified":"2025-09-22T16:33:34","modified_gmt":"2025-09-22T16:33:34","slug":"equipo-humano","status":"publish","type":"page","link":"https:\/\/blogsaverroes.juntadeandalucia.es\/ceipvirgendelmar\/nuestro-centro\/equipo-humano\/","title":{"rendered":"Equipo Humano"},"content":{"rendered":"<p>El \u201cpunto fuerte\u201d de nuestro centro no es otro que la profesionalidad y calidad humana de todo el personal que lo componemos\u2026 \u00a1\u00a1Nos presentamos!!<\/p>\n<p><a href=\"https:\/\/blogsaverroes.juntadeandalucia.es\/ceipvirgendelmar\/nuestro-centro\/equipo-humano\/diseno-sin-titulo-3\/\" rel=\"attachment wp-att-4196\"><img loading=\"lazy\" decoding=\"async\" class=\"aligncenter wp-image-4196 size-full\" src=\"https:\/\/blogsaverroes.juntadeandalucia.es\/ceipvirgendelmar\/files\/2025\/09\/Diseno-sin-titulo-3.jpg\" alt=\"\" width=\"940\" height=\"788\" srcset=\"https:\/\/blogsaverroes.juntadeandalucia.es\/ceipvirgendelmar\/files\/2025\/09\/Diseno-sin-titulo-3.jpg 940w, https:\/\/blogsaverroes.juntadeandalucia.es\/ceipvirgendelmar\/files\/2025\/09\/Diseno-sin-titulo-3-300x251.jpg 300w, https:\/\/blogsaverroes.juntadeandalucia.es\/ceipvirgendelmar\/files\/2025\/09\/Diseno-sin-titulo-3-768x644.jpg 768w\" sizes=\"(max-width: 940px) 100vw, 940px\" \/><\/a><\/p>\n<p>&nbsp;<\/p>\n<p>&nbsp;<\/p>\n<p><em><strong>EQUIPO DIRECTIVO<\/strong><\/em><\/p>\n<ul>\n<li><strong>Francisco Javier Rico<\/strong> &#8211; Director y profesor de Matem\u00e1ticas de Secundaria<\/li>\n<li><strong>Blanca Mar\u00eda Ram\u00edrez<\/strong> &#8211; Secretaria y maestra de Educaci\u00f3n Primaria<\/li>\n<\/ul>\n<p>&nbsp;<\/p>\n<p><em><strong>EQUIPO EDUCATIVO<\/strong><\/em><\/p>\n<ul>\n<li><strong>Patricia Romay <\/strong>&#8211; Maestra de Educaci\u00f3n Infantil<\/li>\n<li><strong>M\u00aa Luisa Rinc\u00f3n <\/strong>&#8211; Maestra de Educaci\u00f3n Infantil<\/li>\n<li><strong>Mar\u00eda Ruiz<\/strong>&nbsp;&#8211; Maestra de Educaci\u00f3n Primaria<\/li>\n<li><strong>Auxiliadora Gonz\u00e1lez<\/strong> &#8211; Maestra de Educaci\u00f3n Primaria<\/li>\n<li><strong>Roc\u00edo Oliva<\/strong>&nbsp;&#8211; Maestra de Educaci\u00f3n Primaria<\/li>\n<li><strong>Juana Mar\u00eda Delgado<\/strong> &#8211; Maestra de Educaci\u00f3n Primaria<\/li>\n<li><strong>Esther Mu\u00f1oz <\/strong>&nbsp;&#8211; Maestra de Educaci\u00f3n Primaria<\/li>\n<li><strong>Mar\u00eda Teresa Gal\u00e1n<\/strong> &#8211; Maestra de Primaria, Secundaria y M\u00fasica<\/li>\n<li><strong>Rosa Mar\u00eda Mart\u00ednez<\/strong> &#8211; Maestra de Educaci\u00f3n F\u00edsica y Secundaria<\/li>\n<li><strong>Encarnaci\u00f3n Pozo<\/strong> &#8211; Maestra de Franc\u00e9s (Secundaria)<\/li>\n<li><strong>Adelaida Ruiz<\/strong> &#8211; Maestra de Ingl\u00e9s&nbsp;<\/li>\n<li><strong>Noelia Alejo<\/strong> &#8211; Maestra de Religi\u00f3n&nbsp;<\/li>\n<li><strong>Patricia G\u00f3mez<\/strong> &#8211; Maestra de Pedagog\u00eda Terap\u00e9utica&nbsp;<\/li>\n<li><strong>Paula S\u00e1nchez &nbsp;&#8211; <\/strong>Maestra de Pedagog\u00eda Terap\u00e9utica (Programa transf\u00f3rmate)<\/li>\n<\/ul>\n","protected":false},"excerpt":{"rendered":"<p>El \u201cpunto fuerte\u201d de nuestro centro no es otro que la profesionalidad y calidad humana de todo el personal que lo componemos\u2026 \u00a1\u00a1Nos presentamos!! &nbsp; &nbsp; EQUIPO DIRECTIVO Francisco Javier Rico &#8211; Director y profesor de Matem\u00e1ticas de Secundaria Blanca Mar\u00eda Ram\u00edrez &#8211; Secretaria y maestra de Educaci\u00f3n Primaria &nbsp; EQUIPO EDUCATIVO Patricia Romay &#8211; &hellip; <\/p>\n<p><a class=\"more-link btn\" href=\"https:\/\/blogsaverroes.juntadeandalucia.es\/ceipvirgendelmar\/nuestro-centro\/equipo-humano\/\">Seguir leyendo<\/a><\/p>\n","protected":false},"author":8178,"featured_media":0,"parent":2189,"menu_order":0,"comment_status":"closed","ping_status":"closed","template":"","meta":{"ngg_post_thumbnail":0,"footnotes":"","_mc_calendar":[]},"aioseo_notices":[],"_links":{"self":[{"href":"https:\/\/blogsaverroes.juntadeandalucia.es\/ceipvirgendelmar\/wp-json\/wp\/v2\/pages\/2263"}],"collection":[{"href":"https:\/\/blogsaverroes.juntadeandalucia.es\/ceipvirgendelmar\/wp-json\/wp\/v2\/pages"}],"about":[{"href":"https:\/\/blogsaverroes.juntadeandalucia.es\/ceipvirgendelmar\/wp-json\/wp\/v2\/types\/page"}],"author":[{"embeddable":true,"href":"https:\/\/blogsaverroes.juntadeandalucia.es\/ceipvirgendelmar\/wp-json\/wp\/v2\/users\/8178"}],"replies":[{"embeddable":true,"href":"https:\/\/blogsaverroes.juntadeandalucia.es\/ceipvirgendelmar\/wp-json\/wp\/v2\/comments?post=2263"}],"version-history":[{"count":6,"href":"https:\/\/blogsaverroes.juntadeandalucia.es\/ceipvirgendelmar\/wp-json\/wp\/v2\/pages\/2263\/revisions"}],"predecessor-version":[{"id":4197,"href":"https:\/\/blogsaverroes.juntadeandalucia.es\/ceipvirgendelmar\/wp-json\/wp\/v2\/pages\/2263\/revisions\/4197"}],"up":[{"embeddable":true,"href":"https:\/\/blogsaverroes.juntadeandalucia.es\/ceipvirgendelmar\/wp-json\/wp\/v2\/pages\/2189"}],"wp:attachment":[{"href":"https:\/\/blogsaverroes.juntadeandalucia.es\/ceipvirgendelmar\/wp-json\/wp\/v2\/media?parent=2263"}],"curies":[{"name":"wp","href":"https:\/\/api.w.org\/{rel}","templated":true}]}}