{"id":4190,"date":"2025-09-22T16:39:23","date_gmt":"2025-09-22T16:39:23","guid":{"rendered":"https:\/\/blogsaverroes.juntadeandalucia.es\/ceipvirgendelmar\/?page_id=4190"},"modified":"2025-11-11T10:44:10","modified_gmt":"2025-11-11T10:44:10","slug":"tertulias-dialogicas-leer-pensar-y-crecer-juntos","status":"publish","type":"page","link":"https:\/\/blogsaverroes.juntadeandalucia.es\/ceipvirgendelmar\/comunidad-de-aprendizaje\/tertulias-dialogicas-leer-pensar-y-crecer-juntos\/","title":{"rendered":"\ud83d\udcac Tertulias dial\u00f3gicas: leer, pensar y crecer juntos"},"content":{"rendered":"<p data-start=\"303\" data-end=\"526\">En nuestro centro, como Comunidad de Aprendizaje, desarrollamos diferentes <strong data-start=\"378\" data-end=\"413\">Actuaciones Educativas de \u00c9xito<\/strong>. Una de ellas son las <strong data-start=\"436\" data-end=\"460\">tertulias dial\u00f3gicas<\/strong>, una actividad que va mucho m\u00e1s all\u00e1 de la lectura en voz alta.<\/p>\n<p data-start=\"528\" data-end=\"904\">Las tertulias consisten en elegir una obra (literaria, cient\u00edfica, art\u00edstica\u2026) y compartirla en grupo. Cada participante selecciona un fragmento que le haya llamado la atenci\u00f3n y, durante la tertulia, lo expone al resto explicando por qu\u00e9 lo eligi\u00f3. A partir de ah\u00ed se abre un di\u00e1logo en el que todas las opiniones cuentan por igual y se construye un aprendizaje compartido.<\/p>\n<p data-start=\"906\" data-end=\"1237\">Lo m\u00e1s importante no es solo el contenido del libro, sino la <strong data-start=\"967\" data-end=\"1078\">reflexi\u00f3n, el respeto a las ideas de los dem\u00e1s y el descubrimiento de nuevas formas de entender la realidad<\/strong>. De esta manera, los ni\u00f1os y ni\u00f1as aprenden a escuchar, a expresarse con confianza y a enriquecer su pensamiento gracias a la diversidad de voces presentes.<\/p>\n<p data-start=\"1239\" data-end=\"1275\">Las tertulias dial\u00f3gicas fomentan:<\/p>\n<ul data-start=\"1276\" data-end=\"1464\">\n<li data-start=\"1276\" data-end=\"1304\">\n<p data-start=\"1278\" data-end=\"1304\">El gusto por la lectura.<\/p>\n<\/li>\n<li data-start=\"1305\" data-end=\"1353\">\n<p data-start=\"1307\" data-end=\"1353\">La capacidad de argumentar y defender ideas.<\/p>\n<\/li>\n<li data-start=\"1354\" data-end=\"1389\">\n<p data-start=\"1356\" data-end=\"1389\">La escucha activa y el respeto.<\/p>\n<\/li>\n<li data-start=\"1390\" data-end=\"1464\">\n<p data-start=\"1392\" data-end=\"1464\">El aprendizaje en comunidad, donde todos aportamos y todos aprendemos.<\/p>\n<\/li>\n<\/ul>\n<p data-start=\"1466\" data-end=\"1704\">Estamos convencidos de que este tipo de actividades son una oportunidad para que el alumnado <strong data-start=\"1559\" data-end=\"1633\">crezca no solo en conocimientos, sino tambi\u00e9n en valores y convivencia<\/strong>. Porque en una tertulia, cada palabra cuenta y cada persona importa.<\/p>\n","protected":false},"excerpt":{"rendered":"<p>En nuestro centro, como Comunidad de Aprendizaje, desarrollamos diferentes Actuaciones Educativas de \u00c9xito. Una de ellas son las tertulias dial\u00f3gicas, una actividad que va mucho m\u00e1s all\u00e1 de la lectura en voz alta. Las tertulias consisten en elegir una obra (literaria, cient\u00edfica, art\u00edstica\u2026) y compartirla en grupo. Cada participante selecciona un fragmento que le haya &hellip; <\/p>\n<p><a class=\"more-link btn\" href=\"https:\/\/blogsaverroes.juntadeandalucia.es\/ceipvirgendelmar\/comunidad-de-aprendizaje\/tertulias-dialogicas-leer-pensar-y-crecer-juntos\/\">Seguir leyendo<\/a><\/p>\n","protected":false},"author":8178,"featured_media":0,"parent":2182,"menu_order":1,"comment_status":"closed","ping_status":"closed","template":"","meta":{"ngg_post_thumbnail":0,"footnotes":"","_mc_calendar":[]},"aioseo_notices":[],"_links":{"self":[{"href":"https:\/\/blogsaverroes.juntadeandalucia.es\/ceipvirgendelmar\/wp-json\/wp\/v2\/pages\/4190"}],"collection":[{"href":"https:\/\/blogsaverroes.juntadeandalucia.es\/ceipvirgendelmar\/wp-json\/wp\/v2\/pages"}],"about":[{"href":"https:\/\/blogsaverroes.juntadeandalucia.es\/ceipvirgendelmar\/wp-json\/wp\/v2\/types\/page"}],"author":[{"embeddable":true,"href":"https:\/\/blogsaverroes.juntadeandalucia.es\/ceipvirgendelmar\/wp-json\/wp\/v2\/users\/8178"}],"replies":[{"embeddable":true,"href":"https:\/\/blogsaverroes.juntadeandalucia.es\/ceipvirgendelmar\/wp-json\/wp\/v2\/comments?post=4190"}],"version-history":[{"count":2,"href":"https:\/\/blogsaverroes.juntadeandalucia.es\/ceipvirgendelmar\/wp-json\/wp\/v2\/pages\/4190\/revisions"}],"predecessor-version":[{"id":4246,"href":"https:\/\/blogsaverroes.juntadeandalucia.es\/ceipvirgendelmar\/wp-json\/wp\/v2\/pages\/4190\/revisions\/4246"}],"up":[{"embeddable":true,"href":"https:\/\/blogsaverroes.juntadeandalucia.es\/ceipvirgendelmar\/wp-json\/wp\/v2\/pages\/2182"}],"wp:attachment":[{"href":"https:\/\/blogsaverroes.juntadeandalucia.es\/ceipvirgendelmar\/wp-json\/wp\/v2\/media?parent=4190"}],"curies":[{"name":"wp","href":"https:\/\/api.w.org\/{rel}","templated":true}]}}