{"id":4218,"date":"2025-10-14T09:47:14","date_gmt":"2025-10-14T09:47:14","guid":{"rendered":"https:\/\/blogsaverroes.juntadeandalucia.es\/ceipvirgendelmar\/?page_id=4218"},"modified":"2025-10-14T09:50:13","modified_gmt":"2025-10-14T09:50:13","slug":"%f0%9f%8c%b1-grupos-interactivos-aprender-juntos-crecer-juntos","status":"publish","type":"page","link":"https:\/\/blogsaverroes.juntadeandalucia.es\/ceipvirgendelmar\/%f0%9f%8c%b1-grupos-interactivos-aprender-juntos-crecer-juntos\/","title":{"rendered":"\ud83c\udf31 Grupos interactivos: aprender juntos, crecer juntos"},"content":{"rendered":"<p data-start=\"206\" data-end=\"482\">En nuestra escuela y <strong>comunidad de aprendizaje<\/strong>, apostamos por &nbsp;un modelo educativo que pone el acento en la <strong data-start=\"320\" data-end=\"369\">participaci\u00f3n, la inclusi\u00f3n y la colaboraci\u00f3n<\/strong>. Dentro de este enfoque, los <strong data-start=\"399\" data-end=\"422\">grupos interactivos<\/strong> son una de las actividades m\u00e1s valiosas y enriquecedoras.<\/p>\n<p data-start=\"484\" data-end=\"842\">Durante estas sesiones, el alumnado trabaja en peque\u00f1os grupos heterog\u00e9neos con la presencia de <strong data-start=\"580\" data-end=\"612\">personas adultas voluntarias<\/strong> \u2014familiares, docentes u otros miembros de la comunidad\u2014 que dinamizan las actividades. El objetivo no es solo aprender los contenidos curriculares, sino tambi\u00e9n <strong data-start=\"774\" data-end=\"839\">aprender a cooperar, escuchar, dialogar y ayudarse mutuamente<\/strong>.<\/p>\n<p data-start=\"844\" data-end=\"1127\">Los grupos interactivos transforman el aula en un espacio donde <strong data-start=\"908\" data-end=\"935\">todas las voces cuentan<\/strong> y donde cada ni\u00f1o y ni\u00f1a puede aportar su experiencia y conocimientos. Gracias a esta metodolog\u00eda, se fomenta la <strong data-start=\"1049\" data-end=\"1124\">motivaci\u00f3n, la convivencia y la mejora del aprendizaje de todo el grupo<\/strong>.<\/p>\n<p data-start=\"1129\" data-end=\"1214\">Porque cuando aprendemos <strong data-start=\"1154\" data-end=\"1178\">con otros y de otros<\/strong>, el aprendizaje se multiplica. \ud83d\udcab<\/p>\n","protected":false},"excerpt":{"rendered":"<p>En nuestra escuela y comunidad de aprendizaje, apostamos por &nbsp;un modelo educativo que pone el acento en la participaci\u00f3n, la inclusi\u00f3n y la colaboraci\u00f3n. Dentro de este enfoque, los grupos interactivos son una de las actividades m\u00e1s valiosas y enriquecedoras. Durante estas sesiones, el alumnado trabaja en peque\u00f1os grupos heterog\u00e9neos con la presencia de personas &hellip; <\/p>\n<p><a class=\"more-link btn\" href=\"https:\/\/blogsaverroes.juntadeandalucia.es\/ceipvirgendelmar\/%f0%9f%8c%b1-grupos-interactivos-aprender-juntos-crecer-juntos\/\">Seguir leyendo<\/a><\/p>\n","protected":false},"author":8178,"featured_media":0,"parent":0,"menu_order":0,"comment_status":"closed","ping_status":"closed","template":"","meta":{"ngg_post_thumbnail":0,"footnotes":"","_mc_calendar":[]},"aioseo_notices":[],"_links":{"self":[{"href":"https:\/\/blogsaverroes.juntadeandalucia.es\/ceipvirgendelmar\/wp-json\/wp\/v2\/pages\/4218"}],"collection":[{"href":"https:\/\/blogsaverroes.juntadeandalucia.es\/ceipvirgendelmar\/wp-json\/wp\/v2\/pages"}],"about":[{"href":"https:\/\/blogsaverroes.juntadeandalucia.es\/ceipvirgendelmar\/wp-json\/wp\/v2\/types\/page"}],"author":[{"embeddable":true,"href":"https:\/\/blogsaverroes.juntadeandalucia.es\/ceipvirgendelmar\/wp-json\/wp\/v2\/users\/8178"}],"replies":[{"embeddable":true,"href":"https:\/\/blogsaverroes.juntadeandalucia.es\/ceipvirgendelmar\/wp-json\/wp\/v2\/comments?post=4218"}],"version-history":[{"count":1,"href":"https:\/\/blogsaverroes.juntadeandalucia.es\/ceipvirgendelmar\/wp-json\/wp\/v2\/pages\/4218\/revisions"}],"predecessor-version":[{"id":4219,"href":"https:\/\/blogsaverroes.juntadeandalucia.es\/ceipvirgendelmar\/wp-json\/wp\/v2\/pages\/4218\/revisions\/4219"}],"wp:attachment":[{"href":"https:\/\/blogsaverroes.juntadeandalucia.es\/ceipvirgendelmar\/wp-json\/wp\/v2\/media?parent=4218"}],"curies":[{"name":"wp","href":"https:\/\/api.w.org\/{rel}","templated":true}]}}