{"id":4224,"date":"2025-11-06T15:33:08","date_gmt":"2025-11-06T15:33:08","guid":{"rendered":"https:\/\/blogsaverroes.juntadeandalucia.es\/ceipvirgendelmar\/?page_id=4224"},"modified":"2025-11-06T15:33:08","modified_gmt":"2025-11-06T15:33:08","slug":"programa-octubre-2025","status":"publish","type":"page","link":"https:\/\/blogsaverroes.juntadeandalucia.es\/ceipvirgendelmar\/programa-octubre-2025\/","title":{"rendered":"Programa Octubre 2025"},"content":{"rendered":"<h3 data-start=\"72\" data-end=\"126\">\u00a1Inauguramos la Radio Escolar de este Curso! \ud83c\udf99\ufe0f\ud83d\udcfb<\/h3>\n<p data-start=\"128\" data-end=\"447\">El pasado mes de Octubre, &nbsp;estrenamos el primer programa de esta temporada de<\/p>\n<p data-start=\"128\" data-end=\"447\">nuestra radio escolar, un proyecto que nos llena de ilusi\u00f3n y que forma parte del trabajo cooperativo de todo el centro. Este curso, la radio vuelve a convertirse en un espacio donde el alumnado puede expresarse, compartir aprendizajes y comunicarse con toda la comunidad educativa.<\/p>\n<p data-start=\"449\" data-end=\"807\">En este primer programa podr\u00e9is escuchar las intervenciones de distintos cursos, cada uno aportando su visi\u00f3n y experiencias sobre el proyecto com\u00fan en el que estamos trabajando. Los ni\u00f1os y ni\u00f1as se han preparado con mucho entusiasmo para contar, explicar, entrevistar y narrar, mostrando todo lo que est\u00e1n aprendiendo de una forma viva, creativa y cercana.<\/p>\n<p data-start=\"809\" data-end=\"1039\">La radio no solo nos permite trabajar la expresi\u00f3n oral y la escucha activa, sino que tambi\u00e9n nos invita a construir juntos, respetando turnos, colaborando y disfrutando del proceso. Es emocionante ver c\u00f3mo cada voz cuenta y suma.<\/p>\n<p data-start=\"1041\" data-end=\"1190\">Os animamos a escuchar el programa, compartirlo en casa y acompa\u00f1arnos en esta aventura sonora que acaba de comenzar. \u00a1Esto es solo el principio! \ud83c\udfa7\u2728<\/p>\n<!--[if lt IE 9]><script>document.createElement('audio');<\/script><![endif]-->\n<audio class=\"wp-audio-shortcode\" id=\"audio-4224-1\" preload=\"none\" style=\"width: 100%;\" controls=\"controls\"><source type=\"audio\/mpeg\" src=\"https:\/\/blogsaverroes.juntadeandalucia.es\/ceipvirgendelmar\/files\/2025\/11\/RADIO-OCTUBRE1-1.mp3?_=1\" \/><a href=\"https:\/\/blogsaverroes.juntadeandalucia.es\/ceipvirgendelmar\/files\/2025\/11\/RADIO-OCTUBRE1-1.mp3\">https:\/\/blogsaverroes.juntadeandalucia.es\/ceipvirgendelmar\/files\/2025\/11\/RADIO-OCTUBRE1-1.mp3<\/a><\/audio>\n","protected":false},"excerpt":{"rendered":"<p>\u00a1Inauguramos la Radio Escolar de este Curso! \ud83c\udf99\ufe0f\ud83d\udcfb El pasado mes de Octubre, &nbsp;estrenamos el primer programa de esta temporada de nuestra radio escolar, un proyecto que nos llena de ilusi\u00f3n y que forma parte del trabajo cooperativo de todo el centro. Este curso, la radio vuelve a convertirse en un espacio donde el alumnado &hellip; <\/p>\n<p><a class=\"more-link btn\" href=\"https:\/\/blogsaverroes.juntadeandalucia.es\/ceipvirgendelmar\/programa-octubre-2025\/\">Seguir leyendo<\/a><\/p>\n","protected":false},"author":8178,"featured_media":0,"parent":0,"menu_order":0,"comment_status":"closed","ping_status":"closed","template":"","meta":{"ngg_post_thumbnail":0,"footnotes":"","_mc_calendar":[]},"aioseo_notices":[],"_links":{"self":[{"href":"https:\/\/blogsaverroes.juntadeandalucia.es\/ceipvirgendelmar\/wp-json\/wp\/v2\/pages\/4224"}],"collection":[{"href":"https:\/\/blogsaverroes.juntadeandalucia.es\/ceipvirgendelmar\/wp-json\/wp\/v2\/pages"}],"about":[{"href":"https:\/\/blogsaverroes.juntadeandalucia.es\/ceipvirgendelmar\/wp-json\/wp\/v2\/types\/page"}],"author":[{"embeddable":true,"href":"https:\/\/blogsaverroes.juntadeandalucia.es\/ceipvirgendelmar\/wp-json\/wp\/v2\/users\/8178"}],"replies":[{"embeddable":true,"href":"https:\/\/blogsaverroes.juntadeandalucia.es\/ceipvirgendelmar\/wp-json\/wp\/v2\/comments?post=4224"}],"version-history":[{"count":1,"href":"https:\/\/blogsaverroes.juntadeandalucia.es\/ceipvirgendelmar\/wp-json\/wp\/v2\/pages\/4224\/revisions"}],"predecessor-version":[{"id":4226,"href":"https:\/\/blogsaverroes.juntadeandalucia.es\/ceipvirgendelmar\/wp-json\/wp\/v2\/pages\/4224\/revisions\/4226"}],"wp:attachment":[{"href":"https:\/\/blogsaverroes.juntadeandalucia.es\/ceipvirgendelmar\/wp-json\/wp\/v2\/media?parent=4224"}],"curies":[{"name":"wp","href":"https:\/\/api.w.org\/{rel}","templated":true}]}}