{"id":2305,"date":"2021-10-30T11:28:54","date_gmt":"2021-10-30T09:28:54","guid":{"rendered":"http:\/\/blogsaverroes.juntadeandalucia.es\/ceipvirgendeloreto\/?page_id=2305"},"modified":"2022-05-26T23:01:03","modified_gmt":"2022-05-26T21:01:03","slug":"coeducacion","status":"publish","type":"page","link":"https:\/\/blogsaverroes.juntadeandalucia.es\/ceipvirgendeloreto\/coeducacion\/","title":{"rendered":"Coeducaci\u00f3n"},"content":{"rendered":"<p><a href=\"https:\/\/blogsaverroes.juntadeandalucia.es\/ceipvirgendeloreto\/files\/2020\/11\/JuntadeAndalucia_sombrilla.png\"><img loading=\"lazy\" decoding=\"async\" class=\"wp-image-2306 alignleft\" src=\"https:\/\/blogsaverroes.juntadeandalucia.es\/ceipvirgendeloreto\/files\/2020\/11\/JuntadeAndalucia_sombrilla.png\" alt=\"\" width=\"165\" height=\"132\" srcset=\"https:\/\/blogsaverroes.juntadeandalucia.es\/ceipvirgendeloreto\/files\/2020\/11\/JuntadeAndalucia_sombrilla.png 251w, https:\/\/blogsaverroes.juntadeandalucia.es\/ceipvirgendeloreto\/files\/2020\/11\/JuntadeAndalucia_sombrilla-24x19.png 24w, https:\/\/blogsaverroes.juntadeandalucia.es\/ceipvirgendeloreto\/files\/2020\/11\/JuntadeAndalucia_sombrilla-36x29.png 36w, https:\/\/blogsaverroes.juntadeandalucia.es\/ceipvirgendeloreto\/files\/2020\/11\/JuntadeAndalucia_sombrilla-48x38.png 48w\" sizes=\"(max-width: 165px) 100vw, 165px\" \/><\/a> <a href=\"https:\/\/blogsaverroes.juntadeandalucia.es\/ceipvirgendeloreto\/files\/2020\/11\/pacto_de_estado.png\"><img loading=\"lazy\" decoding=\"async\" class=\"alignnone wp-image-2309\" src=\"https:\/\/blogsaverroes.juntadeandalucia.es\/ceipvirgendeloreto\/files\/2020\/11\/pacto_de_estado-300x200.png\" alt=\"\" width=\"227\" height=\"151\" srcset=\"https:\/\/blogsaverroes.juntadeandalucia.es\/ceipvirgendeloreto\/files\/2020\/11\/pacto_de_estado-300x200.png 300w, https:\/\/blogsaverroes.juntadeandalucia.es\/ceipvirgendeloreto\/files\/2020\/11\/pacto_de_estado-24x16.png 24w, https:\/\/blogsaverroes.juntadeandalucia.es\/ceipvirgendeloreto\/files\/2020\/11\/pacto_de_estado-36x24.png 36w, https:\/\/blogsaverroes.juntadeandalucia.es\/ceipvirgendeloreto\/files\/2020\/11\/pacto_de_estado-48x32.png 48w, https:\/\/blogsaverroes.juntadeandalucia.es\/ceipvirgendeloreto\/files\/2020\/11\/pacto_de_estado.png 360w\" sizes=\"(max-width: 227px) 100vw, 227px\" \/><\/a><a href=\"https:\/\/blogsaverroes.juntadeandalucia.es\/ceipvirgendeloreto\/files\/2020\/11\/logo-Ministerio-Presidencia.png\"><img loading=\"lazy\" decoding=\"async\" class=\"wp-image-2310 alignnone\" src=\"https:\/\/blogsaverroes.juntadeandalucia.es\/ceipvirgendeloreto\/files\/2020\/11\/logo-Ministerio-Presidencia-300x61.png\" alt=\"\" width=\"351\" height=\"72\" srcset=\"https:\/\/blogsaverroes.juntadeandalucia.es\/ceipvirgendeloreto\/files\/2020\/11\/logo-Ministerio-Presidencia-300x61.png 300w, https:\/\/blogsaverroes.juntadeandalucia.es\/ceipvirgendeloreto\/files\/2020\/11\/logo-Ministerio-Presidencia-24x5.png 24w, https:\/\/blogsaverroes.juntadeandalucia.es\/ceipvirgendeloreto\/files\/2020\/11\/logo-Ministerio-Presidencia-36x7.png 36w, https:\/\/blogsaverroes.juntadeandalucia.es\/ceipvirgendeloreto\/files\/2020\/11\/logo-Ministerio-Presidencia-48x10.png 48w, https:\/\/blogsaverroes.juntadeandalucia.es\/ceipvirgendeloreto\/files\/2020\/11\/logo-Ministerio-Presidencia.png 500w\" sizes=\"(max-width: 351px) 100vw, 351px\" \/><\/a><\/p>\n<p>Las actuaciones y medidas preventivas desarrolladas est\u00e1n financiadas por el Ministerio de la Presidencia, Relaciones con las Cortes e Igualdad para el desarrollo del <strong>Pacto de Estado contra la Violencia de G\u00e9nero.<\/strong><\/p>\n<p>El d\u00eda <strong>25 de noviembre<\/strong> es el D\u00eda Internacional contra la Violencia de G\u00e9nero.<\/p>\n<p><span style=\"color: #993300\"><strong>CURSO 2021\/2022<\/strong><\/span><\/p>\n<p>Este curso vamos a desarrollar un proyecto al que hemos denominado <strong>\u00bb UN COLE CON MUCHO CORAZ\u00d3N\u00bb<\/strong>, a trav\u00e9s del cual van a girar todas las actividades del centro. Todas las coordinadoras de los planes y programas del centro, incluida la biblioteca, planifican las actividades a realizar durante el mes siguiente.<\/p>\n<p>\u00abUn cole con mucho coraz\u00f3n\u00bb ya que el coraz\u00f3n representa el lugar donde residen las emociones, ser una persona con buenos valores. Hoy en d\u00eda podemos decir que la forma del coraz\u00f3n simboliza felicidad, plenitud y amor.&nbsp;<\/p>\n<p>A pesar de seguir en pandemia y con todas las medidas necesarias para hacer del centro un lugar seguro, debemos seguir teniendo ilusi\u00f3n para crecer sanos y felices.<\/p>\n<p>&nbsp;<\/p>\n<p><strong>ACTIVIDADES REALIZADAS<\/strong><\/p>\n<table style=\"border-collapse: collapse;width: 100%\">\n<tbody>\n<tr>\n<td style=\"width: 33.3333%\">Octubre 2021<\/td>\n<td style=\"width: 33.3333%\">Noviembre 2021<\/td>\n<td style=\"width: 33.3333%\">Diciembre 2021<\/td>\n<\/tr>\n<tr>\n<td style=\"width: 33.3333%\">Enero 2022<\/td>\n<td style=\"width: 33.3333%\">Febrero 2022<\/td>\n<td style=\"width: 33.3333%\">Marzo 2022<\/td>\n<\/tr>\n<tr>\n<td style=\"width: 33.3333%\">Abril 2022<\/td>\n<td style=\"width: 33.3333%\">Mayo 2022<\/td>\n<td style=\"width: 33.3333%\">Junio 2022<\/td>\n<\/tr>\n<\/tbody>\n<\/table>\n<p>&nbsp;<\/p>\n<p><span style=\"color: #993300\"><strong>CURSO 2020\/2021<\/strong><\/span><\/p>\n<p>A lo largo de este curso hemos desarrollado el Proyecto \u00ab9 meses, 9 cuentos\u00bb&nbsp; con el que hemos trabajado las emociones partiendo de la lectura de cuentos adaptados a los diferentes ciclos.<\/p>\n<p>En este proyecto hemos unificado las actividades de los diferentes planes y proyectos del centro, relacion\u00e1ndolas adem\u00e1s con las diferentes efem\u00e9rides que se celebran a lo largo del curso.<\/p>\n<p><strong>ACTIVIDADES REALIZADAS<\/strong><\/p>\n<table style=\"border-collapse: collapse;width: 100%;height: 70px\">\n<tbody>\n<tr style=\"height: 24px\">\n<td style=\"width: 33.3333%;height: 24px\"><a href=\"https:\/\/blogsaverroes.juntadeandalucia.es\/ceipvirgendeloreto\/2020\/11\/20\/9-meses-9-cuentos-octubre\/\">Octubre 2020<\/a><\/td>\n<td style=\"width: 33.3333%;height: 24px\"><a href=\"https:\/\/blogsaverroes.juntadeandalucia.es\/ceipvirgendeloreto\/2020\/12\/20\/2394\/\">Noviembre 2020<\/a><\/td>\n<td style=\"width: 33.3333%;height: 24px\"><a href=\"https:\/\/blogsaverroes.juntadeandalucia.es\/ceipvirgendeloreto\/2021\/01\/20\/proyecto-9-meses-9-cuentos-diciembre\/\">Diciembre 2020<\/a><\/td>\n<\/tr>\n<tr style=\"height: 22px\">\n<td style=\"width: 33.3333%;height: 22px\"><a href=\"https:\/\/blogsaverroes.juntadeandalucia.es\/ceipvirgendeloreto\/2021\/02\/10\/proyecto-9-meses-9-cuentos-enero\/\">Enero 2021<\/a><\/td>\n<td style=\"width: 33.3333%;height: 22px\"><a href=\"https:\/\/blogsaverroes.juntadeandalucia.es\/ceipvirgendeloreto\/2021\/03\/10\/proyecto-9-meses-9-cuentos-febrero\/\">Febrero 2021<\/a><\/td>\n<td style=\"width: 33.3333%;height: 22px\"><a href=\"https:\/\/blogsaverroes.juntadeandalucia.es\/ceipvirgendeloreto\/2021\/04\/13\/proyecto-9-meses-9-cuentos-marzo\/\">Marzo 2021<\/a><\/td>\n<\/tr>\n<tr style=\"height: 24px\">\n<td style=\"width: 33.3333%;height: 24px\">&nbsp;<a href=\"https:\/\/blogsaverroes.juntadeandalucia.es\/ceipvirgendeloreto\/2021\/05\/05\/proyecto-9-meses-9-cuentos-abril\/\">Abril 2021<\/a><\/td>\n<td style=\"width: 33.3333%;height: 24px\"><a href=\"https:\/\/blogsaverroes.juntadeandalucia.es\/ceipvirgendeloreto\/2021\/06\/02\/proyecto-9-meses-9-cuentos-mayo\/\">Mayo 2021<\/a><\/td>\n<td style=\"width: 33.3333%;height: 24px\"><a href=\"https:\/\/blogsaverroes.juntadeandalucia.es\/ceipvirgendeloreto\/2021\/06\/19\/proyecto-9-meses-9-cuentos-junio\/\">Junio 2021<\/a><\/td>\n<\/tr>\n<\/tbody>\n<\/table>\n<p>&nbsp;<\/p>\n","protected":false},"excerpt":{"rendered":"<p>Las actuaciones y medidas preventivas desarrolladas est\u00e1n financiadas por el Ministerio de la Presidencia, Relaciones con las Cortes e Igualdad para el desarrollo del Pacto de Estado contra la Violencia de G\u00e9nero. El d\u00eda&#46;&#46;&#46;<\/p>\n","protected":false},"author":1897,"featured_media":0,"parent":0,"menu_order":0,"comment_status":"closed","ping_status":"closed","template":"","meta":{"ngg_post_thumbnail":0,"footnotes":"","_mc_calendar":[]},"aioseo_notices":[],"_links":{"self":[{"href":"https:\/\/blogsaverroes.juntadeandalucia.es\/ceipvirgendeloreto\/wp-json\/wp\/v2\/pages\/2305"}],"collection":[{"href":"https:\/\/blogsaverroes.juntadeandalucia.es\/ceipvirgendeloreto\/wp-json\/wp\/v2\/pages"}],"about":[{"href":"https:\/\/blogsaverroes.juntadeandalucia.es\/ceipvirgendeloreto\/wp-json\/wp\/v2\/types\/page"}],"author":[{"embeddable":true,"href":"https:\/\/blogsaverroes.juntadeandalucia.es\/ceipvirgendeloreto\/wp-json\/wp\/v2\/users\/1897"}],"replies":[{"embeddable":true,"href":"https:\/\/blogsaverroes.juntadeandalucia.es\/ceipvirgendeloreto\/wp-json\/wp\/v2\/comments?post=2305"}],"version-history":[{"count":13,"href":"https:\/\/blogsaverroes.juntadeandalucia.es\/ceipvirgendeloreto\/wp-json\/wp\/v2\/pages\/2305\/revisions"}],"predecessor-version":[{"id":2657,"href":"https:\/\/blogsaverroes.juntadeandalucia.es\/ceipvirgendeloreto\/wp-json\/wp\/v2\/pages\/2305\/revisions\/2657"}],"wp:attachment":[{"href":"https:\/\/blogsaverroes.juntadeandalucia.es\/ceipvirgendeloreto\/wp-json\/wp\/v2\/media?parent=2305"}],"curies":[{"name":"wp","href":"https:\/\/api.w.org\/{rel}","templated":true}]}}