{"id":35,"date":"2015-03-13T08:21:43","date_gmt":"2015-03-13T08:21:43","guid":{"rendered":"http:\/\/blogsaverroes.juntadeandalucia.es\/pre\/ceip\/?page_id=35"},"modified":"2021-08-30T14:05:51","modified_gmt":"2021-08-30T12:05:51","slug":"el-centro-2","status":"publish","type":"page","link":"https:\/\/blogsaverroes.juntadeandalucia.es\/ceipvirgendeloreto\/el-centro-2\/","title":{"rendered":"Datos del centro"},"content":{"rendered":"<p style=\"text-align: left\"><a href=\"https:\/\/blogsaverroes.juntadeandalucia.es\/ceipvirgendeloreto\/files\/2020\/08\/logo-Cole-nuevo.jpg\"><img loading=\"lazy\" decoding=\"async\" class=\"wp-image-2189 aligncenter\" src=\"https:\/\/blogsaverroes.juntadeandalucia.es\/ceipvirgendeloreto\/files\/2020\/08\/logo-Cole-nuevo-293x300.jpg\" alt=\"\" width=\"68\" height=\"70\" srcset=\"https:\/\/blogsaverroes.juntadeandalucia.es\/ceipvirgendeloreto\/files\/2020\/08\/logo-Cole-nuevo-293x300.jpg 293w, https:\/\/blogsaverroes.juntadeandalucia.es\/ceipvirgendeloreto\/files\/2020\/08\/logo-Cole-nuevo-24x24.jpg 24w, https:\/\/blogsaverroes.juntadeandalucia.es\/ceipvirgendeloreto\/files\/2020\/08\/logo-Cole-nuevo-36x36.jpg 36w, https:\/\/blogsaverroes.juntadeandalucia.es\/ceipvirgendeloreto\/files\/2020\/08\/logo-Cole-nuevo-48x48.jpg 48w, https:\/\/blogsaverroes.juntadeandalucia.es\/ceipvirgendeloreto\/files\/2020\/08\/logo-Cole-nuevo.jpg 436w\" sizes=\"(max-width: 68px) 100vw, 68px\" \/><\/a><\/p>\n<h2 style=\"text-align: center\">C.E.I.P. Virgen de Loreto &#8211; Almer\u00eda<\/h2>\n<h4>&nbsp;<\/h4>\n<h4><strong>Datos de contacto<\/strong><\/h4>\n<p>CEIP Virgen de Loreto<br \/>\nCalle Jos\u00e9 Mar\u00eda Artero, 12. 04007 Almer\u00eda<\/p>\n<p><strong>Tel\u00e9fonos:&nbsp;<\/strong><\/p>\n<ul>\n<li><strong>Tel\u00e9fono: <\/strong>950156127 \/Corp: 771127<\/li>\n<li><strong>Secretar\u00eda: <\/strong>950156127 \/Corp: 771127 \/ 671530678 \/Corp: 630678<\/li>\n<li><strong>Edificio de Infantil: <\/strong>649802293 \/Corp: 695229<\/li>\n<\/ul>\n<p><strong>FAX:&nbsp;<\/strong> 950156127<br \/>\n<strong>Email:<\/strong> 04000833.edu@juntadeandalucia.es<\/p>\n<p><strong>NIF<\/strong>: S41110041-F<\/p>\n<h4><strong>Oferta educativa<\/strong><\/h4>\n<p>Educaci\u00f3n Infantil y Primaria.<\/p>\n<p>Educaci\u00f3n especial apoyo a la integraci\u00f3n<\/p>\n<p>Educaci\u00f3n especial unidad espec\u00edfica (TEA)<\/p>\n<p>&nbsp;<\/p>\n<p><iframe loading=\"lazy\" src=\"https:\/\/www.google.com\/maps\/embed?pb=!1m18!1m12!1m3!1d3193.3746908395233!2d-2.4469520844109636!3d36.833501473523526!2m3!1f0!2f0!3f0!3m2!1i1024!2i768!4f13.1!3m3!1m2!1s0xd7a9de6133ade25%3A0xe4a47069ef83dcbb!2sC.E.I.P.%20Virgen%20de%20Loreto!5e0!3m2!1ses!2ses!4v1596191351025!5m2!1ses!2ses\" width=\"600\" height=\"450\" frameborder=\"0\"><\/iframe><\/p>\n","protected":false},"excerpt":{"rendered":"<p>C.E.I.P. Virgen de Loreto &#8211; Almer\u00eda &nbsp; Datos de contacto CEIP Virgen de Loreto Calle Jos\u00e9 Mar\u00eda Artero, 12. 04007 Almer\u00eda Tel\u00e9fonos:&nbsp; Tel\u00e9fono: 950156127 \/Corp: 771127 Secretar\u00eda: 950156127 \/Corp: 771127 \/ 671530678 \/Corp: 630678&#46;&#46;&#46;<\/p>\n","protected":false},"author":1,"featured_media":0,"parent":0,"menu_order":0,"comment_status":"open","ping_status":"open","template":"","meta":{"ngg_post_thumbnail":0,"footnotes":"","_mc_calendar":[]},"aioseo_notices":[],"_links":{"self":[{"href":"https:\/\/blogsaverroes.juntadeandalucia.es\/ceipvirgendeloreto\/wp-json\/wp\/v2\/pages\/35"}],"collection":[{"href":"https:\/\/blogsaverroes.juntadeandalucia.es\/ceipvirgendeloreto\/wp-json\/wp\/v2\/pages"}],"about":[{"href":"https:\/\/blogsaverroes.juntadeandalucia.es\/ceipvirgendeloreto\/wp-json\/wp\/v2\/types\/page"}],"author":[{"embeddable":true,"href":"https:\/\/blogsaverroes.juntadeandalucia.es\/ceipvirgendeloreto\/wp-json\/wp\/v2\/users\/1"}],"replies":[{"embeddable":true,"href":"https:\/\/blogsaverroes.juntadeandalucia.es\/ceipvirgendeloreto\/wp-json\/wp\/v2\/comments?post=35"}],"version-history":[{"count":30,"href":"https:\/\/blogsaverroes.juntadeandalucia.es\/ceipvirgendeloreto\/wp-json\/wp\/v2\/pages\/35\/revisions"}],"predecessor-version":[{"id":2061,"href":"https:\/\/blogsaverroes.juntadeandalucia.es\/ceipvirgendeloreto\/wp-json\/wp\/v2\/pages\/35\/revisions\/2061"}],"wp:attachment":[{"href":"https:\/\/blogsaverroes.juntadeandalucia.es\/ceipvirgendeloreto\/wp-json\/wp\/v2\/media?parent=35"}],"curies":[{"name":"wp","href":"https:\/\/api.w.org\/{rel}","templated":true}]}}