{"id":44,"date":"2024-09-28T18:42:15","date_gmt":"2024-09-28T16:42:15","guid":{"rendered":"http:\/\/blogsaverroes.juntadeandalucia.es\/pre\/ceip\/?page_id=44"},"modified":"2024-09-29T20:13:40","modified_gmt":"2024-09-29T18:13:40","slug":"planes-y-proyectos","status":"publish","type":"page","link":"https:\/\/blogsaverroes.juntadeandalucia.es\/ceipvirgendeloreto\/planes-y-proyectos\/","title":{"rendered":"Planes y Programas"},"content":{"rendered":"<p><img loading=\"lazy\" decoding=\"async\" class=\"alignnone size-medium wp-image-1667\" src=\"http:\/\/blogsaverroes.juntadeandalucia.es\/ceipvirgendeloreto\/files\/2015\/03\/planes-300x150.png\" alt=\"planes\" width=\"300\" height=\"150\" srcset=\"https:\/\/blogsaverroes.juntadeandalucia.es\/ceipvirgendeloreto\/files\/2015\/03\/planes-300x150.png 300w, https:\/\/blogsaverroes.juntadeandalucia.es\/ceipvirgendeloreto\/files\/2015\/03\/planes.png 640w\" sizes=\"(max-width: 300px) 100vw, 300px\" \/><\/p>\n<p>Cada centro personaliza y adapta su Proyecto Educativo adhiri\u00e9ndose a diferentes <strong>Planes y Programas<\/strong> promovidos desde la Consejer\u00eda de Educaci\u00f3n, Cultura y Deporte.<\/p>\n<p>En nuestro Centro desarrollamos los siguientes:<\/p>\n<ul>\n<li><strong>Plan de igualdad de g\u00e9nero en educaci\u00f3n.<\/strong><\/li>\n<li><strong>Plan de apertura de centros docentes<\/strong><\/li>\n<li><strong>Plan de salud Laboral y Plan de Prevenci\u00f3n de Riesgos Laborales<\/strong><\/li>\n<li><strong>Organizaci\u00f3n y Funcionamiento de las Bibliotecas Escolares<\/strong><\/li>\n<li><strong>Plan de Bienestar y Protecci\u00f3n infancia y Adolescencia \/ Convivencia<\/strong><\/li>\n<li><strong>Pr\u00e1cticum grado maestro<\/strong><\/li>\n<li><strong>Red Andaluza Escuela \u00abEspacio de Paz\u00bb<\/strong><\/li>\n<li><strong>Transformaci\u00f3n Digital Educativa<\/strong><\/li>\n<li><strong>Programa MAS EQUIDAD<\/strong><\/li>\n<li><strong>Programa CIMA<\/strong><\/li>\n<\/ul>\n<p>&nbsp;<\/p>\n","protected":false},"excerpt":{"rendered":"<p>Cada centro personaliza y adapta su Proyecto Educativo adhiri\u00e9ndose a diferentes Planes y Programas promovidos desde la Consejer\u00eda de Educaci\u00f3n, Cultura y Deporte. En nuestro Centro desarrollamos los siguientes: Plan de igualdad de g\u00e9nero&#46;&#46;&#46;<\/p>\n","protected":false},"author":1,"featured_media":0,"parent":0,"menu_order":0,"comment_status":"open","ping_status":"closed","template":"","meta":{"ngg_post_thumbnail":0,"footnotes":"","_mc_calendar":[]},"aioseo_notices":[],"_links":{"self":[{"href":"https:\/\/blogsaverroes.juntadeandalucia.es\/ceipvirgendeloreto\/wp-json\/wp\/v2\/pages\/44"}],"collection":[{"href":"https:\/\/blogsaverroes.juntadeandalucia.es\/ceipvirgendeloreto\/wp-json\/wp\/v2\/pages"}],"about":[{"href":"https:\/\/blogsaverroes.juntadeandalucia.es\/ceipvirgendeloreto\/wp-json\/wp\/v2\/types\/page"}],"author":[{"embeddable":true,"href":"https:\/\/blogsaverroes.juntadeandalucia.es\/ceipvirgendeloreto\/wp-json\/wp\/v2\/users\/1"}],"replies":[{"embeddable":true,"href":"https:\/\/blogsaverroes.juntadeandalucia.es\/ceipvirgendeloreto\/wp-json\/wp\/v2\/comments?post=44"}],"version-history":[{"count":11,"href":"https:\/\/blogsaverroes.juntadeandalucia.es\/ceipvirgendeloreto\/wp-json\/wp\/v2\/pages\/44\/revisions"}],"predecessor-version":[{"id":3002,"href":"https:\/\/blogsaverroes.juntadeandalucia.es\/ceipvirgendeloreto\/wp-json\/wp\/v2\/pages\/44\/revisions\/3002"}],"wp:attachment":[{"href":"https:\/\/blogsaverroes.juntadeandalucia.es\/ceipvirgendeloreto\/wp-json\/wp\/v2\/media?parent=44"}],"curies":[{"name":"wp","href":"https:\/\/api.w.org\/{rel}","templated":true}]}}