{"id":49,"date":"2015-03-13T08:47:05","date_gmt":"2015-03-13T08:47:05","guid":{"rendered":"http:\/\/blogsaverroes.juntadeandalucia.es\/pre\/ceip\/?page_id=49"},"modified":"2024-11-10T12:55:03","modified_gmt":"2024-11-10T11:55:03","slug":"proyecto-educativo","status":"publish","type":"page","link":"https:\/\/blogsaverroes.juntadeandalucia.es\/ceipvirgendeloreto\/proyecto-educativo\/","title":{"rendered":"Plan de Centro"},"content":{"rendered":"<p><a href=\"https:\/\/blogsaverroes.juntadeandalucia.es\/ceipvirgendeloreto\/files\/2020\/08\/documentos-web.jpg\"><img loading=\"lazy\" decoding=\"async\" class=\"size-medium wp-image-2196 aligncenter\" src=\"https:\/\/blogsaverroes.juntadeandalucia.es\/ceipvirgendeloreto\/files\/2020\/08\/documentos-web-300x141.jpg\" alt=\"\" width=\"300\" height=\"141\" srcset=\"https:\/\/blogsaverroes.juntadeandalucia.es\/ceipvirgendeloreto\/files\/2020\/08\/documentos-web-300x141.jpg 300w, https:\/\/blogsaverroes.juntadeandalucia.es\/ceipvirgendeloreto\/files\/2020\/08\/documentos-web-768x361.jpg 768w, https:\/\/blogsaverroes.juntadeandalucia.es\/ceipvirgendeloreto\/files\/2020\/08\/documentos-web-640x300.jpg 640w, https:\/\/blogsaverroes.juntadeandalucia.es\/ceipvirgendeloreto\/files\/2020\/08\/documentos-web-24x11.jpg 24w, https:\/\/blogsaverroes.juntadeandalucia.es\/ceipvirgendeloreto\/files\/2020\/08\/documentos-web-36x17.jpg 36w, https:\/\/blogsaverroes.juntadeandalucia.es\/ceipvirgendeloreto\/files\/2020\/08\/documentos-web-48x23.jpg 48w, https:\/\/blogsaverroes.juntadeandalucia.es\/ceipvirgendeloreto\/files\/2020\/08\/documentos-web.jpg 850w\" sizes=\"(max-width: 300px) 100vw, 300px\" \/><\/a><\/p>\n<p><span style=\"color: #000000\"><strong>PLAN DE CENTRO<\/strong><\/span><\/p>\n<p>El Plan de Centro es el documento que expresa nuestras se\u00f1as de identidad.<\/p>\n<p>Es el aut\u00e9ntico referente, con car\u00e1cter sist\u00e9mico e integrador del principio de autonom\u00eda pedag\u00f3gica, de organizaci\u00f3n y de gesti\u00f3n.<\/p>\n<p>La ley 17\/2007 de 10 de diciembre de Educaci\u00f3n de Andaluc\u00eda, establece en su art\u00edculo 126, los documentos que integran el Plan de Centro.<\/p>\n<p style=\"text-align: center\"><strong>Enlace al sitio web del Plan De Centro (en actualizaci\u00f3n)<\/strong><\/p>\n<p><a href=\"https:\/\/sites.google.com\/site\/plandecentroloretoalmeria\/\"><img loading=\"lazy\" decoding=\"async\" class=\"wp-image-1662 aligncenter\" src=\"http:\/\/blogsaverroes.juntadeandalucia.es\/ceipvirgendeloreto\/files\/2015\/03\/proyecto-300x266.png\" alt=\"proyecto\" width=\"162\" height=\"144\" srcset=\"https:\/\/blogsaverroes.juntadeandalucia.es\/ceipvirgendeloreto\/files\/2015\/03\/proyecto-300x266.png 300w, https:\/\/blogsaverroes.juntadeandalucia.es\/ceipvirgendeloreto\/files\/2015\/03\/proyecto.png 640w\" sizes=\"(max-width: 162px) 100vw, 162px\" \/><\/a><\/p>\n<p>&nbsp;<\/p>\n","protected":false},"excerpt":{"rendered":"<p>PLAN DE CENTRO El Plan de Centro es el documento que expresa nuestras se\u00f1as de identidad. Es el aut\u00e9ntico referente, con car\u00e1cter sist\u00e9mico e integrador del principio de autonom\u00eda pedag\u00f3gica, de organizaci\u00f3n y de&#46;&#46;&#46;<\/p>\n","protected":false},"author":1,"featured_media":0,"parent":0,"menu_order":0,"comment_status":"open","ping_status":"open","template":"","meta":{"ngg_post_thumbnail":0,"footnotes":"","_mc_calendar":[]},"aioseo_notices":[],"_links":{"self":[{"href":"https:\/\/blogsaverroes.juntadeandalucia.es\/ceipvirgendeloreto\/wp-json\/wp\/v2\/pages\/49"}],"collection":[{"href":"https:\/\/blogsaverroes.juntadeandalucia.es\/ceipvirgendeloreto\/wp-json\/wp\/v2\/pages"}],"about":[{"href":"https:\/\/blogsaverroes.juntadeandalucia.es\/ceipvirgendeloreto\/wp-json\/wp\/v2\/types\/page"}],"author":[{"embeddable":true,"href":"https:\/\/blogsaverroes.juntadeandalucia.es\/ceipvirgendeloreto\/wp-json\/wp\/v2\/users\/1"}],"replies":[{"embeddable":true,"href":"https:\/\/blogsaverroes.juntadeandalucia.es\/ceipvirgendeloreto\/wp-json\/wp\/v2\/comments?post=49"}],"version-history":[{"count":15,"href":"https:\/\/blogsaverroes.juntadeandalucia.es\/ceipvirgendeloreto\/wp-json\/wp\/v2\/pages\/49\/revisions"}],"predecessor-version":[{"id":2094,"href":"https:\/\/blogsaverroes.juntadeandalucia.es\/ceipvirgendeloreto\/wp-json\/wp\/v2\/pages\/49\/revisions\/2094"}],"wp:attachment":[{"href":"https:\/\/blogsaverroes.juntadeandalucia.es\/ceipvirgendeloreto\/wp-json\/wp\/v2\/media?parent=49"}],"curies":[{"name":"wp","href":"https:\/\/api.w.org\/{rel}","templated":true}]}}