{"id":77,"date":"2022-12-23T06:54:56","date_gmt":"2022-12-23T05:54:56","guid":{"rendered":"http:\/\/blogsaverroes.juntadeandalucia.es\/pre\/ceip\/?page_id=77"},"modified":"2023-02-13T09:49:15","modified_gmt":"2023-02-13T08:49:15","slug":"secretaria","status":"publish","type":"page","link":"https:\/\/blogsaverroes.juntadeandalucia.es\/ceipvirgendeloreto\/secretaria\/","title":{"rendered":"Secretar\u00eda"},"content":{"rendered":"<p><a href=\"https:\/\/blogsaverroes.juntadeandalucia.es\/ceipvirgendeloreto\/files\/2020\/08\/Rotulo_Atencion_Publico.png\"><img loading=\"lazy\" decoding=\"async\" class=\" wp-image-2178 alignleft\" src=\"https:\/\/blogsaverroes.juntadeandalucia.es\/ceipvirgendeloreto\/files\/2020\/08\/Rotulo_Atencion_Publico-300x141.png\" alt=\"\" width=\"326\" height=\"153\" srcset=\"https:\/\/blogsaverroes.juntadeandalucia.es\/ceipvirgendeloreto\/files\/2020\/08\/Rotulo_Atencion_Publico-300x141.png 300w, https:\/\/blogsaverroes.juntadeandalucia.es\/ceipvirgendeloreto\/files\/2020\/08\/Rotulo_Atencion_Publico-24x11.png 24w, https:\/\/blogsaverroes.juntadeandalucia.es\/ceipvirgendeloreto\/files\/2020\/08\/Rotulo_Atencion_Publico-36x17.png 36w, https:\/\/blogsaverroes.juntadeandalucia.es\/ceipvirgendeloreto\/files\/2020\/08\/Rotulo_Atencion_Publico-48x23.png 48w, https:\/\/blogsaverroes.juntadeandalucia.es\/ceipvirgendeloreto\/files\/2020\/08\/Rotulo_Atencion_Publico.png 520w\" sizes=\"(max-width: 326px) 100vw, 326px\" \/><\/a>La <strong>Secretar\u00eda<\/strong> desarrolla muchas funciones importantes en la vida de un centro, especialmente en la relaci\u00f3n que mantiene con las familias en los diferentes tr\u00e1mites administrativos a lo largo de la escolarizaci\u00f3n: admisi\u00f3n, matr\u00edcula, comedor escolar, becas, etc.<\/p>\n<p>Los servicios de atenci\u00f3n al p\u00fablico se realizar\u00e1n preferentemente de forma telef\u00f3nica, telem\u00e1tica o&nbsp; &nbsp; &nbsp; &nbsp; &nbsp; &nbsp; &nbsp; &nbsp; &nbsp; &nbsp; &nbsp; &nbsp; &nbsp; &nbsp; &nbsp; &nbsp; &nbsp; &nbsp; &nbsp; &nbsp; &nbsp; &nbsp; &nbsp; &nbsp; &nbsp; &nbsp; &nbsp; &nbsp; &nbsp; &nbsp; &nbsp; &nbsp; &nbsp; &nbsp; &nbsp; &nbsp; &nbsp; &nbsp; &nbsp; &nbsp; &nbsp; &nbsp; &nbsp; &nbsp; &nbsp; &nbsp; &nbsp; &nbsp; &nbsp; &nbsp; por ventanilla.<\/p>\n<p style=\"text-align: center\"><strong>Tel\u00e9fono: 950156127<\/strong><\/p>\n<p style=\"text-align: center\"><strong>Correo electr\u00f3nico del centro:&nbsp; 04000833.edu@juntadeandalucia.es<\/strong><\/p>\n<p>&nbsp;<\/p>\n<p style=\"text-align: center\"><span style=\"color: #ff0000\"><strong>Horario de secretar\u00eda<\/strong><\/span><\/p>\n<p style=\"text-align: center\"><strong>Lunes, Mi\u00e9rcoles y Viernes: 9:00 a 11:00 h.<\/strong><\/p>\n<p style=\"text-align: center\"><strong>Martes y jueves: 9:00 a 10:15 h.<\/strong><\/p>\n<p style=\"text-align: center\">&nbsp;<\/p>\n","protected":false},"excerpt":{"rendered":"<p>La Secretar\u00eda desarrolla muchas funciones importantes en la vida de un centro, especialmente en la relaci\u00f3n que mantiene con las familias en los diferentes tr\u00e1mites administrativos a lo largo de la escolarizaci\u00f3n: admisi\u00f3n, matr\u00edcula,&#46;&#46;&#46;<\/p>\n","protected":false},"author":1,"featured_media":0,"parent":0,"menu_order":0,"comment_status":"open","ping_status":"open","template":"","meta":{"ngg_post_thumbnail":0,"footnotes":"","_mc_calendar":[]},"aioseo_notices":[],"_links":{"self":[{"href":"https:\/\/blogsaverroes.juntadeandalucia.es\/ceipvirgendeloreto\/wp-json\/wp\/v2\/pages\/77"}],"collection":[{"href":"https:\/\/blogsaverroes.juntadeandalucia.es\/ceipvirgendeloreto\/wp-json\/wp\/v2\/pages"}],"about":[{"href":"https:\/\/blogsaverroes.juntadeandalucia.es\/ceipvirgendeloreto\/wp-json\/wp\/v2\/types\/page"}],"author":[{"embeddable":true,"href":"https:\/\/blogsaverroes.juntadeandalucia.es\/ceipvirgendeloreto\/wp-json\/wp\/v2\/users\/1"}],"replies":[{"embeddable":true,"href":"https:\/\/blogsaverroes.juntadeandalucia.es\/ceipvirgendeloreto\/wp-json\/wp\/v2\/comments?post=77"}],"version-history":[{"count":10,"href":"https:\/\/blogsaverroes.juntadeandalucia.es\/ceipvirgendeloreto\/wp-json\/wp\/v2\/pages\/77\/revisions"}],"predecessor-version":[{"id":2874,"href":"https:\/\/blogsaverroes.juntadeandalucia.es\/ceipvirgendeloreto\/wp-json\/wp\/v2\/pages\/77\/revisions\/2874"}],"wp:attachment":[{"href":"https:\/\/blogsaverroes.juntadeandalucia.es\/ceipvirgendeloreto\/wp-json\/wp\/v2\/media?parent=77"}],"curies":[{"name":"wp","href":"https:\/\/api.w.org\/{rel}","templated":true}]}}