{"id":99,"date":"2024-09-09T19:22:54","date_gmt":"2024-09-09T17:22:54","guid":{"rendered":"http:\/\/blogsaverroes.juntadeandalucia.es\/pre\/ceip\/?page_id=99"},"modified":"2025-03-02T00:36:03","modified_gmt":"2025-03-01T23:36:03","slug":"comedor-escolar","status":"publish","type":"page","link":"https:\/\/blogsaverroes.juntadeandalucia.es\/ceipvirgendeloreto\/comedor-escolar\/","title":{"rendered":"Comedor escolar"},"content":{"rendered":"<p><a href=\"https:\/\/blogsaverroes.juntadeandalucia.es\/ceipvirgendeloreto\/files\/2020\/08\/comedor-escolar.png\"><img loading=\"lazy\" decoding=\"async\" class=\"size-medium wp-image-2218 alignleft\" src=\"https:\/\/blogsaverroes.juntadeandalucia.es\/ceipvirgendeloreto\/files\/2020\/08\/comedor-escolar-300x158.png\" alt=\"\" width=\"300\" height=\"158\" srcset=\"https:\/\/blogsaverroes.juntadeandalucia.es\/ceipvirgendeloreto\/files\/2020\/08\/comedor-escolar-300x158.png 300w, https:\/\/blogsaverroes.juntadeandalucia.es\/ceipvirgendeloreto\/files\/2020\/08\/comedor-escolar-768x403.png 768w, https:\/\/blogsaverroes.juntadeandalucia.es\/ceipvirgendeloreto\/files\/2020\/08\/comedor-escolar-1024x538.png 1024w, https:\/\/blogsaverroes.juntadeandalucia.es\/ceipvirgendeloreto\/files\/2020\/08\/comedor-escolar-24x13.png 24w, https:\/\/blogsaverroes.juntadeandalucia.es\/ceipvirgendeloreto\/files\/2020\/08\/comedor-escolar-36x19.png 36w, https:\/\/blogsaverroes.juntadeandalucia.es\/ceipvirgendeloreto\/files\/2020\/08\/comedor-escolar-48x25.png 48w, https:\/\/blogsaverroes.juntadeandalucia.es\/ceipvirgendeloreto\/files\/2020\/08\/comedor-escolar.png 1200w\" sizes=\"(max-width: 300px) 100vw, 300px\" \/><\/a><\/p>\n<p>&nbsp; &nbsp; &nbsp;Los comedores escolares son un servicio complementario que resulta de gran utilidad a padres y madres para ayudarles a conciliar la vida laboral y familiar. Tienen una duraci\u00f3n de hasta dos horas desde que acaba la jornada escolar de la ma\u00f1ana (de 14.00 a 16.00 horas).<\/p>\n<p>&nbsp; &nbsp; &nbsp;Los comedores son adem\u00e1s una pieza importante en todas las medidas dirigidas a mejorar los h\u00e1bitos alimenticios de los ni\u00f1os y ni\u00f1as y prevenir problemas de salud como la obesidad.<\/p>\n<p>&nbsp; &nbsp; &nbsp;Los comedores escolares de los centros p\u00fablicos andaluces promueven una alimentaci\u00f3n saludable que est\u00e1 supervisada por nutricionistas.<\/p>\n<p>El <strong>horario<\/strong> del Comedor Escolar es de lunes a viernes de <strong>14:00 h. a 16:00 h<\/strong>. Debido al n\u00famero de alumnos a atender, hay dos turnos de comida, seg\u00fan edades, para una mejor atenci\u00f3n del alumnado.<\/p>\n<p><strong>Precio<\/strong>:&nbsp; Precio por d\u00eda: 5,54\u20ac \/d\u00eda (<\/p>\n<p><strong>Normativa:&nbsp;<\/strong>La normativa que regula este servicio es la <a href=\"https:\/\/www.juntadeandalucia.es\/boja\/2017\/78\/1\">Orden de 17 de abril de 2017<\/a>, &nbsp;por la que se regulan los servicios complementarios de la ense\u00f1anza de aula matinal, comedor escolar y actividades extraescolares en los centros docentes p\u00fablicos.<\/p>\n<p style=\"text-align: center\"><strong>ALESSA CATERING<\/strong><\/p>\n<p style=\"text-align: center\"><strong> EMPRESA ADJUDICATARIA PARA LA GESTI\u00d3N DEL COMEDOR ESCOLAR<\/strong><\/p>\n<p style=\"text-align: center\"><strong>Circular de la empresa ALESSA CATERINT sobre:<\/strong><\/p>\n<p style=\"text-align: center\"><strong> \u00abNORMATIVA DE CONTRATACI\u00d3N DEL COMEDOR ESCOLAR\u00bb (hacer clic encima)<\/strong><\/p>\n<p style=\"text-align: center\"><a href=\"https:\/\/blogsaverroes.juntadeandalucia.es\/ceipvirgendeloreto\/files\/2024\/09\/NORMATIVA-Y-CARTA-APP-ALESSA-ISE-2024-2025.pdf\">Circular Alessa 2024-2025<\/a><\/p>\n<p>&nbsp; &nbsp; &nbsp; &nbsp;<strong> APLICACI\u00d3N: APP COLECHEF<\/strong><\/p>\n<p><strong>&nbsp; &nbsp; &nbsp; &nbsp; Correo electr\u00f3nico: comedores.alessa@serunion.elior.com<\/strong><\/p>\n<p><strong>&nbsp; &nbsp; &nbsp; &nbsp; Tel\u00e9fono: 950960509<\/strong><\/p>\n<p>&nbsp;<\/p>\n<p><strong>&nbsp;<\/strong><\/p>\n","protected":false},"excerpt":{"rendered":"<p>&nbsp; &nbsp; &nbsp;Los comedores escolares son un servicio complementario que resulta de gran utilidad a padres y madres para ayudarles a conciliar la vida laboral y familiar. Tienen una duraci\u00f3n de hasta dos horas&#46;&#46;&#46;<\/p>\n","protected":false},"author":1,"featured_media":0,"parent":0,"menu_order":0,"comment_status":"open","ping_status":"open","template":"","meta":{"ngg_post_thumbnail":0,"footnotes":"","_mc_calendar":[]},"aioseo_notices":[],"_links":{"self":[{"href":"https:\/\/blogsaverroes.juntadeandalucia.es\/ceipvirgendeloreto\/wp-json\/wp\/v2\/pages\/99"}],"collection":[{"href":"https:\/\/blogsaverroes.juntadeandalucia.es\/ceipvirgendeloreto\/wp-json\/wp\/v2\/pages"}],"about":[{"href":"https:\/\/blogsaverroes.juntadeandalucia.es\/ceipvirgendeloreto\/wp-json\/wp\/v2\/types\/page"}],"author":[{"embeddable":true,"href":"https:\/\/blogsaverroes.juntadeandalucia.es\/ceipvirgendeloreto\/wp-json\/wp\/v2\/users\/1"}],"replies":[{"embeddable":true,"href":"https:\/\/blogsaverroes.juntadeandalucia.es\/ceipvirgendeloreto\/wp-json\/wp\/v2\/comments?post=99"}],"version-history":[{"count":29,"href":"https:\/\/blogsaverroes.juntadeandalucia.es\/ceipvirgendeloreto\/wp-json\/wp\/v2\/pages\/99\/revisions"}],"predecessor-version":[{"id":3013,"href":"https:\/\/blogsaverroes.juntadeandalucia.es\/ceipvirgendeloreto\/wp-json\/wp\/v2\/pages\/99\/revisions\/3013"}],"wp:attachment":[{"href":"https:\/\/blogsaverroes.juntadeandalucia.es\/ceipvirgendeloreto\/wp-json\/wp\/v2\/media?parent=99"}],"curies":[{"name":"wp","href":"https:\/\/api.w.org\/{rel}","templated":true}]}}