{"id":49,"date":"2015-03-13T08:47:05","date_gmt":"2015-03-13T08:47:05","guid":{"rendered":"http:\/\/blogsaverroes.juntadeandalucia.es\/pre\/ceip\/?page_id=49"},"modified":"2020-11-11T13:40:48","modified_gmt":"2020-11-11T12:40:48","slug":"proyecto-educativo","status":"publish","type":"page","link":"https:\/\/blogsaverroes.juntadeandalucia.es\/ceipvirgendelosremedios\/proyecto-educativo\/","title":{"rendered":"PLAN DE CENTRO 2020-2021"},"content":{"rendered":"<p><img loading=\"lazy\" decoding=\"async\" class=\"alignnone size-medium wp-image-1662\" src=\"http:\/\/blogsaverroes.juntadeandalucia.es\/temahueman\/files\/2015\/03\/proyecto-300x266.png\" alt=\"proyecto\" width=\"300\" height=\"266\" srcset=\"https:\/\/blogsaverroes.juntadeandalucia.es\/ceipvirgendelosremedios\/files\/2015\/03\/proyecto-300x266.png 300w, https:\/\/blogsaverroes.juntadeandalucia.es\/ceipvirgendelosremedios\/files\/2015\/03\/proyecto.png 640w\" sizes=\"(max-width: 300px) 100vw, 300px\" \/><\/p>\n<p>Plan de centro: https:\/\/drive.google.com\/open?id=1hm6SFQwOZ2WGTWG50mWf9dej7meJ-xar<\/p>\n<ol>\n<li>PLAN DE CENTRO<\/li>\n<li>PLAN DE ATENCI\u00d3N A LA DIVERSIDAD<\/li>\n<li>PLAN DE FORMACI\u00d3N DEL PROFESORADO<\/li>\n<li>POAT<\/li>\n<li>PLAN DE CONVIVENCIA<\/li>\n<li>PLAN DE ACTUACI\u00d3N DIGITAL<\/li>\n<li>PROTOCOLO COVID CEIP V REMEDIOS 21000462<\/li>\n<li>PROA\/PARCES<\/li>\n<\/ol>\n","protected":false},"excerpt":{"rendered":"<p>Plan de centro: https:\/\/drive.google.com\/open?id=1hm6SFQwOZ2WGTWG50mWf9dej7meJ-xar PLAN DE CENTRO PLAN DE ATENCI\u00d3N A LA DIVERSIDAD PLAN DE FORMACI\u00d3N DEL PROFESORADO POAT PLAN DE CONVIVENCIA PLAN DE ACTUACI\u00d3N DIGITAL PROTOCOLO COVID CEIP V REMEDIOS 21000462 PROA\/PARCES<\/p>\n","protected":false},"author":1,"featured_media":0,"parent":0,"menu_order":0,"comment_status":"open","ping_status":"open","template":"","meta":{"ngg_post_thumbnail":0,"footnotes":"","_mc_calendar":[]},"aioseo_notices":[],"_links":{"self":[{"href":"https:\/\/blogsaverroes.juntadeandalucia.es\/ceipvirgendelosremedios\/wp-json\/wp\/v2\/pages\/49"}],"collection":[{"href":"https:\/\/blogsaverroes.juntadeandalucia.es\/ceipvirgendelosremedios\/wp-json\/wp\/v2\/pages"}],"about":[{"href":"https:\/\/blogsaverroes.juntadeandalucia.es\/ceipvirgendelosremedios\/wp-json\/wp\/v2\/types\/page"}],"author":[{"embeddable":true,"href":"https:\/\/blogsaverroes.juntadeandalucia.es\/ceipvirgendelosremedios\/wp-json\/wp\/v2\/users\/1"}],"replies":[{"embeddable":true,"href":"https:\/\/blogsaverroes.juntadeandalucia.es\/ceipvirgendelosremedios\/wp-json\/wp\/v2\/comments?post=49"}],"version-history":[{"count":9,"href":"https:\/\/blogsaverroes.juntadeandalucia.es\/ceipvirgendelosremedios\/wp-json\/wp\/v2\/pages\/49\/revisions"}],"predecessor-version":[{"id":2512,"href":"https:\/\/blogsaverroes.juntadeandalucia.es\/ceipvirgendelosremedios\/wp-json\/wp\/v2\/pages\/49\/revisions\/2512"}],"wp:attachment":[{"href":"https:\/\/blogsaverroes.juntadeandalucia.es\/ceipvirgendelosremedios\/wp-json\/wp\/v2\/media?parent=49"}],"curies":[{"name":"wp","href":"https:\/\/api.w.org\/{rel}","templated":true}]}}