{"id":2458,"date":"2020-08-26T02:00:52","date_gmt":"2020-08-26T00:00:52","guid":{"rendered":"https:\/\/blogsaverroes.juntadeandalucia.es\/ceipvirgendelpilar\/?page_id=2458"},"modified":"2021-08-24T01:37:25","modified_gmt":"2021-08-23T23:37:25","slug":"centro-de-documentacion","status":"publish","type":"page","link":"https:\/\/blogsaverroes.juntadeandalucia.es\/ceipvirgendelpilar\/","title":{"rendered":"Centro de Documentaci\u00f3n."},"content":{"rendered":"<p>Hola.<\/p>\n<p>Bienvenidos al Centro de Documentaci\u00f3n del Colegio de Educaci\u00f3n Infantil y Primaria Virgen del Pilar de Huelva.<\/p>\n<p>En esta web encontrar\u00e9is toda la informaci\u00f3n relativa a los documentos que el centro gestiona y mantiene actualizados.<\/p>\n<p>Actualmente nos encontramos en fase de BORRADOR, a fecha 24 de agosto de 2021. Puede que algunos documentos no se hayan subido de forma completa a la plataforma o bien a\u00fan no est\u00e9n disponibles en su totalidad y solo en parte.<\/p>\n<p>Estamos actualizando y haciendo un trasvase desde nuestros discos duros a la nube de forma progresiva.<\/p>\n<p>Para cualquier duda o consulta, no duden en escribirnos al correo electr\u00f3nico: <a href=\"mailto:21003529.edu@juntadeandalucia.es\">21003529.edu@juntadeandalucia.es<\/a>.<\/p>\n<p>Muchas gracias.<\/p>\n<p>&nbsp;<\/p>\n","protected":false},"excerpt":{"rendered":"<p>Hola. Bienvenidos al Centro de Documentaci\u00f3n del Colegio de Educaci\u00f3n Infantil y Primaria Virgen del Pilar de Huelva. En esta web encontrar\u00e9is toda la informaci\u00f3n relativa a los documentos que el centro gestiona y mantiene actualizados. Actualmente nos encontramos en fase de BORRADOR, a fecha 24 de agosto de 2021. Puede que algunos documentos no &hellip; <a href=\"https:\/\/blogsaverroes.juntadeandalucia.es\/ceipvirgendelpilar\/\" class=\"more-link\">Sigue leyendo <span class=\"screen-reader-text\">Centro de Documentaci\u00f3n.<\/span><\/a><\/p>\n","protected":false},"author":8483,"featured_media":0,"parent":0,"menu_order":0,"comment_status":"closed","ping_status":"closed","template":"","meta":{"ngg_post_thumbnail":0,"footnotes":"","_mc_calendar":[]},"aioseo_notices":[],"_links":{"self":[{"href":"https:\/\/blogsaverroes.juntadeandalucia.es\/ceipvirgendelpilar\/wp-json\/wp\/v2\/pages\/2458"}],"collection":[{"href":"https:\/\/blogsaverroes.juntadeandalucia.es\/ceipvirgendelpilar\/wp-json\/wp\/v2\/pages"}],"about":[{"href":"https:\/\/blogsaverroes.juntadeandalucia.es\/ceipvirgendelpilar\/wp-json\/wp\/v2\/types\/page"}],"author":[{"embeddable":true,"href":"https:\/\/blogsaverroes.juntadeandalucia.es\/ceipvirgendelpilar\/wp-json\/wp\/v2\/users\/8483"}],"replies":[{"embeddable":true,"href":"https:\/\/blogsaverroes.juntadeandalucia.es\/ceipvirgendelpilar\/wp-json\/wp\/v2\/comments?post=2458"}],"version-history":[{"count":2,"href":"https:\/\/blogsaverroes.juntadeandalucia.es\/ceipvirgendelpilar\/wp-json\/wp\/v2\/pages\/2458\/revisions"}],"predecessor-version":[{"id":3457,"href":"https:\/\/blogsaverroes.juntadeandalucia.es\/ceipvirgendelpilar\/wp-json\/wp\/v2\/pages\/2458\/revisions\/3457"}],"wp:attachment":[{"href":"https:\/\/blogsaverroes.juntadeandalucia.es\/ceipvirgendelpilar\/wp-json\/wp\/v2\/media?parent=2458"}],"curies":[{"name":"wp","href":"https:\/\/api.w.org\/{rel}","templated":true}]}}