{"id":2690,"date":"2020-11-12T07:37:56","date_gmt":"2020-11-12T06:37:56","guid":{"rendered":"https:\/\/blogsaverroes.juntadeandalucia.es\/ceipvirgendelpilar\/?page_id=2690"},"modified":"2020-12-17T08:15:26","modified_gmt":"2020-12-17T07:15:26","slug":"proximas-actualizaciones-proyecto-educativo-gestion-economica-y-rof","status":"publish","type":"page","link":"https:\/\/blogsaverroes.juntadeandalucia.es\/ceipvirgendelpilar\/proximas-actualizaciones-proyecto-educativo-gestion-economica-y-rof\/","title":{"rendered":"Pr\u00f3ximas actualizaciones Proyecto Educativo, Gesti\u00f3n Econ\u00f3mica y ROF."},"content":{"rendered":"<p><strong>(APERTURA DE ESTE DOCUMENTO: SEPTIEMBRE DE 2020) PROPUESTAS PARA PR\u00d3XIMAS ACTUALIZACIONES EN LOS DOCUMENTOS DE CENTRO:<\/strong><\/p>\n<p>A fin de actualizar nuestros documentos de centro, se realizan las siguientes propuestas para que sean aprobadas en pr\u00f3ximos Escolares.<\/p>\n<ol>\n<li>ROF: se establece que los alumnos y alumnas que salgan del centro educativos, tanto a las 14.00 h. como al finalizar los servicios de comedor escolar o actividades extraescolares, puedan salir del centro educativo solos a casa, sin compa\u00f1\u00eda de adultos, mediante autorizaci\u00f3n por el sistema S\u00e9neca\/Pasen. Se proceder\u00e1 a enviar comunicaci\u00f3n a las familias, para que pongan como autorizados a su hijo\/a as\u00ed como una GESTI\u00d3N DE AUTORIZACI\u00d3N DE ACTIVIDADES. De forma que en ambos sitios en S\u00e9neca conste a los efectos.<\/li>\n<li>COMUNICACIONES ENTRE PROFESORADO: se utilizar\u00e1n por este orden las siguientes v\u00edas de comunicaci\u00f3n:\n<ul>\n<li>WhatsApp.<\/li>\n<li>Mensajer\u00eda a trav\u00e9s del correo profesorado@ceipvirgendelpilar.es.<\/li>\n<li>Mensajer\u00eda @ceipvirgendelpilar.es (Gmail).<\/li>\n<li>Para eventos, convocatorias y otra informaci\u00f3n: Google Calendar.<\/li>\n<li>Sistema de comunicaciones mediante la plataforma S\u00e9neca.<\/li>\n<\/ul>\n<\/li>\n<li>CONVIVENCIA ESCOLAR.<\/li>\n<li>&nbsp;<\/li>\n<\/ol>\n<p>&nbsp;<\/p>\n<p>&nbsp;<\/p>\n<p>&nbsp;<\/p>\n","protected":false},"excerpt":{"rendered":"<p>(APERTURA DE ESTE DOCUMENTO: SEPTIEMBRE DE 2020) PROPUESTAS PARA PR\u00d3XIMAS ACTUALIZACIONES EN LOS DOCUMENTOS DE CENTRO: A fin de actualizar nuestros documentos de centro, se realizan las siguientes propuestas para que sean aprobadas en pr\u00f3ximos Escolares. ROF: se establece que los alumnos y alumnas que salgan del centro educativos, tanto a las 14.00 h. como &hellip; <a href=\"https:\/\/blogsaverroes.juntadeandalucia.es\/ceipvirgendelpilar\/proximas-actualizaciones-proyecto-educativo-gestion-economica-y-rof\/\" class=\"more-link\">Sigue leyendo <span class=\"screen-reader-text\">Pr\u00f3ximas actualizaciones Proyecto Educativo, Gesti\u00f3n Econ\u00f3mica y ROF.<\/span><\/a><\/p>\n","protected":false},"author":8483,"featured_media":0,"parent":0,"menu_order":0,"comment_status":"closed","ping_status":"closed","template":"","meta":{"ngg_post_thumbnail":0,"footnotes":"","_mc_calendar":[]},"aioseo_notices":[],"_links":{"self":[{"href":"https:\/\/blogsaverroes.juntadeandalucia.es\/ceipvirgendelpilar\/wp-json\/wp\/v2\/pages\/2690"}],"collection":[{"href":"https:\/\/blogsaverroes.juntadeandalucia.es\/ceipvirgendelpilar\/wp-json\/wp\/v2\/pages"}],"about":[{"href":"https:\/\/blogsaverroes.juntadeandalucia.es\/ceipvirgendelpilar\/wp-json\/wp\/v2\/types\/page"}],"author":[{"embeddable":true,"href":"https:\/\/blogsaverroes.juntadeandalucia.es\/ceipvirgendelpilar\/wp-json\/wp\/v2\/users\/8483"}],"replies":[{"embeddable":true,"href":"https:\/\/blogsaverroes.juntadeandalucia.es\/ceipvirgendelpilar\/wp-json\/wp\/v2\/comments?post=2690"}],"version-history":[{"count":5,"href":"https:\/\/blogsaverroes.juntadeandalucia.es\/ceipvirgendelpilar\/wp-json\/wp\/v2\/pages\/2690\/revisions"}],"predecessor-version":[{"id":2863,"href":"https:\/\/blogsaverroes.juntadeandalucia.es\/ceipvirgendelpilar\/wp-json\/wp\/v2\/pages\/2690\/revisions\/2863"}],"wp:attachment":[{"href":"https:\/\/blogsaverroes.juntadeandalucia.es\/ceipvirgendelpilar\/wp-json\/wp\/v2\/media?parent=2690"}],"curies":[{"name":"wp","href":"https:\/\/api.w.org\/{rel}","templated":true}]}}