{"id":2843,"date":"2021-08-28T09:12:18","date_gmt":"2021-08-28T07:12:18","guid":{"rendered":"https:\/\/blogsaverroes.juntadeandalucia.es\/ceipvirgendelpilar\/?page_id=2843"},"modified":"2021-08-28T09:12:18","modified_gmt":"2021-08-28T07:12:18","slug":"plan-de-autoproteccion","status":"publish","type":"page","link":"https:\/\/blogsaverroes.juntadeandalucia.es\/ceipvirgendelpilar\/plan-de-autoproteccion\/","title":{"rendered":"Plan de Autoprotecci\u00f3n"},"content":{"rendered":"<p>Dejamos a continuaci\u00f3n el documento con el Plan de Autoprotecci\u00f3n del centro educativo para conocimiento de toda la comunidad educativa.<\/p>\n<p><a href=\"https:\/\/blogsaverroes.juntadeandalucia.es\/ceipvirgendelpilar\/files\/2021\/08\/Plan-de-Autoproteccio%CC%81n-21003529.pdf\"><img loading=\"lazy\" decoding=\"async\" class=\"aligncenter wp-image-3461\" src=\"https:\/\/blogsaverroes.juntadeandalucia.es\/ceipvirgendelpilar\/files\/2021\/08\/6324-300x300.jpg\" alt=\"\" width=\"160\" height=\"160\" srcset=\"https:\/\/blogsaverroes.juntadeandalucia.es\/ceipvirgendelpilar\/files\/2021\/08\/6324-300x300.jpg 300w, https:\/\/blogsaverroes.juntadeandalucia.es\/ceipvirgendelpilar\/files\/2021\/08\/6324-1024x1024.jpg 1024w, https:\/\/blogsaverroes.juntadeandalucia.es\/ceipvirgendelpilar\/files\/2021\/08\/6324-150x150.jpg 150w, https:\/\/blogsaverroes.juntadeandalucia.es\/ceipvirgendelpilar\/files\/2021\/08\/6324-768x768.jpg 768w, https:\/\/blogsaverroes.juntadeandalucia.es\/ceipvirgendelpilar\/files\/2021\/08\/6324-1536x1536.jpg 1536w, https:\/\/blogsaverroes.juntadeandalucia.es\/ceipvirgendelpilar\/files\/2021\/08\/6324-2048x2048.jpg 2048w, https:\/\/blogsaverroes.juntadeandalucia.es\/ceipvirgendelpilar\/files\/2021\/08\/6324-scaled.jpg 1600w\" sizes=\"(max-width: 160px) 100vw, 160px\" \/><\/a><\/p>\n<p style=\"text-align: center\"><a href=\"https:\/\/blogsaverroes.juntadeandalucia.es\/ceipvirgendelpilar\/files\/2021\/08\/Plan-de-Autoproteccio\u0301n-21003529.pdf\">Plan de Autoproteccio\u0301n del CEIP Virgen del Pilar<\/a><\/p>\n","protected":false},"excerpt":{"rendered":"<p>Dejamos a continuaci\u00f3n el documento con el Plan de Autoprotecci\u00f3n del centro educativo para conocimiento de toda la comunidad educativa. Plan de Autoproteccio\u0301n del CEIP Virgen del Pilar<\/p>\n","protected":false},"author":8483,"featured_media":0,"parent":0,"menu_order":0,"comment_status":"closed","ping_status":"closed","template":"","meta":{"ngg_post_thumbnail":0,"footnotes":"","_mc_calendar":[]},"aioseo_notices":[],"_links":{"self":[{"href":"https:\/\/blogsaverroes.juntadeandalucia.es\/ceipvirgendelpilar\/wp-json\/wp\/v2\/pages\/2843"}],"collection":[{"href":"https:\/\/blogsaverroes.juntadeandalucia.es\/ceipvirgendelpilar\/wp-json\/wp\/v2\/pages"}],"about":[{"href":"https:\/\/blogsaverroes.juntadeandalucia.es\/ceipvirgendelpilar\/wp-json\/wp\/v2\/types\/page"}],"author":[{"embeddable":true,"href":"https:\/\/blogsaverroes.juntadeandalucia.es\/ceipvirgendelpilar\/wp-json\/wp\/v2\/users\/8483"}],"replies":[{"embeddable":true,"href":"https:\/\/blogsaverroes.juntadeandalucia.es\/ceipvirgendelpilar\/wp-json\/wp\/v2\/comments?post=2843"}],"version-history":[{"count":4,"href":"https:\/\/blogsaverroes.juntadeandalucia.es\/ceipvirgendelpilar\/wp-json\/wp\/v2\/pages\/2843\/revisions"}],"predecessor-version":[{"id":3463,"href":"https:\/\/blogsaverroes.juntadeandalucia.es\/ceipvirgendelpilar\/wp-json\/wp\/v2\/pages\/2843\/revisions\/3463"}],"wp:attachment":[{"href":"https:\/\/blogsaverroes.juntadeandalucia.es\/ceipvirgendelpilar\/wp-json\/wp\/v2\/media?parent=2843"}],"curies":[{"name":"wp","href":"https:\/\/api.w.org\/{rel}","templated":true}]}}