{"id":80,"date":"2015-03-16T06:57:36","date_gmt":"2015-03-16T06:57:36","guid":{"rendered":"http:\/\/blogsaverroes.juntadeandalucia.es\/pre\/ceip\/?page_id=80"},"modified":"2020-09-03T16:06:04","modified_gmt":"2020-09-03T14:06:04","slug":"plan-anual-2020-2021","status":"publish","type":"page","link":"https:\/\/blogsaverroes.juntadeandalucia.es\/ceipvirgendelpilar\/plan-anual-2020-2021\/","title":{"rendered":"Plan Anual 2020-2021"},"content":{"rendered":"<p>Dejamos a su disposici\u00f3n las actuaciones referentes al a\u00f1o acad\u00e9mico 2020-2021, para el conocimiento de toda la Comunidad Educativa.<\/p>\n<hr>\n<h1><a id=\"Calendario\"><\/a>Calendario.<\/h1>\n<p>El calendario y actuaciones pueden consultarse en el siguiente documento:<\/p>\n<p><a href=\"https:\/\/blogsaverroes.juntadeandalucia.es\/ceipvirgendelpilar\/files\/2020\/08\/CALENDARIO-ESCOLAR-2020-2021.pdf\">CALENDARIO ESCOLAR 2020-2021<\/a>.<\/p>\n<p>&nbsp;<\/p>\n<h1><a id=\"Tutor\u00edas\"><\/a>Asignaci\u00f3n de tutor\u00edas y especialidades.<\/h1>\n<table style=\"width: 107.397%\">\n<tbody>\n<tr style=\"height: 26px\">\n<td style=\"height: 26px;width: 28.3708%\">Curso<\/td>\n<td style=\"height: 26px;width: 41.4326%\">Tutor \/ Tutora \/ Especialistas<\/td>\n<td style=\"height: 26px;width: 30.0562%\">Observaciones<\/td>\n<\/tr>\n<tr style=\"height: 26px\">\n<td style=\"height: 26px;width: 28.3708%\">Infantil 3 a\u00f1os<\/td>\n<td style=\"height: 26px;width: 41.4326%\">3 a\u00f1os A: Pilar V\u00e1zquez.<\/p>\n<p>3 a\u00f1os B: Manoli Rodriguez.<\/td>\n<td style=\"height: 26px;width: 30.0562%\">Edificio Gloria Fuertes.<\/td>\n<\/tr>\n<tr style=\"height: 26px\">\n<td style=\"height: 26px;width: 28.3708%\">Infantil 4 a\u00f1os<\/td>\n<td style=\"height: 26px;width: 41.4326%\">4 a\u00f1os A: M\u00aa. Antonia Romero.<\/p>\n<p>5 a\u00f1os B: Lourdes Feria.<\/p>\n<p>&nbsp;<\/td>\n<td style=\"height: 26px;width: 30.0562%\">Edificio Gloria Fuertes.<\/td>\n<\/tr>\n<tr style=\"height: 26px\">\n<td style=\"height: 26px;width: 28.3708%\">Infantil 5 a\u00f1os<\/td>\n<td style=\"height: 26px;width: 41.4326%\">4 a\u00f1os A: Charo Rebollo.<\/p>\n<p>4 a\u00f1os B: Ana Rebollo.<\/td>\n<td style=\"height: 26px;width: 30.0562%\">&nbsp;<\/td>\n<\/tr>\n<tr style=\"height: 26px\">\n<td style=\"height: 26px;width: 28.3708%\">Primero<\/td>\n<td style=\"height: 26px;width: 41.4326%\">Primero A: Gabriel Cordero (E. F. Biling\u00fce)<\/p>\n<p>Primero B: Susana Mart\u00ednez (M\u00fasica-Biling\u00fce).<\/td>\n<td style=\"height: 26px;width: 30.0562%\">&nbsp;<\/td>\n<\/tr>\n<tr style=\"height: 26px\">\n<td style=\"height: 26px;width: 28.3708%\">Segundo<\/td>\n<td style=\"height: 26px;width: 41.4326%\">Segundo A: Vanesa Hidalgo.<\/p>\n<p>Segundo B: Rosa Lorenzo.<\/td>\n<td style=\"height: 26px;width: 30.0562%\">&nbsp;<\/td>\n<\/tr>\n<tr style=\"height: 26px\">\n<td style=\"height: 26px;width: 28.3708%\">Tercero<\/td>\n<td style=\"height: 26px;width: 41.4326%\">Tercero A: Jos\u00e9 Alberto Fern\u00e1ndez (Ingl\u00e9s).<\/p>\n<p>Tercero B: Esperanza Rodr\u00edguez (Primaria Biling\u00fce).<\/td>\n<td style=\"height: 26px;width: 30.0562%\">&nbsp;<\/td>\n<\/tr>\n<tr style=\"height: 26px\">\n<td style=\"height: 26px;width: 28.3708%\">Cuarto<\/td>\n<td style=\"height: 26px;width: 41.4326%\">Cuarto A: Almudena Villalta (Primaria Biling\u00fce).<\/p>\n<p>Cuarto B: Isabel M\u00aa. Garc\u00eda (Ingl\u00e9s).<\/p>\n<p>Cuarto C: Leonor Hermoso.<\/td>\n<td style=\"height: 26px;width: 30.0562%\">&nbsp;<\/td>\n<\/tr>\n<tr style=\"height: 26px\">\n<td style=\"height: 26px;width: 28.3708%\">Quinto<\/td>\n<td style=\"height: 26px;width: 41.4326%\">Quinto A: Laura Sacrist\u00e1n.<\/p>\n<p>Quinto B: Rub\u00e9n Gonz\u00e1lez (M\u00fasica).<\/td>\n<td style=\"height: 26px;width: 30.0562%\">&nbsp;<\/td>\n<\/tr>\n<tr style=\"height: 26px\">\n<td style=\"height: 26px;width: 28.3708%\">Sexto<\/td>\n<td style=\"height: 26px;width: 41.4326%\">Sexto A: Luis Anes (Ingl\u00e9s).<\/p>\n<p>Sexto B: M\u00aa Carmen Su\u00e1rez (Primaria Biling\u00fce).<\/p>\n<p>Sexto C: M\u00aa Luisa S\u00e1nchez (Ingl\u00e9s).<\/td>\n<td style=\"height: 26px;width: 30.0562%\">&nbsp;<\/td>\n<\/tr>\n<tr style=\"height: 26px\">\n<td style=\"height: 26px;width: 28.3708%\">Religi\u00f3n<\/td>\n<td style=\"height: 26px;width: 41.4326%\">Marcela Zorrilla.<\/p>\n<p>M\u00aa. Jos\u00e9 Mantero.<\/td>\n<td style=\"height: 26px;width: 30.0562%\">&nbsp;<\/td>\n<\/tr>\n<tr style=\"height: 26px\">\n<td style=\"height: 26px;width: 28.3708%\">Franc\u00e9s<\/td>\n<td style=\"height: 26px;width: 41.4326%\">Noelia Mart\u00ednez.<\/td>\n<td style=\"height: 26px;width: 30.0562%\">&nbsp;<\/td>\n<\/tr>\n<tr style=\"height: 26px\">\n<td style=\"height: 26px;width: 28.3708%\">M\u00fasica Biling\u00fce<\/td>\n<td style=\"height: 26px;width: 41.4326%\">Susana Mart\u00ednez.<\/td>\n<td style=\"height: 26px;width: 30.0562%\">&nbsp;<\/td>\n<\/tr>\n<tr style=\"height: 26px\">\n<td style=\"height: 26px;width: 28.3708%\">Educaci\u00f3n F\u00edsica Biling\u00fce<\/td>\n<td style=\"height: 26px;width: 41.4326%\">Gabriel Cordero.<\/p>\n<p>Juli\u00e1n Eduardo Hern\u00e1ndez.<\/td>\n<td style=\"height: 26px;width: 30.0562%\">&nbsp;<\/td>\n<\/tr>\n<tr style=\"height: 26px\">\n<td style=\"height: 26px;width: 28.3708%\">Refuerzo Educativo<\/td>\n<td style=\"height: 26px;width: 41.4326%\">Noelia Mart\u00ednez.<\/td>\n<td style=\"height: 26px;width: 30.0562%\">&nbsp;<\/td>\n<\/tr>\n<tr style=\"height: 26px\">\n<td style=\"height: 26px;width: 28.3708%\">Pedagog\u00eda Terap\u00e9utica<\/td>\n<td style=\"height: 26px;width: 41.4326%\">Esther Oliver.<\/p>\n<p>Olga Borrego.<\/td>\n<td style=\"height: 26px;width: 30.0562%\">&nbsp;<\/td>\n<\/tr>\n<tr style=\"height: 26px\">\n<td style=\"height: 26px;width: 28.3708%\">Audici\u00f3n y Lenguaje<\/td>\n<td style=\"height: 26px;width: 41.4326%\">Inmaculada Gimeno.<\/td>\n<td style=\"height: 26px;width: 30.0562%\">&nbsp;<\/td>\n<\/tr>\n<tr style=\"height: 26px\">\n<td style=\"height: 26px;width: 28.3708%\">Educadoras<\/td>\n<td style=\"height: 26px;width: 41.4326%\">Ana V\u00e1zquez.<\/p>\n<p>Carmen Acevedo (sust.) Ana Cruz.<\/td>\n<td style=\"height: 26px;width: 30.0562%\">&nbsp;<\/td>\n<\/tr>\n<tr style=\"height: 26px\">\n<td style=\"height: 26px;width: 28.3708%\">Personal T\u00e9cnico<\/td>\n<td style=\"height: 26px;width: 41.4326%\">Miguel \u00c1ngel Romero.<\/td>\n<td style=\"height: 26px;width: 30.0562%\">&nbsp;<\/td>\n<\/tr>\n<\/tbody>\n<\/table>\n<hr>\n<h1><a id=\"Coordinaciones\"><\/a>COORDINACIONES DE CICLO<\/h1>\n<p>Infantil: Lourdes Feria.<\/p>\n<p>Primer Ciclo: Rosa Lorenzo.<\/p>\n<p>Segundo Ciclo:&nbsp;<\/p>\n<p>Tercer Ciclo: Laura Sacrist\u00e1n.<\/p>\n<h1>Composici\u00f3n de los Ciclos:<\/h1>\n<table style=\"width: 660px\">\n<tbody>\n<tr style=\"height: 28px\">\n<td style=\"height: 28px;width: 367px;text-align: center\"><strong>Infantil<\/strong><\/td>\n<td style=\"height: 28px;width: 262px;text-align: center\"><strong>1<sup>er<\/sup> Ciclo:<\/strong><\/td>\n<\/tr>\n<tr style=\"height: 28px\">\n<td style=\"height: 28px;width: 367px\">Pilar V\u00e1zquez, Manoli Rodr\u00edguez, M\u00aa. Antonia Romero, Lourdes Feria, Charo Rebollo, Ana Rebollo y Amalia Y\u00e1\u00f1ez.<\/td>\n<td style=\"height: 28px;width: 262px\">Gabriel Cordero, Susana Mart\u00ednez, Vanesa Hidalgo, Rosa M\u00aa. Lorenzo, Juli\u00e1n E. Hern\u00e1ndez.<\/td>\n<\/tr>\n<tr style=\"height: 20px\">\n<td style=\"height: 20px;width: 367px;text-align: center\"><strong>2\u00ba Ciclo<\/strong><\/td>\n<td style=\"height: 20px;width: 262px;text-align: center\"><strong>3<sup>er&nbsp;<\/sup>Ciclo:<\/strong><\/td>\n<\/tr>\n<tr style=\"height: 28px\">\n<td style=\"height: 28px;width: 367px\">Jos\u00e9 Alberto Fern\u00e1ndez, Esperanza Rodr\u00edguez, Almudena Villalta, Isabel M\u00aa. Garc\u00eda, Leonor Hermoso, Marcela Zorrilla.<\/td>\n<td style=\"height: 28px;width: 262px\">Laura Sacrist\u00e1n, Rub\u00e9n Gonz\u00e1lez, Luis Anes, M\u00aa. Carmen Su\u00e1rez, M\u00aa Luisa S\u00e1nchez, Noelia Mart\u00ednez, Enrique Hern\u00e1ndez.<\/td>\n<\/tr>\n<tr style=\"height: 28px\">\n<td style=\"height: 28px;width: 367px;text-align: center\"><strong>Educaci\u00f3n Especial<\/strong><\/td>\n<td style=\"height: 28px;width: 262px;text-align: center\">&nbsp;<\/td>\n<\/tr>\n<tr style=\"height: 28px\">\n<td style=\"height: 28px;width: 367px;text-align: left\">Esther Oliver, Olga Borrego, Inmaculada Gimeno, Ana V\u00e1zquez, Carmen Acevedo (sust. Ana Cruz), Miguel \u00c1ngel Romero.<\/td>\n<td style=\"height: 28px;width: 262px;text-align: left\">&nbsp;<\/td>\n<\/tr>\n<\/tbody>\n<\/table>\n<h1>Personal del Centro Educativo<\/h1>\n<h2>Equipo Directivo.<\/h2>\n<p>Director: Enrique Hern\u00e1ndez Campuzano.<\/p>\n<p>Jefatura de Estudios: Inmaculada Roa Bravo.<\/p>\n<p>Secretario: Rub\u00e9n Gonz\u00e1lez T\u00e9llez.<\/p>\n<h2 style=\"text-align: justify\">Coordinadores de Planes, Programas y Proyectos.<\/h2>\n<p>Coordinaci\u00f3n Biling\u00fce:&nbsp;<\/p>\n<p>Coordinaci\u00f3n Transformaci\u00f3n Digital Educativa: Enrique Hern\u00e1ndez.<\/p>\n<p>Coordinaci\u00f3n COVID 19: Enrique Hern\u00e1ndez.<\/p>\n<p>Coordinaci\u00f3n Educaci\u00f3n para la Paz y la No Violencia: Inmaculada Roa.<\/p>\n<p>Coordinaci\u00f3n Igualdad de G\u00e9nero: Carmen Acevedo.<\/p>\n<p>Coordinaci\u00f3n Creciendo en Salud: Juli\u00e1n Eduardo Hern\u00e1ndez.<\/p>\n<p>Coordinaci\u00f3n Aldea: Noelia Mart\u00ednez.<\/p>\n<hr>\n<h2>Personal que trabaja en el Centro Educativo.<\/h2>\n<p>Personal de Administraci\u00f3n y Servicios:<\/p>\n<p>Pendiente de cobertura.<\/p>\n<p>Conserjer\u00eda:<\/p>\n<p>Jos\u00e9 A\u00ba. Nacimiento.<\/p>\n<p>&nbsp;<\/p>\n<hr>\n<h1><a id=\"COVID 19\"><\/a>Protocolo COVID 19.<a id=\"Efem\u00e9rides\"><\/a><\/h1>\n<p>El protocolo COVID 19 se encuentra en el apartado correspondiente <a href=\"https:\/\/blogsaverroes.juntadeandalucia.es\/ceipvirgendelpilar\/category\/covid19\/\">https:\/\/blogsaverroes.juntadeandalucia.es\/ceipvirgendelpilar\/<\/a><\/p>\n<hr>\n<h1><a id=\"Efem\u00e9rides\"><\/a>Efem\u00e9rides.<\/h1>\n<p>Durante el presente curso escolar y con motivo del COVID 19 las efem\u00e9rides se realizar\u00e1n entre los grupos de convivencia correspondientes. No habr\u00e1 celebraciones a nivel de gran grupo o centro educativo.<\/p>\n<hr>\n<p>&nbsp;<\/p>\n<p>&nbsp;<\/p>\n<hr>\n<p>&nbsp;<\/p>\n","protected":false},"excerpt":{"rendered":"<p>Dejamos a su disposici\u00f3n las actuaciones referentes al a\u00f1o acad\u00e9mico 2020-2021, para el conocimiento de toda la Comunidad Educativa. Calendario. El calendario y actuaciones pueden consultarse en el siguiente documento: CALENDARIO ESCOLAR 2020-2021. &nbsp; Asignaci\u00f3n de tutor\u00edas y especialidades. Curso Tutor \/ Tutora \/ Especialistas Observaciones Infantil 3 a\u00f1os 3 a\u00f1os A: Pilar V\u00e1zquez. 3 &hellip; <a href=\"https:\/\/blogsaverroes.juntadeandalucia.es\/ceipvirgendelpilar\/plan-anual-2020-2021\/\" class=\"more-link\">Sigue leyendo <span class=\"screen-reader-text\">Plan Anual 2020-2021<\/span><\/a><\/p>\n","protected":false},"author":1,"featured_media":0,"parent":0,"menu_order":0,"comment_status":"closed","ping_status":"open","template":"","meta":{"ngg_post_thumbnail":0,"footnotes":"","_mc_calendar":[]},"aioseo_notices":[],"_links":{"self":[{"href":"https:\/\/blogsaverroes.juntadeandalucia.es\/ceipvirgendelpilar\/wp-json\/wp\/v2\/pages\/80"}],"collection":[{"href":"https:\/\/blogsaverroes.juntadeandalucia.es\/ceipvirgendelpilar\/wp-json\/wp\/v2\/pages"}],"about":[{"href":"https:\/\/blogsaverroes.juntadeandalucia.es\/ceipvirgendelpilar\/wp-json\/wp\/v2\/types\/page"}],"author":[{"embeddable":true,"href":"https:\/\/blogsaverroes.juntadeandalucia.es\/ceipvirgendelpilar\/wp-json\/wp\/v2\/users\/1"}],"replies":[{"embeddable":true,"href":"https:\/\/blogsaverroes.juntadeandalucia.es\/ceipvirgendelpilar\/wp-json\/wp\/v2\/comments?post=80"}],"version-history":[{"count":16,"href":"https:\/\/blogsaverroes.juntadeandalucia.es\/ceipvirgendelpilar\/wp-json\/wp\/v2\/pages\/80\/revisions"}],"predecessor-version":[{"id":2526,"href":"https:\/\/blogsaverroes.juntadeandalucia.es\/ceipvirgendelpilar\/wp-json\/wp\/v2\/pages\/80\/revisions\/2526"}],"wp:attachment":[{"href":"https:\/\/blogsaverroes.juntadeandalucia.es\/ceipvirgendelpilar\/wp-json\/wp\/v2\/media?parent=80"}],"curies":[{"name":"wp","href":"https:\/\/api.w.org\/{rel}","templated":true}]}}