{"id":836,"date":"2020-12-18T08:37:22","date_gmt":"2020-12-18T07:37:22","guid":{"rendered":"https:\/\/blogsaverroes.juntadeandalucia.es\/pre\/plantilla-pencil\/?page_id=836"},"modified":"2024-12-05T13:38:13","modified_gmt":"2024-12-05T12:38:13","slug":"actividades-extraescolares","status":"publish","type":"page","link":"https:\/\/blogsaverroes.juntadeandalucia.es\/ceipvirgendelrocio\/actividades-extraescolares\/","title":{"rendered":"Actividades extraescolares"},"content":{"rendered":"<p>[et_pb_section fb_built=&#8221;1&#8243; _builder_version=&#8221;4.16&#8243; custom_padding=&#8221;0px||0px|&#8221; z_index_tablet=&#8221;500&#8243; box_shadow_horizontal_tablet=&#8221;0px&#8221; box_shadow_vertical_tablet=&#8221;0px&#8221; box_shadow_blur_tablet=&#8221;40px&#8221; box_shadow_spread_tablet=&#8221;0px&#8221; global_colors_info=&#8221;{}&#8221;][et_pb_row _builder_version=&#8221;4.16&#8243; background_size=&#8221;initial&#8221; background_position=&#8221;top_left&#8221; background_repeat=&#8221;repeat&#8221; global_colors_info=&#8221;{}&#8221;][et_pb_column type=&#8221;4_4&#8243; _builder_version=&#8221;4.16&#8243; custom_padding=&#8221;|||&#8221; global_colors_info=&#8221;{}&#8221; custom_padding__hover=&#8221;|||&#8221;][et_pb_image src=&#8221;https:\/\/blogsaverroes.juntadeandalucia.es\/ceipvirgendelrocio\/files\/2020\/01\/cabecera-interior-2-1.jpg&#8221; title_text=&#8221;cabecera-interior-2-1&#8243; admin_label=&#8221;Imagen de la portada&#8221; _builder_version=&#8221;4.16&#8243; z_index_tablet=&#8221;500&#8243; box_shadow_horizontal_tablet=&#8221;0px&#8221; box_shadow_vertical_tablet=&#8221;0px&#8221; box_shadow_blur_tablet=&#8221;40px&#8221; box_shadow_spread_tablet=&#8221;0px&#8221; global_colors_info=&#8221;{}&#8221;][\/et_pb_image][et_pb_text admin_label=&#8221;Texto descriptivo&#8221; _builder_version=&#8221;4.24.2&#8243; hover_enabled=&#8221;0&#8243; z_index_tablet=&#8221;500&#8243; text_text_shadow_horizontal_length_tablet=&#8221;0px&#8221; text_text_shadow_vertical_length_tablet=&#8221;0px&#8221; text_text_shadow_blur_strength_tablet=&#8221;1px&#8221; link_text_shadow_horizontal_length_tablet=&#8221;0px&#8221; link_text_shadow_vertical_length_tablet=&#8221;0px&#8221; link_text_shadow_blur_strength_tablet=&#8221;1px&#8221; ul_text_shadow_horizontal_length_tablet=&#8221;0px&#8221; ul_text_shadow_vertical_length_tablet=&#8221;0px&#8221; ul_text_shadow_blur_strength_tablet=&#8221;1px&#8221; ol_text_shadow_horizontal_length_tablet=&#8221;0px&#8221; ol_text_shadow_vertical_length_tablet=&#8221;0px&#8221; ol_text_shadow_blur_strength_tablet=&#8221;1px&#8221; quote_text_shadow_horizontal_length_tablet=&#8221;0px&#8221; quote_text_shadow_vertical_length_tablet=&#8221;0px&#8221; quote_text_shadow_blur_strength_tablet=&#8221;1px&#8221; header_text_shadow_horizontal_length_tablet=&#8221;0px&#8221; header_text_shadow_vertical_length_tablet=&#8221;0px&#8221; header_text_shadow_blur_strength_tablet=&#8221;1px&#8221; header_2_text_shadow_horizontal_length_tablet=&#8221;0px&#8221; header_2_text_shadow_vertical_length_tablet=&#8221;0px&#8221; header_2_text_shadow_blur_strength_tablet=&#8221;1px&#8221; header_3_text_shadow_horizontal_length_tablet=&#8221;0px&#8221; header_3_text_shadow_vertical_length_tablet=&#8221;0px&#8221; header_3_text_shadow_blur_strength_tablet=&#8221;1px&#8221; header_4_text_shadow_horizontal_length_tablet=&#8221;0px&#8221; header_4_text_shadow_vertical_length_tablet=&#8221;0px&#8221; header_4_text_shadow_blur_strength_tablet=&#8221;1px&#8221; header_5_text_shadow_horizontal_length_tablet=&#8221;0px&#8221; header_5_text_shadow_vertical_length_tablet=&#8221;0px&#8221; header_5_text_shadow_blur_strength_tablet=&#8221;1px&#8221; header_6_text_shadow_horizontal_length_tablet=&#8221;0px&#8221; header_6_text_shadow_vertical_length_tablet=&#8221;0px&#8221; header_6_text_shadow_blur_strength_tablet=&#8221;1px&#8221; box_shadow_horizontal_tablet=&#8221;0px&#8221; box_shadow_vertical_tablet=&#8221;0px&#8221; box_shadow_blur_tablet=&#8221;40px&#8221; box_shadow_spread_tablet=&#8221;0px&#8221; global_colors_info=&#8221;{}&#8221; sticky_enabled=&#8221;0&#8243;]<\/p>\n<h2><img loading=\"lazy\" decoding=\"async\" class=\"wp-image-1079  alignleft\" src=\"https:\/\/blogsaverroes.juntadeandalucia.es\/ceipvirgendelrocio\/files\/2024\/12\/ecodiver-300x180.jpg\" alt=\"\" width=\"235\" height=\"141\" srcset=\"https:\/\/blogsaverroes.juntadeandalucia.es\/ceipvirgendelrocio\/files\/2024\/12\/ecodiver-300x180.jpg 300w, https:\/\/blogsaverroes.juntadeandalucia.es\/ceipvirgendelrocio\/files\/2024\/12\/ecodiver.jpg 405w\" sizes=\"(max-width: 235px) 100vw, 235px\" \/>Actividades extraescolares<\/h2>\n<p>Las actividades extraescolares se desarrollar\u00e1n de lunes a jueves y de 16 a 18 horas, al menos dos actividades extraescolares distintas, de una hora de duraci\u00f3n cada una de ellas. El c\u00f3mputo semanal de cada actividad extraescolar ser\u00e1 de dos horas. Se podr\u00e1n organizar actividades relacionadas o incluidas en alguna de las siguientes \u00e1reas: Se bonificar\u00e1n hasta un m\u00e1ximo de dos actividades extraescolares. Para la inscripci\u00f3n en los servicios de aula matinal y actividades extraescolares se utilizar\u00e1 la solicitud que se acompa\u00f1a como Anexo II en la Orden antes citada.<\/p>\n<ul>\n<li>FUN ENGLISH INFANTIL Y PRIMARIA: MARTES Y JUEVES DE 16 A 17 HORAS.<\/li>\n<li>BAILE: LUNES Y MI\u00c9RCOLES DE 16 A 17 HORAS.<\/li>\n<li>REFUERZO: LUNES Y MI\u00c9RCOLES DE 17 A 18 HORAS.<\/li>\n<\/ul>\n<p>HASTA EL 100% DE BONIFICACI\u00d3N. INFORMACI\u00d3N EN EL 664 462 990. MATR\u00cdCULA EN SECRETAR\u00cdA<\/p>\n<p>[\/et_pb_text][\/et_pb_column][\/et_pb_row][\/et_pb_section]<\/p>\n","protected":false},"excerpt":{"rendered":"<p>Actividades extraescolares Las actividades extraescolares se desarrollar\u00e1n de lunes a jueves y de 16 a 18 horas, al menos dos actividades extraescolares distintas, de una hora de duraci\u00f3n cada una de ellas. El c\u00f3mputo semanal de cada actividad extraescolar ser\u00e1 de dos horas. Se podr\u00e1n organizar actividades relacionadas o incluidas en alguna de las siguientes [&hellip;]<\/p>\n","protected":false},"author":7051,"featured_media":0,"parent":0,"menu_order":0,"comment_status":"closed","ping_status":"closed","template":"","meta":{"_et_pb_use_builder":"on","_et_pb_old_content":"","_et_gb_content_width":"","ngg_post_thumbnail":0,"footnotes":""},"aioseo_notices":[],"_links":{"self":[{"href":"https:\/\/blogsaverroes.juntadeandalucia.es\/ceipvirgendelrocio\/wp-json\/wp\/v2\/pages\/836"}],"collection":[{"href":"https:\/\/blogsaverroes.juntadeandalucia.es\/ceipvirgendelrocio\/wp-json\/wp\/v2\/pages"}],"about":[{"href":"https:\/\/blogsaverroes.juntadeandalucia.es\/ceipvirgendelrocio\/wp-json\/wp\/v2\/types\/page"}],"author":[{"embeddable":true,"href":"https:\/\/blogsaverroes.juntadeandalucia.es\/ceipvirgendelrocio\/wp-json\/wp\/v2\/users\/7051"}],"replies":[{"embeddable":true,"href":"https:\/\/blogsaverroes.juntadeandalucia.es\/ceipvirgendelrocio\/wp-json\/wp\/v2\/comments?post=836"}],"version-history":[{"count":2,"href":"https:\/\/blogsaverroes.juntadeandalucia.es\/ceipvirgendelrocio\/wp-json\/wp\/v2\/pages\/836\/revisions"}],"predecessor-version":[{"id":1081,"href":"https:\/\/blogsaverroes.juntadeandalucia.es\/ceipvirgendelrocio\/wp-json\/wp\/v2\/pages\/836\/revisions\/1081"}],"wp:attachment":[{"href":"https:\/\/blogsaverroes.juntadeandalucia.es\/ceipvirgendelrocio\/wp-json\/wp\/v2\/media?parent=836"}],"curies":[{"name":"wp","href":"https:\/\/api.w.org\/{rel}","templated":true}]}}